{"id":2466,"date":"2017-11-18T20:21:51","date_gmt":"2017-11-18T20:21:51","guid":{"rendered":"http:\/\/biblian.is\/1981\/sidara-thessalonikubref-3-kafli\/"},"modified":"2021-06-06T11:10:17","modified_gmt":"2021-06-06T11:10:17","slug":"sidara-thessalonikubref-3-kafli","status":"publish","type":"page","link":"https:\/\/biblian.is\/1981\/sidara-thessalonikubref-3-kafli\/","title":{"rendered":"S\u00ed\u00f0ara \u00deessalon\u00edkubr\u00e9f 3. kafli"},"content":{"rendered":"<p><a name=\"1\"><span class=\"versanumer\">1<\/span><\/a>A\u00f0 endingu, br\u00e6\u00f0ur: Bi\u00f0ji\u00f0 fyrir oss, a\u00f0 or\u00f0 Drottins megi hafa framgang og vegsamast eins og hj\u00e1 y\u00f0ur,<a name=\"2\"><span class=\"versanumer\">2<\/span><\/a>og a\u00f0 v\u00e9r m\u00e6ttum frelsast fr\u00e1 spilltum og vondum m\u00f6nnum. \u00dev\u00ed a\u00f0 ekki er tr\u00fain allra.<a name=\"3\"><span class=\"versanumer\">3<\/span><\/a>En tr\u00far er Drottinn og hann mun styrkja y\u00f0ur og vernda fyrir hinum vonda.<a name=\"4\"><span class=\"versanumer\">4<\/span><\/a>En v\u00e9r h\u00f6fum \u00fea\u00f0 traust til y\u00f0ar vegna Drottins, a\u00f0 \u00fe\u00e9r b\u00e6\u00f0i gj\u00f6ri\u00f0 og munu\u00f0 gj\u00f6ra \u00fea\u00f0, sem v\u00e9r leggjum fyrir y\u00f0ur.<a name=\"5\"><span class=\"versanumer\">5<\/span><\/a>En Drottinn lei\u00f0i hj\u00f6rtu y\u00f0ar til k\u00e6rleika Gu\u00f0s og \u00feolg\u00e6\u00f0is Krists.<a name=\"6\"><span class=\"versanumer\">6<\/span><\/a>En v\u00e9r bj\u00f3\u00f0um y\u00f0ur, br\u00e6\u00f0ur, \u00ed nafni Drottins vors Jes\u00fa Krists, a\u00f0 \u00fe\u00e9r snei\u00f0i\u00f0 hj\u00e1 hverjum \u00feeim br\u00f3\u00f0ur, er lifir \u00f3reglulega og ekki eftir \u00feeirri kenningu, sem \u00feeir hafa numi\u00f0 af oss.<a name=\"7\"><span class=\"versanumer\">7<\/span><\/a>\u00dev\u00ed a\u00f0 sj\u00e1lfir viti\u00f0 \u00fe\u00e9r, hvernig \u00e1 a\u00f0 breyta eftir oss. Ekki heg\u00f0u\u00f0um v\u00e9r oss \u00f3reglulega hj\u00e1 y\u00f0ur,<a name=\"8\"><span class=\"versanumer\">8<\/span><\/a>neyttum ekki heldur brau\u00f0s hj\u00e1 neinum fyrir ekkert, heldur unnum v\u00e9r me\u00f0 erfi\u00f0i og striti n\u00f3tt og dag, til \u00feess a\u00f0 vera ekki neinum y\u00f0ar til \u00feyngsla.<a name=\"9\"><span class=\"versanumer\">9<\/span><\/a>Ekki af \u00fev\u00ed a\u00f0 v\u00e9r h\u00f6fum ekki r\u00e9tt til \u00feess, heldur til \u00feess a\u00f0 v\u00e9r g\u00e6fum y\u00f0ur sj\u00e1lfa oss sem fyrirmynd til eftirbreytni.<a name=\"10\"><span class=\"versanumer\">10<\/span><\/a>\u00dev\u00ed var og \u00fea\u00f0, a\u00f0 \u00feegar v\u00e9r vorum hj\u00e1 y\u00f0ur, bu\u00f0um v\u00e9r y\u00f0ur: Ef einhver vill ekki vinna, \u00fe\u00e1 \u00e1 hann heldur ekki mat a\u00f0 f\u00e1.<a name=\"11\"><span class=\"versanumer\">11<\/span><\/a>V\u00e9r heyrum, a\u00f0 nokkrir me\u00f0al y\u00f0ar lifi \u00f3reglulega, vinni ekkert, heldur gefi sig alla a\u00f0 \u00fev\u00ed, sem \u00feeim kemur eigi vi\u00f0.<a name=\"12\"><span class=\"versanumer\">12<\/span><\/a>Sl\u00edkum m\u00f6nnum bj\u00f3\u00f0um v\u00e9r og \u00e1minnum \u00fe\u00e1 vegna Drottins Jes\u00fa Krists, a\u00f0 vinna kyrrl\u00e1tlega og eta eigi\u00f0 brau\u00f0.<a name=\"13\"><span class=\"versanumer\">13<\/span><\/a>En \u00fe\u00e9r, br\u00e6\u00f0ur, \u00fereytist ekki gott a\u00f0 gj\u00f6ra.<a name=\"14\"><span class=\"versanumer\">14<\/span><\/a>En ef einhver hl\u00fd\u00f0ir ekki or\u00f0um vorum \u00ed br\u00e9fi \u00feessu, \u00fe\u00e1 merki\u00f0 y\u00f0ur \u00feann mann. Hafi\u00f0 ekkert samf\u00e9lag vi\u00f0 hann, til \u00feess a\u00f0 hann blyg\u00f0ist s\u00edn.<a name=\"15\"><span class=\"versanumer\">15<\/span><\/a>En \u00e1l\u00edti\u00f0 hann \u00fe\u00f3 ekki \u00f3vin, heldur \u00e1minni\u00f0 hann sem br\u00f3\u00f0ur.<a name=\"16\"><span class=\"versanumer\">16<\/span><\/a>En sj\u00e1lfur Drottinn fri\u00f0arins gefi y\u00f0ur fri\u00f0inn, \u00e6t\u00ed\u00f0 \u00e1 allan h\u00e1tt. Drottinn s\u00e9 me\u00f0 y\u00f0ur \u00f6llum.<a name=\"17\"><span class=\"versanumer\">17<\/span><\/a>Kve\u00f0jan er me\u00f0 minni, P\u00e1ls, eigin hendi, og \u00fea\u00f0 er merki \u00e1 hverju br\u00e9fi. \u00deannig skrifa \u00e9g.<a name=\"18\"><span class=\"versanumer\">18<\/span><\/a>N\u00e1\u00f0in Drottins vors Jes\u00fa Krists s\u00e9 me\u00f0 y\u00f0ur \u00f6llum.<\/p>\n<div class=\"footnote1981\"><b>3.1<\/b> Bi\u00f0ji\u00f0 fyrir m\u00e9r K\u00f3l 4.3+<br \/>\n<b>3.3<\/b> Tr\u00far er Drottinn 1\u00deess 5.24+ &#8211; hinn vondi Matt 6.13; 1\u00deess 5.22<br \/>\n<b>3.4<\/b> Traust til ykkar 2Kor 7.16; Gal 5.10 \u2013 hl\u00fd\u00f0a postulunum 2Kor 7.15; 1\u00deess 4.1,10<br \/>\n<b>3.6<\/b> Snei\u00f0a hj\u00e1 Matt 18.17; R\u00f3m 16.17; 1Kor 5.9-11; 2\u00deess 3.14<br \/>\n<b>3.7<\/b> L\u00edkja eftir m\u00e9r 1\u00deess 1.6+<br \/>\n<b>3.8<\/b> Vinna fyrir s\u00e9r 1\u00deess 2.9+<br \/>\n<b>3.9<\/b> R\u00e9ttur til a\u00f0 lifa fagna\u00f0arerindinu Matt 10.10; 1Kor 9.6-12<br \/>\n<b>3.10<\/b> Vinna fyrir mat s\u00ednum 1\u00deess 4.11+<br \/>\n<b>3.12<\/b> Sj\u00e1 fyrir s\u00e9r sj\u00e1lfir 1M\u00f3s 3.19<br \/>\n<b>3.13<\/b> \u00dereytist aldrei a\u00f0 gera Gal 6.9<br \/>\n<b>3.14<\/b> Sl\u00edta samneyti 2\u00deess 3.6+<br \/>\n<b>3.15<\/b> Sem br\u00f3\u00f0ur e\u00f0a systur Matt 18.15-18; 1\u00deess 5.14<br \/>\n<b>3.16<\/b> Drottinn fri\u00f0arins 1\u00deess 5.23+<br \/>\n<b>3.17<\/b> Eigin hendi Gal 6.11+<\/div>\n","protected":false},"excerpt":{"rendered":"<p>1A\u00f0 endingu, br\u00e6\u00f0ur: Bi\u00f0ji\u00f0 fyrir oss, a\u00f0 or\u00f0 Drottins megi hafa framgang og vegsamast eins og hj\u00e1 y\u00f0ur,2og a\u00f0 v\u00e9r m\u00e6ttum frelsast fr\u00e1 spilltum og vondum m\u00f6nnum. \u00dev\u00ed a\u00f0 ekki er tr\u00fain allra.3En tr\u00far er Drottinn og hann mun styrkja y\u00f0ur og vernda fyrir hinum vonda.4En v\u00e9r h\u00f6fum \u00fea\u00f0 traust til y\u00f0ar vegna Drottins, a\u00f0 \u00fe\u00e9r b\u00e6\u00f0i gj\u00f6ri\u00f0 og munu\u00f0 gj\u00f6ra \u00fea\u00f0, sem v\u00e9r leggjum fyrir y\u00f0ur.5En Drottinn lei\u00f0i hj\u00f6rtu y\u00f0ar til k\u00e6rleika Gu\u00f0s og \u00feolg\u00e6\u00f0is Krists.6En v\u00e9r bj\u00f3\u00f0um y\u00f0ur, br\u00e6\u00f0ur, \u00ed nafni Drottins vors Jes\u00fa Krists, a\u00f0 \u00fe\u00e9r snei\u00f0i\u00f0 hj\u00e1 hverjum \u00feeim br\u00f3\u00f0ur, er lifir \u00f3reglulega og ekki eftir <a href=\"https:\/\/biblian.is\/1981\/sidara-thessalonikubref-3-kafli\/\"> [&#8230;]<\/a><\/p>\n","protected":false},"author":1,"featured_media":0,"parent":0,"menu_order":0,"comment_status":"open","ping_status":"open","template":"bibliukaflar.php","meta":{"footnotes":""},"class_list":["post-2466","page","type-page","status-publish","hentry"],"_links":{"self":[{"href":"https:\/\/biblian.is\/1981\/wp-json\/wp\/v2\/pages\/2466","targetHints":{"allow":["GET"]}}],"collection":[{"href":"https:\/\/biblian.is\/1981\/wp-json\/wp\/v2\/pages"}],"about":[{"href":"https:\/\/biblian.is\/1981\/wp-json\/wp\/v2\/types\/page"}],"author":[{"embeddable":true,"href":"https:\/\/biblian.is\/1981\/wp-json\/wp\/v2\/users\/1"}],"replies":[{"embeddable":true,"href":"https:\/\/biblian.is\/1981\/wp-json\/wp\/v2\/comments?post=2466"}],"version-history":[{"count":0,"href":"https:\/\/biblian.is\/1981\/wp-json\/wp\/v2\/pages\/2466\/revisions"}],"wp:attachment":[{"href":"https:\/\/biblian.is\/1981\/wp-json\/wp\/v2\/media?parent=2466"}],"curies":[{"name":"wp","href":"https:\/\/api.w.org\/{rel}","templated":true}]}}