{"id":2465,"date":"2017-11-18T20:21:51","date_gmt":"2017-11-18T20:21:51","guid":{"rendered":"http:\/\/biblian.is\/1981\/sidara-thessalonikubref-2-kafli\/"},"modified":"2021-06-06T11:10:17","modified_gmt":"2021-06-06T11:10:17","slug":"sidara-thessalonikubref-2-kafli","status":"publish","type":"page","link":"https:\/\/biblian.is\/1981\/sidara-thessalonikubref-2-kafli\/","title":{"rendered":"S\u00ed\u00f0ara \u00deessalon\u00edkubr\u00e9f 2. kafli"},"content":{"rendered":"<p><a name=\"1\"><span class=\"versanumer\">1<\/span><\/a>En a\u00f0 \u00fev\u00ed er snertir komu Drottins vors Jes\u00fa Krists og \u00fea\u00f0, a\u00f0 v\u00e9r s\u00f6fnumst til hans, bi\u00f0jum v\u00e9r y\u00f0ur, br\u00e6\u00f0ur,<a name=\"2\"><span class=\"versanumer\">2<\/span><\/a>a\u00f0 \u00fe\u00e9r s\u00e9u\u00f0 ekki flj\u00f3tir til a\u00f0 komast \u00ed uppn\u00e1m e\u00f0a l\u00e1ta hr\u00e6\u00f0a y\u00f0ur, hvorki af nokkrum anda n\u00e9 vi\u00f0 or\u00f0 e\u00f0a br\u00e9f, sem v\u00e6ri \u00fea\u00f0 fr\u00e1 oss, eins og dagur Drottins v\u00e6ri \u00feegar fyrir h\u00f6ndum.<a name=\"3\"><span class=\"versanumer\">3<\/span><\/a>L\u00e1ti\u00f0 engan villa y\u00f0ur \u00e1 nokkurn h\u00e1tt. \u00dev\u00ed a\u00f0 ekki kemur dagurinn nema fr\u00e1hvarfi\u00f0 komi fyrst og ma\u00f0ur syndarinnar birtist. Hann er sonur gl\u00f6tunarinnar,<a name=\"4\"><span class=\"versanumer\">4<\/span><\/a>sem setur sig \u00e1 m\u00f3ti Gu\u00f0i og r\u00eds gegn \u00f6llu \u00fev\u00ed, sem kallast Gu\u00f0 e\u00f0a helgur d\u00f3mur. Hann sest \u00ed musteri Gu\u00f0s og gj\u00f6rir sj\u00e1lfan sig a\u00f0 Gu\u00f0i.<a name=\"5\"><span class=\"versanumer\">5<\/span><\/a>Minnist \u00fe\u00e9r ekki \u00feess, a\u00f0 \u00e9g sag\u00f0i y\u00f0ur \u00feetta, me\u00f0an \u00e9g enn \u00fe\u00e1 var hj\u00e1 y\u00f0ur?<a name=\"6\"><span class=\"versanumer\">6<\/span><\/a>Og \u00fe\u00e9r viti\u00f0, hva\u00f0 aftrar honum n\u00fa, til \u00feess a\u00f0 hann opinberist \u00e1 s\u00ednum t\u00edma.<a name=\"7\"><span class=\"versanumer\">7<\/span><\/a>\u00dev\u00ed a\u00f0 l\u00f6gleysi\u00f0 er \u00feegar fari\u00f0 a\u00f0 starfa \u00ed leyndum og stendur ekki \u00e1 \u00f6\u00f0ru en a\u00f0 \u00feeim ver\u00f0i burt r\u00fdmt, sem n\u00fa heldur aftur af.<a name=\"8\"><span class=\"versanumer\">8<\/span><\/a>\u00de\u00e1 mun l\u00f6gleysinginn opinberast, og honum mun Drottinn Jes\u00fas tort\u00edma me\u00f0 anda munns s\u00edns og a\u00f0 engu gj\u00f6ra \u00feegar hann birtist vi\u00f0 endurkomu s\u00edna.<a name=\"9\"><span class=\"versanumer\">9<\/span><\/a>L\u00f6gleysinginn kemur fyrir tilverkna\u00f0 Satans me\u00f0 miklum krafti, lygat\u00e1knum og undrum<a name=\"10\"><span class=\"versanumer\">10<\/span><\/a>og me\u00f0 alls konar rangl\u00e6tisv\u00e9lum, sem blekkja \u00fe\u00e1, sem glatast, af \u00fev\u00ed a\u00f0 \u00feeir veittu ekki vi\u00f0t\u00f6ku og elsku\u00f0u ekki sannleikann, svo a\u00f0 \u00feeir m\u00e6ttu ver\u00f0a h\u00f3lpnir.<a name=\"11\"><span class=\"versanumer\">11<\/span><\/a>\u00deess vegna sendir Gu\u00f0 \u00feeim megna villu, til \u00feess a\u00f0 \u00feeir tr\u00fai lyginni.<a name=\"12\"><span class=\"versanumer\">12<\/span><\/a>\u00deannig munu allir \u00feeir ver\u00f0a d\u00e6mdir, sem hafa ekki tr\u00faa\u00f0 sannleikanum, en haft vel\u00fe\u00f3knun \u00e1 rangl\u00e6tinu.<a name=\"13\"><span class=\"versanumer\">13<\/span><\/a>En alltaf hlj\u00f3tum v\u00e9r a\u00f0 \u00feakka Gu\u00f0i fyrir y\u00f0ur, br\u00e6\u00f0ur, sem Drottinn elskar. Gu\u00f0 hefur fr\u00e1 upphafi \u00fatvali\u00f0 y\u00f0ur til frelsunar \u00ed helgun andans og tr\u00fa \u00e1 sannleikann.<a name=\"14\"><span class=\"versanumer\">14<\/span><\/a>Til \u00feess kalla\u00f0i hann y\u00f0ur fyrir fagna\u00f0arbo\u00f0skap vorn, a\u00f0 \u00fe\u00e9r skyldu\u00f0 \u00f6\u00f0last d\u00fdr\u00f0 Drottins vors Jes\u00fa Krists.<a name=\"15\"><span class=\"versanumer\">15<\/span><\/a>Br\u00e6\u00f0ur, standi\u00f0 \u00fev\u00ed st\u00f6\u00f0ugir og haldi\u00f0 fast vi\u00f0 \u00fe\u00e6r kenningar, er v\u00e9r h\u00f6fum flutt y\u00f0ur munnlega e\u00f0a me\u00f0 br\u00e9fi.<a name=\"16\"><span class=\"versanumer\">16<\/span><\/a>En sj\u00e1lfur Drottinn vor Jes\u00fas Kristur og Gu\u00f0, fa\u00f0ir vor, sem elska\u00f0i oss og gaf oss \u00ed n\u00e1\u00f0 eil\u00edfa huggun og g\u00f3\u00f0a von,<a name=\"17\"><span class=\"versanumer\">17<\/span><\/a>huggi hj\u00f6rtu y\u00f0ar og styrki \u00ed s\u00e9rhverju g\u00f3\u00f0u verki og or\u00f0i.<\/p>\n<div class=\"footnote1981\"><b>2.1<\/b> Koma Jes\u00fa Krists 1Kor 15.23; 1\u00deess 4.15-17 \u2013 s\u00f6fnumst til hans Matt 24.31<br \/>\n<b>2.2<\/b> Ver\u00f0a ekki hr\u00e6dd Mrk 13.7 og hlst \u2013 dagur Drottins 1\u00deess 5.2+ &#8211; dagurinn \u00ed n\u00e1nd 1\u00deess 2.19; 3.13; 4.15-17; 5.4<br \/>\n<b>2.3<\/b> Fr\u00e1hvarfi\u00f0 1T\u00edm 4.1<br \/>\n<b>2.4<\/b> S\u00e1, sem setur sig \u00e1 m\u00f3ti  &#8230; Gu\u00f0i Dan 11.36 \u2013 sest \u00ed musteri Gu\u00f0s Esk 28.2<br \/>\n<b>2.6<\/b> \u00dea\u00f0 sem aftrar Opb 20.7-10<br \/>\n<b>2.7<\/b> Sem n\u00fa stendur \u00ed vegi Matt 24.14; Mrk 13.10<br \/>\n<b>2.8<\/b> Tort\u00edma &#8230; Jes 11.4; Job 4.9; Opb 19.15<br \/>\n<b>2.9<\/b> Lygat\u00e1kn og undur Matt 24.24; Opb 13.11-13<br \/>\n<b>2.10<\/b> \u00deau, sem glatast 1Kor 1.18 \u2013 sannleikurinn frelsar J\u00f3h 8.34-44<br \/>\n<b>2.11<\/b> Tr\u00faa lyginni J\u00f3h 3.19; 2T\u00edm 4.4<br \/>\n<b>2.12<\/b> D\u00e6md J\u00f3h 9.39<br \/>\n<b>2.13<\/b> \u00deakka \u00e6t\u00ed\u00f0 1\u00deess 2.13+ &#8211; Gu\u00f0 \u00fatvaldi ykkur 1\u00deess 1.4; J\u00f3h 5.16<br \/>\n<b>2.14<\/b> Kalla 1\u00deess 4.7 \u2013 \u00f6\u00f0last d\u00fdr\u00f0 1\u00deess 2.12; 5.9; 2\u00deess 1.10<br \/>\n<b>2.15<\/b> Kenningar 1Kor 11.2; 2\u00deess 3.6<\/div>\n","protected":false},"excerpt":{"rendered":"<p>1En a\u00f0 \u00fev\u00ed er snertir komu Drottins vors Jes\u00fa Krists og \u00fea\u00f0, a\u00f0 v\u00e9r s\u00f6fnumst til hans, bi\u00f0jum v\u00e9r y\u00f0ur, br\u00e6\u00f0ur,2a\u00f0 \u00fe\u00e9r s\u00e9u\u00f0 ekki flj\u00f3tir til a\u00f0 komast \u00ed uppn\u00e1m e\u00f0a l\u00e1ta hr\u00e6\u00f0a y\u00f0ur, hvorki af nokkrum anda n\u00e9 vi\u00f0 or\u00f0 e\u00f0a br\u00e9f, sem v\u00e6ri \u00fea\u00f0 fr\u00e1 oss, eins og dagur Drottins v\u00e6ri \u00feegar fyrir h\u00f6ndum.3L\u00e1ti\u00f0 engan villa y\u00f0ur \u00e1 nokkurn h\u00e1tt. \u00dev\u00ed a\u00f0 ekki kemur dagurinn nema fr\u00e1hvarfi\u00f0 komi fyrst og ma\u00f0ur syndarinnar birtist. Hann er sonur gl\u00f6tunarinnar,4sem setur sig \u00e1 m\u00f3ti Gu\u00f0i og r\u00eds gegn \u00f6llu \u00fev\u00ed, sem kallast Gu\u00f0 e\u00f0a helgur d\u00f3mur. Hann sest \u00ed musteri Gu\u00f0s <a href=\"https:\/\/biblian.is\/1981\/sidara-thessalonikubref-2-kafli\/\"> [&#8230;]<\/a><\/p>\n","protected":false},"author":1,"featured_media":0,"parent":0,"menu_order":0,"comment_status":"open","ping_status":"open","template":"bibliukaflar.php","meta":{"footnotes":""},"class_list":["post-2465","page","type-page","status-publish","hentry"],"_links":{"self":[{"href":"https:\/\/biblian.is\/1981\/wp-json\/wp\/v2\/pages\/2465","targetHints":{"allow":["GET"]}}],"collection":[{"href":"https:\/\/biblian.is\/1981\/wp-json\/wp\/v2\/pages"}],"about":[{"href":"https:\/\/biblian.is\/1981\/wp-json\/wp\/v2\/types\/page"}],"author":[{"embeddable":true,"href":"https:\/\/biblian.is\/1981\/wp-json\/wp\/v2\/users\/1"}],"replies":[{"embeddable":true,"href":"https:\/\/biblian.is\/1981\/wp-json\/wp\/v2\/comments?post=2465"}],"version-history":[{"count":0,"href":"https:\/\/biblian.is\/1981\/wp-json\/wp\/v2\/pages\/2465\/revisions"}],"wp:attachment":[{"href":"https:\/\/biblian.is\/1981\/wp-json\/wp\/v2\/media?parent=2465"}],"curies":[{"name":"wp","href":"https:\/\/api.w.org\/{rel}","templated":true}]}}