{"id":2464,"date":"2017-11-18T20:21:51","date_gmt":"2017-11-18T20:21:51","guid":{"rendered":"http:\/\/biblian.is\/1981\/sidara-thessalonikubref-1-kafli\/"},"modified":"2021-06-06T11:10:17","modified_gmt":"2021-06-06T11:10:17","slug":"sidara-thessalonikubref-1-kafli","status":"publish","type":"page","link":"https:\/\/biblian.is\/1981\/sidara-thessalonikubref-1-kafli\/","title":{"rendered":"S\u00ed\u00f0ara \u00deessalon\u00edkubr\u00e9f 1. kafli"},"content":{"rendered":"<p><a name=\"1\"><span class=\"versanumer\">1<\/span><\/a>P\u00e1ll, Silvanus og T\u00edm\u00f3teus heilsa s\u00f6fnu\u00f0i \u00deessalon\u00edkumanna, sem lifa \u00ed Gu\u00f0i, f\u00f6\u00f0ur vorum, og Drottni Jes\u00fa Kristi.<a name=\"2\"><span class=\"versanumer\">2<\/span><\/a>N\u00e1\u00f0 s\u00e9 me\u00f0 y\u00f0ur og fri\u00f0ur fr\u00e1 Gu\u00f0i f\u00f6\u00f0ur og Drottni Jes\u00fa Kristi.<a name=\"3\"><span class=\"versanumer\">3<\/span><\/a>Skylt er oss, br\u00e6\u00f0ur, og maklegt a\u00f0 \u00feakka Gu\u00f0i \u00e6t\u00ed\u00f0 fyrir y\u00f0ur, \u00fev\u00ed a\u00f0 tr\u00fa y\u00f0ar eykst st\u00f3rum og k\u00e6rleiki y\u00f0ar allra hvers til annars fer vaxandi.<a name=\"4\"><span class=\"versanumer\">4<\/span><\/a>\u00dev\u00ed getum v\u00e9r hr\u00f3sa\u00f0 oss af y\u00f0ur \u00ed s\u00f6fnu\u00f0um Gu\u00f0s fyrir \u00feolg\u00e6\u00f0i y\u00f0ar og tr\u00fa \u00ed \u00f6llum ofs\u00f3knum y\u00f0ar og \u00ferengingum \u00feeim, er \u00fe\u00e9r \u00feoli\u00f0.<a name=\"5\"><span class=\"versanumer\">5<\/span><\/a>\u00de\u00e6r eru auglj\u00f3st merki \u00feess, a\u00f0 Gu\u00f0 d\u00e6mir r\u00e9tt og mun \u00e1l\u00edta y\u00f0ur maklega Gu\u00f0s r\u00edkis, sem \u00fe\u00e9r n\u00fa l\u00ed\u00f0i\u00f0 illt fyrir.<a name=\"6\"><span class=\"versanumer\">6<\/span><\/a>Gu\u00f0 er r\u00e9ttl\u00e1tur, hann endurgeldur \u00feeim \u00ferengingu, sem a\u00f0 y\u00f0ur \u00ferengja.<a name=\"7\"><span class=\"versanumer\">7<\/span><\/a>En y\u00f0ur, sem \u00ferengingu l\u00ed\u00f0i\u00f0, veitir hann hv\u00edld \u00e1samt oss, \u00feegar Drottinn Jes\u00fas opinberast af himni me\u00f0 englum m\u00e1ttar s\u00edns.<a name=\"8\"><span class=\"versanumer\">8<\/span><\/a>Hann kemur \u00ed logandi eldi og l\u00e6tur hegningu koma yfir \u00fe\u00e1, sem \u00feekkja ekki Gu\u00f0, og yfir \u00fe\u00e1, sem hl\u00fd\u00f0a ekki fagna\u00f0arerindinu um Drottin vorn Jes\u00fa.<a name=\"9\"><span class=\"versanumer\">9<\/span><\/a>\u00deeir munu s\u00e6ta hegningu, eil\u00edfri gl\u00f6tun, fjarri augliti Drottins og fjarri d\u00fdr\u00f0 hans og m\u00e6tti,<a name=\"10\"><span class=\"versanumer\">10<\/span><\/a>\u00e1 \u00feeim degi, er hann kemur til a\u00f0 vegsamast me\u00f0al sinna heil\u00f6gu og hlj\u00f3ta lof me\u00f0al allra, sem tr\u00fa hafa teki\u00f0. Og \u00fe\u00e9r hafi\u00f0 tr\u00faa\u00f0 \u00feeim vitnisbur\u00f0i, sem v\u00e9r fluttum y\u00f0ur.<a name=\"11\"><span class=\"versanumer\">11<\/span><\/a>\u00deess vegna bi\u00f0jum v\u00e9r og alla t\u00edma fyrir y\u00f0ur, a\u00f0 Gu\u00f0 vor \u00e1l\u00edti y\u00f0ur maklega k\u00f6llunarinnar og fullkomni allt hi\u00f0 g\u00f3\u00f0a, sem \u00fe\u00e9r vilji\u00f0 og vinni\u00f0 \u00ed tr\u00fa og me\u00f0 krafti Gu\u00f0s,<a name=\"12\"><span class=\"versanumer\">12<\/span><\/a>svo a\u00f0 nafn Drottins vors Jes\u00fa ver\u00f0i d\u00fdrlegt \u00ed y\u00f0ur og \u00fe\u00e9r \u00ed honum fyrir n\u00e1\u00f0 Gu\u00f0s vors og Drottins Jes\u00fa Krists.<\/p>\n<div class=\"footnote1981\"><b>1.1-2<\/b> Sbr 1.\u00deess 1.1<br \/>\n<b>1.1<\/b> Silvanus (S\u00edlas) Post 15.22+ &#8211; T\u00edm\u00f3teus Post 16.1+ &#8211; s\u00f6fnu\u00f0ur 1\u00deess 1.1+<br \/>\n<b>1.2<\/b> N\u00e1\u00f0 og fri\u00f0ur R\u00f3m 1.7<br \/>\n<b>1.3<\/b> \u00deakka \u00e6t\u00ed\u00f0 1.\u00deess 2.13+ &#8211; eykst, fer vaxandi Fil 1.25+ ; 1\u00deess 3.6,12<br \/>\n<b>1.4<\/b> Miklast af ykkur 2Kor 7.4; 1\u00deess 2.19-20 \u2013 tr\u00fa, k\u00e6rleikur, \u00feolg\u00e6\u00f0i 1T\u00edm 6.11; T\u00edt 2.2 \u2013 ofs\u00f3knir og \u00ferengingar Opb 1.9<br \/>\n<b>1.5<\/b> Birta d\u00f3m Gu\u00f0s Fil 1.28 \u2013 makleg Gu\u00f0s r\u00edkis L\u00fak 20.35; 1\u00deess 2.12 \u2013 l\u00ed\u00f0a illt fyrir Gu\u00f0s r\u00edki Matt 5.10; 1\u00deess 2.14; 3.4<br \/>\n<b>1.6<\/b> Gu\u00f0 endurgeldur R\u00f3m 12.19; Opb 18.6-7; Fil 1.28 \u2013 \u00ferenging 1\u00deess 3.3<br \/>\n<b>1.7<\/b> Opinberun Drottins Jes\u00fa 1\u00deess 3.13+ ; 4.16<br \/>\n<b>1.8<\/b> \u00cd logandi eldi 2M\u00f3s 3.2; Jes 66.15; Dan 7.9-11 \u2013 \u00feekkja ekki Gu\u00f0 Slm 79.6; Jer 10.25; 1\u00deess 4.5 \u2013 hl\u00fd\u00f0a fagna\u00f0arerindinu R\u00f3m 10.16+ ; sbr R\u00f3m 2.8; 1P\u00e9t 4.17<br \/>\n<b>1.9<\/b> Fjarri d\u00fdr\u00f0 hans Jes 2.10,19,21<br \/>\n<b>1.10<\/b> Me\u00f0al sinna heil\u00f6gu 1\u00deess 2.12; 3.13+ ; sj\u00e1 Slm 89.8; Jes 43.9; K\u00f3l 3.4 \u2013 vegsamast Slm 68.35<br \/>\n<b>1.11<\/b> Bi\u00f0ja \u00e1vallt K\u00f3l 1.9+ &#8211; tr\u00fain beinir til 1\u00deess 1.3<br \/>\n<b>1.12<\/b> Ver\u00f0i d\u00fdrlegt Jes 24.15; 66.5; Mal 1.11; J\u00f3h 17.22,24<\/div>\n","protected":false},"excerpt":{"rendered":"<p>1P\u00e1ll, Silvanus og T\u00edm\u00f3teus heilsa s\u00f6fnu\u00f0i \u00deessalon\u00edkumanna, sem lifa \u00ed Gu\u00f0i, f\u00f6\u00f0ur vorum, og Drottni Jes\u00fa Kristi.2N\u00e1\u00f0 s\u00e9 me\u00f0 y\u00f0ur og fri\u00f0ur fr\u00e1 Gu\u00f0i f\u00f6\u00f0ur og Drottni Jes\u00fa Kristi.3Skylt er oss, br\u00e6\u00f0ur, og maklegt a\u00f0 \u00feakka Gu\u00f0i \u00e6t\u00ed\u00f0 fyrir y\u00f0ur, \u00fev\u00ed a\u00f0 tr\u00fa y\u00f0ar eykst st\u00f3rum og k\u00e6rleiki y\u00f0ar allra hvers til annars fer vaxandi.4\u00dev\u00ed getum v\u00e9r hr\u00f3sa\u00f0 oss af y\u00f0ur \u00ed s\u00f6fnu\u00f0um Gu\u00f0s fyrir \u00feolg\u00e6\u00f0i y\u00f0ar og tr\u00fa \u00ed \u00f6llum ofs\u00f3knum y\u00f0ar og \u00ferengingum \u00feeim, er \u00fe\u00e9r \u00feoli\u00f0.5\u00de\u00e6r eru auglj\u00f3st merki \u00feess, a\u00f0 Gu\u00f0 d\u00e6mir r\u00e9tt og mun \u00e1l\u00edta y\u00f0ur maklega Gu\u00f0s r\u00edkis, sem \u00fe\u00e9r n\u00fa l\u00ed\u00f0i\u00f0 illt fyrir.6Gu\u00f0 <a href=\"https:\/\/biblian.is\/1981\/sidara-thessalonikubref-1-kafli\/\"> [&#8230;]<\/a><\/p>\n","protected":false},"author":1,"featured_media":0,"parent":0,"menu_order":0,"comment_status":"open","ping_status":"open","template":"bibliukaflar.php","meta":{"footnotes":""},"class_list":["post-2464","page","type-page","status-publish","hentry"],"_links":{"self":[{"href":"https:\/\/biblian.is\/1981\/wp-json\/wp\/v2\/pages\/2464","targetHints":{"allow":["GET"]}}],"collection":[{"href":"https:\/\/biblian.is\/1981\/wp-json\/wp\/v2\/pages"}],"about":[{"href":"https:\/\/biblian.is\/1981\/wp-json\/wp\/v2\/types\/page"}],"author":[{"embeddable":true,"href":"https:\/\/biblian.is\/1981\/wp-json\/wp\/v2\/users\/1"}],"replies":[{"embeddable":true,"href":"https:\/\/biblian.is\/1981\/wp-json\/wp\/v2\/comments?post=2464"}],"version-history":[{"count":0,"href":"https:\/\/biblian.is\/1981\/wp-json\/wp\/v2\/pages\/2464\/revisions"}],"wp:attachment":[{"href":"https:\/\/biblian.is\/1981\/wp-json\/wp\/v2\/media?parent=2464"}],"curies":[{"name":"wp","href":"https:\/\/api.w.org\/{rel}","templated":true}]}}