{"id":2463,"date":"2017-11-18T20:21:51","date_gmt":"2017-11-18T20:21:51","guid":{"rendered":"http:\/\/biblian.is\/1981\/fyrra-thessalonikubref-5-kafli\/"},"modified":"2021-06-06T10:56:54","modified_gmt":"2021-06-06T10:56:54","slug":"fyrra-thessalonikubref-5-kafli","status":"publish","type":"page","link":"https:\/\/biblian.is\/1981\/fyrra-thessalonikubref-5-kafli\/","title":{"rendered":"Fyrra \u00deessalon\u00edkubr\u00e9f 5. kafli"},"content":{"rendered":"<p><a name=\"1\"><span class=\"versanumer\">1<\/span><\/a>En um t\u00edma og t\u00ed\u00f0ir hafi\u00f0 \u00fe\u00e9r, br\u00e6\u00f0ur, ekki \u00fe\u00f6rf \u00e1 a\u00f0 y\u00f0ur s\u00e9 skrifa\u00f0.<a name=\"2\"><span class=\"versanumer\">2<\/span><\/a>\u00de\u00e9r viti\u00f0 \u00fea\u00f0 sj\u00e1lfir gj\u00f6rla, a\u00f0 dagur Drottins kemur sem \u00fej\u00f3fur \u00e1 n\u00f3ttu.<a name=\"3\"><span class=\"versanumer\">3<\/span><\/a>\u00deegar menn segja: Fri\u00f0ur og engin h\u00e6tta, \u00fe\u00e1 kemur sn\u00f6gglega tort\u00edming yfir \u00fe\u00e1, eins og j\u00f3\u00f0s\u00f3tt yfir \u00feunga\u00f0a konu. Og \u00feeir munu alls ekki undan komast.<a name=\"4\"><span class=\"versanumer\">4<\/span><\/a>En \u00fe\u00e9r, br\u00e6\u00f0ur, eru\u00f0 ekki \u00ed myrkri, svo a\u00f0 dagurinn geti komi\u00f0 yfir y\u00f0ur sem \u00fej\u00f3fur.<a name=\"5\"><span class=\"versanumer\">5<\/span><\/a>\u00de\u00e9r eru\u00f0 allir synir lj\u00f3ssins og synir dagsins. V\u00e9r heyrum ekki n\u00f3ttunni til n\u00e9 myrkrinu.<a name=\"6\"><span class=\"versanumer\">6<\/span><\/a>V\u00e9r skulum \u00feess vegna ekki sofa eins og a\u00f0rir, heldur v\u00f6kum og verum alg\u00e1\u00f0ir.<a name=\"7\"><span class=\"versanumer\">7<\/span><\/a>\u00deeir, sem sofa, sofa \u00e1 n\u00f3ttunni og \u00feeir, sem drekka sig drukkna, drekka \u00e1 n\u00f3ttunni.<a name=\"8\"><span class=\"versanumer\">8<\/span><\/a>En v\u00e9r, sem heyrum deginum til, skulum vera alg\u00e1\u00f0ir, kl\u00e6ddir brynju tr\u00faar og k\u00e6rleika og von hj\u00e1lpr\u00e6\u00f0is sem hj\u00e1lmi.<a name=\"9\"><span class=\"versanumer\">9<\/span><\/a>Gu\u00f0 hefur ekki \u00e6tla\u00f0 oss til a\u00f0 ver\u00f0a rei\u00f0inni a\u00f0 br\u00e1\u00f0, heldur til a\u00f0 \u00f6\u00f0last s\u00e1luhj\u00e1lp fyrir Drottin vorn Jes\u00fa Krist,<a name=\"10\"><span class=\"versanumer\">10<\/span><\/a>sem d\u00f3 fyrir oss, til \u00feess a\u00f0 v\u00e9r m\u00e6ttum lifa me\u00f0 honum, hvort sem v\u00e9r v\u00f6kum e\u00f0a sofum.<a name=\"11\"><span class=\"versanumer\">11<\/span><\/a>\u00c1minni\u00f0 \u00fev\u00ed hver annan og uppbyggi\u00f0 hver annan, eins og \u00fe\u00e9r og gj\u00f6ri\u00f0.<a name=\"12\"><span class=\"versanumer\">12<\/span><\/a>V\u00e9r bi\u00f0jum y\u00f0ur, br\u00e6\u00f0ur, a\u00f0 s\u00fdna \u00feeim vi\u00f0urkenningu, sem erfi\u00f0a \u00e1 me\u00f0al y\u00f0ar og veita y\u00f0ur forst\u00f6\u00f0u \u00ed Drottni og \u00e1minna y\u00f0ur.<a name=\"13\"><span class=\"versanumer\">13<\/span><\/a>Au\u00f0s\u00fdni\u00f0 \u00feeim s\u00e9rstaka vir\u00f0ingu og k\u00e6rleika fyrir verk \u00feeirra. Lifi\u00f0 \u00ed fri\u00f0i y\u00f0ar \u00e1 milli.<a name=\"14\"><span class=\"versanumer\">14<\/span><\/a>V\u00e9r \u00e1minnum y\u00f0ur, br\u00e6\u00f0ur: Vandi\u00f0 um vi\u00f0 \u00fe\u00e1, sem \u00f3reglusamir eru, hughreysti\u00f0 \u00edst\u00f6\u00f0ulitla, taki\u00f0 a\u00f0 y\u00f0ur \u00fe\u00e1, sem \u00f3styrkir eru, veri\u00f0 langlyndir vi\u00f0 alla.<a name=\"15\"><span class=\"versanumer\">15<\/span><\/a>G\u00e6ti\u00f0 \u00feess, a\u00f0 enginn gjaldi neinum illt me\u00f0 illu, en keppi\u00f0 \u00e1vallt eftir hinu g\u00f3\u00f0a, b\u00e6\u00f0i hver vi\u00f0 annan og vi\u00f0 alla a\u00f0ra.<a name=\"16\"><span class=\"versanumer\">16<\/span><\/a>Veri\u00f0 \u00e6t\u00ed\u00f0 gla\u00f0ir.<a name=\"17\"><span class=\"versanumer\">17<\/span><\/a>Bi\u00f0ji\u00f0 \u00e1n afl\u00e1ts.<a name=\"18\"><span class=\"versanumer\">18<\/span><\/a>\u00deakki\u00f0 alla hluti, \u00fev\u00ed a\u00f0 \u00fea\u00f0 er vilji Gu\u00f0s me\u00f0 y\u00f0ur \u00ed Kristi Jes\u00fa.<a name=\"19\"><span class=\"versanumer\">19<\/span><\/a>Sl\u00f6kkvi\u00f0 ekki andann.<a name=\"20\"><span class=\"versanumer\">20<\/span><\/a>Fyrirl\u00edti\u00f0 ekki sp\u00e1d\u00f3msor\u00f0.<a name=\"21\"><span class=\"versanumer\">21<\/span><\/a>Pr\u00f3fi\u00f0 allt, haldi\u00f0 \u00fev\u00ed, sem gott er.<a name=\"22\"><span class=\"versanumer\">22<\/span><\/a>En for\u00f0ist allt illt, \u00ed hva\u00f0a mynd sem er.<a name=\"23\"><span class=\"versanumer\">23<\/span><\/a>En sj\u00e1lfur fri\u00f0arins Gu\u00f0 helgi y\u00f0ur algj\u00f6rlega og andi y\u00f0ar, s\u00e1l og l\u00edkami var\u00f0veitist alheil og vammlaus vi\u00f0 komu Drottins vors Jes\u00fa Krists.<a name=\"24\"><span class=\"versanumer\">24<\/span><\/a>Tr\u00far er s\u00e1, er y\u00f0ur kallar, hann mun koma \u00feessu til lei\u00f0ar.<a name=\"25\"><span class=\"versanumer\">25<\/span><\/a>Br\u00e6\u00f0ur, bi\u00f0ji\u00f0 fyrir oss!<a name=\"26\"><span class=\"versanumer\">26<\/span><\/a>Heilsi\u00f0 \u00f6llum br\u00e6\u00f0runum me\u00f0 heil\u00f6gum kossi.<a name=\"27\"><span class=\"versanumer\">27<\/span><\/a>\u00c9g bi\u00f0 og br\u00fdni y\u00f0ur \u00ed Drottins nafni, a\u00f0 \u00fe\u00e9r l\u00e1ti\u00f0 lesa br\u00e9f \u00feetta upp fyrir \u00f6llum br\u00e6\u00f0runum.<a name=\"28\"><span class=\"versanumer\">28<\/span><\/a>N\u00e1\u00f0in Drottins vors Jes\u00fa Krists s\u00e9 me\u00f0 y\u00f0ur.<\/p>\n<div class=\"footnote1981\"><b>5.1<\/b> T\u00edmi e\u00f0a t\u00ed\u00f0ir Matt 24.36; Post 1.7<br \/>\n<b>5.2<\/b> Dagur Drottins 1Kor 1.8; 5.5; 2Kor 1.14; 2\u00deess 2.2; 2P\u00e9t 3.10; sbr Fil 1.6,10; 2.16 \u2013 sem \u00fej\u00f3fur Opb 3.3+<br \/>\n<b>5.3<\/b> Fri\u00f0ur og engin h\u00e6tta Jer 6.14; 8.11; Esk 13.10 \u2013 sn\u00f6gglega Matt 24.38-39; L\u00fak 21.34-35 \u2013 eins og j\u00f3\u00f0s\u00f3tt Jer 4.31; Matt 24.8<br \/>\n<b>5.4<\/b> \u00cd myrkri J\u00f3h 12.46<br \/>\n<b>5.5<\/b> Lj\u00f3s og myrkur J\u00f3h 8.12; R\u00f3m 13.12; Ef 5.8-13+<br \/>\n<b>5.6<\/b> Allsg\u00e1\u00f0 Matt 24.42-44; 25.1-12; Mrk 13.33-37; L\u00fak 21.36; 1P\u00e9t 5.8<br \/>\n<b>5.8<\/b> Tr\u00fa, von, k\u00e6rleikur 1Kor 13.13+ &#8211; brynja og hj\u00e1lmur Jes 59.17; SSal 5.18; Ef 6.11+<br \/>\n<b>5.9<\/b> Rei\u00f0i og s\u00e1luhj\u00e1lp 1\u00deess 1.10; 2\u00deess 2.14<br \/>\n<b>5.10<\/b> Hvort sem vi\u00f0 v\u00f6kum e\u00f0a sofum R\u00f3m 14.8-9; 1\u00deess 4.13-14<br \/>\n<b>5.11<\/b> \u00c1minni\u00f0 hvert anna\u00f0 Ef 5.19; K\u00f3l 3.16; 1\u00deess 4.18<br \/>\n<b>5.12-13<\/b> Vi\u00f0urkenning og vir\u00f0ing 1Kor 16.18; 1T\u00edm 5.17; Heb 13.7<br \/>\n<b>5.14<\/b> \u00c1minningar \u00ed k\u00e6rleika Matt 18.15 \u2013 i\u00f0julaus 2\u00deess 3.6-7,11,15 \u2013 hughreysti\u00f0 1\u00deess 2.12 \u2013 taki\u00f0 a\u00f0 ykkur R\u00f3m 14.1 \u2013 \u00feolinm\u00f3\u00f0 vi\u00f0 alla 1Kor 13.4<br \/>\n<b>5.15<\/b> Ekki illt me\u00f0 illu Okv 20.22; R\u00f3m 12.17; 1P\u00e9t 3.9<br \/>\n<b>5.16<\/b> \u00c6t\u00ed\u00f0 gl\u00f6\u00f0 Fil 1.4+ ; 3.1+<br \/>\n<b>5.17<\/b> Bi\u00f0ji\u00f0 \u00e1n afl\u00e1ts L\u00fak 18.1; R\u00f3m 12.12; K\u00f3l 4.2<br \/>\n<b>5.18<\/b> \u00deakki\u00f0 allt Ef 5.20<br \/>\n<b>5.19<\/b> Sl\u00f6kkvi\u00f0 ekki andann Ef 4.30<br \/>\n<b>5.20<\/b> Sp\u00e1d\u00f3msor\u00f0 1Kor 12.10,29; 13.2; 14.1,3,39<br \/>\n<b>5.21<\/b> Pr\u00f3fi\u00f0 allt 1J\u00f3h 4.1<br \/>\n<b>5.22<\/b> For\u00f0ist allt illt Job 1.1,8; 2.3<br \/>\n<b>5.23<\/b> Fri\u00f0arins Gu\u00f0 R\u00f3m 15.33; 2\u00deess 3.16<br \/>\n<b>5.24<\/b> Tr\u00far 1Kor 1.9; 2\u00deess 3.3<br \/>\n<b>5.25<\/b> Bi\u00f0ji\u00f0 fyrir m\u00e9r K\u00f3l 4.3+<br \/>\n<b>5.26<\/b>Kve\u00f0jur til safna\u00f0arins R\u00f3m 16.16; 1Kor 16.20<\/div>\n","protected":false},"excerpt":{"rendered":"<p>1En um t\u00edma og t\u00ed\u00f0ir hafi\u00f0 \u00fe\u00e9r, br\u00e6\u00f0ur, ekki \u00fe\u00f6rf \u00e1 a\u00f0 y\u00f0ur s\u00e9 skrifa\u00f0.2\u00de\u00e9r viti\u00f0 \u00fea\u00f0 sj\u00e1lfir gj\u00f6rla, a\u00f0 dagur Drottins kemur sem \u00fej\u00f3fur \u00e1 n\u00f3ttu.3\u00deegar menn segja: Fri\u00f0ur og engin h\u00e6tta, \u00fe\u00e1 kemur sn\u00f6gglega tort\u00edming yfir \u00fe\u00e1, eins og j\u00f3\u00f0s\u00f3tt yfir \u00feunga\u00f0a konu. Og \u00feeir munu alls ekki undan komast.4En \u00fe\u00e9r, br\u00e6\u00f0ur, eru\u00f0 ekki \u00ed myrkri, svo a\u00f0 dagurinn geti komi\u00f0 yfir y\u00f0ur sem \u00fej\u00f3fur.5\u00de\u00e9r eru\u00f0 allir synir lj\u00f3ssins og synir dagsins. V\u00e9r heyrum ekki n\u00f3ttunni til n\u00e9 myrkrinu.6V\u00e9r skulum \u00feess vegna ekki sofa eins og a\u00f0rir, heldur v\u00f6kum og verum alg\u00e1\u00f0ir.7\u00deeir, sem sofa, sofa \u00e1 n\u00f3ttunni og <a href=\"https:\/\/biblian.is\/1981\/fyrra-thessalonikubref-5-kafli\/\"> [&#8230;]<\/a><\/p>\n","protected":false},"author":1,"featured_media":0,"parent":0,"menu_order":0,"comment_status":"open","ping_status":"open","template":"bibliukaflar.php","meta":{"footnotes":""},"class_list":["post-2463","page","type-page","status-publish","hentry"],"_links":{"self":[{"href":"https:\/\/biblian.is\/1981\/wp-json\/wp\/v2\/pages\/2463","targetHints":{"allow":["GET"]}}],"collection":[{"href":"https:\/\/biblian.is\/1981\/wp-json\/wp\/v2\/pages"}],"about":[{"href":"https:\/\/biblian.is\/1981\/wp-json\/wp\/v2\/types\/page"}],"author":[{"embeddable":true,"href":"https:\/\/biblian.is\/1981\/wp-json\/wp\/v2\/users\/1"}],"replies":[{"embeddable":true,"href":"https:\/\/biblian.is\/1981\/wp-json\/wp\/v2\/comments?post=2463"}],"version-history":[{"count":0,"href":"https:\/\/biblian.is\/1981\/wp-json\/wp\/v2\/pages\/2463\/revisions"}],"wp:attachment":[{"href":"https:\/\/biblian.is\/1981\/wp-json\/wp\/v2\/media?parent=2463"}],"curies":[{"name":"wp","href":"https:\/\/api.w.org\/{rel}","templated":true}]}}