{"id":2462,"date":"2017-11-18T20:21:51","date_gmt":"2017-11-18T20:21:51","guid":{"rendered":"http:\/\/biblian.is\/1981\/fyrra-thessalonikubref-4-kafli\/"},"modified":"2021-06-06T10:56:54","modified_gmt":"2021-06-06T10:56:54","slug":"fyrra-thessalonikubref-4-kafli","status":"publish","type":"page","link":"https:\/\/biblian.is\/1981\/fyrra-thessalonikubref-4-kafli\/","title":{"rendered":"Fyrra \u00deessalon\u00edkubr\u00e9f 4. kafli"},"content":{"rendered":"<p><a name=\"1\"><span class=\"versanumer\">1<\/span><\/a>A\u00f0 endingu bi\u00f0jum v\u00e9r y\u00f0ur, br\u00e6\u00f0ur, og \u00e1minnum \u00ed Drottni Jes\u00fa. \u00de\u00e9r hafi\u00f0 numi\u00f0 af oss, hvernig y\u00f0ur ber a\u00f0 breyta og \u00fe\u00f3knast Gu\u00f0i, og \u00feannig breyti\u00f0 \u00fe\u00e9r l\u00edka. En taki\u00f0 enn meiri framf\u00f6rum.<a name=\"2\"><span class=\"versanumer\">2<\/span><\/a>\u00de\u00e9r viti\u00f0, hver bo\u00f0or\u00f0 v\u00e9r g\u00e1fum y\u00f0ur fr\u00e1 Drottni Jes\u00fa.<a name=\"3\"><span class=\"versanumer\">3<\/span><\/a>\u00dea\u00f0 er vilji Gu\u00f0s, a\u00f0 \u00fe\u00e9r ver\u00f0i\u00f0 heilagir. Hann vill, a\u00f0 \u00fe\u00e9r haldi\u00f0 y\u00f0ur fr\u00e1 frillul\u00edfi,<a name=\"4\"><span class=\"versanumer\">4<\/span><\/a>a\u00f0 s\u00e9rhver y\u00f0ar hafi vit \u00e1 a\u00f0 halda l\u00edkama s\u00ednum \u00ed helgun og hei\u00f0ri,<a name=\"5\"><span class=\"versanumer\">5<\/span><\/a>en ekki \u00ed losta, eins og hei\u00f0ingjarnir, er ekki \u00feekkja Gu\u00f0.<a name=\"6\"><span class=\"versanumer\">6<\/span><\/a>Og enginn skyldi gj\u00f6ra br\u00f3\u00f0ur s\u00ednum rangt til n\u00e9 blekkja hann \u00ed sl\u00edkum s\u00f6kum. \u00dev\u00ed a\u00f0 Drottinn hegnir fyrir allt \u00fev\u00edl\u00edkt, eins og v\u00e9r h\u00f6fum \u00e1\u00f0ur sagt y\u00f0ur og br\u00fdnt fyrir y\u00f0ur.<a name=\"7\"><span class=\"versanumer\">7<\/span><\/a>Ekki kalla\u00f0i Gu\u00f0 oss til saurlifna\u00f0ar, heldur helgunar.<a name=\"8\"><span class=\"versanumer\">8<\/span><\/a>S\u00e1, sem fyrirl\u00edtur \u00feetta, fyrirl\u00edtur \u00feess vegna ekki mann, heldur Gu\u00f0, sem hefur gefi\u00f0 y\u00f0ur sinn heilaga anda.<a name=\"9\"><span class=\"versanumer\">9<\/span><\/a>En ekki hafi\u00f0 \u00fe\u00e9r \u00feess \u00fe\u00f6rf, a\u00f0 \u00e9g skrifi y\u00f0ur um br\u00f3\u00f0urk\u00e6rleikann, \u00fev\u00ed Gu\u00f0 hefur sj\u00e1lfur kennt y\u00f0ur a\u00f0 elska hver annan.<a name=\"10\"><span class=\"versanumer\">10<\/span><\/a>\u00dea\u00f0 gj\u00f6ri\u00f0 \u00fe\u00e9r einnig \u00f6llum br\u00e6\u00f0rum \u00ed allri Maked\u00f3n\u00edu. En v\u00e9r \u00e1minnum y\u00f0ur, br\u00e6\u00f0ur, a\u00f0 taka enn meiri framf\u00f6rum.<a name=\"11\"><span class=\"versanumer\">11<\/span><\/a>Leiti\u00f0 s\u00e6mdar \u00ed \u00fev\u00ed a\u00f0 lifa kyrrl\u00e1tu l\u00edfi og stunda hver sitt starf og vinna me\u00f0 h\u00f6ndum y\u00f0ar, eins og v\u00e9r h\u00f6fum bo\u00f0i\u00f0 y\u00f0ur.<a name=\"12\"><span class=\"versanumer\">12<\/span><\/a>\u00deannig heg\u00f0i\u00f0 \u00fe\u00e9r y\u00f0ur me\u00f0 s\u00f3ma gagnvart \u00feeim, sem fyrir utan eru, og eru\u00f0 upp \u00e1 engan komnir.<a name=\"13\"><span class=\"versanumer\">13<\/span><\/a>Ekki viljum v\u00e9r, br\u00e6\u00f0ur, l\u00e1ta y\u00f0ur vera \u00f3kunnugt um \u00fe\u00e1, sem sofna\u00f0ir eru, til \u00feess a\u00f0 \u00fe\u00e9r s\u00e9u\u00f0 ekki hryggir eins og hinir, sem ekki hafa von.<a name=\"14\"><span class=\"versanumer\">14<\/span><\/a>\u00dev\u00ed a\u00f0 ef v\u00e9r tr\u00faum \u00fev\u00ed a\u00f0 Jes\u00fas s\u00e9 d\u00e1inn og upprisinn, \u00fe\u00e1 mun Gu\u00f0 fyrir Jes\u00fa lei\u00f0a \u00e1samt honum fram \u00fe\u00e1, sem sofna\u00f0ir eru.<a name=\"15\"><span class=\"versanumer\">15<\/span><\/a>\u00dev\u00ed a\u00f0 \u00fea\u00f0 segjum v\u00e9r y\u00f0ur, og \u00fea\u00f0 er or\u00f0 Drottins, a\u00f0 v\u00e9r, sem ver\u00f0um eftir \u00e1 l\u00edfi vi\u00f0 komu Drottins, munum alls ekki fyrri ver\u00f0a en hinir sofnu\u00f0u.<a name=\"16\"><span class=\"versanumer\">16<\/span><\/a>\u00dev\u00ed a\u00f0 sj\u00e1lfur Drottinn mun st\u00edga ni\u00f0ur af himni me\u00f0 kalli, me\u00f0 h\u00f6fu\u00f0engils raust og me\u00f0 b\u00e1s\u00fanu Gu\u00f0s, og \u00feeir, sem d\u00e1nir eru \u00ed tr\u00fa \u00e1 Krist, munu fyrst upp r\u00edsa.<a name=\"17\"><span class=\"versanumer\">17<\/span><\/a>S\u00ed\u00f0an munum v\u00e9r, sem eftir lifum, ver\u00f0a \u00e1samt \u00feeim hrifnir burt \u00ed sk\u00fdjum til fundar vi\u00f0 Drottin \u00ed loftinu. Og s\u00ed\u00f0an munum v\u00e9r vera me\u00f0 Drottni alla t\u00edma.<a name=\"18\"><span class=\"versanumer\">18<\/span><\/a>Upp\u00f6rvi\u00f0 \u00fev\u00ed hver annan me\u00f0 \u00feessum or\u00f0um.<\/p>\n<div class=\"footnote1981\"><b>4.1<\/b> Numi\u00f0 af m\u00e9r 2\u00deess 3.6<br \/>\n<b>4.2<\/b> Bo\u00f0or\u00f0 fr\u00e1 Drottni Jes\u00fa 1\u00deess 4.15<br \/>\n<b>4.3<\/b> Ver\u00f0a heil\u00f6g 3M\u00f3s 19.2; R\u00f3m 6.19; Ef 1.4; 1\u00deess 5.23; Heb 10.10; 1P\u00e9t 1.16 \u2013 \u00f3sk\u00edrl\u00edfi 1Kor 6.12-20<br \/>\n<b>4.4<\/b> Halda l\u00edkama s\u00ednum \u00ed helgun og hei\u00f0ri 1Kor 6.13,15 \u2013 hj\u00faskaparl\u00edf \u00ed heilagleik og hei\u00f0ri Heb 13.4; 1Kor 7.2<br \/>\n<b>4.5<\/b> Hei\u00f0ingjarnir, er ekki \u00feekkja Gu\u00f0 Slm 79.6; Jer 10.25<br \/>\n<b>4.6<\/b> Drottinn hegnir 5M\u00f3s 32.35; Slm 94.1; S\u00edr 5.3<br \/>\n<b>4.7<\/b> Til helgunar 2\u00deess 2.13-14; 1P\u00e9t 1.15-16<br \/>\n<b>4.8<\/b> S\u00e1 sem l\u00edtilsvir\u00f0ir \u00feetta L\u00fak 10.16 \u2013 Gu\u00f0 gefur ykkur heilagan anda Esk 36.27; 37.14; R\u00f3m 5.5; 2Kor 1.22; Gal 4.6; 1J\u00f3h 3.24<br \/>\n<b>4.9<\/b> Br\u00f3\u00f0urk\u00e6rleikur J\u00f3h 13.34; 15.12-14 \u2013 Gu\u00f0 sj\u00e1lfur kennir ykkur Jer 31.33-34<br \/>\n<b>4.10<\/b> \u00dei\u00f0 l\u00edka 2\u00deess 3.4 \u2013 Maked\u00f3n\u00eda 2Kor 1.16 \u2013 taka enn meiri framf\u00f6rum 1\u00deess 3.12<br \/>\n<b>4.11-12<\/b> Upp \u00e1 engan komin 1\u00deess 2.9+ ; Ef 4.28+<br \/>\n<b>4.12<\/b> \u00deeir sem fyrir utan eru 1Kor 5.12-13; K\u00f3l 4.5; sbr Mrk 4.11<br \/>\n<b>4.13<\/b> Ekki eiga von Ef 2.12<br \/>\n<b>4.14<\/b> D\u00e1inn og upprisinn Mrk 9.31; Post 2.24; R\u00f3m 14.9; 1Kor 15.3-4,12<br \/>\n<b>4.15<\/b> Or\u00f0 Drottins Matt 16.27; 24.30; 1Kor 7.10-25; 1\u00deess 4.2 \u2013 \u00e1 l\u00edfi vi\u00f0 komu Drottins 1Kor 15.51<br \/>\n<b>4.16<\/b> Mun st\u00edga ni\u00f0ur af himni 1\u00deess 1.10; 2\u00deess 1.7 \u2013 b\u00e1s\u00fana 1Kor 15.52<br \/>\n<b>4.17<\/b> Me\u00f0 Drottni J\u00f3h 12.26; 17.24; Fil 1.23+<br \/>\n<b>4.18<\/b> Upp\u00f6rvi\u00f0 hvert anna\u00f0 1\u00deess 5.11<\/div>\n","protected":false},"excerpt":{"rendered":"<p>1A\u00f0 endingu bi\u00f0jum v\u00e9r y\u00f0ur, br\u00e6\u00f0ur, og \u00e1minnum \u00ed Drottni Jes\u00fa. \u00de\u00e9r hafi\u00f0 numi\u00f0 af oss, hvernig y\u00f0ur ber a\u00f0 breyta og \u00fe\u00f3knast Gu\u00f0i, og \u00feannig breyti\u00f0 \u00fe\u00e9r l\u00edka. En taki\u00f0 enn meiri framf\u00f6rum.2\u00de\u00e9r viti\u00f0, hver bo\u00f0or\u00f0 v\u00e9r g\u00e1fum y\u00f0ur fr\u00e1 Drottni Jes\u00fa.3\u00dea\u00f0 er vilji Gu\u00f0s, a\u00f0 \u00fe\u00e9r ver\u00f0i\u00f0 heilagir. Hann vill, a\u00f0 \u00fe\u00e9r haldi\u00f0 y\u00f0ur fr\u00e1 frillul\u00edfi,4a\u00f0 s\u00e9rhver y\u00f0ar hafi vit \u00e1 a\u00f0 halda l\u00edkama s\u00ednum \u00ed helgun og hei\u00f0ri,5en ekki \u00ed losta, eins og hei\u00f0ingjarnir, er ekki \u00feekkja Gu\u00f0.6Og enginn skyldi gj\u00f6ra br\u00f3\u00f0ur s\u00ednum rangt til n\u00e9 blekkja hann \u00ed sl\u00edkum s\u00f6kum. \u00dev\u00ed a\u00f0 Drottinn hegnir fyrir allt <a href=\"https:\/\/biblian.is\/1981\/fyrra-thessalonikubref-4-kafli\/\"> [&#8230;]<\/a><\/p>\n","protected":false},"author":1,"featured_media":0,"parent":0,"menu_order":0,"comment_status":"open","ping_status":"open","template":"bibliukaflar.php","meta":{"footnotes":""},"class_list":["post-2462","page","type-page","status-publish","hentry"],"_links":{"self":[{"href":"https:\/\/biblian.is\/1981\/wp-json\/wp\/v2\/pages\/2462","targetHints":{"allow":["GET"]}}],"collection":[{"href":"https:\/\/biblian.is\/1981\/wp-json\/wp\/v2\/pages"}],"about":[{"href":"https:\/\/biblian.is\/1981\/wp-json\/wp\/v2\/types\/page"}],"author":[{"embeddable":true,"href":"https:\/\/biblian.is\/1981\/wp-json\/wp\/v2\/users\/1"}],"replies":[{"embeddable":true,"href":"https:\/\/biblian.is\/1981\/wp-json\/wp\/v2\/comments?post=2462"}],"version-history":[{"count":0,"href":"https:\/\/biblian.is\/1981\/wp-json\/wp\/v2\/pages\/2462\/revisions"}],"wp:attachment":[{"href":"https:\/\/biblian.is\/1981\/wp-json\/wp\/v2\/media?parent=2462"}],"curies":[{"name":"wp","href":"https:\/\/api.w.org\/{rel}","templated":true}]}}