{"id":2460,"date":"2017-11-18T20:21:51","date_gmt":"2017-11-18T20:21:51","guid":{"rendered":"http:\/\/biblian.is\/1981\/fyrra-thessalonikubref-2-kafli\/"},"modified":"2021-06-06T10:56:53","modified_gmt":"2021-06-06T10:56:53","slug":"fyrra-thessalonikubref-2-kafli","status":"publish","type":"page","link":"https:\/\/biblian.is\/1981\/fyrra-thessalonikubref-2-kafli\/","title":{"rendered":"Fyrra \u00deessalon\u00edkubr\u00e9f 2. kafli"},"content":{"rendered":"<p><a name=\"1\"><span class=\"versanumer\">1<\/span><\/a>Sj\u00e1lfir viti\u00f0 \u00fe\u00e9r, br\u00e6\u00f0ur, a\u00f0 koma vor til y\u00f0ar var\u00f0 ekki \u00e1rangurslaus.<a name=\"2\"><span class=\"versanumer\">2<\/span><\/a>Y\u00f0ur er kunnugt, a\u00f0 v\u00e9r h\u00f6f\u00f0um \u00e1\u00f0ur \u00feola\u00f0 illt og veri\u00f0 mis\u00feyrmt \u00ed Filipp\u00ed, en Gu\u00f0 gaf oss dj\u00f6rfung til a\u00f0 tala til y\u00f0ar fagna\u00f0arerindi Gu\u00f0s, \u00fe\u00f3tt bar\u00e1ttan v\u00e6ri mikil.<a name=\"3\"><span class=\"versanumer\">3<\/span><\/a>Bo\u00f0un vor er ekki sprottin af villu n\u00e9 af \u00f3hreinum hv\u00f6tum og v\u00e9r reynum ekki a\u00f0 blekkja neinn.<a name=\"4\"><span class=\"versanumer\">4<\/span><\/a>En Gu\u00f0 hefur tali\u00f0 oss maklega \u00feess a\u00f0 tr\u00faa oss fyrir fagna\u00f0arerindinu. \u00dev\u00ed er \u00fea\u00f0, a\u00f0 v\u00e9r t\u00f6lum ekki eins og \u00feeir, er \u00fe\u00f3knast vilja m\u00f6nnum, heldur Gu\u00f0i, sem rannsakar hj\u00f6rtu vor.<a name=\"5\"><span class=\"versanumer\">5<\/span><\/a>Aldrei h\u00f6f\u00f0um v\u00e9r nein smja\u00f0uryr\u00f0i \u00e1 v\u00f6rum, \u00fea\u00f0 viti\u00f0 \u00fe\u00e9r. Og ekki bj\u00f3 \u00fear \u00e1s\u00e6lni a\u00f0 baki, Gu\u00f0 er vottur \u00feess.<a name=\"6\"><span class=\"versanumer\">6<\/span><\/a>Ekki leitu\u00f0um v\u00e9r vegsemdar af m\u00f6nnum, hvorki y\u00f0ur n\u00e9 \u00f6\u00f0rum, \u00fe\u00f3tt v\u00e9r hef\u00f0um geta\u00f0 beitt myndugleika sem postular Krists.<a name=\"7\"><span class=\"versanumer\">7<\/span><\/a>Nei, v\u00e9r vorum mildir y\u00f0ar \u00e1 me\u00f0al, eins og m\u00f3\u00f0ir, sem hl\u00fair a\u00f0 b\u00f6rnum s\u00ednum.<a name=\"8\"><span class=\"versanumer\">8<\/span><\/a>Sl\u00edkt k\u00e6rleiks\u00feel b\u00e1rum v\u00e9r til y\u00f0ar, a\u00f0 v\u00e9r vildum gla\u00f0ir gefa y\u00f0ur ekki einungis fagna\u00f0arerindi Gu\u00f0s, heldur og vort eigi\u00f0 l\u00edf \u00fev\u00ed a\u00f0 \u00fe\u00e9r voru\u00f0 or\u00f0nir oss \u00e1stf\u00f3lgnir.<a name=\"9\"><span class=\"versanumer\">9<\/span><\/a>\u00de\u00e9r muni\u00f0, br\u00e6\u00f0ur, eftir erfi\u00f0i voru og striti: V\u00e9r unnum n\u00f3tt og dag, til \u00feess a\u00f0 vera ekki neinum y\u00f0ar til \u00feyngsla, um lei\u00f0 og v\u00e9r pr\u00e9diku\u00f0um fyrir y\u00f0ur fagna\u00f0arerindi Gu\u00f0s.<a name=\"10\"><span class=\"versanumer\">10<\/span><\/a>\u00de\u00e9r og Gu\u00f0, eru\u00f0 vottar \u00feess, hversu heilaglega, r\u00e9ttv\u00edslega og \u00f3a\u00f0finnanlega v\u00e9r heg\u00f0u\u00f0um oss hj\u00e1 y\u00f0ur, sem tr\u00fai\u00f0.<a name=\"11\"><span class=\"versanumer\">11<\/span><\/a>\u00de\u00e9r viti\u00f0, hvernig v\u00e9r \u00e1minntum og hv\u00f6ttum og gr\u00e1tb\u00e6ndum hvern og einn y\u00f0ar, eins og fa\u00f0ir b\u00f6rn s\u00edn,<a name=\"12\"><span class=\"versanumer\">12<\/span><\/a>til \u00feess a\u00f0 \u00fe\u00e9r skyldu\u00f0 breyta eins og sambo\u00f0i\u00f0 er Gu\u00f0i, er kallar y\u00f0ur til r\u00edkis s\u00edns og d\u00fdr\u00f0ar.<a name=\"13\"><span class=\"versanumer\">13<\/span><\/a>Og \u00feess vegna \u00fe\u00f6kkum v\u00e9r l\u00edka Gu\u00f0i \u00e1n afl\u00e1ts, \u00fev\u00ed a\u00f0 \u00feegar \u00fe\u00e9r veittu\u00f0 vi\u00f0t\u00f6ku \u00fev\u00ed or\u00f0i Gu\u00f0s, sem v\u00e9r bo\u00f0u\u00f0um, \u00fe\u00e1 t\u00f3ku\u00f0 \u00fe\u00e9r ekki vi\u00f0 \u00fev\u00ed sem manna or\u00f0i, heldur sem Gu\u00f0s or\u00f0i, eins og \u00fea\u00f0 \u00ed sannleika er. Og \u00fea\u00f0 s\u00fdnir kraft sinn \u00ed y\u00f0ur, sem tr\u00fai\u00f0.<a name=\"14\"><span class=\"versanumer\">14<\/span><\/a>\u00de\u00e9r hafi\u00f0, br\u00e6\u00f0ur, teki\u00f0 y\u00f0ur til fyrirmyndar s\u00f6fnu\u00f0i Gu\u00f0s \u00ed J\u00fadeu, sem eru \u00ed Kristi Jes\u00fa. \u00dev\u00ed a\u00f0 \u00fe\u00e9r hafi\u00f0 \u00feola\u00f0 hi\u00f0 sama af l\u00f6ndum y\u00f0ar sem \u00feeir ur\u00f0u a\u00f0 \u00feola af Gy\u00f0ingum,<a name=\"15\"><span class=\"versanumer\">15<\/span><\/a>er b\u00e6\u00f0i l\u00edfl\u00e9tu Drottin Jes\u00fa og sp\u00e1mennina og hafa ofs\u00f3tt oss. \u00deeir eru Gu\u00f0i eigi \u00fe\u00f3knanlegir og \u00f6llum m\u00f6nnum m\u00f3tsn\u00fanir.<a name=\"16\"><span class=\"versanumer\">16<\/span><\/a>\u00deeir vilja meina oss a\u00f0 tala til hei\u00f0ingjanna, til \u00feess a\u00f0 \u00feeir megi ver\u00f0a h\u00f3lpnir. \u00deannig fylla \u00feeir st\u00f6\u00f0ugt m\u00e6li synda sinna. En rei\u00f0in er \u00fe\u00e1 l\u00edka yfir \u00fe\u00e1 komin um s\u00ed\u00f0ir.<a name=\"17\"><span class=\"versanumer\">17<\/span><\/a>En v\u00e9r, br\u00e6\u00f0ur, sem um stundarsakir h\u00f6fum veri\u00f0 skildir fr\u00e1 y\u00f0ur a\u00f0 l\u00edkamanum til en ekki huganum, h\u00f6fum \u00fer\u00e1\u00f0 y\u00f0ur mj\u00f6g og gj\u00f6rt oss allt far um a\u00f0 f\u00e1 a\u00f0 sj\u00e1 y\u00f0ur aftur.<a name=\"18\"><span class=\"versanumer\">18<\/span><\/a>\u00deess vegna \u00e6tlu\u00f0um v\u00e9r a\u00f0 koma til y\u00f0ar, \u00e9g, P\u00e1ll, oftar en einu sinni, en Satan hefur hamla\u00f0 \u00fev\u00ed.<a name=\"19\"><span class=\"versanumer\">19<\/span><\/a>Hver er von vor e\u00f0a gle\u00f0i vor e\u00f0a sigursveigurinn, sem v\u00e9r hr\u00f3sum oss af? Eru\u00f0 \u00fea\u00f0 ekki einmitt \u00fe\u00e9r, frammi fyrir Drottni vorum Jes\u00fa vi\u00f0 komu hans?<a name=\"20\"><span class=\"versanumer\">20<\/span><\/a>J\u00fa, \u00fe\u00e9r eru\u00f0 vegsemd vor og gle\u00f0i.<\/p>\n<div class=\"footnote1981\"><b>2.1<\/b> Ekki \u00e1rangurslaus 1\u00deess 1.5,9<br \/>\n<b>2.2<\/b> \u00cd Filipp\u00ed Post 16.19-24 \u2013 bar\u00e1tta \u00ed \u00deessalon\u00edku Post 17.1-5<br \/>\n<b>2.4<\/b> Tr\u00faa m\u00e9r fyrir fagna\u00f0arerindinu 1T\u00edm 1.11 \u2013 \u00fe\u00f3knast ekki m\u00f6nnum heldur Gu\u00f0i Gal 1.10; 2Kor 5.9 \u2013 Gu\u00f0 rannskar hj\u00f6rtun Jer 11.20<br \/>\n<b>2.5<\/b> Smja\u00f0uryr\u00f0i 2P\u00e9t 2.3 \u2013 \u00e1s\u00e6lni Post 20.33 \u2013 Gu\u00f0 er vottur 1\u00deess 2.10<br \/>\n<b>2.6<\/b> Vegsemd J\u00f3h 5.41,44<br \/>\n<b>2.7<\/b> Eins og m\u00f3\u00f0ir Gal 4.19<br \/>\n<b>2.8<\/b> Gefa eigi\u00f0 l\u00edf J\u00f3h 15.13<br \/>\n<b>2.9<\/b> Vann n\u00f3tt og dag Post 18.3; 20.33-35; 1Kor 4.12; 1\u00deess 4.11; 2\u00deess 3.7-12 \u2013 ekki til \u00feyngsla 2Kor 11.7-10; 12.13-18<br \/>\n<b>2.11<\/b> Eins og fa\u00f0ir 1Kor 4.15<br \/>\n<b>2.12<\/b> Sambo\u00f0i\u00f0 Gu\u00f0i Ef 4.1-3+ ; Fil 1.27; 2\u00deess 1.5 \u2013 kallar til d\u00fdr\u00f0ar sinnar 1P\u00e9t 5.10<br \/>\n<b>2.13<\/b> \u00de\u00f6kka \u00e1n afl\u00e1ts 1\u00deess 1.2; 2\u00deess 1.3; 2.13 \u2013 veita vi\u00f0t\u00f6ku Mrk 4.16; Post 11.1 \u2013 or\u00f0 Gu\u00f0s Gal 1.11-12 &#8211;  s\u00fdnir kraft sinn Fil 2.13<br \/>\n<b>2.14<\/b> Til fyrirmyndar 1\u00deess 1.6+ &#8211; \u00feola\u00f0 hi\u00f0 sama Post 17.5,13<br \/>\n<b>2.15<\/b> L\u00edfl\u00e9tu b\u00e6\u00f0i Jes\u00fa og sp\u00e1mennina Mrk 10.34; Post 2.23; 7.52 \u2013 hafa ofs\u00f3tt okkur Post 9.23,29; 13.45,50; 14.2,5,19; 17.5,13; 18.12<br \/>\n<b>2.16<\/b> M\u00e6lir syndanna 1M\u00f3s 15.16; Matt 23.32-33 \u2013 rei\u00f0in 1\u00deess 1.10+<br \/>\n<b>2.19<\/b> Koma Drottins Jes\u00fa Matt 24.3; 1Kor 15.23; 1\u00deess 3.13; 5.23; 2\u00deess 1.7<br \/>\n<b>2.20<\/b> Vegsemd vor og gle\u00f0i Fil 2.16; 4.1; 2\u00deess 1.4<\/div>\n","protected":false},"excerpt":{"rendered":"<p>1Sj\u00e1lfir viti\u00f0 \u00fe\u00e9r, br\u00e6\u00f0ur, a\u00f0 koma vor til y\u00f0ar var\u00f0 ekki \u00e1rangurslaus.2Y\u00f0ur er kunnugt, a\u00f0 v\u00e9r h\u00f6f\u00f0um \u00e1\u00f0ur \u00feola\u00f0 illt og veri\u00f0 mis\u00feyrmt \u00ed Filipp\u00ed, en Gu\u00f0 gaf oss dj\u00f6rfung til a\u00f0 tala til y\u00f0ar fagna\u00f0arerindi Gu\u00f0s, \u00fe\u00f3tt bar\u00e1ttan v\u00e6ri mikil.3Bo\u00f0un vor er ekki sprottin af villu n\u00e9 af \u00f3hreinum hv\u00f6tum og v\u00e9r reynum ekki a\u00f0 blekkja neinn.4En Gu\u00f0 hefur tali\u00f0 oss maklega \u00feess a\u00f0 tr\u00faa oss fyrir fagna\u00f0arerindinu. \u00dev\u00ed er \u00fea\u00f0, a\u00f0 v\u00e9r t\u00f6lum ekki eins og \u00feeir, er \u00fe\u00f3knast vilja m\u00f6nnum, heldur Gu\u00f0i, sem rannsakar hj\u00f6rtu vor.5Aldrei h\u00f6f\u00f0um v\u00e9r nein smja\u00f0uryr\u00f0i \u00e1 v\u00f6rum, \u00fea\u00f0 viti\u00f0 \u00fe\u00e9r. Og ekki <a href=\"https:\/\/biblian.is\/1981\/fyrra-thessalonikubref-2-kafli\/\"> [&#8230;]<\/a><\/p>\n","protected":false},"author":1,"featured_media":0,"parent":0,"menu_order":0,"comment_status":"open","ping_status":"open","template":"bibliukaflar.php","meta":{"footnotes":""},"class_list":["post-2460","page","type-page","status-publish","hentry"],"_links":{"self":[{"href":"https:\/\/biblian.is\/1981\/wp-json\/wp\/v2\/pages\/2460","targetHints":{"allow":["GET"]}}],"collection":[{"href":"https:\/\/biblian.is\/1981\/wp-json\/wp\/v2\/pages"}],"about":[{"href":"https:\/\/biblian.is\/1981\/wp-json\/wp\/v2\/types\/page"}],"author":[{"embeddable":true,"href":"https:\/\/biblian.is\/1981\/wp-json\/wp\/v2\/users\/1"}],"replies":[{"embeddable":true,"href":"https:\/\/biblian.is\/1981\/wp-json\/wp\/v2\/comments?post=2460"}],"version-history":[{"count":0,"href":"https:\/\/biblian.is\/1981\/wp-json\/wp\/v2\/pages\/2460\/revisions"}],"wp:attachment":[{"href":"https:\/\/biblian.is\/1981\/wp-json\/wp\/v2\/media?parent=2460"}],"curies":[{"name":"wp","href":"https:\/\/api.w.org\/{rel}","templated":true}]}}