{"id":2459,"date":"2017-11-18T20:21:51","date_gmt":"2017-11-18T20:21:51","guid":{"rendered":"http:\/\/biblian.is\/1981\/fyrra-thessalonikubref-1-kafli\/"},"modified":"2021-06-06T10:56:53","modified_gmt":"2021-06-06T10:56:53","slug":"fyrra-thessalonikubref-1-kafli","status":"publish","type":"page","link":"https:\/\/biblian.is\/1981\/fyrra-thessalonikubref-1-kafli\/","title":{"rendered":"Fyrra \u00deessalon\u00edkubr\u00e9f 1. kafli"},"content":{"rendered":"<p><a name=\"1\"><span class=\"versanumer\">1<\/span><\/a>P\u00e1ll, Silvanus og T\u00edm\u00f3teus heilsa s\u00f6fnu\u00f0i \u00deessalon\u00edkumanna, sem er \u00ed Gu\u00f0i f\u00f6\u00f0ur og Drottni Jes\u00fa Kristi. N\u00e1\u00f0 s\u00e9 me\u00f0 y\u00f0ur og fri\u00f0ur.<a name=\"2\"><span class=\"versanumer\">2<\/span><\/a>V\u00e9r \u00fe\u00f6kkum \u00e1vallt Gu\u00f0i fyrir y\u00f0ur alla, er v\u00e9r minnumst y\u00f0ar \u00ed b\u00e6num vorum.<a name=\"3\"><span class=\"versanumer\">3<\/span><\/a>Fyrir augs\u00fdn Gu\u00f0s og f\u00f6\u00f0ur vors erum v\u00e9r s\u00edfellt minnugir starfs y\u00f0ar \u00ed tr\u00fanni, erfi\u00f0is y\u00f0ar \u00ed k\u00e6rleikanum og st\u00f6\u00f0uglyndis y\u00f0ar \u00ed voninni \u00e1 Drottin vorn Jes\u00fa Krist.<a name=\"4\"><span class=\"versanumer\">4<\/span><\/a>Gu\u00f0 elskar y\u00f0ur, br\u00e6\u00f0ur, og v\u00e9r vitum, a\u00f0 hann hefur \u00fatvali\u00f0 y\u00f0ur.<a name=\"5\"><span class=\"versanumer\">5<\/span><\/a>Fagna\u00f0arerindi vort kom eigi til y\u00f0ar \u00ed or\u00f0um einum, heldur einnig \u00ed krafti og \u00ed heil\u00f6gum anda og me\u00f0 fullkominni sannf\u00e6ringu. \u00de\u00e9r viti\u00f0, hvernig v\u00e9r komum fram hj\u00e1 y\u00f0ur, y\u00f0ar vegna.<a name=\"6\"><span class=\"versanumer\">6<\/span><\/a>Og \u00fe\u00e9r hafi\u00f0 gj\u00f6rst eftirbreytendur vorir og Drottins, er \u00fe\u00e9r t\u00f3ku\u00f0 \u00e1 m\u00f3ti or\u00f0inu me\u00f0 f\u00f6gnu\u00f0i heilags anda, \u00fer\u00e1tt fyrir mikla \u00ferengingu.<a name=\"7\"><span class=\"versanumer\">7<\/span><\/a>\u00deannig eru\u00f0 \u00fe\u00e9r or\u00f0nir fyrirmynd \u00f6llum tr\u00fau\u00f0um \u00ed Maked\u00f3n\u00edu og \u00ed Akkeu.<a name=\"8\"><span class=\"versanumer\">8<\/span><\/a>Fr\u00e1 y\u00f0ur hefur or\u00f0 Drottins hlj\u00f3ma\u00f0, ekki einungis \u00ed Maked\u00f3n\u00edu og Akkeu, heldur er tr\u00fa y\u00f0ar \u00e1 Gu\u00f0 kunn or\u00f0in alls sta\u00f0ar. V\u00e9r \u00feurfum ekkert um \u00fea\u00f0 a\u00f0 tala,<a name=\"9\"><span class=\"versanumer\">9<\/span><\/a>\u00fev\u00ed a\u00f0 \u00feeir segja sj\u00e1lfir, \u00e1 hvern h\u00e1tt v\u00e9r komum til y\u00f0ar og hvernig \u00fe\u00e9r sneru\u00f0 y\u00f0ur til Gu\u00f0s fr\u00e1 skur\u00f0go\u00f0unum, til \u00feess a\u00f0 \u00fej\u00f3na lifandi og s\u00f6nnum Gu\u00f0i,<a name=\"10\"><span class=\"versanumer\">10<\/span><\/a>og v\u00e6nti\u00f0 n\u00fa sonar hans fr\u00e1 himnum, sem hann vakti upp fr\u00e1 dau\u00f0um, Jes\u00fa, er frelsar oss fr\u00e1 hinni komandi rei\u00f0i.<\/p>\n<div class=\"footnote1981\"><b>1.1<\/b> Silvanus (S\u00edlas) Post 15.22+ &#8211; T\u00edm\u00f3teus Post 16.1+ &#8211; s\u00f6fnu\u00f0ur Post 13.1; 14.23; R\u00f3m 16.1,5; 1Kor 1.2; 2Kor 1.1; 1.8; Gal 1.2; K\u00f3l 4.16; 1\u00deess 2.14<br \/>\n<b>1.2<\/b> \u00deakkargj\u00f6r\u00f0 og b\u00e6n Fil 1.3-4; K\u00f3l 1.3; 2\u00deess 1.11<br \/>\n<b>1.3<\/b> Tr\u00fa, k\u00e6rleikur og von 1Kor 13.13+<br \/>\n<b>1.4<\/b> Hin \u00fatv\u00f6ldu Jes 65.9,22; L\u00fak 18.7; R\u00f3m 8.33; 11.7,28; 1P\u00e9t 1.2; 2P\u00e9t 1.10<br \/>\n<b>1.5<\/b> Kraftur fagna\u00f0arerindisins R\u00f3m 1.16; 1Kor 2.1-5; 4.20<br \/>\n<b>1.6<\/b> Eftirbreytendur Krists og postulanna Matt 10.18 og hlst.; J\u00f3h 15.20; 1Kor 4.16; Fil 3.17; 1\u00deess 2.14-15; 2\u00deess 3.9<br \/>\n<b>1.7<\/b> Or\u00f0i\u00f0 Mrk 3.13,23,33 og hlst; Post 6.4; Gal 6.6; Fil 1.14; K\u00f3l 4.3; 2T\u00edm 4.2 \u2013 or\u00f0 Gu\u00f0s 1\u00deess 1.8; 2.13; 4.15; 2\u00deess 3.1 \u2013 mikil \u00ferenging Post 17.5-9 \u2013 me\u00f0 f\u00f6gnu\u00f0i L\u00fak 18.13 \u2013 fyrirmynd 1P\u00e9t 5.3 \u2013 Maked\u00f3n\u00eda 2Kor 1.16 \u2013 Akkea 2Kor 1.1<br \/>\n<b>1.8<\/b> Kunn alls sta\u00f0ar R\u00f3m 1.8<br \/>\n<b>1.9<\/b> Til Gu\u00f0s fr\u00e1 skur\u00f0go\u00f0unum Post 14.15; 15.19-20; 26.18; 1Kor 10.7,14; Gal 4.9 \u2013 lifandi og sannur Gu\u00f0 Jer 10.10; J\u00f3h 17.3; Post 14.15<br \/>\n<b>1.10<\/b> V\u00e6nta sonar hans 1Kor 1.7; T\u00edt 2.13 \u2013 komandi rei\u00f0i R\u00f3m 1.18; 2.5; 5.9; 1\u00deess 2.16 \u2013 Jes\u00fas frelsar oss 1\u00deess 5.9<\/div>\n","protected":false},"excerpt":{"rendered":"<p>1P\u00e1ll, Silvanus og T\u00edm\u00f3teus heilsa s\u00f6fnu\u00f0i \u00deessalon\u00edkumanna, sem er \u00ed Gu\u00f0i f\u00f6\u00f0ur og Drottni Jes\u00fa Kristi. N\u00e1\u00f0 s\u00e9 me\u00f0 y\u00f0ur og fri\u00f0ur.2V\u00e9r \u00fe\u00f6kkum \u00e1vallt Gu\u00f0i fyrir y\u00f0ur alla, er v\u00e9r minnumst y\u00f0ar \u00ed b\u00e6num vorum.3Fyrir augs\u00fdn Gu\u00f0s og f\u00f6\u00f0ur vors erum v\u00e9r s\u00edfellt minnugir starfs y\u00f0ar \u00ed tr\u00fanni, erfi\u00f0is y\u00f0ar \u00ed k\u00e6rleikanum og st\u00f6\u00f0uglyndis y\u00f0ar \u00ed voninni \u00e1 Drottin vorn Jes\u00fa Krist.4Gu\u00f0 elskar y\u00f0ur, br\u00e6\u00f0ur, og v\u00e9r vitum, a\u00f0 hann hefur \u00fatvali\u00f0 y\u00f0ur.5Fagna\u00f0arerindi vort kom eigi til y\u00f0ar \u00ed or\u00f0um einum, heldur einnig \u00ed krafti og \u00ed heil\u00f6gum anda og me\u00f0 fullkominni sannf\u00e6ringu. \u00de\u00e9r viti\u00f0, hvernig v\u00e9r komum fram hj\u00e1 <a href=\"https:\/\/biblian.is\/1981\/fyrra-thessalonikubref-1-kafli\/\"> [&#8230;]<\/a><\/p>\n","protected":false},"author":1,"featured_media":0,"parent":0,"menu_order":0,"comment_status":"open","ping_status":"open","template":"bibliukaflar.php","meta":{"footnotes":""},"class_list":["post-2459","page","type-page","status-publish","hentry"],"_links":{"self":[{"href":"https:\/\/biblian.is\/1981\/wp-json\/wp\/v2\/pages\/2459","targetHints":{"allow":["GET"]}}],"collection":[{"href":"https:\/\/biblian.is\/1981\/wp-json\/wp\/v2\/pages"}],"about":[{"href":"https:\/\/biblian.is\/1981\/wp-json\/wp\/v2\/types\/page"}],"author":[{"embeddable":true,"href":"https:\/\/biblian.is\/1981\/wp-json\/wp\/v2\/users\/1"}],"replies":[{"embeddable":true,"href":"https:\/\/biblian.is\/1981\/wp-json\/wp\/v2\/comments?post=2459"}],"version-history":[{"count":0,"href":"https:\/\/biblian.is\/1981\/wp-json\/wp\/v2\/pages\/2459\/revisions"}],"wp:attachment":[{"href":"https:\/\/biblian.is\/1981\/wp-json\/wp\/v2\/media?parent=2459"}],"curies":[{"name":"wp","href":"https:\/\/api.w.org\/{rel}","templated":true}]}}