{"id":2458,"date":"2017-11-18T20:21:51","date_gmt":"2017-11-18T20:21:51","guid":{"rendered":"http:\/\/biblian.is\/1981\/kolussubrefid-4-kafli\/"},"modified":"2017-11-18T20:21:51","modified_gmt":"2017-11-18T20:21:51","slug":"kolossubrefid-4-kafli","status":"publish","type":"page","link":"https:\/\/biblian.is\/1981\/kolossubrefid-4-kafli\/","title":{"rendered":"K\u00f3lossubr\u00e9fi\u00f0 4. kafli"},"content":{"rendered":"<p><a name=\"1\"><span class=\"versanumer\">1<\/span><\/a>\u00de\u00e9r sem eigi\u00f0 \u00fer\u00e6la, veiti\u00f0 \u00feeim \u00fea\u00f0 sem r\u00e9tt er og sanngjarnt og viti\u00f0, a\u00f0 einnig \u00fe\u00e9r eigi\u00f0 Drottin \u00e1 himni.<a name=\"2\"><span class=\"versanumer\">2<\/span><\/a>Veri\u00f0 sta\u00f0fastir \u00ed b\u00e6ninni. Vaki\u00f0 og bi\u00f0ji\u00f0 me\u00f0 \u00feakkargj\u00f6r\u00f0.<a name=\"3\"><span class=\"versanumer\">3<\/span><\/a>Bi\u00f0ji\u00f0 jafnframt fyrir oss, a\u00f0 Gu\u00f0 opni oss dyr fyrir or\u00f0i\u00f0 og v\u00e9r getum bo\u00f0a\u00f0 leyndard\u00f3m Krists. Hans vegna er \u00e9g n\u00fa bundinn.<a name=\"4\"><span class=\"versanumer\">4<\/span><\/a>Bi\u00f0ji\u00f0, a\u00f0 \u00e9g megi birta hann eins og m\u00e9r ber a\u00f0 tala.<a name=\"5\"><span class=\"versanumer\">5<\/span><\/a>Umgangist viturlega \u00fe\u00e1, sem fyrir utan eru, og noti\u00f0 hverja stundina.<a name=\"6\"><span class=\"versanumer\">6<\/span><\/a>M\u00e1l y\u00f0ar s\u00e9 \u00e6t\u00ed\u00f0 lj\u00faflegt, en salti krydda\u00f0, til \u00feess a\u00f0 \u00fe\u00e9r viti\u00f0, hvernig \u00fe\u00e9r eigi\u00f0 a\u00f0 svara hverjum manni.<a name=\"7\"><span class=\"versanumer\">7<\/span><\/a>T\u00fdk\u00edkus, minn elska\u00f0i br\u00f3\u00f0ir og tr\u00fai a\u00f0sto\u00f0arma\u00f0ur og samverkama\u00f0ur \u00ed \u00fej\u00f3nustu Drottins, mun l\u00e1ta y\u00f0ur vita allt um m\u00edna hagi.<a name=\"8\"><span class=\"versanumer\">8<\/span><\/a>\u00c9g sendi hann til y\u00f0ar gagngj\u00f6rt til \u00feess a\u00f0 \u00fe\u00e9r f\u00e1i\u00f0 a\u00f0 vita, hvernig oss l\u00ed\u00f0ur, og til \u00feess a\u00f0 hann upp\u00f6rvi y\u00f0ur.<a name=\"9\"><span class=\"versanumer\">9<\/span><\/a>Me\u00f0 honum fer Ones\u00edmus, minn tr\u00fai og elska\u00f0i br\u00f3\u00f0ir, sem er einn \u00far y\u00f0ar h\u00f3pi. \u00deeir munu l\u00e1ta y\u00f0ur vita allt, sem h\u00e9r gj\u00f6rist.<a name=\"10\"><span class=\"versanumer\">10<\/span><\/a>Aristarkus, sambandingi minn, bi\u00f0ur a\u00f0 heilsa y\u00f0ur. Svo og Mark\u00fas, fr\u00e6ndi Barnabasar, sem \u00fe\u00e9r hafi\u00f0 fengi\u00f0 or\u00f0 um. Ef hann kemur til y\u00f0ar, \u00fe\u00e1 taki\u00f0 vel \u00e1 m\u00f3ti honum.<a name=\"11\"><span class=\"versanumer\">11<\/span><\/a>Ennfremur bi\u00f0ur Jes\u00fas, a\u00f0 vi\u00f0urnefni J\u00fastus, a\u00f0 heilsa y\u00f0ur. \u00deeir eru n\u00fa sem stendur einu umskornu samverkamenn m\u00ednir fyrir Gu\u00f0s r\u00edki, og hafa \u00feeir veri\u00f0 m\u00e9r til huggunar.<a name=\"12\"><span class=\"versanumer\">12<\/span><\/a>Einnig bi\u00f0ur Epafras a\u00f0 heilsa y\u00f0ur, sem er einn \u00far y\u00f0ar h\u00f3pi. Hann er \u00fej\u00f3nn Krists Jes\u00fa og berst jafnan fyrir y\u00f0ur \u00ed b\u00e6num s\u00ednum, til \u00feess a\u00f0 \u00fe\u00e9r megi\u00f0 standa st\u00f6\u00f0ugir, fullkomnir og fullvissir \u00ed \u00f6llu \u00fev\u00ed, sem er vilji Gu\u00f0s.<a name=\"13\"><span class=\"versanumer\">13<\/span><\/a>\u00deann vitnisbur\u00f0 gef \u00e9g honum, a\u00f0 hann leggur miki\u00f0 \u00e1 sig fyrir y\u00f0ur og \u00fe\u00e1 sem eru \u00ed La\u00f3d\u00edkeu og \u00ed H\u00ederap\u00f3lis.<a name=\"14\"><span class=\"versanumer\">14<\/span><\/a>\u00de\u00e1 bi\u00f0ur hann L\u00fakas a\u00f0 heilsa y\u00f0ur, l\u00e6knirinn elska\u00f0i, og Demas.<a name=\"15\"><span class=\"versanumer\">15<\/span><\/a>Beri\u00f0 kve\u00f0ju br\u00e6\u00f0runum \u00ed La\u00f3d\u00edkeu. Einnig N\u00fdmfu og s\u00f6fnu\u00f0inum sem kemur saman \u00ed h\u00fasi hennar.<a name=\"16\"><span class=\"versanumer\">16<\/span><\/a>Og \u00feegar b\u00fai\u00f0 er a\u00f0 lesa \u00feetta br\u00e9f upp hj\u00e1 y\u00f0ur, \u00fe\u00e1 l\u00e1ti\u00f0 l\u00edka lesa \u00fea\u00f0 \u00ed s\u00f6fnu\u00f0i La\u00f3d\u00edkeumanna. Lesi\u00f0 \u00fe\u00e9r og br\u00e9fi\u00f0 fr\u00e1 La\u00f3d\u00edkeu.<a name=\"17\"><span class=\"versanumer\">17<\/span><\/a>Segi\u00f0 Arkippusi: G\u00e6ttu emb\u00e6ttisins, sem \u00fe\u00fa hefur teki\u00f0 a\u00f0 \u00fe\u00e9r \u00ed Drottni, og r\u00e6ktu \u00fea\u00f0 vel.<a name=\"18\"><span class=\"versanumer\">18<\/span><\/a>Kve\u00f0jan er skrifu\u00f0 me\u00f0 minni, P\u00e1ls, eigin hendi. Minnist fj\u00f6tra minna. N\u00e1\u00f0 s\u00e9 me\u00f0 y\u00f0ur!<\/p>\n<div class=\"footnote1981\"><b>4.2-4<\/b> Bi\u00f0ji\u00f0 Ef 6.18-20<br \/>\n<b>4.2<\/b> St\u00f6\u00f0ug \u00ed b\u00e6ninni R\u00f3m 12.12; Fil 4.6; 1\u00deess 5.17-18 \u2013 vaki\u00f0 Matt 26.41; 1\u00deess 5.6<br \/>\n<b>4.3<\/b> Bi\u00f0ji\u00f0 fyrir m\u00e9r R\u00f3m 15.30; Ef 6.19; 1\u00deess 5.25; 2\u00deess 3.1 \u2013 opni m\u00e9r dyr 2Kor 2.12+<br \/>\n<b>4.5<\/b> \u00deeir sem fyrir utan eru 1Kor 5.12; 1\u00deess 4.12; R\u00f3m 12.17; 1P\u00e9t 2.12 \u2013 noti\u00f0 hverja stund Ef 5.15-16<br \/>\n<b>4.6<\/b> M\u00e1l ykkar Ef 4.29 \u2013 kunna a\u00f0 svara 1P\u00e9t 3.15<br \/>\n<b>4.7<\/b> T\u00fdk\u00edkus Post 20.4; Ef 6.21-22; 2T\u00edm 4.12; T\u00edt 3.12<br \/>\n<b>4.9<\/b> Ones\u00edmus F\u00edlm 10-12<br \/>\n<b>4.10<\/b> Aristarkus Post 19.29+ &#8211; Mark\u00fas Post 12.12+ ; 2T\u00edm 4.11+ &#8211; Barnabas Post 4.36+<br \/>\n<b>4.12<\/b> Epafras K\u00f3l 1.7+ &#8211; berst K\u00f3l 2.1 \u2013 \u00ed b\u00e6num s\u00ednum R\u00f3m 15.30; 1M\u00f3s 18.17-18; 32.28; 2M\u00f3s 32.11-14<br \/>\n<b>4.13<\/b> La\u00f3d\u00edkea K\u00f3l 2.1+<br \/>\n<b>4.14<\/b> L\u00fakas F\u00edlm 24; 2T\u00edm 4.11 \u2013 Demas F\u00edlm 24; 2T\u00edm 4.10<br \/>\n<b>4.15<\/b> S\u00f6fnu\u00f0urinn \u00ed h\u00fasi hennar R\u00f3m 16.5; F\u00edlm 2<br \/>\n<b>4.17<\/b> Arkippus F\u00edlm 2<br \/>\n<b>4.18<\/b> Kve\u00f0ja skrifu\u00f0 me\u00f0 eigin hendi Gal 6.11+ &#8211; fj\u00f6trar Ef 3.1; 4.1; 6.20; F\u00edlm 1,9,10,13; Fil 1.7,13; 2T\u00edm 1.8; 2.9<\/div>\n","protected":false},"excerpt":{"rendered":"<p>1\u00de\u00e9r sem eigi\u00f0 \u00fer\u00e6la, veiti\u00f0 \u00feeim \u00fea\u00f0 sem r\u00e9tt er og sanngjarnt og viti\u00f0, a\u00f0 einnig \u00fe\u00e9r eigi\u00f0 Drottin \u00e1 himni.2Veri\u00f0 sta\u00f0fastir \u00ed b\u00e6ninni. Vaki\u00f0 og bi\u00f0ji\u00f0 me\u00f0 \u00feakkargj\u00f6r\u00f0.3Bi\u00f0ji\u00f0 jafnframt fyrir oss, a\u00f0 Gu\u00f0 opni oss dyr fyrir or\u00f0i\u00f0 og v\u00e9r getum bo\u00f0a\u00f0 leyndard\u00f3m Krists. Hans vegna er \u00e9g n\u00fa bundinn.4Bi\u00f0ji\u00f0, a\u00f0 \u00e9g megi birta hann eins og m\u00e9r ber a\u00f0 tala.5Umgangist viturlega \u00fe\u00e1, sem fyrir utan eru, og noti\u00f0 hverja stundina.6M\u00e1l y\u00f0ar s\u00e9 \u00e6t\u00ed\u00f0 lj\u00faflegt, en salti krydda\u00f0, til \u00feess a\u00f0 \u00fe\u00e9r viti\u00f0, hvernig \u00fe\u00e9r eigi\u00f0 a\u00f0 svara hverjum manni.7T\u00fdk\u00edkus, minn elska\u00f0i br\u00f3\u00f0ir og tr\u00fai a\u00f0sto\u00f0arma\u00f0ur og samverkama\u00f0ur \u00ed <a href=\"https:\/\/biblian.is\/1981\/kolossubrefid-4-kafli\/\"> [&#8230;]<\/a><\/p>\n","protected":false},"author":1,"featured_media":0,"parent":0,"menu_order":0,"comment_status":"open","ping_status":"open","template":"bibliukaflar.php","meta":{"footnotes":""},"class_list":["post-2458","page","type-page","status-publish","hentry"],"_links":{"self":[{"href":"https:\/\/biblian.is\/1981\/wp-json\/wp\/v2\/pages\/2458","targetHints":{"allow":["GET"]}}],"collection":[{"href":"https:\/\/biblian.is\/1981\/wp-json\/wp\/v2\/pages"}],"about":[{"href":"https:\/\/biblian.is\/1981\/wp-json\/wp\/v2\/types\/page"}],"author":[{"embeddable":true,"href":"https:\/\/biblian.is\/1981\/wp-json\/wp\/v2\/users\/1"}],"replies":[{"embeddable":true,"href":"https:\/\/biblian.is\/1981\/wp-json\/wp\/v2\/comments?post=2458"}],"version-history":[{"count":0,"href":"https:\/\/biblian.is\/1981\/wp-json\/wp\/v2\/pages\/2458\/revisions"}],"wp:attachment":[{"href":"https:\/\/biblian.is\/1981\/wp-json\/wp\/v2\/media?parent=2458"}],"curies":[{"name":"wp","href":"https:\/\/api.w.org\/{rel}","templated":true}]}}