{"id":2457,"date":"2017-11-18T20:21:51","date_gmt":"2017-11-18T20:21:51","guid":{"rendered":"http:\/\/biblian.is\/1981\/kolussubrefid-3-kafli\/"},"modified":"2017-11-18T20:21:51","modified_gmt":"2017-11-18T20:21:51","slug":"kolossubrefid-3-kafli","status":"publish","type":"page","link":"https:\/\/biblian.is\/1981\/kolossubrefid-3-kafli\/","title":{"rendered":"K\u00f3lossubr\u00e9fi\u00f0 3. kafli"},"content":{"rendered":"<p><a name=\"1\"><span class=\"versanumer\">1<\/span><\/a>Fyrst \u00fe\u00e9r \u00fev\u00ed eru\u00f0 uppvaktir me\u00f0 Kristi, \u00fe\u00e1 keppist eftir \u00fev\u00ed, sem er hi\u00f0 efra, \u00fear sem Kristur situr vi\u00f0 h\u00e6gri h\u00f6nd Gu\u00f0s.<a name=\"2\"><span class=\"versanumer\">2<\/span><\/a>Hugsi\u00f0 um \u00fea\u00f0, sem er hi\u00f0 efra, en ekki um \u00fea\u00f0, sem \u00e1 j\u00f6r\u00f0inni er.<a name=\"3\"><span class=\"versanumer\">3<\/span><\/a>\u00dev\u00ed a\u00f0 \u00fe\u00e9r eru\u00f0 d\u00e1nir og l\u00edf y\u00f0ar er f\u00f3lgi\u00f0 me\u00f0 Kristi \u00ed Gu\u00f0i.<a name=\"4\"><span class=\"versanumer\">4<\/span><\/a>\u00deegar Kristur, sem er l\u00edf y\u00f0ar, opinberast, \u00fe\u00e1 munu\u00f0 \u00fe\u00e9r og \u00e1samt honum opinberast \u00ed d\u00fdr\u00f0.<a name=\"5\"><span class=\"versanumer\">5<\/span><\/a>Dey\u00f0i\u00f0 \u00fev\u00ed hi\u00f0 jar\u00f0neska \u00ed fari y\u00f0ar: H\u00f3rd\u00f3m, saurlifna\u00f0, losta, vonda f\u00fdsn og \u00e1girnd, sem ekki er anna\u00f0 en skur\u00f0go\u00f0ad\u00fdrkun.<a name=\"6\"><span class=\"versanumer\">6<\/span><\/a>Af \u00feessu kemur rei\u00f0i Gu\u00f0s  yfir \u00fe\u00e1, sem hl\u00fd\u00f0a honum ekki .<a name=\"7\"><span class=\"versanumer\">7<\/span><\/a>Me\u00f0al \u00feeirra voru\u00f0 og \u00fe\u00e9r \u00e1\u00f0ur, \u00feegar \u00fe\u00e9r lif\u00f0u\u00f0 \u00ed \u00feessum syndum.<a name=\"8\"><span class=\"versanumer\">8<\/span><\/a>En n\u00fa skulu\u00f0 \u00fe\u00e9r segja skili\u00f0 vi\u00f0 allt \u00feetta: Rei\u00f0i, br\u00e6\u00f0i, vonsku, lastm\u00e6li, sv\u00edvir\u00f0ilegt or\u00f0brag\u00f0.<a name=\"9\"><span class=\"versanumer\">9<\/span><\/a>Lj\u00fagi\u00f0 ekki hver a\u00f0 \u00f6\u00f0rum, \u00fev\u00ed \u00fe\u00e9r hafi\u00f0 afkl\u00e6\u00f0st hinum gamla manni me\u00f0 gj\u00f6r\u00f0um hans<a name=\"10\"><span class=\"versanumer\">10<\/span><\/a>og \u00edkl\u00e6\u00f0st hinum n\u00fdja, sem endurn\u00fdjast til fullkominnar \u00feekkingar og ver\u00f0ur \u00feannig mynd skapara s\u00edns.<a name=\"11\"><span class=\"versanumer\">11<\/span><\/a>\u00dear er ekki gr\u00edskur ma\u00f0ur e\u00f0a Gy\u00f0ingur, umskorinn e\u00f0a \u00f3umskorinn, \u00fatlendingur, Sk\u00fdti, \u00fer\u00e6ll e\u00f0a frj\u00e1ls ma\u00f0ur, \u00fear er Kristur allt og \u00ed \u00f6llum.<a name=\"12\"><span class=\"versanumer\">12<\/span><\/a>\u00cdkl\u00e6\u00f0ist \u00fev\u00ed eins og Gu\u00f0s \u00fatvaldir, heilagir og elska\u00f0ir, hjartans me\u00f0aumkun, g\u00f3\u00f0vild, au\u00f0m\u00fdkt, h\u00f3gv\u00e6r\u00f0 og langlyndi.<a name=\"13\"><span class=\"versanumer\">13<\/span><\/a>Umberi\u00f0 hver annan og fyrirgefi\u00f0 hver \u00f6\u00f0rum, ef einhver hefur s\u00f6k \u00e1 hendur \u00f6\u00f0rum. Eins og Drottinn hefur fyrirgefi\u00f0 y\u00f0ur, svo skulu\u00f0 \u00fe\u00e9r og gj\u00f6ra.<a name=\"14\"><span class=\"versanumer\">14<\/span><\/a>En \u00edkl\u00e6\u00f0ist yfir allt \u00feetta elskunni, sem er band algj\u00f6rleikans.<a name=\"15\"><span class=\"versanumer\">15<\/span><\/a>L\u00e1ti\u00f0 fri\u00f0 Krists r\u00edkja \u00ed hj\u00f6rtum y\u00f0ar, \u00fev\u00ed a\u00f0 til fri\u00f0ar voru\u00f0 \u00fe\u00e9r kalla\u00f0ir sem limir \u00ed einum l\u00edkama. Ver\u00f0i\u00f0 \u00feakkl\u00e1tir.<a name=\"16\"><span class=\"versanumer\">16<\/span><\/a>L\u00e1ti\u00f0 or\u00f0 Krists b\u00faa r\u00edkulega hj\u00e1 y\u00f0ur me\u00f0 allri speki. Fr\u00e6\u00f0i\u00f0 og \u00e1minni\u00f0 hver annan me\u00f0 s\u00e1lmum, lofs\u00f6ngum og andlegum lj\u00f3\u00f0um og syngi\u00f0 Gu\u00f0i s\u00e6tlega lof \u00ed hj\u00f6rtum y\u00f0ar.<a name=\"17\"><span class=\"versanumer\">17<\/span><\/a>Hva\u00f0 sem \u00fe\u00e9r gj\u00f6ri\u00f0 \u00ed or\u00f0i e\u00f0a verki, gj\u00f6ri\u00f0 \u00fea\u00f0 allt \u00ed nafni Drottins Jes\u00fa og \u00feakki\u00f0 Gu\u00f0i f\u00f6\u00f0ur fyrir hann.<a name=\"18\"><span class=\"versanumer\">18<\/span><\/a>\u00de\u00e9r konur, veri\u00f0 undirgefnar m\u00f6nnum y\u00f0ar, eins og s\u00f3mir \u00feeim, er Drottni heyra til.<a name=\"19\"><span class=\"versanumer\">19<\/span><\/a>\u00de\u00e9r menn, elski\u00f0 eiginkonur y\u00f0ar og veri\u00f0 ekki beiskir vi\u00f0 \u00fe\u00e6r.<a name=\"20\"><span class=\"versanumer\">20<\/span><\/a>\u00de\u00e9r b\u00f6rn, veri\u00f0 hl\u00fd\u00f0in foreldrum y\u00f0ar \u00ed \u00f6llu, \u00fev\u00ed a\u00f0 \u00fea\u00f0 fer \u00feeim vel, sem Drottni heyra til.<a name=\"21\"><span class=\"versanumer\">21<\/span><\/a>\u00de\u00e9r fe\u00f0ur, veri\u00f0 ekki vondir vi\u00f0 b\u00f6rn y\u00f0ar, svo a\u00f0 \u00feau ver\u00f0i ekki \u00edst\u00f6\u00f0ulaus.<a name=\"22\"><span class=\"versanumer\">22<\/span><\/a>\u00de\u00e9r \u00fer\u00e6lar, veri\u00f0 hl\u00fd\u00f0nir \u00ed \u00f6llu jar\u00f0neskum drottnum y\u00f0ar, ekki me\u00f0 augna\u00fej\u00f3nustu, eins og \u00feeir er m\u00f6nnum vilja \u00fe\u00f3knast, heldur \u00ed einl\u00e6gni hjartans og \u00ed \u00f3tta Drottins.<a name=\"23\"><span class=\"versanumer\">23<\/span><\/a>Hva\u00f0 sem \u00fe\u00e9r gj\u00f6ri\u00f0, \u00fe\u00e1 vinni\u00f0 af heilum huga, eins og Drottinn \u00e6tti \u00ed hlut, en ekki menn.<a name=\"24\"><span class=\"versanumer\">24<\/span><\/a>\u00de\u00e9r viti\u00f0 og sj\u00e1lfir, a\u00f0 Drottinn mun veita y\u00f0ur arfleif\u00f0ina a\u00f0 launum. \u00de\u00e9r \u00fej\u00f3ni\u00f0 Drottni Kristi.<a name=\"25\"><span class=\"versanumer\">25<\/span><\/a>S\u00e1, sem rangt gj\u00f6rir, skal f\u00e1 \u00fea\u00f0 endurgoldi\u00f0, sem hann gj\u00f6r\u00f0i rangt, og \u00fear er ekki manngreinar\u00e1lit.<\/p>\n<div class=\"footnote1981\"><b>3.1<\/b> Uppvakin me\u00f0 Kristi K\u00f3l 2.12+ &#8211; hi\u00f0 efra Matt 6.20-23; Fil 3.20-21; J\u00f3h 3.3 \u2013 vi\u00f0 h\u00e6gri h\u00f6nd Gu\u00f0s Slm 110.1; Matt 22.44+ ; sbr Heb 1.3+<br \/>\n<b>3.4<\/b> Kristur l\u00edf ykkar Gal 2.20; Fil 1.21 \u2013 \u00fei\u00f0 opinberist \u00e1samt honum R\u00f3m 8.19; 1\u00deess 4.17; 1P\u00e9t 1.6-8; 1J\u00f3h 3.2<br \/>\n<b>3.5<\/b> Dey\u00f0i\u00f0 &#8230; R\u00f3m 6.6-11; 8.13; Gal 5.24; Mrk 9.43-47 \u2013 heg\u00f0un sem h\u00e6fir ekki Ef 5.3-5+<br \/>\n<b>3.8-10<\/b> Afkl\u00e6\u00f0ast, \u00edkl\u00e6\u00f0ast Ef 4.22-25<br \/>\n<b>3.8<\/b> Segja skili\u00f0 vi\u00f0 R\u00f3m 13.12; Jak 1.21; 1P\u00e9t 2.1; Heb 12.1 \u2013 sv\u00edvir\u00f0ilegt or\u00f0brag\u00f0 Ef 4.29+<br \/>\n<b>3.10<\/b> \u00cdkl\u00e6\u00f0ast R\u00f3m 13.14; Gal 3.27 \u2013 n\u00fdr ma\u00f0ur Ef 2.15; 1Kor 15.45; 2Kor 5.17; Esk 36.26-27; Slm 51.12 \u2013 skapa a\u00f0 n\u00fdju R\u00f3m 12.2; 2Kor 4.16 \u2013 skapa \u00ed sinni mynd K\u00f3l 1.15+<br \/>\n<b>3.11<\/b> Ekki munur \u00e1 R\u00f3m 10.12; 1Kor 12.13; Gal 3.27-28<br \/>\n<b>3.12-15<\/b> Framkoma Ef 4.1-3; Fil 2.1-4<br \/>\n<b>3.13<\/b> Fyrirgefi\u00f0 Matt 6.14; 18.21-35; 2Kor 2.5-11; Ef 4.32 \u2013 eins og Drottinn Ef 5.2; J\u00f3h 15.12; R\u00f3m 15.7<br \/>\n<b>3.14<\/b> Elska R\u00f3m 13.8-10; 1Kor 13<br \/>\n<b>3.15<\/b> Fri\u00f0ur K\u00f3l 1.20+ ; Fil 4.7 \u2013 einn l\u00edkami Ef 4.4; K\u00f3l 1.18+ &#8211; \u00feakkl\u00e1t K\u00f3l 1.3+<br \/>\n<b>3.16<\/b> Til g\u00f3\u00f0s \u00feeim sem heyra Ef 4.29+ &#8211; \u00e1minni\u00f0 hvert anna\u00f0 K\u00f3l 1.28; R\u00f3m 15.14; 1\u00deess 5.11 \u2013 me\u00f0 lofs\u00f6ngvum Ef 5.19-20; 1Kor 14.15,26<br \/>\n<b>3.17<\/b> \u00cd nafni Drottins R\u00f3m 14.7; 1Kor 10.31 \u2013 \u00feakka K\u00f3l 1.3+<br \/>\n<b>3.18-19<\/b> Konur og eiginmenn Ef 5.22-23; 1Kor 7; 11.3; 1P\u00e9t 3.1-7; T\u00edt 2.4-5<br \/>\n<b>3.20-21<\/b> B\u00f6rn og foreldrar Ef 6.1-4; Heb 12.4-11; 1P\u00e9t 5.5<br \/>\n<b>3.22-25<\/b> \u00der\u00e6lar og h\u00fasb\u00e6ndur Ef 6.5-9; 3M\u00f3s 25.43; 1Kor 7.21-23; 1T\u00edm 6.1-2; T\u00edt 2.9-10; F\u00edlm; 1P\u00e9t 2.18-20<br \/>\n<b>3.24<\/b> \u00dej\u00f3na Kristi R\u00f3m 12.11<br \/>\n<b>3.25<\/b> Manngreinar\u00e1lit R\u00f3m 2.11+<\/div>\n","protected":false},"excerpt":{"rendered":"<p>1Fyrst \u00fe\u00e9r \u00fev\u00ed eru\u00f0 uppvaktir me\u00f0 Kristi, \u00fe\u00e1 keppist eftir \u00fev\u00ed, sem er hi\u00f0 efra, \u00fear sem Kristur situr vi\u00f0 h\u00e6gri h\u00f6nd Gu\u00f0s.2Hugsi\u00f0 um \u00fea\u00f0, sem er hi\u00f0 efra, en ekki um \u00fea\u00f0, sem \u00e1 j\u00f6r\u00f0inni er.3\u00dev\u00ed a\u00f0 \u00fe\u00e9r eru\u00f0 d\u00e1nir og l\u00edf y\u00f0ar er f\u00f3lgi\u00f0 me\u00f0 Kristi \u00ed Gu\u00f0i.4\u00deegar Kristur, sem er l\u00edf y\u00f0ar, opinberast, \u00fe\u00e1 munu\u00f0 \u00fe\u00e9r og \u00e1samt honum opinberast \u00ed d\u00fdr\u00f0.5Dey\u00f0i\u00f0 \u00fev\u00ed hi\u00f0 jar\u00f0neska \u00ed fari y\u00f0ar: H\u00f3rd\u00f3m, saurlifna\u00f0, losta, vonda f\u00fdsn og \u00e1girnd, sem ekki er anna\u00f0 en skur\u00f0go\u00f0ad\u00fdrkun.6Af \u00feessu kemur rei\u00f0i Gu\u00f0s yfir \u00fe\u00e1, sem hl\u00fd\u00f0a honum ekki .7Me\u00f0al \u00feeirra voru\u00f0 og \u00fe\u00e9r \u00e1\u00f0ur, <a href=\"https:\/\/biblian.is\/1981\/kolossubrefid-3-kafli\/\"> [&#8230;]<\/a><\/p>\n","protected":false},"author":1,"featured_media":0,"parent":0,"menu_order":0,"comment_status":"open","ping_status":"open","template":"bibliukaflar.php","meta":{"footnotes":""},"class_list":["post-2457","page","type-page","status-publish","hentry"],"_links":{"self":[{"href":"https:\/\/biblian.is\/1981\/wp-json\/wp\/v2\/pages\/2457","targetHints":{"allow":["GET"]}}],"collection":[{"href":"https:\/\/biblian.is\/1981\/wp-json\/wp\/v2\/pages"}],"about":[{"href":"https:\/\/biblian.is\/1981\/wp-json\/wp\/v2\/types\/page"}],"author":[{"embeddable":true,"href":"https:\/\/biblian.is\/1981\/wp-json\/wp\/v2\/users\/1"}],"replies":[{"embeddable":true,"href":"https:\/\/biblian.is\/1981\/wp-json\/wp\/v2\/comments?post=2457"}],"version-history":[{"count":0,"href":"https:\/\/biblian.is\/1981\/wp-json\/wp\/v2\/pages\/2457\/revisions"}],"wp:attachment":[{"href":"https:\/\/biblian.is\/1981\/wp-json\/wp\/v2\/media?parent=2457"}],"curies":[{"name":"wp","href":"https:\/\/api.w.org\/{rel}","templated":true}]}}