{"id":2455,"date":"2017-11-18T20:21:51","date_gmt":"2017-11-18T20:21:51","guid":{"rendered":"http:\/\/biblian.is\/1981\/kolussubrefid-1-kafli\/"},"modified":"2017-11-18T20:21:51","modified_gmt":"2017-11-18T20:21:51","slug":"kolossubrefid-1-kafli","status":"publish","type":"page","link":"https:\/\/biblian.is\/1981\/kolossubrefid-1-kafli\/","title":{"rendered":"K\u00f3lossubr\u00e9fi\u00f0 1. kafli"},"content":{"rendered":"<p><a name=\"1\"><span class=\"versanumer\">1<\/span><\/a>P\u00e1ll, a\u00f0 vilja Gu\u00f0s postuli Krists Jes\u00fa og T\u00edm\u00f3teus, br\u00f3\u00f0ir vor, heilsa<a name=\"2\"><span class=\"versanumer\">2<\/span><\/a>hinum heil\u00f6gu og tr\u00fau\u00f0u br\u00e6\u00f0rum \u00ed K\u00f3lossu, sem eru \u00ed Kristi. N\u00e1\u00f0 s\u00e9 me\u00f0 y\u00f0ur og fri\u00f0ur fr\u00e1 Gu\u00f0i f\u00f6\u00f0ur vorum.<a name=\"3\"><span class=\"versanumer\">3<\/span><\/a>V\u00e9r \u00fe\u00f6kkum Gu\u00f0i, f\u00f6\u00f0ur Drottins vors Jes\u00fa Krists, \u00e1vallt er v\u00e9r bi\u00f0jum fyrir y\u00f0ur.<a name=\"4\"><span class=\"versanumer\">4<\/span><\/a>\u00dev\u00ed a\u00f0 v\u00e9r h\u00f6fum heyrt um tr\u00fa y\u00f0ar \u00e1 Krist Jes\u00fa og um k\u00e6rleikann, sem \u00fe\u00e9r beri\u00f0 til allra heilagra,<a name=\"5\"><span class=\"versanumer\">5<\/span><\/a>vegna vonar \u00feeirrar, sem y\u00f0ur er geymd \u00ed himnunum. Um \u00fe\u00e1 von hafi\u00f0 \u00fe\u00e9r \u00e1\u00f0ur heyrt \u00ed or\u00f0i sannleikans, fagna\u00f0arerindinu,<a name=\"6\"><span class=\"versanumer\">6<\/span><\/a>sem til y\u00f0ar er komi\u00f0, eins og \u00fea\u00f0 einnig ber \u00e1v\u00f6xt og vex \u00ed \u00f6llum heiminum. \u00dea\u00f0 hefur \u00fea\u00f0 l\u00edka gj\u00f6rt hj\u00e1 y\u00f0ur fr\u00e1 \u00feeim degi, er \u00fe\u00e9r heyr\u00f0u\u00f0 \u00fea\u00f0 og l\u00e6r\u00f0u\u00f0 a\u00f0 \u00feekkja n\u00e1\u00f0 Gu\u00f0s \u00ed sannleika.<a name=\"7\"><span class=\"versanumer\">7<\/span><\/a>Hi\u00f0 sama hafi\u00f0 \u00fe\u00e9r og numi\u00f0 af Epafrasi, vorum elska\u00f0a sam\u00fej\u00f3ni, sem er tr\u00far \u00fej\u00f3nn Krists \u00ed vorn sta\u00f0.<a name=\"8\"><span class=\"versanumer\">8<\/span><\/a>Hann hefur og sagt oss fr\u00e1 k\u00e6rleika y\u00f0ar, sem andinn hefur vaki\u00f0 me\u00f0 y\u00f0ur.<a name=\"9\"><span class=\"versanumer\">9<\/span><\/a>Fr\u00e1 \u00feeim degi, er v\u00e9r heyr\u00f0um \u00feetta, h\u00f6fum v\u00e9r \u00fev\u00ed ekki l\u00e1ti\u00f0 af a\u00f0 bi\u00f0ja fyrir y\u00f0ur. V\u00e9r bi\u00f0jum \u00feess, a\u00f0 \u00fe\u00e9r m\u00e6ttu\u00f0 fyllast \u00feekkingu \u00e1 vilja Gu\u00f0s me\u00f0 allri speki og skilningi andans,<a name=\"10\"><span class=\"versanumer\">10<\/span><\/a>svo a\u00f0 \u00fe\u00e9r heg\u00f0i\u00f0 y\u00f0ur eins og Drottni er sambo\u00f0i\u00f0, honum til \u00fe\u00f3knunar \u00e1 allan h\u00e1tt, og f\u00e1i\u00f0 bori\u00f0 \u00e1v\u00f6xt \u00ed \u00f6llu g\u00f3\u00f0u verki og vaxi\u00f0 a\u00f0 \u00feekkingu \u00e1 Gu\u00f0i.<a name=\"11\"><span class=\"versanumer\">11<\/span><\/a>M\u00e6tti hann styrkja y\u00f0ur \u00e1 allan h\u00e1tt me\u00f0 d\u00fdr\u00f0arm\u00e6tti s\u00ednum, svo a\u00f0 \u00fe\u00e9r fyllist \u00feolg\u00e6\u00f0i \u00ed hv\u00edvetna og umbur\u00f0arlyndi og geti\u00f0 me\u00f0 gle\u00f0i<a name=\"12\"><span class=\"versanumer\">12<\/span><\/a>\u00feakka\u00f0 f\u00f6\u00f0urnum, sem hefur gj\u00f6rt y\u00f0ur h\u00e6fa til a\u00f0 f\u00e1 hlutdeild \u00ed arfleif\u00f0 heilagra \u00ed lj\u00f3sinu.<a name=\"13\"><span class=\"versanumer\">13<\/span><\/a>Hann hefur frelsa\u00f0 oss fr\u00e1 valdi myrkursins og flutt oss inn \u00ed r\u00edki s\u00edns elska\u00f0a sonar.<a name=\"14\"><span class=\"versanumer\">14<\/span><\/a>\u00cd honum eigum v\u00e9r endurlausnina, fyrirgefningu synda vorra.<a name=\"15\"><span class=\"versanumer\">15<\/span><\/a>Hann er \u00edmynd hins \u00f3s\u00fdnilega Gu\u00f0s, frumbur\u00f0ur allrar sk\u00f6punar.<a name=\"16\"><span class=\"versanumer\">16<\/span><\/a>Enda var allt skapa\u00f0 \u00ed honum \u00ed himnunum og \u00e1 j\u00f6r\u00f0inni, hi\u00f0 s\u00fdnilega og hi\u00f0 \u00f3s\u00fdnilega, h\u00e1s\u00e6ti og herrad\u00f3mar, tignir og v\u00f6ld. Allt er skapa\u00f0 fyrir hann og til hans.<a name=\"17\"><span class=\"versanumer\">17<\/span><\/a>Hann er fyrri en allt, og allt \u00e1 tilveru s\u00edna \u00ed honum.<a name=\"18\"><span class=\"versanumer\">18<\/span><\/a>Og hann er h\u00f6fu\u00f0 l\u00edkamans, kirkjunnar, hann sem er upphafi\u00f0, frumbur\u00f0urinn fr\u00e1 hinum dau\u00f0u. \u00deannig skyldi hann ver\u00f0a fremstur \u00ed \u00f6llu.<a name=\"19\"><span class=\"versanumer\">19<\/span><\/a>\u00dev\u00ed a\u00f0 \u00ed honum \u00fe\u00f3kna\u00f0ist Gu\u00f0i a\u00f0 l\u00e1ta alla fyllingu s\u00edna b\u00faa<a name=\"20\"><span class=\"versanumer\">20<\/span><\/a>og l\u00e1ta hann koma \u00f6llu \u00ed s\u00e1tt vi\u00f0 sig, \u00f6llu b\u00e6\u00f0i \u00e1 j\u00f6r\u00f0u og himnum, me\u00f0 \u00fev\u00ed a\u00f0 semja fri\u00f0 me\u00f0 bl\u00f3\u00f0i s\u00ednu \u00fathelltu \u00e1 krossi.<a name=\"21\"><span class=\"versanumer\">21<\/span><\/a>Og y\u00f0ur, sem \u00e1\u00f0ur fyrri voru\u00f0 fr\u00e1hverfir Gu\u00f0i og \u00f3vinveittir honum \u00ed huga y\u00f0ar og vondum verkum,<a name=\"22\"><span class=\"versanumer\">22<\/span><\/a>y\u00f0ur hefur hann n\u00fa s\u00e1tta gj\u00f6rt vi\u00f0 sig me\u00f0 dau\u00f0a Krists \u00ed jar\u00f0neskum l\u00edkama. Hann vildi l\u00e1ta y\u00f0ur koma fram fyrir sig heilaga og l\u00fdtalausa og \u00f3a\u00f0finnanlega.<a name=\"23\"><span class=\"versanumer\">23<\/span><\/a>Standi\u00f0 a\u00f0eins st\u00f6\u00f0ugir \u00ed tr\u00fanni, grundvalla\u00f0ir og fastir fyrir og hviki\u00f0 ekki fr\u00e1 von fagna\u00f0arerindisins, sem \u00fe\u00e9r hafi\u00f0 heyrt og pr\u00e9dika\u00f0 hefur veri\u00f0 fyrir \u00f6llu, sem skapa\u00f0 er undir himninum, og er \u00e9g, P\u00e1ll, or\u00f0inn \u00fej\u00f3nn \u00feess.<a name=\"24\"><span class=\"versanumer\">24<\/span><\/a>N\u00fa er \u00e9g gla\u00f0ur \u00ed \u00fej\u00e1ningum m\u00ednum y\u00f0ar vegna. \u00dea\u00f0, sem enn vantar \u00e1 \u00fej\u00e1ningar Krists, uppfylli \u00e9g me\u00f0 l\u00edkamlegum \u00fej\u00e1ningum m\u00ednum til heilla fyrir l\u00edkama hans, sem er kirkjan.<a name=\"25\"><span class=\"versanumer\">25<\/span><\/a>En hans \u00fej\u00f3nn er \u00e9g or\u00f0inn samkv\u00e6mt \u00fev\u00ed hlutverki, sem Gu\u00f0 hefur m\u00e9r \u00e1 hendur fali\u00f0 y\u00f0ar vegna: A\u00f0 flytja Gu\u00f0s or\u00f0 \u00f3skora\u00f0,<a name=\"26\"><span class=\"versanumer\">26<\/span><\/a>leyndard\u00f3minn, sem hefur veri\u00f0 hulinn fr\u00e1 upphafi t\u00ed\u00f0a og kynsl\u00f3\u00f0a, en n\u00fa hefur hann veri\u00f0 opinbera\u00f0ur Gu\u00f0s heil\u00f6gu.<a name=\"27\"><span class=\"versanumer\">27<\/span><\/a>Gu\u00f0 vildi kunngj\u00f6ra \u00feeim, hv\u00edl\u00edkan d\u00fdr\u00f0ar r\u00edkd\u00f3m hei\u00f0nu \u00fej\u00f3\u00f0irnar eiga \u00ed \u00feessum leyndard\u00f3mi, sem er Kristur me\u00f0al y\u00f0ar, von d\u00fdr\u00f0arinnar.<a name=\"28\"><span class=\"versanumer\">28<\/span><\/a>Hann bo\u00f0um v\u00e9r, er v\u00e9r \u00e1minnum s\u00e9rhvern mann og fr\u00e6\u00f0um me\u00f0 allri speki, til \u00feess a\u00f0 v\u00e9r getum leitt hvern mann fram fullkominn \u00ed Kristi.<a name=\"29\"><span class=\"versanumer\">29<\/span><\/a>A\u00f0 \u00feessu strita \u00e9g og str\u00ed\u00f0i me\u00f0 \u00feeim m\u00e6tti, sem kr\u00f6ftuglega verkar \u00ed m\u00e9r.<\/p>\n<div class=\"footnote1981\"><b>1.1-2<\/b> P\u00e1ll postuli Ef 1.1-2; 1Kor 1.1-2 \u2013 T\u00edm\u00f3teus Post 16.1+<br \/>\n<b>1.3-5<\/b> \u00deakka\u00f0 fyrir tr\u00fa og k\u00e6rleika Ef 1.15-16+<br \/>\n<b>1.3<\/b> \u00deakka R\u00f3m 1.8-9; Ef 5.4,20; K\u00f3l 1.12; 2.7; 3.15-17; 4.2; 1\u00deess 1.2<br \/>\n<b>1.4-5<\/b> Tr\u00fa, k\u00e6rleikur og von 1Kor 13.13+<br \/>\n<b>1.5<\/b> \u00dei\u00f0 eigi\u00f0 geymt Ef 1.18; Heb 6.19; 1P\u00e9t 1.3-4<br \/>\n<b>1.6<\/b> Fagna\u00f0arerindi\u00f0 vex Matt 28.19-20; Mrk 4.8; 13.10; 16.15; 1T\u00edm 3.16<br \/>\n<b>1.7<\/b> Epafras K\u00f3l 4.12; F\u00edlm 23<br \/>\n<b>1.9<\/b> Fyrirb\u00e6n K\u00f3l 2.2-3; Ef 1.17-18; 3.14-19; Fil 1.9<br \/>\n<b>1.10<\/b> Gu\u00f0i l\u00edkar Ef 4.1; 1\u00deess 2.12; Fil 1.27<br \/>\n<b>1.12<\/b> Gert f\u00e6rt a\u00f0 f\u00e1 arflei\u00f0 Ef 1.14,18; 5M\u00f3s 33.3-4; J\u00f3s 14.1-5; SSal 5.5; Post 20.32; 26.18; 1P\u00e9t 1.4 \u2013 hin heil\u00f6gu R\u00f3m 1.7+<br \/>\n<b>1.13<\/b> Frelsa 2M\u00f3s 14.30 \u2013 fr\u00e1 myrkrinu Post 26.17-18 \u2013 myrkur og lj\u00f3s Ef 5.8+ &#8211; hinn elska\u00f0i sonur Ef 1.6+<br \/>\n<b>1.14<\/b> Endurlausnin Ef 1.7; R\u00f3m 3.24<br \/>\n<b>1.15<\/b> A\u00f0rir lofs\u00f6ngvar um Krist Fil 2.6-11; 1T\u00edm 3.16 \u2013 \u00edmynd Gu\u00f0s 1M\u00f3s 1.26; SSal 7.26; 2Kor 4.4+ ; Fil 2.6; Heb 1.1-4 \u2013 frumbur\u00f0ur allrar sk\u00f6punar Okv 8.22-36; S\u00edr 1.4-9; J\u00f3h 1.1-18; R\u00f3m 8.29; Heb 1.6<br \/>\n<b>1.16<\/b> Kristur og sk\u00f6punin Heb 1.2+ &#8211; tignir og v\u00f6ld R\u00f3m 8.38-39; 1Kor 2.8; 15.24; Ef 1.21; 3.10; 6.12; K\u00f3l 2.8,10,15<br \/>\n<b>1.17<\/b> Fyrri en allt J\u00f3h 3.31; 8.58<br \/>\n<b>1.18<\/b> Samf\u00e9lag tr\u00faa\u00f0ra, l\u00edkami Krists R\u00f3m 12.4-5; 1Kor 12.12-27 \u2013 Kristur h\u00f6fu\u00f0 kirkjunnar Ef 1.22-23; 4.15-16; 5.23 \u2013 upphaf Opb 3.14 \u2013 frumbur\u00f0urinn fr\u00e1 hinum dau\u00f0u Post 26.23; R\u00f3m 8.29; 1Kor 15.20; Heb 1.6; Opb 1.5<br \/>\n<b>1.19<\/b> Fylling Ef 1.23+<br \/>\n<b>1.20<\/b> Koma \u00f6llu \u00ed s\u00e1tt Ef 1.10; 2.16; K\u00f3l 1.16-17; R\u00f3m 5.10; 2Kor 5.18-20 \u2013 fri\u00f0ur Ef 2.14-17; R\u00f3m 5.1 \u2013 bl\u00f3\u00f0 Krists Ef 2.13+<br \/>\n<b>1.21<\/b> Framandi og \u00f3vinveitt Ef 2.12; 4.18; R\u00f3m 5.10<br \/>\n<b>1.22<\/b> \u00cd jar\u00f0neskum l\u00edkama Ef 2.14-16; R\u00f3m 7.4; 8.3; J\u00f3h 1.14 \u2013 fram fyrir Drottin K\u00f3l 1.28; Ef 5.27; 2Kor 11.2 \u2013 l\u00fdtalaus Ef 1.4+<br \/>\n<b>1.23<\/b> St\u00f6\u00f0ug Ef 3.17; 1Kor 15.58; Heb 3.14 \u2013 von K\u00f3l 1.5+ &#8211; fagna\u00f0arerindi\u00f0 pr\u00e9dika\u00f0 K\u00f3l 1.5-6+<br \/>\n<b>1.24<\/b> Til heilla fyrir l\u00edkama hans Ef 3.1,13; Post 9.16; 2Kor 4.10-12; 11.23; 2T\u00edm 2.10<br \/>\n<b>1.25<\/b> Hlutverk Ef 3.2; Jes 42.1-4; R\u00f3m 15.16-21 \u2013 flytja Gu\u00f0s or\u00f0 \u00f3skora\u00f0 Mrk 13.9-10; Post 20.24; 2T\u00edm 4.17<br \/>\n<b>1.26<\/b> Leyndard\u00f3mur Ef 3.3+ &#8211; hin heil\u00f6gu R\u00f3m 1.7+<br \/>\n<b>1.27<\/b> D\u00fdr\u00f0 Gu\u00f0s kunngj\u00f6r\u00f0 me\u00f0al hei\u00f0inna \u00fej\u00f3\u00f0a Post 13.47; R\u00f3m 15.7-13 \u2013 von d\u00fdr\u00f0arinnar K\u00f3l 3.4; Ef 1.18; R\u00f3m 5.2; 8.19-21<br \/>\n<b>1.28<\/b> Fullkomin Ef 4.13<br \/>\n<b>1.29<\/b> M\u00e1ttur Krists \u00ed m\u00e9r Ef 3.7,20; Fil 4.13<\/div>\n","protected":false},"excerpt":{"rendered":"<p>1P\u00e1ll, a\u00f0 vilja Gu\u00f0s postuli Krists Jes\u00fa og T\u00edm\u00f3teus, br\u00f3\u00f0ir vor, heilsa2hinum heil\u00f6gu og tr\u00fau\u00f0u br\u00e6\u00f0rum \u00ed K\u00f3lossu, sem eru \u00ed Kristi. N\u00e1\u00f0 s\u00e9 me\u00f0 y\u00f0ur og fri\u00f0ur fr\u00e1 Gu\u00f0i f\u00f6\u00f0ur vorum.3V\u00e9r \u00fe\u00f6kkum Gu\u00f0i, f\u00f6\u00f0ur Drottins vors Jes\u00fa Krists, \u00e1vallt er v\u00e9r bi\u00f0jum fyrir y\u00f0ur.4\u00dev\u00ed a\u00f0 v\u00e9r h\u00f6fum heyrt um tr\u00fa y\u00f0ar \u00e1 Krist Jes\u00fa og um k\u00e6rleikann, sem \u00fe\u00e9r beri\u00f0 til allra heilagra,5vegna vonar \u00feeirrar, sem y\u00f0ur er geymd \u00ed himnunum. Um \u00fe\u00e1 von hafi\u00f0 \u00fe\u00e9r \u00e1\u00f0ur heyrt \u00ed or\u00f0i sannleikans, fagna\u00f0arerindinu,6sem til y\u00f0ar er komi\u00f0, eins og \u00fea\u00f0 einnig ber \u00e1v\u00f6xt og vex \u00ed \u00f6llum heiminum. \u00dea\u00f0 hefur <a href=\"https:\/\/biblian.is\/1981\/kolossubrefid-1-kafli\/\"> [&#8230;]<\/a><\/p>\n","protected":false},"author":1,"featured_media":0,"parent":0,"menu_order":0,"comment_status":"open","ping_status":"open","template":"bibliukaflar.php","meta":{"footnotes":""},"class_list":["post-2455","page","type-page","status-publish","hentry"],"_links":{"self":[{"href":"https:\/\/biblian.is\/1981\/wp-json\/wp\/v2\/pages\/2455","targetHints":{"allow":["GET"]}}],"collection":[{"href":"https:\/\/biblian.is\/1981\/wp-json\/wp\/v2\/pages"}],"about":[{"href":"https:\/\/biblian.is\/1981\/wp-json\/wp\/v2\/types\/page"}],"author":[{"embeddable":true,"href":"https:\/\/biblian.is\/1981\/wp-json\/wp\/v2\/users\/1"}],"replies":[{"embeddable":true,"href":"https:\/\/biblian.is\/1981\/wp-json\/wp\/v2\/comments?post=2455"}],"version-history":[{"count":0,"href":"https:\/\/biblian.is\/1981\/wp-json\/wp\/v2\/pages\/2455\/revisions"}],"wp:attachment":[{"href":"https:\/\/biblian.is\/1981\/wp-json\/wp\/v2\/media?parent=2455"}],"curies":[{"name":"wp","href":"https:\/\/api.w.org\/{rel}","templated":true}]}}