{"id":2453,"date":"2017-11-18T20:21:51","date_gmt":"2017-11-18T20:21:51","guid":{"rendered":"http:\/\/biblian.is\/1981\/filippibrefid-3-kafli\/"},"modified":"2021-06-06T10:51:07","modified_gmt":"2021-06-06T10:51:07","slug":"filippibrefid-3-kafli","status":"publish","type":"page","link":"https:\/\/biblian.is\/1981\/filippibrefid-3-kafli\/","title":{"rendered":"Filipp\u00edbr\u00e9fi\u00f0 3. kafli"},"content":{"rendered":"<p><a name=\"1\"><span class=\"versanumer\">1<\/span><\/a>A\u00f0 endingu, br\u00e6\u00f0ur m\u00ednir, veri\u00f0 gla\u00f0ir \u00ed Drottni. \u00c9g tel ekki eftir m\u00e9r a\u00f0 endurtaka \u00fea\u00f0, sem \u00e9g hef skrifa\u00f0, en y\u00f0ur er \u00fea\u00f0 til \u00f6ryggis.<a name=\"2\"><span class=\"versanumer\">2<\/span><\/a>Gefi\u00f0 g\u00e6tur a\u00f0 hundunum, gefi\u00f0 g\u00e6tur a\u00f0 hinum vondu verkam\u00f6nnum, gefi\u00f0 g\u00e6tur a\u00f0 hinum sundurskornu.<a name=\"3\"><span class=\"versanumer\">3<\/span><\/a>V\u00e9r erum hinir umskornu, v\u00e9r sem d\u00fdrkum Gu\u00f0 \u00ed anda hans og miklumst af Kristi Jes\u00fa og treystum ekki ytri yfirbur\u00f0um,<a name=\"4\"><span class=\"versanumer\">4<\/span><\/a>jafnvel \u00fe\u00f3tt \u00e9g hafi einnig \u00fe\u00e1 ytri yfirbur\u00f0i, sem \u00e9g g\u00e6ti treyst. Ef einhver annar \u00feykist geta treyst ytri yfirbur\u00f0um, \u00fe\u00e1 get \u00e9g \u00fea\u00f0 fremur.<a name=\"5\"><span class=\"versanumer\">5<\/span><\/a>\u00c9g var umskorinn \u00e1 \u00e1ttunda degi, af kyni \u00cdsraels, \u00e6ttkv\u00edsl Benjam\u00edns, Hebrei af Hebreum, far\u00edsei \u00ed afst\u00f6\u00f0unni til l\u00f6gm\u00e1lsins,<a name=\"6\"><span class=\"versanumer\">6<\/span><\/a>svo \u00e1kafur, a\u00f0 \u00e9g ofs\u00f3tti kirkjuna. Ef liti\u00f0 er \u00e1 r\u00e9ttl\u00e6ti\u00f0, sem f\u00e6st me\u00f0 l\u00f6gm\u00e1linu, var \u00e9g vammlaus.<a name=\"7\"><span class=\"versanumer\">7<\/span><\/a>En \u00fea\u00f0, sem var m\u00e9r \u00e1vinningur, met \u00e9g n\u00fa vera tj\u00f3n sakir Krists.<a name=\"8\"><span class=\"versanumer\">8<\/span><\/a>J\u00e1, meira a\u00f0 segja met \u00e9g allt vera tj\u00f3n hj\u00e1 \u00feeim yfirbur\u00f0um a\u00f0 \u00feekkja Krist Jes\u00fa, Drottin minn. Sakir hans hef \u00e9g misst allt og met \u00fea\u00f0 sem sorp, til \u00feess a\u00f0 \u00e9g geti \u00e1unni\u00f0 Krist<a name=\"9\"><span class=\"versanumer\">9<\/span><\/a>og reynst vera \u00ed honum. N\u00fa \u00e1 \u00e9g ekki eigi\u00f0 r\u00e9ttl\u00e6ti, \u00fea\u00f0 er f\u00e6st af l\u00f6gm\u00e1li, heldur \u00fea\u00f0 er f\u00e6st fyrir tr\u00fa \u00e1 Krist, r\u00e9ttl\u00e6ti\u00f0 fr\u00e1 Gu\u00f0i me\u00f0 tr\u00fanni. _<a name=\"10\"><span class=\"versanumer\">10<\/span><\/a>\u00c9g vil \u00feekkja Krist og kraft upprisu hans og samf\u00e9lag p\u00edsla hans me\u00f0 \u00fev\u00ed a\u00f0 m\u00f3tast eftir honum \u00ed dau\u00f0a hans.<a name=\"11\"><span class=\"versanumer\">11<\/span><\/a>M\u00e6tti m\u00e9r au\u00f0nast a\u00f0 n\u00e1 til upprisunnar fr\u00e1 dau\u00f0um.<a name=\"12\"><span class=\"versanumer\">12<\/span><\/a>Ekki er svo, a\u00f0 \u00e9g hafi \u00feegar n\u00e1\u00f0 \u00fev\u00ed e\u00f0a s\u00e9 \u00feegar fullkominn. En \u00e9g keppi eftir \u00fev\u00ed, ef \u00e9g skyldi geta h\u00f6ndla\u00f0 \u00fea\u00f0, me\u00f0 \u00fev\u00ed a\u00f0 \u00e9g er h\u00f6ndla\u00f0ur af Kristi Jes\u00fa.<a name=\"13\"><span class=\"versanumer\">13<\/span><\/a>Br\u00e6\u00f0ur, ekki tel \u00e9g sj\u00e1lfan mig enn hafa h\u00f6ndla\u00f0 \u00fea\u00f0.<a name=\"14\"><span class=\"versanumer\">14<\/span><\/a>En eitt gj\u00f6ri \u00e9g. \u00c9g gleymi \u00fev\u00ed, sem a\u00f0 baki er, en seilist eftir \u00fev\u00ed, sem framundan er, og keppi \u00feannig a\u00f0 markinu, til ver\u00f0launanna \u00e1 himnum, sem Gu\u00f0 hefur kalla\u00f0 oss til fyrir Krist Jes\u00fa.<a name=\"15\"><span class=\"versanumer\">15<\/span><\/a>\u00deetta hugarfar skulum v\u00e9r \u00fev\u00ed allir hafa, sem fullkomnir erum. Og ef \u00fe\u00e9r hugsi\u00f0 \u00ed nokkru \u00f6\u00f0ruv\u00edsi, \u00fe\u00e1 mun Gu\u00f0 einnig opinbera y\u00f0ur \u00feetta.<a name=\"16\"><span class=\"versanumer\">16<\/span><\/a>Fyrir alla muni skulum v\u00e9r ganga \u00fe\u00e1 g\u00f6tu, sem v\u00e9r h\u00f6fum komist \u00e1.<a name=\"17\"><span class=\"versanumer\">17<\/span><\/a>Br\u00e6\u00f0ur, breyti\u00f0 allir eftir m\u00e9r og festi\u00f0 sj\u00f3nir y\u00f0ar \u00e1 \u00feeim, sem breyta eftir \u00feeirri fyrirmynd, er v\u00e9r h\u00f6fum y\u00f0ur gefi\u00f0.<a name=\"18\"><span class=\"versanumer\">18<\/span><\/a>Margir breyta, _ \u00e9g hef oft sagt y\u00f0ur \u00fea\u00f0 og n\u00fa segi \u00e9g \u00fea\u00f0 jafnvel gr\u00e1tandi _, eins og \u00f3vinir kross Krists.<a name=\"19\"><span class=\"versanumer\">19<\/span><\/a>Afdrif \u00feeirra eru gl\u00f6tun. Gu\u00f0 \u00feeirra er maginn, \u00feeim \u00feykir s\u00f3mi a\u00f0 sk\u00f6mminni og \u00feeir hafa hugann \u00e1 jar\u00f0neskum munum.<a name=\"20\"><span class=\"versanumer\">20<\/span><\/a>En f\u00f6\u00f0urland vort er \u00e1 himni og fr\u00e1 himni v\u00e6ntum v\u00e9r frelsarans, Drottins Jes\u00fa Krists.<a name=\"21\"><span class=\"versanumer\">21<\/span><\/a>Hann mun breyta veikum og forgengilegum l\u00edkama vorum og gj\u00f6ra hann l\u00edkan d\u00fdr\u00f0arl\u00edkama s\u00ednum. \u00dev\u00ed hann hefur kraftinn til a\u00f0 leggja allt undir sig.<\/p>\n<div class=\"footnote1981\"><b>3.1<\/b> Veri\u00f0 gl\u00f6\u00f0 Fil 1.4+ ; 2Kor 13.11; 1\u00deess 5.16<br \/>\n<b>3.2<\/b> Vondir verkamenn 2Kor 11.13 \u2013 hinir sundurskornu Gal 5.12<br \/>\n<b>3.3<\/b> Hinir umskornu 5M\u00f3s 10.16; R\u00f3m 2.29; K\u00f3l 2.11 \u2013 d\u00fdrkun \u00ed anda R\u00f3m 1.9; 12.1; sbr Fil 2.17<br \/>\n<b>3.4<\/b> P\u00e1ll Gy\u00f0ingur Post 22.3-5; 23.6; 26.4-7; R\u00f3m 11.1; 2Kor 11.22; Gal 1.13-14<br \/>\n<b>3.5<\/b> Umskurn \u00e1 \u00e1ttunda degi 1M\u00f3s 17.12; 3M\u00f3s 12.3; L\u00fak 1.59; 2.21<br \/>\n<b>3.6<\/b> \u00c9g ofs\u00f3tti kirkjuna Post 8.3; 9.1-2,13-14; 22.4; 26.9-11; 1Kor 15.9; Gal 1.13,23; 1T\u00edm 1.13-14<br \/>\n<b>3.8<\/b> \u00deekkja H\u00f3s 2.22; J\u00f3h 10.14; 17.3; 1Kor 13.12 \u2013 Krist Jes\u00fa Ef 3.19; 4.13<br \/>\n<b>3.9<\/b> Tvenns konar r\u00e9ttl\u00e6ti Matt 5.20; R\u00f3m 3.21-22; 10.3; Gal 2.16; 3.21-22<br \/>\n<b>3.10<\/b> Eins og Kristur R\u00f3m 6.4-9; 8.17; 1Kor 6.14; 2Kor 4.10-14; Gal 6.17 \u2013 \u00feekkja kraft upprisu hans J\u00f3h 11.24-26<br \/>\n<b>3.12<\/b> Fullkominn 1Kor 14.20; K\u00f3l 1.28; sbr Matt 5.48; 1Kor 2.6 \u2013 h\u00f6ndla\u00f0ur af Kristi Post 9.5-6; Gal 1.15-16 \u2013 h\u00f6ndla 1Kor 8.3; Gal 4.9; 1T\u00edm 6.12; 1J\u00f3h 4.10-19 \u2013 keppni postulans Fil 2.16+<br \/>\n<b>3.17<\/b> Breyti\u00f0 eftir m\u00e9r 1Kor 4.16; 11.1; 1\u00deess 1.6; sbr Ef 5.1+ ; 1\u00deess 1.7; 2.14; 1P\u00e9t 5.3<br \/>\n<b>3.18<\/b> \u00d3vinir krossins 1Kor 1.17-18,23; Gal 5.11; 6.12<br \/>\n<b>3.19<\/b> Hafa hugann \u00e1 jar\u00f0neskum munum Matt 6.19; J\u00f3h 3.12; R\u00f3m 8.5-6; K\u00f3l 3.2<br \/>\n<b>3.20<\/b> F\u00f6\u00f0urland \u00e1 himni Ef 2.6,19; Heb 11.10; 12.22; 13.14 \u2013 v\u00e6ntum R\u00f3m 8.19-23; 1Kor 1.7; T\u00edt 2.13<br \/>\n<b>3.21<\/b> F\u00e1i s\u00f6mu mynd R\u00f3m 8.29; 1Kor 15.42-49,53 \u2013 kraftur Krists Ef 1.19; 3.7; sbr 1Kor 1.25 \u2013 leggja allt undir Jes\u00fa Krist 1Kor 15.27-28; Heb 2.8<\/div>\n","protected":false},"excerpt":{"rendered":"<p>1A\u00f0 endingu, br\u00e6\u00f0ur m\u00ednir, veri\u00f0 gla\u00f0ir \u00ed Drottni. \u00c9g tel ekki eftir m\u00e9r a\u00f0 endurtaka \u00fea\u00f0, sem \u00e9g hef skrifa\u00f0, en y\u00f0ur er \u00fea\u00f0 til \u00f6ryggis.2Gefi\u00f0 g\u00e6tur a\u00f0 hundunum, gefi\u00f0 g\u00e6tur a\u00f0 hinum vondu verkam\u00f6nnum, gefi\u00f0 g\u00e6tur a\u00f0 hinum sundurskornu.3V\u00e9r erum hinir umskornu, v\u00e9r sem d\u00fdrkum Gu\u00f0 \u00ed anda hans og miklumst af Kristi Jes\u00fa og treystum ekki ytri yfirbur\u00f0um,4jafnvel \u00fe\u00f3tt \u00e9g hafi einnig \u00fe\u00e1 ytri yfirbur\u00f0i, sem \u00e9g g\u00e6ti treyst. Ef einhver annar \u00feykist geta treyst ytri yfirbur\u00f0um, \u00fe\u00e1 get \u00e9g \u00fea\u00f0 fremur.5\u00c9g var umskorinn \u00e1 \u00e1ttunda degi, af kyni \u00cdsraels, \u00e6ttkv\u00edsl Benjam\u00edns, Hebrei af Hebreum, far\u00edsei \u00ed afst\u00f6\u00f0unni <a href=\"https:\/\/biblian.is\/1981\/filippibrefid-3-kafli\/\"> [&#8230;]<\/a><\/p>\n","protected":false},"author":1,"featured_media":0,"parent":0,"menu_order":0,"comment_status":"open","ping_status":"open","template":"bibliukaflar.php","meta":{"footnotes":""},"class_list":["post-2453","page","type-page","status-publish","hentry"],"_links":{"self":[{"href":"https:\/\/biblian.is\/1981\/wp-json\/wp\/v2\/pages\/2453","targetHints":{"allow":["GET"]}}],"collection":[{"href":"https:\/\/biblian.is\/1981\/wp-json\/wp\/v2\/pages"}],"about":[{"href":"https:\/\/biblian.is\/1981\/wp-json\/wp\/v2\/types\/page"}],"author":[{"embeddable":true,"href":"https:\/\/biblian.is\/1981\/wp-json\/wp\/v2\/users\/1"}],"replies":[{"embeddable":true,"href":"https:\/\/biblian.is\/1981\/wp-json\/wp\/v2\/comments?post=2453"}],"version-history":[{"count":0,"href":"https:\/\/biblian.is\/1981\/wp-json\/wp\/v2\/pages\/2453\/revisions"}],"wp:attachment":[{"href":"https:\/\/biblian.is\/1981\/wp-json\/wp\/v2\/media?parent=2453"}],"curies":[{"name":"wp","href":"https:\/\/api.w.org\/{rel}","templated":true}]}}