{"id":2452,"date":"2017-11-18T20:21:51","date_gmt":"2017-11-18T20:21:51","guid":{"rendered":"http:\/\/biblian.is\/1981\/filippibrefid-2-kafli\/"},"modified":"2021-06-06T10:51:07","modified_gmt":"2021-06-06T10:51:07","slug":"filippibrefid-2-kafli","status":"publish","type":"page","link":"https:\/\/biblian.is\/1981\/filippibrefid-2-kafli\/","title":{"rendered":"Filipp\u00edbr\u00e9fi\u00f0 2. kafli"},"content":{"rendered":"<p><a name=\"1\"><span class=\"versanumer\">1<\/span><\/a>Ef nokkurs m\u00e1 s\u00edn upphvatning \u00ed nafni Krists, ef k\u00e6rleiks\u00e1varp, ef samf\u00e9lag andans, ef \u00e1st\u00fa\u00f0 og me\u00f0aumkun m\u00e1 s\u00edn nokkurs,<a name=\"2\"><span class=\"versanumer\">2<\/span><\/a>\u00fe\u00e1 gj\u00f6ri\u00f0 gle\u00f0i m\u00edna fullkomna me\u00f0 \u00fev\u00ed a\u00f0 vera samhuga, hafa sama k\u00e6rleika, einn hug og eina s\u00e1l.<a name=\"3\"><span class=\"versanumer\">3<\/span><\/a>Gj\u00f6ri\u00f0 ekkert af eigingirni e\u00f0a h\u00e9g\u00f3magirnd. Veri\u00f0 l\u00edtill\u00e1tir og meti\u00f0 a\u00f0ra meira en sj\u00e1lfa y\u00f0ur.<a name=\"4\"><span class=\"versanumer\">4<\/span><\/a>L\u00edti\u00f0 ekki a\u00f0eins \u00e1 eigin hag, heldur einnig annarra.<a name=\"5\"><span class=\"versanumer\">5<\/span><\/a>Veri\u00f0 me\u00f0 sama hugarfari sem Jes\u00fas Kristur var.<a name=\"6\"><span class=\"versanumer\">6<\/span><\/a>Hann var \u00ed Gu\u00f0s mynd. En hann f\u00f3r ekki me\u00f0 \u00fea\u00f0 sem feng sinn a\u00f0 vera Gu\u00f0i l\u00edkur.<a name=\"7\"><span class=\"versanumer\">7<\/span><\/a>Hann svipti sig \u00f6llu, t\u00f3k \u00e1 sig \u00fej\u00f3ns mynd og var\u00f0 m\u00f6nnum l\u00edkur.<a name=\"8\"><span class=\"versanumer\">8<\/span><\/a>Hann kom fram sem ma\u00f0ur, l\u00e6g\u00f0i sj\u00e1lfan sig og var\u00f0 hl\u00fd\u00f0inn allt til dau\u00f0a, j\u00e1, dau\u00f0ans \u00e1 krossi.<a name=\"9\"><span class=\"versanumer\">9<\/span><\/a>Fyrir \u00fev\u00ed hefur og Gu\u00f0 h\u00e1tt upp hafi\u00f0 hann og gefi\u00f0 honum nafni\u00f0, sem hverju nafni er \u00e6\u00f0ra,<a name=\"10\"><span class=\"versanumer\">10<\/span><\/a>til \u00feess a\u00f0 fyrir nafni Jes\u00fa skuli hvert kn\u00e9 beygja sig \u00e1 himni, j\u00f6r\u00f0u og undir j\u00f6r\u00f0u<a name=\"11\"><span class=\"versanumer\">11<\/span><\/a>og s\u00e9rhver tunga j\u00e1ta Gu\u00f0i f\u00f6\u00f0ur til d\u00fdr\u00f0ar: Jes\u00fas Kristur er Drottinn.<a name=\"12\"><span class=\"versanumer\">12<\/span><\/a>\u00deess vegna, m\u00ednir elsku\u00f0u, \u00fe\u00e9r sem \u00e6t\u00ed\u00f0 hafi\u00f0 veri\u00f0 hl\u00fd\u00f0nir, vinni\u00f0 n\u00fa a\u00f0 s\u00e1luhj\u00e1lp y\u00f0ar me\u00f0 ugg og \u00f3tta eins og \u00feegar \u00e9g var hj\u00e1 y\u00f0ur, \u00fev\u00ed fremur n\u00fa, \u00feegar \u00e9g er fjarri.<a name=\"13\"><span class=\"versanumer\">13<\/span><\/a>\u00dev\u00ed a\u00f0 \u00fea\u00f0 er Gu\u00f0, sem verkar \u00ed y\u00f0ur b\u00e6\u00f0i a\u00f0 vilja og framkv\u00e6ma s\u00e9r til vel\u00fe\u00f3knunar.<a name=\"14\"><span class=\"versanumer\">14<\/span><\/a>Gj\u00f6ri\u00f0 allt \u00e1n \u00feess a\u00f0 m\u00f6gla og hika,<a name=\"15\"><span class=\"versanumer\">15<\/span><\/a>til \u00feess a\u00f0 \u00fe\u00e9r ver\u00f0i\u00f0 \u00f3a\u00f0finnanlegir og hreinir, flekklaus Gu\u00f0s b\u00f6rn me\u00f0al rangsn\u00fainnar og gj\u00f6rspilltrar kynsl\u00f3\u00f0ar. \u00de\u00e9r sk\u00edni\u00f0 hj\u00e1 \u00feeim eins og lj\u00f3s \u00ed heiminum.<a name=\"16\"><span class=\"versanumer\">16<\/span><\/a>Haldi\u00f0 fast vi\u00f0 or\u00f0 l\u00edfsins, m\u00e9r til hr\u00f3ss \u00e1 degi Krists. \u00de\u00e1 hef \u00e9g ekki hlaupi\u00f0 til einskis n\u00e9 erfi\u00f0a\u00f0 til \u00f3n\u00fdtis.<a name=\"17\"><span class=\"versanumer\">17<\/span><\/a>Og enda \u00fe\u00f3tt bl\u00f3\u00f0i m\u00ednu ver\u00f0i \u00fathellt vi\u00f0 f\u00f3rnar\u00fej\u00f3nustu m\u00edna, \u00feegar \u00e9g ber tr\u00fa y\u00f0ar fram fyrir Gu\u00f0, \u00fe\u00e1 gle\u00f0st \u00e9g og samgle\u00f0st y\u00f0ur \u00f6llum.<a name=\"18\"><span class=\"versanumer\">18<\/span><\/a>Af hinu sama skulu\u00f0 \u00fe\u00e9r einnig gle\u00f0jast og samgle\u00f0jast m\u00e9r.<a name=\"19\"><span class=\"versanumer\">19<\/span><\/a>En \u00e9g hef \u00fe\u00e1 von til Drottins Jes\u00fa, a\u00f0 \u00e9g muni br\u00e1\u00f0um geta sent T\u00edm\u00f3teus til y\u00f0ar, til \u00feess a\u00f0 m\u00e9r ver\u00f0i einnig hugh\u00e6gra, \u00fe\u00e1 er \u00e9g f\u00e6 a\u00f0 vita um hagi y\u00f0ar.<a name=\"20\"><span class=\"versanumer\">20<\/span><\/a>\u00c9g hef engan honum l\u00edkan, sem l\u00e6tur s\u00e9r eins einl\u00e6glega annt um hagi y\u00f0ar. _<a name=\"21\"><span class=\"versanumer\">21<\/span><\/a>Allir leita \u00feess, sem sj\u00e1lfra \u00feeirra er, en ekki \u00feess, sem Krists Jes\u00fa er. _<a name=\"22\"><span class=\"versanumer\">22<\/span><\/a>En \u00fe\u00e9r viti\u00f0, hvernig hann hefur reynst, a\u00f0 hann hefur \u00fej\u00f3na\u00f0 a\u00f0 bo\u00f0un fagna\u00f0arerindisins me\u00f0 m\u00e9r eins og barn me\u00f0 f\u00f6\u00f0ur s\u00ednum.<a name=\"23\"><span class=\"versanumer\">23<\/span><\/a>Hann vona \u00e9g \u00fe\u00e1 a\u00f0 geta sent, jafnskj\u00f3tt og \u00e9g s\u00e9, hva\u00f0 um mig ver\u00f0ur.<a name=\"24\"><span class=\"versanumer\">24<\/span><\/a>En \u00e9g ber \u00fea\u00f0 traust til Drottins, a\u00f0 \u00e9g muni og br\u00e1\u00f0um koma sj\u00e1lfur.<a name=\"25\"><span class=\"versanumer\">25<\/span><\/a>\u00c9g taldi \u00fea\u00f0 og nau\u00f0synlegt a\u00f0 senda til y\u00f0ar Epafrod\u00edtus, br\u00f3\u00f0ur minn, samverkamann og samherja, en sendimann y\u00f0ar og erindreka \u00ed \u00fev\u00ed a\u00f0 b\u00e6ta \u00far \u00fe\u00f6rf minni.<a name=\"26\"><span class=\"versanumer\">26<\/span><\/a>Hann hefur \u00fer\u00e1\u00f0 y\u00f0ur alla og li\u00f0i\u00f0 illa \u00fat af \u00fev\u00ed, a\u00f0 \u00fe\u00e9r h\u00f6f\u00f0u\u00f0 heyrt, a\u00f0 hann hef\u00f0i or\u00f0i\u00f0 sj\u00fakur.<a name=\"27\"><span class=\"versanumer\">27<\/span><\/a>\u00dev\u00ed sj\u00fakur var\u00f0 hann, a\u00f0 dau\u00f0a kominn, en Gu\u00f0 miskunna\u00f0i honum og ekki einungis honum, heldur og m\u00e9r, til \u00feess a\u00f0 \u00e9g skyldi eigi hafa hrygg\u00f0 \u00e1 hrygg\u00f0 ofan.<a name=\"28\"><span class=\"versanumer\">28<\/span><\/a>Fyrir \u00fev\u00ed l\u00e6t \u00e9g m\u00e9r enn annara um a\u00f0 senda hann heim, til \u00feess a\u00f0 \u00fe\u00e9r ver\u00f0i\u00f0 aftur gla\u00f0ir, er \u00fe\u00e9r sj\u00e1i\u00f0 hann, og m\u00e9r ver\u00f0i hugh\u00e6gra.<a name=\"29\"><span class=\"versanumer\">29<\/span><\/a>Taki\u00f0 \u00fev\u00ed \u00e1 m\u00f3ti honum \u00ed nafni Drottins me\u00f0 \u00f6llum f\u00f6gnu\u00f0i, og hafi\u00f0 sl\u00edka menn \u00ed hei\u00f0ri.<a name=\"30\"><span class=\"versanumer\">30<\/span><\/a>Hann var a\u00f0 vinna fyrir Krist. \u00deess vegna var hann a\u00f0 dau\u00f0a kominn. Hann lag\u00f0i l\u00edf sitt \u00ed h\u00e6ttu til \u00feess a\u00f0 b\u00e6ta upp \u00fea\u00f0, sem brast \u00e1 hj\u00e1lp y\u00f0ar m\u00e9r til handa.<\/p>\n<div class=\"footnote1981\"><b>2.2<\/b> Einhuga Fil 4.2; R\u00f3m 15.5; 1Kor 1.10-16<br \/>\n<b>2.3<\/b> Eigingirni Fil 1.17 \u2013 h\u00e9g\u00f3magirnd Gal 5.26<br \/>\n<b>2.4<\/b> Hagur annarra 1Kor 10.24,33; 13.5; sbr Fil 2.21<br \/>\n<b>2.5<\/b> Sem Kristur Jes\u00fas var J\u00f3h 13.15; 1J\u00f3h 2.6<br \/>\n<b>2.6<\/b> L\u00edkur Gu\u00f0i 1M\u00f3s 3.5,22; R\u00f3m 5.14 \u2013 \u00ed Gu\u00f0s mynd J\u00f3h 1.1-2; 17.5; K\u00f3l 1.15; 1J\u00f3h 1.1-2<br \/>\n<b>2.7<\/b> Svipti sig \u00f6llu 2Kor 8.9 \u2013 \u00fej\u00f3ns mynd Jes 52.13-53.12; Matt 20.28 \u2013 var\u00f0 m\u00f6nnum l\u00edkur J\u00f3h 1.14; R\u00f3m 8.3; 1T\u00edm 2.5; Heb 2.14,17<br \/>\n<b>2.8<\/b> Au\u00f0m\u00fdkt Heb 2.9 \u2013 hl\u00fd\u00f0ni Matt 26.39; J\u00f3h 4.34; 6.38; Heb 5.8; 12.2 \u2013 kross Post 2.23; 1Kor 1.17-18; 2.2; sbr J\u00f3h 10.17<br \/>\n<b>2.9<\/b> Hefja upp Jes 53.10-12; J\u00f3h 12.32; Post 2.24,32-33; R\u00f3m 1.4; 1\u00deess 1.10; heb 1.3 \u2013 nafni\u00f0 Post 2.21,36 \u2013 hverju nafni \u00e6\u00f0ra Ef 1.20-21; Heb 1.4<br \/>\n<b>2.10-11<\/b> Hvert kn\u00e9 &#8230; Jes 45.23; R\u00f3m 14.11; sbr Ef 3.14 \u2013 hinn upprisni er \u00e6\u00f0stur Ef 4.10; K\u00f3l 1.18-20 \u2013 undir j\u00f6r\u00f0u Opb 5.3,13<br \/>\n<b>2.11<\/b> Jes\u00fas Kristur er Drottinn Post 2.36; R\u00f3m 10.9; 1Kor 12.3; sbr Opb 19.16 \u2013 Gu\u00f0i til d\u00fdr\u00f0ar Fil 1.11; R\u00f3m 11.36; 1Kor 15.24-28<br \/>\n<b>2.12<\/b> Me\u00f0 ugg og \u00f3tta 2Kor 7.15+<br \/>\n<b>2.13<\/b> Gu\u00f0, sem verkar \u00ed ykkur &#8230; J\u00f3h 15.5; 1Kor 12.6; 15.10; 2Kor 3.5; Ef 2.10; 1\u00deess 2.13; Heb 13.21<br \/>\n<b>2.14<\/b> M\u00f6gla 4M\u00f3s 14.2,27; 1Kor 10.10; 1P\u00e9t 4.9<br \/>\n<b>2.15<\/b> Flekklaus Fil 1.10; 1\u00deess 3.13; 5.23 \u2013 gerspillt kynsl\u00f3\u00f0 5M\u00f3s 32.5; Matt 12.39; Post 2.40; sbr Matt 10.16 \u2013 lj\u00f3s \u00ed heiminum J\u00f3h 8.12; 12.35-36; Matt 514; Ef 5.8-11; 1\u00deess 5.5<br \/>\n<b>2.16<\/b> Dagur Krists Fil 1.6+ &#8211; hlaup og erfi\u00f0i Post 20.24; 1Kor 9.24-27; 2T\u00edm 4.7 \u2013 til \u00f3n\u00fdtis Jes 49.4; 65.23; Gal 2.2; 1\u00deess 2.1<br \/>\n<b>2.17-18<\/b> Gle\u00f0jast Fil 1.4+<br \/>\n<b>2.17<\/b> Vi\u00f0 f\u00f3rnar\u00fej\u00f3nustu m\u00edna 2M\u00f3s 29.40-41; 4M\u00f3s 15.1-16; 29.6; 2T\u00edm 4.6 \u2013 Gu\u00f0i f\u00e6r\u00f0 helgi\u00fej\u00f3nusta R\u00f3m 12.1; 15.16; Fil 3.3; 4.18<br \/>\n<b>2.19<\/b> \u00c1form P\u00e1ls Post 19.21-22 \u2013 T\u00edm\u00f3teus Post 16.1+<br \/>\n<b>2.22<\/b> \u00cd \u00fej\u00f3nustu fagna\u00f0arerindisins Fil 1.1,5<\/div>\n","protected":false},"excerpt":{"rendered":"<p>1Ef nokkurs m\u00e1 s\u00edn upphvatning \u00ed nafni Krists, ef k\u00e6rleiks\u00e1varp, ef samf\u00e9lag andans, ef \u00e1st\u00fa\u00f0 og me\u00f0aumkun m\u00e1 s\u00edn nokkurs,2\u00fe\u00e1 gj\u00f6ri\u00f0 gle\u00f0i m\u00edna fullkomna me\u00f0 \u00fev\u00ed a\u00f0 vera samhuga, hafa sama k\u00e6rleika, einn hug og eina s\u00e1l.3Gj\u00f6ri\u00f0 ekkert af eigingirni e\u00f0a h\u00e9g\u00f3magirnd. Veri\u00f0 l\u00edtill\u00e1tir og meti\u00f0 a\u00f0ra meira en sj\u00e1lfa y\u00f0ur.4L\u00edti\u00f0 ekki a\u00f0eins \u00e1 eigin hag, heldur einnig annarra.5Veri\u00f0 me\u00f0 sama hugarfari sem Jes\u00fas Kristur var.6Hann var \u00ed Gu\u00f0s mynd. En hann f\u00f3r ekki me\u00f0 \u00fea\u00f0 sem feng sinn a\u00f0 vera Gu\u00f0i l\u00edkur.7Hann svipti sig \u00f6llu, t\u00f3k \u00e1 sig \u00fej\u00f3ns mynd og var\u00f0 m\u00f6nnum l\u00edkur.8Hann kom fram sem ma\u00f0ur, l\u00e6g\u00f0i <a href=\"https:\/\/biblian.is\/1981\/filippibrefid-2-kafli\/\"> [&#8230;]<\/a><\/p>\n","protected":false},"author":1,"featured_media":0,"parent":0,"menu_order":0,"comment_status":"open","ping_status":"open","template":"bibliukaflar.php","meta":{"footnotes":""},"class_list":["post-2452","page","type-page","status-publish","hentry"],"_links":{"self":[{"href":"https:\/\/biblian.is\/1981\/wp-json\/wp\/v2\/pages\/2452","targetHints":{"allow":["GET"]}}],"collection":[{"href":"https:\/\/biblian.is\/1981\/wp-json\/wp\/v2\/pages"}],"about":[{"href":"https:\/\/biblian.is\/1981\/wp-json\/wp\/v2\/types\/page"}],"author":[{"embeddable":true,"href":"https:\/\/biblian.is\/1981\/wp-json\/wp\/v2\/users\/1"}],"replies":[{"embeddable":true,"href":"https:\/\/biblian.is\/1981\/wp-json\/wp\/v2\/comments?post=2452"}],"version-history":[{"count":0,"href":"https:\/\/biblian.is\/1981\/wp-json\/wp\/v2\/pages\/2452\/revisions"}],"wp:attachment":[{"href":"https:\/\/biblian.is\/1981\/wp-json\/wp\/v2\/media?parent=2452"}],"curies":[{"name":"wp","href":"https:\/\/api.w.org\/{rel}","templated":true}]}}