{"id":2451,"date":"2017-11-18T20:21:51","date_gmt":"2017-11-18T20:21:51","guid":{"rendered":"http:\/\/biblian.is\/1981\/filippibrefid-1-kafli\/"},"modified":"2021-06-06T10:51:07","modified_gmt":"2021-06-06T10:51:07","slug":"filippibrefid-1-kafli","status":"publish","type":"page","link":"https:\/\/biblian.is\/1981\/filippibrefid-1-kafli\/","title":{"rendered":"Filipp\u00edbr\u00e9fi\u00f0 1. kafli"},"content":{"rendered":"<p><a name=\"1\"><span class=\"versanumer\">1<\/span><\/a>P\u00e1ll og T\u00edm\u00f3teus, \u00fej\u00f3nar Krists Jes\u00fa, heilsa \u00f6llum heil\u00f6gum \u00ed Filipp\u00ed, sem eru \u00ed Kristi Jes\u00fa, \u00e1samt biskupum \u00feeirra og dj\u00e1knum.<a name=\"2\"><span class=\"versanumer\">2<\/span><\/a>N\u00e1\u00f0 s\u00e9 me\u00f0 y\u00f0ur og fri\u00f0ur fr\u00e1 Gu\u00f0i f\u00f6\u00f0ur vorum og Drottni Jes\u00fa Kristi.<a name=\"3\"><span class=\"versanumer\">3<\/span><\/a>\u00c9g \u00feakka Gu\u00f0i m\u00ednum \u00ed hvert skipti, sem \u00e9g hugsa til y\u00f0ar,<a name=\"4\"><span class=\"versanumer\">4<\/span><\/a>og gj\u00f6ri \u00e1vallt \u00ed \u00f6llum b\u00e6num m\u00ednum me\u00f0 gle\u00f0i b\u00e6n fyrir y\u00f0ur \u00f6llum,<a name=\"5\"><span class=\"versanumer\">5<\/span><\/a>vegna samf\u00e9lags y\u00f0ar um fagna\u00f0arerindi\u00f0 fr\u00e1 hinum fyrsta degi til \u00feessa.<a name=\"6\"><span class=\"versanumer\">6<\/span><\/a>Og \u00e9g fulltreysti einmitt \u00fev\u00ed, a\u00f0 hann, sem byrja\u00f0i \u00ed y\u00f0ur g\u00f3\u00f0a verki\u00f0, muni fullkomna \u00fea\u00f0 allt til dags Jes\u00fa Krists.<a name=\"7\"><span class=\"versanumer\">7<\/span><\/a>V\u00edst er \u00fea\u00f0 r\u00e9tt fyrir mig a\u00f0 bera \u00feennan hug til y\u00f0ar allra. \u00c9g hef y\u00f0ur \u00ed hjarta m\u00ednu, og \u00fe\u00e9r eigi\u00f0 allir hlutdeild me\u00f0 m\u00e9r \u00ed n\u00e1\u00f0inni, b\u00e6\u00f0i \u00ed fj\u00f6trum m\u00ednum og \u00feegar \u00e9g er a\u00f0 verja fagna\u00f0arerindi\u00f0 og sta\u00f0festa \u00fea\u00f0.<a name=\"8\"><span class=\"versanumer\">8<\/span><\/a>Gu\u00f0 er m\u00e9r \u00feess vitni, hvernig \u00e9g \u00fer\u00e1i y\u00f0ur alla me\u00f0 \u00e1st\u00fa\u00f0 Krists Jes\u00fa.<a name=\"9\"><span class=\"versanumer\">9<\/span><\/a>Og \u00feetta bi\u00f0 \u00e9g um, a\u00f0 elska y\u00f0ar aukist enn \u00fe\u00e1 meir og meir a\u00f0 \u00feekkingu og allri d\u00f3mgreind,<a name=\"10\"><span class=\"versanumer\">10<\/span><\/a>svo a\u00f0 \u00fe\u00e9r geti\u00f0 meti\u00f0 \u00fe\u00e1 hluti r\u00e9tt, sem m\u00e1li skipta, og s\u00e9u\u00f0 hreinir og \u00e1m\u00e6lislausir til dags Krists,<a name=\"11\"><span class=\"versanumer\">11<\/span><\/a>au\u00f0ugir a\u00f0 r\u00e9ttl\u00e6tis \u00e1vexti \u00feeim, er f\u00e6st fyrir Jes\u00fa Krist til d\u00fdr\u00f0ar og lofs Gu\u00f0i.<a name=\"12\"><span class=\"versanumer\">12<\/span><\/a>En \u00e9g vil, br\u00e6\u00f0ur, a\u00f0 \u00fe\u00e9r viti\u00f0, a\u00f0 \u00fea\u00f0, sem fram vi\u00f0 mig hefur komi\u00f0, hefur \u00ed raun or\u00f0i\u00f0 fagna\u00f0arerindinu til eflingar.<a name=\"13\"><span class=\"versanumer\">13<\/span><\/a>\u00dev\u00ed a\u00f0 \u00fea\u00f0 er auglj\u00f3st or\u00f0i\u00f0 \u00ed allri l\u00edfvar\u00f0arh\u00f6llinni og fyrir \u00f6llum \u00f6\u00f0rum, a\u00f0 \u00e9g er \u00ed fj\u00f6trum vegna Krists,<a name=\"14\"><span class=\"versanumer\">14<\/span><\/a>og flestir af br\u00e6\u00f0runum hafa \u00f6\u00f0last meira traust \u00e1 Drottni vi\u00f0 fj\u00f6tra m\u00edna og fengi\u00f0 meiri dj\u00f6rfung til a\u00f0 tala or\u00f0 Gu\u00f0s \u00f3ttalaust.<a name=\"15\"><span class=\"versanumer\">15<\/span><\/a>Sumir pr\u00e9dika a\u00f0 s\u00f6nnu Krist af \u00f6fund og \u00fer\u00e6tugirni, en sumir gj\u00f6ra \u00fea\u00f0 l\u00edka af g\u00f3\u00f0um hug.<a name=\"16\"><span class=\"versanumer\">16<\/span><\/a>\u00deeir gj\u00f6ra \u00fea\u00f0 af k\u00e6rleika, vegna \u00feess a\u00f0 \u00feeir vita, a\u00f0 \u00e9g er settur fagna\u00f0arerindinu til varnar.<a name=\"17\"><span class=\"versanumer\">17<\/span><\/a>Hinir pr\u00e9dika Krist af eigingirni og ekki af hreinum hug, heldur \u00ed \u00feeim tilgangi a\u00f0 b\u00e6ta \u00ferengingu ofan \u00e1 fj\u00f6tra m\u00edna.<a name=\"18\"><span class=\"versanumer\">18<\/span><\/a>En hva\u00f0 um \u00fea\u00f0! Kristur er allt a\u00f0 einu bo\u00f0a\u00f0ur, hvort sem \u00fea\u00f0 heldur er af uppger\u00f0 e\u00f0a heilum hug. Og \u00feetta gle\u00f0ur mig. J\u00e1, \u00fea\u00f0 mun \u00e1fram gle\u00f0ja mig.<a name=\"19\"><span class=\"versanumer\">19<\/span><\/a>\u00dev\u00ed a\u00f0 \u00e9g veit, a\u00f0 \u00feetta ver\u00f0ur m\u00e9r til frelsunar fyrir b\u00e6nir y\u00f0ar og hj\u00e1lpina, sem andi Jes\u00fa Krists veitir m\u00e9r.<a name=\"20\"><span class=\"versanumer\">20<\/span><\/a>Og \u00fea\u00f0 er einl\u00e6g l\u00f6ngun m\u00edn og von, a\u00f0 \u00e9g \u00ed engu megi til skammar ver\u00f0a, heldur a\u00f0 Kristur megi \u00ed allra augum, n\u00fa eins og \u00e1vallt, vegsamlegur ver\u00f0a \u00ed m\u00e9r, hvort sem \u00fea\u00f0 ver\u00f0ur me\u00f0 l\u00edfi m\u00ednu e\u00f0a dau\u00f0a.<a name=\"21\"><span class=\"versanumer\">21<\/span><\/a>\u00dev\u00ed a\u00f0 l\u00edfi\u00f0 er m\u00e9r Kristur og dau\u00f0inn \u00e1vinningur.<a name=\"22\"><span class=\"versanumer\">22<\/span><\/a>En eigi \u00e9g \u00e1fram a\u00f0 lifa \u00e1 j\u00f6r\u00f0inni, \u00fe\u00e1 ver\u00f0ur meiri \u00e1rangur af starfi m\u00ednu. Veit \u00e9g eigi hvort \u00e9g \u00e1 heldur a\u00f0 kj\u00f3sa.<a name=\"23\"><span class=\"versanumer\">23<\/span><\/a>\u00c9g \u00e1 \u00far tvennu v\u00f6ndu a\u00f0 r\u00e1\u00f0a: Mig langar til a\u00f0 fara h\u00e9\u00f0an og vera me\u00f0 Kristi, \u00fev\u00ed a\u00f0 \u00fea\u00f0 v\u00e6ri miklu betra.<a name=\"24\"><span class=\"versanumer\">24<\/span><\/a>En y\u00f0ar vegna er \u00fea\u00f0 nau\u00f0synlegra, a\u00f0 \u00e9g haldi \u00e1fram a\u00f0 lifa h\u00e9r \u00e1 j\u00f6r\u00f0u.<a name=\"25\"><span class=\"versanumer\">25<\/span><\/a>Og \u00ed trausti \u00feess veit \u00e9g, a\u00f0 \u00e9g mun lifa og halda \u00e1fram a\u00f0 vera hj\u00e1 y\u00f0ur \u00f6llum, y\u00f0ur til framfara og gle\u00f0i \u00ed tr\u00fanni.<a name=\"26\"><span class=\"versanumer\">26<\/span><\/a>\u00deegar \u00e9g kem aftur til y\u00f0ar, geti\u00f0 \u00fe\u00e9r vegna m\u00edn enn framar hr\u00f3sa\u00f0 y\u00f0ur \u00ed Kristi Jes\u00fa.<a name=\"27\"><span class=\"versanumer\">27<\/span><\/a>En hva\u00f0 sem \u00f6\u00f0ru l\u00ed\u00f0ur, \u00fe\u00e1 heg\u00f0i\u00f0 y\u00f0ur eins og sambo\u00f0i\u00f0 er fagna\u00f0arerindinu um Krist. Hvort sem \u00e9g kem og heims\u00e6ki y\u00f0ur e\u00f0a \u00e9g er fjarverandi, skal \u00e9g f\u00e1 a\u00f0 heyra um y\u00f0ur, a\u00f0 \u00fe\u00e9r standi\u00f0 st\u00f6\u00f0ugir \u00ed einum anda og berjist saman me\u00f0 einni s\u00e1l fyrir tr\u00fanni \u00e1 fagna\u00f0arerindi\u00f0<a name=\"28\"><span class=\"versanumer\">28<\/span><\/a>og l\u00e1ti\u00f0 \u00ed engu skelfast af m\u00f3tst\u00f6\u00f0um\u00f6nnunum. Fyrir \u00fe\u00e1 er \u00fea\u00f0 merki fr\u00e1 Gu\u00f0i um gl\u00f6tun \u00feeirra, en um hj\u00e1lpr\u00e6\u00f0i y\u00f0ar.<a name=\"29\"><span class=\"versanumer\">29<\/span><\/a>\u00dev\u00ed a\u00f0 y\u00f0ur er veitt s\u00fa n\u00e1\u00f0 fyrir Krists sakir, ekki einungis a\u00f0 tr\u00faa \u00e1 hann, heldur og a\u00f0 \u00feola \u00fej\u00e1ningar hans vegna.<a name=\"30\"><span class=\"versanumer\">30<\/span><\/a>N\u00fa eigi\u00f0 \u00fe\u00e9r \u00ed s\u00f6mu bar\u00e1ttu sem \u00fe\u00e9r s\u00e1u\u00f0 mig heyja og heyri\u00f0 enn um mig.<\/p>\n<div class=\"footnote1981\"><b>1.1<\/b> T\u00edm\u00f3teus Post 16.1+ &#8211; \u00fej\u00f3nar Krists Jes\u00fa R\u00f3m 1.1; Gal 1.10; Ef 6.6; Jak 1.1; 2P\u00e9t 1.1<br \/>\n<b>1.3-4<\/b> \u00deakkargj\u00f6r\u00f0 1Kor 1.4; 1\u00deess 1.2; 2.13 \u2013 og fyrirb\u00e6n R\u00f3m 1.8-10; Ef 1.16-17; Fil 1.9; 4.6; K\u00f3l 4.2<br \/>\n<b>1.4<\/b> Me\u00f0 gle\u00f0i Fil 1.18,25; 2.2,17-18,28-29; 3.1; 4.1,4,10<br \/>\n<b>1.5<\/b> Samf\u00e9lag um fagna\u00f0arerindi\u00f0 Post 16.13-15; Fil 1.27-30; 4.3,14,15-18; sbr R\u00f3m 15.26-27<br \/>\n<b>1.6<\/b> Verk Drottins Fil 1.11,28; 2.1,13,30; 3.10; 4.13,19; sbr J\u00f3h 4.34; 6.28-29; R\u00f3m 14.20 \u2013 dagur Jes\u00fa Krists 1Kor 1.8; Fil 1.10; 2.16; 1\u00deess 4.15; sbr Am 5.18<br \/>\n<b>1.7<\/b> Hlutdeild \u00ed n\u00e1\u00f0inni R\u00f3m 1.5; Ef 3.1-2; sbr Fil 1.29-30<br \/>\n<b>1.9<\/b> \u00deess bi\u00f0 \u00e9g K\u00f3l 1.9-10<br \/>\n<b>1.10<\/b> Meta r\u00e9tt R\u00f3m 2.18; 12.2; 1\u00deess 5.21; Heb 5.14 \u2013 hrein og \u00e1m\u00e6lislaus Ef 1.4; 1\u00deess 3.13; 5.23<br \/>\n<b>1.11<\/b> \u00c1v\u00f6xtur Fil 4.17+ &#8211; r\u00e9ttl\u00e6tisins Heb 12.11; Jak 3.18 \u2013 d\u00fdr\u00f0 og lof Fil 2.11; Ef 1.6,12,14 \u2013 s\u00e9 Gu\u00f0i 1Kor 15.28,57<br \/>\n<b>1.13<\/b> \u00cd fj\u00f6trum vegna Krists Ef 3.1; 4.1; Fil 1.7<br \/>\n<b>1.19<\/b> Munua frelsa Job 13.16<br \/>\n<b>1.20<\/b> S\u00fdna me\u00f0 l\u00edfi m\u00ednu og &#8230; 1Kor 6.12-20<br \/>\n<b>1.21<\/b> L\u00edfi\u00f0 er m\u00e9r Kristur R\u00f3m 8.10-11; Gal 2.20; K\u00f3l 3.3-4<br \/>\n<b>1.23<\/b> Vera me\u00f0 Kristi 2Kor 5.6-9; 1\u00deess 4.17; 5.10; 2\u00deess 2.1; sbr R\u00f3m 14.8<br \/>\n<b>1.25<\/b> Ykkur til Fil 1.9-10; 2\u00deess 1.3; 1T\u00edm 4.15<br \/>\n<b>1.27<\/b> Sam\u00feegnar Ef 2.19; Fil 3.20 \u2013 sambo\u00f0i\u00f0 fagna\u00f0arerindinu Ef 4.1-3+ &#8211; standi\u00f0 st\u00f6\u00f0ug Gal 5.1; Fil 4.1; 1\u00deess 3.8; 2\u00deess 2.15 \u2013 \u00ed einum anda Ef 4.3-4 \u2013 berjist saman Fil 1.30+<br \/>\n<b>1.28<\/b> Merki um gl\u00f6tun \u00feeirra en um frelsun ykkar 2\u00deess 1.4-10<br \/>\n<b>1.29<\/b> S\u00fa n\u00e1\u00f0 a\u00f0 \u00feola \u00fej\u00e1ningar hans vegna Fil 3.10; Matt 5.10-12; Post 5.41; 1P\u00e9t 1.6-7<br \/>\n<b>1.30<\/b> Bar\u00e1tta P\u00e1ls Post 16.19-40; 1\u00deess 2.2; 2Kor 11.24-12.10; K\u00f3l 1.29; 2.1; 4.12 \u2013 \u00ed s\u00f6mu bar\u00e1ttu Fil 1.7,27; 4.3<\/div>\n","protected":false},"excerpt":{"rendered":"<p>1P\u00e1ll og T\u00edm\u00f3teus, \u00fej\u00f3nar Krists Jes\u00fa, heilsa \u00f6llum heil\u00f6gum \u00ed Filipp\u00ed, sem eru \u00ed Kristi Jes\u00fa, \u00e1samt biskupum \u00feeirra og dj\u00e1knum.2N\u00e1\u00f0 s\u00e9 me\u00f0 y\u00f0ur og fri\u00f0ur fr\u00e1 Gu\u00f0i f\u00f6\u00f0ur vorum og Drottni Jes\u00fa Kristi.3\u00c9g \u00feakka Gu\u00f0i m\u00ednum \u00ed hvert skipti, sem \u00e9g hugsa til y\u00f0ar,4og gj\u00f6ri \u00e1vallt \u00ed \u00f6llum b\u00e6num m\u00ednum me\u00f0 gle\u00f0i b\u00e6n fyrir y\u00f0ur \u00f6llum,5vegna samf\u00e9lags y\u00f0ar um fagna\u00f0arerindi\u00f0 fr\u00e1 hinum fyrsta degi til \u00feessa.6Og \u00e9g fulltreysti einmitt \u00fev\u00ed, a\u00f0 hann, sem byrja\u00f0i \u00ed y\u00f0ur g\u00f3\u00f0a verki\u00f0, muni fullkomna \u00fea\u00f0 allt til dags Jes\u00fa Krists.7V\u00edst er \u00fea\u00f0 r\u00e9tt fyrir mig a\u00f0 bera \u00feennan hug til y\u00f0ar allra. \u00c9g <a href=\"https:\/\/biblian.is\/1981\/filippibrefid-1-kafli\/\"> [&#8230;]<\/a><\/p>\n","protected":false},"author":1,"featured_media":0,"parent":0,"menu_order":0,"comment_status":"open","ping_status":"open","template":"bibliukaflar.php","meta":{"footnotes":""},"class_list":["post-2451","page","type-page","status-publish","hentry"],"_links":{"self":[{"href":"https:\/\/biblian.is\/1981\/wp-json\/wp\/v2\/pages\/2451","targetHints":{"allow":["GET"]}}],"collection":[{"href":"https:\/\/biblian.is\/1981\/wp-json\/wp\/v2\/pages"}],"about":[{"href":"https:\/\/biblian.is\/1981\/wp-json\/wp\/v2\/types\/page"}],"author":[{"embeddable":true,"href":"https:\/\/biblian.is\/1981\/wp-json\/wp\/v2\/users\/1"}],"replies":[{"embeddable":true,"href":"https:\/\/biblian.is\/1981\/wp-json\/wp\/v2\/comments?post=2451"}],"version-history":[{"count":0,"href":"https:\/\/biblian.is\/1981\/wp-json\/wp\/v2\/pages\/2451\/revisions"}],"wp:attachment":[{"href":"https:\/\/biblian.is\/1981\/wp-json\/wp\/v2\/media?parent=2451"}],"curies":[{"name":"wp","href":"https:\/\/api.w.org\/{rel}","templated":true}]}}