{"id":2449,"date":"2017-11-18T20:21:51","date_gmt":"2017-11-18T20:21:51","guid":{"rendered":"http:\/\/biblian.is\/1981\/efesusbrefid-5-kafli\/"},"modified":"2021-06-06T10:50:43","modified_gmt":"2021-06-06T10:50:43","slug":"efesusbrefid-5-kafli","status":"publish","type":"page","link":"https:\/\/biblian.is\/1981\/efesusbrefid-5-kafli\/","title":{"rendered":"Efesusbr\u00e9fi\u00f0 5. kafli"},"content":{"rendered":"<p><a name=\"1\"><span class=\"versanumer\">1<\/span><\/a>Ver\u00f0i\u00f0 \u00fev\u00ed eftirbreytendur Gu\u00f0s, svo sem elsku\u00f0 b\u00f6rn hans.<a name=\"2\"><span class=\"versanumer\">2<\/span><\/a>Lifi\u00f0 \u00ed k\u00e6rleika, eins og Kristur elska\u00f0i oss og lag\u00f0i sj\u00e1lfan sig \u00ed s\u00f6lurnar fyrir oss svo sem f\u00f3rnargj\u00f6f, Gu\u00f0i til \u00fe\u00e6gilegs ilms.<a name=\"3\"><span class=\"versanumer\">3<\/span><\/a>En frillul\u00edfi og \u00f3hreinleiki yfirleitt e\u00f0a \u00e1girnd \u00e1 ekki einu sinni a\u00f0 nefnast \u00e1 nafn me\u00f0al y\u00f0ar. Svo h\u00e6fir heil\u00f6gum.<a name=\"4\"><span class=\"versanumer\">4<\/span><\/a>Ekki heldur sv\u00edvir\u00f0ilegt hjal e\u00f0a \u00f3s\u00e6mandi sp\u00e9. \u00deess \u00ed sta\u00f0 komi miklu fremur \u00feakkargj\u00f6r\u00f0.<a name=\"5\"><span class=\"versanumer\">5<\/span><\/a>\u00dev\u00ed a\u00f0 \u00fea\u00f0 skulu\u00f0 \u00fe\u00e9r vita og festa y\u00f0ur \u00ed minni, a\u00f0 enginn frillul\u00edfisma\u00f0ur e\u00f0a saurugur e\u00f0a \u00e1gjarn, sem er sama og a\u00f0 d\u00fdrka hj\u00e1gu\u00f0i, \u00e1 s\u00e9r arfsvon \u00ed r\u00edki Krists og Gu\u00f0s.<a name=\"6\"><span class=\"versanumer\">6<\/span><\/a>Enginn t\u00e6li y\u00f0ur me\u00f0 marklausum or\u00f0um, \u00fev\u00ed a\u00f0 vegna \u00feessa kemur rei\u00f0i Gu\u00f0s yfir \u00fe\u00e1, sem hl\u00fd\u00f0a honum ekki.<a name=\"7\"><span class=\"versanumer\">7<\/span><\/a>Ver\u00f0i\u00f0 \u00feess vegna ekki lagsmenn \u00feeirra.<a name=\"8\"><span class=\"versanumer\">8<\/span><\/a>Eitt sinn voru\u00f0 \u00fe\u00e9r myrkur, en n\u00fa eru\u00f0 \u00fe\u00e9r lj\u00f3s \u00ed Drottni. Heg\u00f0i\u00f0 y\u00f0ur eins og b\u00f6rn lj\u00f3ssins.<a name=\"9\"><span class=\"versanumer\">9<\/span><\/a>\u00dev\u00ed a\u00f0 \u00e1v\u00f6xtur lj\u00f3ssins er einsk\u00e6r g\u00f3\u00f0vild, r\u00e9ttl\u00e6ti og sannleikur.<a name=\"10\"><span class=\"versanumer\">10<\/span><\/a>Meti\u00f0 r\u00e9tt, hva\u00f0 Drottni \u00fe\u00f3knast.<a name=\"11\"><span class=\"versanumer\">11<\/span><\/a>Eigi\u00f0 engan hlut \u00ed verkum myrkursins, sem ekkert gott hl\u00fdst af, heldur fletti\u00f0 miklu fremur ofan af \u00feeim.<a name=\"12\"><span class=\"versanumer\">12<\/span><\/a>\u00dev\u00ed a\u00f0 \u00fea\u00f0, sem sl\u00edkir menn fremja \u00ed leyndum, er jafnvel sv\u00edvir\u00f0ilegt um a\u00f0 tala.<a name=\"13\"><span class=\"versanumer\">13<\/span><\/a>En allt \u00fea\u00f0, sem lj\u00f3si\u00f0 flettir ofan af, ver\u00f0ur auglj\u00f3st. \u00dev\u00ed a\u00f0 allt, sem er auglj\u00f3st, er lj\u00f3s.<a name=\"14\"><span class=\"versanumer\">14<\/span><\/a>\u00dev\u00ed segir svo: Vakna \u00fe\u00fa, sem sefur, og r\u00eds upp fr\u00e1 dau\u00f0um, og \u00fe\u00e1 mun Kristur l\u00fdsa \u00fe\u00e9r.<a name=\"15\"><span class=\"versanumer\">15<\/span><\/a>Hafi\u00f0 \u00fev\u00ed n\u00e1kv\u00e6ma g\u00e1t \u00e1, hvernig \u00fe\u00e9r breyti\u00f0, ekki sem f\u00e1v\u00edsir, heldur sem v\u00edsir.<a name=\"16\"><span class=\"versanumer\">16<\/span><\/a>Noti\u00f0 hverja stund, \u00fev\u00ed a\u00f0 dagarnir eru vondir.<a name=\"17\"><span class=\"versanumer\">17<\/span><\/a>Veri\u00f0 \u00fev\u00ed ekki \u00f3skynsamir, heldur reyni\u00f0 a\u00f0 skilja, hver s\u00e9 vilji Drottins.<a name=\"18\"><span class=\"versanumer\">18<\/span><\/a>Drekki\u00f0 y\u00f0ur ekki drukkna af v\u00edni, \u00fea\u00f0 lei\u00f0ir a\u00f0eins til spillingar. Fyllist heldur andanum,<a name=\"19\"><span class=\"versanumer\">19<\/span><\/a>og \u00e1varpi\u00f0 hver annan me\u00f0 s\u00e1lmum, lofs\u00f6ngum og andlegum lj\u00f3\u00f0um. Syngi\u00f0 og leiki\u00f0 fyrir Drottin \u00ed hj\u00f6rtum y\u00f0ar,<a name=\"20\"><span class=\"versanumer\">20<\/span><\/a>og \u00feakki\u00f0 jafnan Gu\u00f0i, f\u00f6\u00f0urnum, fyrir alla hluti \u00ed nafni Drottins vors Jes\u00fa Krists.<a name=\"21\"><span class=\"versanumer\">21<\/span><\/a>Veri\u00f0 hver \u00f6\u00f0rum undirgefnir \u00ed \u00f3tta Krists:<a name=\"22\"><span class=\"versanumer\">22<\/span><\/a>Konurnar eiginm\u00f6nnum s\u00ednum eins og \u00fea\u00f0 v\u00e6ri Drottinn.<a name=\"23\"><span class=\"versanumer\">23<\/span><\/a>\u00dev\u00ed a\u00f0 ma\u00f0urinn er h\u00f6fu\u00f0 konunnar, eins og Kristur er h\u00f6fu\u00f0 kirkjunnar, hann er frelsari l\u00edkama s\u00edns.<a name=\"24\"><span class=\"versanumer\">24<\/span><\/a>En eins og kirkjan er undirgefin Kristi, \u00feannig s\u00e9u og konurnar m\u00f6nnum s\u00ednum undirgefnar \u00ed \u00f6llu.<a name=\"25\"><span class=\"versanumer\">25<\/span><\/a>\u00de\u00e9r menn, elski\u00f0 konur y\u00f0ar eins og Kristur elska\u00f0i kirkjuna og lag\u00f0i sj\u00e1lfan sig \u00ed s\u00f6lurnar fyrir hana,<a name=\"26\"><span class=\"versanumer\">26<\/span><\/a>til \u00feess a\u00f0 helga hana og hreinsa \u00ed laug vatnsins me\u00f0 or\u00f0i.<a name=\"27\"><span class=\"versanumer\">27<\/span><\/a>Hann vildi lei\u00f0a hana fram fyrir sig \u00ed d\u00fdr\u00f0 \u00e1n \u00feess h\u00fan hef\u00f0i blett e\u00f0a hrukku n\u00e9 neitt \u00feess h\u00e1ttar. Heil\u00f6g skyldi h\u00fan og l\u00fdtalaus.<a name=\"28\"><span class=\"versanumer\">28<\/span><\/a>\u00deannig skulu eiginmennirnir elska konur s\u00ednar eins og eigin l\u00edkami. S\u00e1, sem elskar konu s\u00edna, elskar sj\u00e1lfan sig.<a name=\"29\"><span class=\"versanumer\">29<\/span><\/a>Enginn hefur nokkru sinni hata\u00f0 eigi\u00f0 hold, heldur elur hann \u00fea\u00f0 og annast, eins og Kristur kirkjuna,<a name=\"30\"><span class=\"versanumer\">30<\/span><\/a>\u00fev\u00ed v\u00e9r erum limir \u00e1 l\u00edkama hans.<a name=\"31\"><span class=\"versanumer\">31<\/span><\/a>\u00deess vegna skal ma\u00f0ur yfirgefa f\u00f6\u00f0ur og m\u00f3\u00f0ur og b\u00faa vi\u00f0 eiginkonu s\u00edna, og munu \u00feau tv\u00f6 ver\u00f0a einn ma\u00f0ur.<a name=\"32\"><span class=\"versanumer\">32<\/span><\/a>\u00deetta er mikill leyndard\u00f3mur. \u00c9g hef \u00ed huga Krist og kirkjuna.<a name=\"33\"><span class=\"versanumer\">33<\/span><\/a>En sem sagt, \u00fe\u00e9r skulu\u00f0 hver og einn elska eiginkonu s\u00edna eins og sj\u00e1lfan sig, en konan beri lotningu fyrir manni s\u00ednum.<\/p>\n<div class=\"footnote1981\"><b>5.1<\/b> Eftirbreytendur 1Kor 11.1; 1\u00deess 1.6-7 \u2013 Gu\u00f0s 3M\u00f3s 19.2; 1P\u00e9t 1.16; Matt 5.48<br \/>\n<b>5.2<\/b> F\u00f3rnargj\u00f6f &#8230; til \u00fe\u00e6gilegs ilms 2M\u00f3s 29.18-; Slm 40.7 \u2013 eins og Kristur elska\u00f0i J\u00f3h 13.34; 15.12; R\u00f3m 14.15; 1J\u00f3h 3.16 \u2013 lag\u00f0i sig \u00ed s\u00f6lurnar fyrir oss 2Kor 5.14-15; Gal 2.20; Ef 5.25 \u2013 f\u00f3rn Gu\u00f0i til \u00fe\u00e6gilegs ilms Esk 20.41; Fil 4.18; Heb 10.10<br \/>\n<b>5.3-5<\/b> \u00d3s\u00e6mandi heg\u00f0un 1Kor 6.9-10; Ef 2.1-2; 4.19-31; K\u00f3l 3.5,8<br \/>\n<b>5.4<\/b> \u00deakkargj\u00f6r\u00f0 K\u00f3l 1.3; 3.15<br \/>\n<b>5.6<\/b> Enginn lei\u00f0i y\u00f0ur afvega Ef 4.14; K\u00f3l 2.4,8<br \/>\n<b>5.8<\/b> Eitt sinn &#8230; n\u00fa Ef 2.11,13 \u2013 lj\u00f3s og myrkur J\u00f3h 8.12; K\u00f3l 1.13; 1\u00deess 5.4-8; Jak 1.17-18; 1P\u00e9t 2.9; 1J\u00f3h 1.5-7 \u2013 b\u00f6rn lj\u00f3ssins L\u00fak 16.8; J\u00f3h 12.36; 1\u00deess 5.5<br \/>\n<b>5.9<\/b> \u00c1v\u00f6xtur Matt 3.8+<br \/>\n<b>5.10<\/b> Meti\u00f0 r\u00e9tt Ef 5.17; R\u00f3m 12.2<br \/>\n<b>5.11-13<\/b> Bar\u00e1tta lj\u00f3ss og myrkurs Jes 60.1; J\u00f3h 1.5; 3.20-21<br \/>\n<b>5.14<\/b> Vakna Jes 26.19; 51.17; 52.1; J\u00f3h 5.25; R\u00f3m 13.11; 2Kor 3.18 \u2013 lj\u00f3s Krists Heb 6.4; 10.32; 1P\u00e9t 2.9<br \/>\n<b>5.15-16<\/b> V\u00eds Ef 1.8+ &#8211; vondir dagar 1Kor 7.26,31<br \/>\n<b>5.19-20<\/b> Lofsyngi\u00f0 og \u00feakki\u00f0 Slm 33.2-3; K\u00f3l 1.3+<br \/>\n<b>5.21<\/b> S\u00fdna lotningu 1P\u00e9t 5.5<br \/>\n<b>5.22-33<\/b> Skyldur hj\u00f3na K\u00f3l 3.18-19+<br \/>\n<b>5.23<\/b> Kirkjan l\u00edkami Krists Ef 4.15-16+<br \/>\n<b>5.25<\/b> Kristur br\u00fa\u00f0gumi kirkjunnar 2Kor 11.2; Opb 19.7; sbr H\u00f3s 1-3 \u2013 lag\u00f0i sig \u00ed s\u00f6lurnar Ef 5.2+<br \/>\n<b>5.26<\/b> Hreinsun me\u00f0 vatni Esk 36.25; T\u00edt 3.5; Heb 10.22 \u2013 helga me\u00f0 or\u00f0i J\u00f3h 15.3 \u2013 Kristur helgar J\u00f3h 17.19; 1Kor 6.11; 7.14; Heb 10.10,14; 13.12<br \/>\n<b>5.27<\/b> Kirkjan leidd fyrir Krist 2Kor 11.2 \u2013 l\u00fdtalaus Ef 1.4<br \/>\n<b>5.28<\/b> Eins og sj\u00e1lfa sig 1Kor 7.14<br \/>\n<b>5.30<\/b> Limir \u00e1 l\u00edkama Krists R\u00f3m 12.5; 1Kor 6.15; 12.27<br \/>\n<b>5.31<\/b> \u00deess vegna skal ma\u00f0ur &#8230; 1M\u00f3s 2.24; Matt 19.5; Mrk 10.7-8; 1Kor 6.16<br \/>\n<b>5.32<\/b> Leyndard\u00f3mur Ef 3.3+ &#8211; Kristur og kirkjan Ef 5.23,25+<\/div>\n","protected":false},"excerpt":{"rendered":"<p>1Ver\u00f0i\u00f0 \u00fev\u00ed eftirbreytendur Gu\u00f0s, svo sem elsku\u00f0 b\u00f6rn hans.2Lifi\u00f0 \u00ed k\u00e6rleika, eins og Kristur elska\u00f0i oss og lag\u00f0i sj\u00e1lfan sig \u00ed s\u00f6lurnar fyrir oss svo sem f\u00f3rnargj\u00f6f, Gu\u00f0i til \u00fe\u00e6gilegs ilms.3En frillul\u00edfi og \u00f3hreinleiki yfirleitt e\u00f0a \u00e1girnd \u00e1 ekki einu sinni a\u00f0 nefnast \u00e1 nafn me\u00f0al y\u00f0ar. Svo h\u00e6fir heil\u00f6gum.4Ekki heldur sv\u00edvir\u00f0ilegt hjal e\u00f0a \u00f3s\u00e6mandi sp\u00e9. \u00deess \u00ed sta\u00f0 komi miklu fremur \u00feakkargj\u00f6r\u00f0.5\u00dev\u00ed a\u00f0 \u00fea\u00f0 skulu\u00f0 \u00fe\u00e9r vita og festa y\u00f0ur \u00ed minni, a\u00f0 enginn frillul\u00edfisma\u00f0ur e\u00f0a saurugur e\u00f0a \u00e1gjarn, sem er sama og a\u00f0 d\u00fdrka hj\u00e1gu\u00f0i, \u00e1 s\u00e9r arfsvon \u00ed r\u00edki Krists og Gu\u00f0s.6Enginn t\u00e6li y\u00f0ur me\u00f0 marklausum or\u00f0um, <a href=\"https:\/\/biblian.is\/1981\/efesusbrefid-5-kafli\/\"> [&#8230;]<\/a><\/p>\n","protected":false},"author":1,"featured_media":0,"parent":0,"menu_order":0,"comment_status":"open","ping_status":"open","template":"bibliukaflar.php","meta":{"footnotes":""},"class_list":["post-2449","page","type-page","status-publish","hentry"],"_links":{"self":[{"href":"https:\/\/biblian.is\/1981\/wp-json\/wp\/v2\/pages\/2449","targetHints":{"allow":["GET"]}}],"collection":[{"href":"https:\/\/biblian.is\/1981\/wp-json\/wp\/v2\/pages"}],"about":[{"href":"https:\/\/biblian.is\/1981\/wp-json\/wp\/v2\/types\/page"}],"author":[{"embeddable":true,"href":"https:\/\/biblian.is\/1981\/wp-json\/wp\/v2\/users\/1"}],"replies":[{"embeddable":true,"href":"https:\/\/biblian.is\/1981\/wp-json\/wp\/v2\/comments?post=2449"}],"version-history":[{"count":0,"href":"https:\/\/biblian.is\/1981\/wp-json\/wp\/v2\/pages\/2449\/revisions"}],"wp:attachment":[{"href":"https:\/\/biblian.is\/1981\/wp-json\/wp\/v2\/media?parent=2449"}],"curies":[{"name":"wp","href":"https:\/\/api.w.org\/{rel}","templated":true}]}}