{"id":2446,"date":"2017-11-18T20:21:47","date_gmt":"2017-11-18T20:21:47","guid":{"rendered":"http:\/\/biblian.is\/1981\/efesusbrefid-2-kafli\/"},"modified":"2021-06-06T10:50:42","modified_gmt":"2021-06-06T10:50:42","slug":"efesusbrefid-2-kafli","status":"publish","type":"page","link":"https:\/\/biblian.is\/1981\/efesusbrefid-2-kafli\/","title":{"rendered":"Efesusbr\u00e9fi\u00f0 2. kafli"},"content":{"rendered":"<p><a name=\"1\"><span class=\"versanumer\">1<\/span><\/a>\u00de\u00e9r voru\u00f0 eitt sinn dau\u00f0ir vegna afbrota y\u00f0ar og synda,<a name=\"2\"><span class=\"versanumer\">2<\/span><\/a>sem \u00fe\u00e9r lif\u00f0u\u00f0 \u00ed samkv\u00e6mt aldarh\u00e6tti \u00feessa heims, a\u00f0 vilja valdhafans \u00ed loftinu, anda \u00feess, sem n\u00fa starfar \u00ed \u00feeim, sem ekki tr\u00faa.<a name=\"3\"><span class=\"versanumer\">3<\/span><\/a>V\u00e9r lif\u00f0um fyrrum allir eins og \u00feeir \u00ed mannlegum girndum vorum. \u00de\u00e1 lutum v\u00e9r vilja holdsins og hugsana vorra og vorum a\u00f0 e\u00f0li til rei\u00f0innar b\u00f6rn alveg eins og hinir.<a name=\"4\"><span class=\"versanumer\">4<\/span><\/a>En Gu\u00f0 er au\u00f0ugur a\u00f0 miskunn. Af mikilli elsku sinni, sem hann gaf oss,<a name=\"5\"><span class=\"versanumer\">5<\/span><\/a>hefur hann endurl\u00edfga\u00f0 oss me\u00f0 Kristi, \u00feegar v\u00e9r vorum dau\u00f0ir vegna misgj\u00f6r\u00f0a vorra. Af n\u00e1\u00f0 eru\u00f0 \u00fe\u00e9r h\u00f3lpnir or\u00f0nir.<a name=\"6\"><span class=\"versanumer\">6<\/span><\/a>Gu\u00f0 hefur uppvaki\u00f0 oss \u00ed Kristi Jes\u00fa og b\u00fai\u00f0 oss sta\u00f0 \u00ed himinh\u00e6\u00f0um me\u00f0 honum.<a name=\"7\"><span class=\"versanumer\">7<\/span><\/a>\u00deannig vildi hann \u00e1 komandi \u00f6ldum s\u00fdna hinn yfirgn\u00e6fandi r\u00edkd\u00f3m n\u00e1\u00f0ar sinnar me\u00f0 g\u00e6sku sinni vi\u00f0 oss \u00ed Kristi Jes\u00fa.<a name=\"8\"><span class=\"versanumer\">8<\/span><\/a>\u00dev\u00ed a\u00f0 af n\u00e1\u00f0 eru\u00f0 \u00fe\u00e9r h\u00f3lpnir or\u00f0nir fyrir tr\u00fa. \u00deetta er ekki y\u00f0ur a\u00f0 \u00feakka. \u00dea\u00f0 er Gu\u00f0s gj\u00f6f.<a name=\"9\"><span class=\"versanumer\">9<\/span><\/a>Ekki byggt \u00e1 verkum, enginn skal geta miklast af \u00fev\u00ed.<a name=\"10\"><span class=\"versanumer\">10<\/span><\/a>V\u00e9r erum sm\u00ed\u00f0 Gu\u00f0s, skapa\u00f0ir \u00ed Kristi Jes\u00fa til g\u00f3\u00f0ra verka, sem hann hefur \u00e1\u00f0ur fyrirb\u00fai\u00f0, til \u00feess a\u00f0 v\u00e9r skyldum leggja stund \u00e1 \u00feau.<a name=\"11\"><span class=\"versanumer\">11<\/span><\/a>\u00de\u00e9r skulu\u00f0 \u00fev\u00ed minnast \u00feessa: \u00de\u00e9r voru\u00f0 for\u00f0um f\u00e6ddir hei\u00f0ingjar og kalla\u00f0ir \u00f3umskornir af m\u00f6nnum, sem kalla sig umskorna og eru umskornir \u00e1 holdi me\u00f0 h\u00f6ndum manna.<a name=\"12\"><span class=\"versanumer\">12<\/span><\/a>S\u00fa var t\u00ed\u00f0in, er \u00fe\u00e9r voru\u00f0 \u00e1n Krists, loka\u00f0ir \u00fati fr\u00e1 \u00feegnr\u00e9tti \u00cdsraelsmanna. \u00de\u00e9r st\u00f3\u00f0u\u00f0 fyrir utan s\u00e1ttm\u00e1lana og fyrirheit Gu\u00f0s, vonlausir og gu\u00f0vana \u00ed heiminum.<a name=\"13\"><span class=\"versanumer\">13<\/span><\/a>N\u00fa \u00fear \u00e1 m\u00f3ti eru\u00f0 \u00fe\u00e9r, sem eitt sinn voru\u00f0 fjarl\u00e6gir, or\u00f0nir n\u00e1l\u00e6gir \u00ed Kristi, fyrir bl\u00f3\u00f0 hans.<a name=\"14\"><span class=\"versanumer\">14<\/span><\/a>\u00dev\u00ed a\u00f0 hann er vor fri\u00f0ur. Hann gj\u00f6r\u00f0i b\u00e1\u00f0a a\u00f0 einum og reif ni\u00f0ur vegginn, sem skildi \u00fe\u00e1 a\u00f0, fjandskapinn milli \u00feeirra. Me\u00f0 l\u00edkama s\u00ednum<a name=\"15\"><span class=\"versanumer\">15<\/span><\/a>afm\u00e1\u00f0i hann l\u00f6gm\u00e1li\u00f0 me\u00f0 bo\u00f0or\u00f0um \u00feess og skipunum til \u00feess a\u00f0 setja fri\u00f0 og skapa \u00ed s\u00e9r einn n\u00fdjan mann \u00far b\u00e1\u00f0um.<a name=\"16\"><span class=\"versanumer\">16<\/span><\/a>\u00cd einum l\u00edkama s\u00e6tti hann \u00fe\u00e1 b\u00e1\u00f0a vi\u00f0 Gu\u00f0 \u00e1 krossinum, \u00fear sem hann deyddi fjandskapinn.<a name=\"17\"><span class=\"versanumer\">17<\/span><\/a>Og hann kom og bo\u00f0a\u00f0i fri\u00f0 y\u00f0ur, sem fjarl\u00e6gir voru\u00f0, og fri\u00f0 hinum, sem n\u00e1l\u00e6gir voru.<a name=\"18\"><span class=\"versanumer\">18<\/span><\/a>\u00dev\u00ed a\u00f0 fyrir hann eigum v\u00e9r hvorir tveggja a\u00f0gang til f\u00f6\u00f0urins \u00ed einum anda.<a name=\"19\"><span class=\"versanumer\">19<\/span><\/a>\u00deess vegna eru\u00f0 \u00fe\u00e9r ekki framar gestir og \u00fatlendingar, heldur eru\u00f0 \u00fe\u00e9r sam\u00feegnar hinna heil\u00f6gu og heimamenn Gu\u00f0s.<a name=\"20\"><span class=\"versanumer\">20<\/span><\/a>\u00de\u00e9r eru\u00f0 bygging, sem hefur a\u00f0 grundvelli postulana og sp\u00e1mennina, en Krist Jes\u00fa sj\u00e1lfan a\u00f0 hyrningarsteini.<a name=\"21\"><span class=\"versanumer\">21<\/span><\/a>\u00cd honum er \u00f6ll byggingin samantengd og vex svo, a\u00f0 h\u00fan ver\u00f0ur heilagt musteri \u00ed Drottni.<a name=\"22\"><span class=\"versanumer\">22<\/span><\/a>\u00cd honum ver\u00f0i\u00f0 \u00fe\u00e9r l\u00edka b\u00fasta\u00f0ur handa Gu\u00f0i fyrir anda hans.<\/p>\n<div class=\"footnote1981\"><b>2.1-10<\/b> H\u00f3lpin af n\u00e1\u00f0 T\u00edt 3.3-7<br \/>\n<b>2.1<\/b> Dau\u00f0 vegna afbrota Ef 2.5; K\u00f3l 2.13; L\u00fak 15.24,32; R\u00f3m 6.13<br \/>\n<b>2.2<\/b> \u00de\u00e9r lif\u00f0u\u00f0 Ef 2.11; 5.8; K\u00f3l 3.7; T\u00edt 3.3 \u2013 valdhafinn Ef 6.12; 2Kor 4.4; J\u00f3h 12.31<br \/>\n<b>2.3<\/b> Undir d\u00f3mi Gu\u00f0s R\u00f3m 1.18; 2.3; 3.9,20,23<br \/>\n<b>2.4<\/b> Miskunn Gu\u00f0s 1P\u00e9t 1.3 \u2013 elska Gu\u00f0s J\u00f3h 3.16-17 \u2013 dau\u00f0 Ef 2.1+<br \/>\n<b>2.5<\/b> Endurl\u00edfga L\u00fak 15.24,32; R\u00f3m 6.13 \u2013 h\u00f3lpin Ef 2.8; K\u00f3l 2.12; Post 15.11 \u2013 hj\u00e1lpr\u00e6\u00f0i\u00f0 \u00ed v\u00e6ndum R\u00f3m 6.3-11; 8.11,17-18<br \/>\n<b>2.6<\/b> Reisa upp K\u00f3l 3.1-4<br \/>\n<b>2.8<\/b> H\u00f3lpin af n\u00e1\u00f0 Post 15.11; R\u00f3m 3.24; 9.16; Gal 2.16; Ef 2.5 \u2013 Gu\u00f0s gj\u00f6f J\u00f3h 4.10; Heb 6.4<br \/>\n<b>2.9<\/b> Ekki byggt \u00e1 verkum R\u00f3m 3.28; 2T\u00edm 1.9; T\u00edt 3.5 \u2013 miklast 1Kor 1.29; Gal 6.14<br \/>\n<b>2.10<\/b> Sk\u00f6pu\u00f0 \u00ed Kristi 2Kor 5.17; Gal 6.15 \u2013 til g\u00f3\u00f0ra verka T\u00edt 2.14<br \/>\n<b>2.11<\/b> Upprunalega Ef 2.2+ &#8211; hei\u00f0ingjar R\u00f3m 11.17 \u2013 umskurn K\u00f3l 2.11<br \/>\n<b>2.12<\/b> Loku\u00f0 \u00fati K\u00f3l 1.21; Ef 4.18 \u2013 \u00feegnr\u00e9ttur \u00cdsraelsmanna R\u00f3m 9.4-5 \u2013 vonlausir 1\u00deess 4.13 \u2013 gu\u00f0vana Post 17.22-23<br \/>\n<b>2.13<\/b> Fjarl\u00e6g &#8230; n\u00e1l\u00e6g Jes 57.19; Ef 2.17 \u2013 fjarl\u00e6g\u00f0 Post 2.39 \u2013 bl\u00f3\u00f0 Krists Ef 1.7; K\u00f3l 1.20; Heb 9.14+ ; R\u00f3m 3.25; 5.9<br \/>\n<b>2.14-16<\/b> Eind Esk 37.17; 1Kor 12.13; Gal 3.28 \u2013 fri\u00f0ur Jes 9.6; Matt 5.9; K\u00f3l 1.20<br \/>\n<b>2.15<\/b> Afm\u00e1\u00f0i l\u00f6gm\u00e1li\u00f0 K\u00f3l 2.14 \u2013 n\u00fdr ma\u00f0ur K\u00f3l 3.10+<br \/>\n<b>2.16<\/b> S\u00e6tti R\u00f3m 5.10-11; 11.15; 2Kor 5.18-20; K\u00f3l 1.20-22<br \/>\n<b>2.17<\/b> Y\u00f0ur sem fjarl\u00e6g voru\u00f0 &#8230; Jes 52.7; 57.19; Sak 9.10 \u2013 bo\u00f0a\u00f0i fri\u00f0 Ef 6.15<br \/>\n<b>2.18<\/b> N\u00e1lgast f\u00f6\u00f0urinn Ef 3.12; R\u00f3m 5.2; 8.15; Heb 4.16; 7.25; 10.19-20; 1P\u00e9t 3.18<br \/>\n<b>2.19<\/b> Heimamenn Gu\u00f0s Ef 3.6 \u2013 sam\u00feegnar hinna heil\u00f6gu Gal 4.26; Fil 3.20; Heb 12.22-23<br \/>\n<b>2.20<\/b> Grundv\u00f6llur kirkjunnar 1Kor 3.9-11; Matt 16.18; Opb 21.14 \u2013 hyrningarsteinn Jes 28.16; R\u00f3m 9.33; 10.11; 1Kor 3.11; 1P\u00e9t 2.4-8<br \/>\n<b>2.21<\/b> Kirkjan Ef 4.11-16; K\u00f3l 2.19 \u2013 musteri Gu\u00f0s 1Kor 3.16; 2Kor 6.16; J\u00f3h 2.21<br \/>\n<b>2.22<\/b> B\u00fasta\u00f0ur Gu\u00f0s 1P\u00e9t 2.5<\/div>\n","protected":false},"excerpt":{"rendered":"<p>1\u00de\u00e9r voru\u00f0 eitt sinn dau\u00f0ir vegna afbrota y\u00f0ar og synda,2sem \u00fe\u00e9r lif\u00f0u\u00f0 \u00ed samkv\u00e6mt aldarh\u00e6tti \u00feessa heims, a\u00f0 vilja valdhafans \u00ed loftinu, anda \u00feess, sem n\u00fa starfar \u00ed \u00feeim, sem ekki tr\u00faa.3V\u00e9r lif\u00f0um fyrrum allir eins og \u00feeir \u00ed mannlegum girndum vorum. \u00de\u00e1 lutum v\u00e9r vilja holdsins og hugsana vorra og vorum a\u00f0 e\u00f0li til rei\u00f0innar b\u00f6rn alveg eins og hinir.4En Gu\u00f0 er au\u00f0ugur a\u00f0 miskunn. Af mikilli elsku sinni, sem hann gaf oss,5hefur hann endurl\u00edfga\u00f0 oss me\u00f0 Kristi, \u00feegar v\u00e9r vorum dau\u00f0ir vegna misgj\u00f6r\u00f0a vorra. Af n\u00e1\u00f0 eru\u00f0 \u00fe\u00e9r h\u00f3lpnir or\u00f0nir.6Gu\u00f0 hefur uppvaki\u00f0 oss \u00ed Kristi Jes\u00fa og b\u00fai\u00f0 <a href=\"https:\/\/biblian.is\/1981\/efesusbrefid-2-kafli\/\"> [&#8230;]<\/a><\/p>\n","protected":false},"author":1,"featured_media":0,"parent":0,"menu_order":0,"comment_status":"open","ping_status":"open","template":"bibliukaflar.php","meta":{"footnotes":""},"class_list":["post-2446","page","type-page","status-publish","hentry"],"_links":{"self":[{"href":"https:\/\/biblian.is\/1981\/wp-json\/wp\/v2\/pages\/2446","targetHints":{"allow":["GET"]}}],"collection":[{"href":"https:\/\/biblian.is\/1981\/wp-json\/wp\/v2\/pages"}],"about":[{"href":"https:\/\/biblian.is\/1981\/wp-json\/wp\/v2\/types\/page"}],"author":[{"embeddable":true,"href":"https:\/\/biblian.is\/1981\/wp-json\/wp\/v2\/users\/1"}],"replies":[{"embeddable":true,"href":"https:\/\/biblian.is\/1981\/wp-json\/wp\/v2\/comments?post=2446"}],"version-history":[{"count":0,"href":"https:\/\/biblian.is\/1981\/wp-json\/wp\/v2\/pages\/2446\/revisions"}],"wp:attachment":[{"href":"https:\/\/biblian.is\/1981\/wp-json\/wp\/v2\/media?parent=2446"}],"curies":[{"name":"wp","href":"https:\/\/api.w.org\/{rel}","templated":true}]}}