{"id":2445,"date":"2017-11-18T20:21:47","date_gmt":"2017-11-18T20:21:47","guid":{"rendered":"http:\/\/biblian.is\/1981\/efesusbrefid-1-kafli\/"},"modified":"2021-06-06T10:50:42","modified_gmt":"2021-06-06T10:50:42","slug":"efesusbrefid-1-kafli","status":"publish","type":"page","link":"https:\/\/biblian.is\/1981\/efesusbrefid-1-kafli\/","title":{"rendered":"Efesusbr\u00e9fi\u00f0 1. kafli"},"content":{"rendered":"<p><a name=\"1\"><span class=\"versanumer\">1<\/span><\/a>P\u00e1ll, a\u00f0 vilja Gu\u00f0s postuli Krists Jes\u00fa, heilsar hinum heil\u00f6gu, sem eru \u00ed Efesus, \u00feeim sem tr\u00faa \u00e1 Krist Jes\u00fa.<a name=\"2\"><span class=\"versanumer\">2<\/span><\/a>N\u00e1\u00f0 s\u00e9 me\u00f0 y\u00f0ur og fri\u00f0ur fr\u00e1 Gu\u00f0i f\u00f6\u00f0ur vorum og Drottni Jes\u00fa Kristi.<a name=\"3\"><span class=\"versanumer\">3<\/span><\/a>Lofa\u00f0ur s\u00e9 Gu\u00f0 og fa\u00f0ir Drottins vors Jes\u00fa Krists, sem \u00ed Kristi hefur blessa\u00f0 oss me\u00f0 hvers konar andlegri blessun \u00ed himinh\u00e6\u00f0um.<a name=\"4\"><span class=\"versanumer\">4<\/span><\/a>\u00c1\u00f0ur en heimurinn var grundvalla\u00f0ur hefur hann \u00fatvali\u00f0 oss \u00ed Kristi, til \u00feess a\u00f0 v\u00e9r v\u00e6rum heilagir og l\u00fdtalausir fyrir honum. \u00cd k\u00e6rleika s\u00ednum<a name=\"5\"><span class=\"versanumer\">5<\/span><\/a>\u00e1kva\u00f0 hann fyrirfram a\u00f0 veita oss sonarr\u00e9tt \u00ed Jes\u00fa Kristi. S\u00e1 var vilji hans og vel\u00fe\u00f3knun<a name=\"6\"><span class=\"versanumer\">6<\/span><\/a>til vegsemdar d\u00fdr\u00f0 hans og n\u00e1\u00f0, sem hann l\u00e9t oss \u00ed t\u00e9 \u00ed s\u00ednum elska\u00f0a syni.<a name=\"7\"><span class=\"versanumer\">7<\/span><\/a>\u00cd honum, fyrir hans bl\u00f3\u00f0 eigum v\u00e9r endurlausnina og fyrirgefningu afbrota vorra.<a name=\"8\"><span class=\"versanumer\">8<\/span><\/a>Svo au\u00f0ug er n\u00e1\u00f0 hans, sem hann gaf oss r\u00edkulega me\u00f0 hvers konar v\u00edsd\u00f3mi og skilningi.<a name=\"9\"><span class=\"versanumer\">9<\/span><\/a>Og hann kunngj\u00f6r\u00f0i oss leyndard\u00f3m vilja s\u00edns, \u00fe\u00e1 \u00e1kv\u00f6r\u00f0un,<a name=\"10\"><span class=\"versanumer\">10<\/span><\/a>sem hann haf\u00f0i me\u00f0 sj\u00e1lfum s\u00e9r \u00e1kve\u00f0i\u00f0 a\u00f0 framkv\u00e6ma, er fylling t\u00edmans k\u00e6mi: Hann \u00e6tla\u00f0i a\u00f0 safna \u00f6llu \u00fev\u00ed, sem er \u00e1 himnum, og \u00fev\u00ed, sem er \u00e1 j\u00f6r\u00f0u, undir eitt h\u00f6fu\u00f0 \u00ed Kristi.<a name=\"11\"><span class=\"versanumer\">11<\/span><\/a>\u00cd honum h\u00f6fum v\u00e9r \u00fe\u00e1 l\u00edka \u00f6\u00f0last arfleif\u00f0ina, eins og oss var fyrirhuga\u00f0 samkv\u00e6mt fyrir\u00e6tlun hans, er framkv\u00e6mir allt eftir \u00e1lyktun vilja s\u00edns,<a name=\"12\"><span class=\"versanumer\">12<\/span><\/a>til \u00feess a\u00f0 v\u00e9r, sem \u00e1\u00f0ur h\u00f6fum sett von vora til Krists, skyldum vera d\u00fdr\u00f0 hans til vegsemdar.<a name=\"13\"><span class=\"versanumer\">13<\/span><\/a>\u00cd honum eru\u00f0 og \u00fe\u00e9r, eftir a\u00f0 hafa heyrt or\u00f0 sannleikans, fagna\u00f0arerindi\u00f0 um s\u00e1luhj\u00e1lp y\u00f0ar og teki\u00f0 tr\u00fa \u00e1 hann og veri\u00f0 merktir innsigli heilags anda, sem y\u00f0ur var fyrirheiti\u00f0.<a name=\"14\"><span class=\"versanumer\">14<\/span><\/a>Hann er pantur arfleif\u00f0ar vorrar, a\u00f0 v\u00e9r ver\u00f0um endurleystir Gu\u00f0i til eignar, d\u00fdr\u00f0 hans til vegsemdar.<a name=\"15\"><span class=\"versanumer\">15<\/span><\/a>Eftir a\u00f0 hafa heyrt um tr\u00fa y\u00f0ar \u00e1 Drottin Jes\u00fa og um k\u00e6rleika y\u00f0ar til allra heilagra,<a name=\"16\"><span class=\"versanumer\">16<\/span><\/a>hef \u00e9g \u00feess vegna ekki heldur l\u00e1ti\u00f0 af a\u00f0 \u00feakka fyrir y\u00f0ur, er \u00e9g minnist y\u00f0ar \u00ed b\u00e6num m\u00ednum.<a name=\"17\"><span class=\"versanumer\">17<\/span><\/a>\u00c9g bi\u00f0 Gu\u00f0 Drottins vors Jes\u00fa Krists, f\u00f6\u00f0ur d\u00fdr\u00f0arinnar, a\u00f0 gefa y\u00f0ur anda speki og opinberunar, svo a\u00f0 \u00fe\u00e9r f\u00e1i\u00f0 \u00feekkt hann.<a name=\"18\"><span class=\"versanumer\">18<\/span><\/a>\u00c9g bi\u00f0 hann a\u00f0 uppl\u00fdsa s\u00e1larsj\u00f3n y\u00f0ar, svo a\u00f0 \u00fe\u00e9r skilji\u00f0, hver s\u00fa von er, sem hann hefur kalla\u00f0 oss til, hver r\u00edkd\u00f3mur hans d\u00fdrlegu arfleif\u00f0ar er, sem hann \u00e6tlar oss me\u00f0al hinna heil\u00f6gu,<a name=\"19\"><span class=\"versanumer\">19<\/span><\/a>og hver hinn yfirgn\u00e6fandi m\u00e1ttur hans vi\u00f0 oss, sem tr\u00faum. En \u00feetta er sami \u00e1hrifamikli, kr\u00f6ftugi m\u00e1tturinn,<a name=\"20\"><span class=\"versanumer\">20<\/span><\/a>sem hann l\u00e9t koma fram \u00ed Kristi, er hann vakti hann fr\u00e1 dau\u00f0um og l\u00e9t hann setjast s\u00e9r til h\u00e6gri handar \u00ed himinh\u00e6\u00f0um,<a name=\"21\"><span class=\"versanumer\">21<\/span><\/a>ofar hverri tign og valdi og m\u00e6tti, ofar \u00f6llum herrad\u00f3mi og s\u00e9rhverju nafni, sem nefnt er, ekki a\u00f0eins \u00ed \u00feessari ver\u00f6ld, heldur og \u00ed hinni komandi.<a name=\"22\"><span class=\"versanumer\">22<\/span><\/a>Allt hefur hann lagt undir f\u00e6tur honum og gefi\u00f0 hann kirkjunni sem h\u00f6fu\u00f0i\u00f0 yfir \u00f6llu.<a name=\"23\"><span class=\"versanumer\">23<\/span><\/a>En kirkjan er l\u00edkami hans og fyllist af honum, sem sj\u00e1lfur fyllir allt \u00ed \u00f6llu.<\/p>\n<div class=\"footnote1981\"><b>1.1-2<\/b> Kve\u00f0ja 1Kor 1.1; K\u00f3l 1.1<br \/>\n<b>1.3<\/b> Lofa\u00f0ur s\u00e9 Gu\u00f0 2Kor 1.3; 1P\u00e9t 1.3<br \/>\n<b>1.4-14<\/b> \u00c1kva\u00f0 fyrirfram R\u00f3m 8.28-30 \u2013 \u00fatvelja J\u00f3h 15.16<br \/>\n<b>1.4<\/b> \u00c1\u00f0ur en grunnur heimsins var lag\u00f0ur J\u00f3h 17.24; 2\u00deess 2.13 \u2013 l\u00fdtalaus Ef 5.27; K\u00f3l 1.22<br \/>\n<b>1.5<\/b> Gera a\u00f0 b\u00f6rnum s\u00ednum R\u00f3m 8.15-16; Gal 4.4-5; J\u00f3h 1.12; 1J\u00f3h 3.1<br \/>\n<b>1.6<\/b> Hinn elska\u00f0i K\u00f3l 1.13; Matt 3.17; 5M\u00f3s 33.12<br \/>\n<b>1.7<\/b> Verk Krists K\u00f3l 1.13-14 \u2013 endurlausn R\u00f3m 3.24-25 \u2013 fyrir hans bl\u00f3\u00f0 Ef 2.13+<br \/>\n<b>1.8<\/b> Svo au\u00f0ug er n\u00e1\u00f0 hans Ef 2.7 \u2013 v\u00edsd\u00f3mur K\u00f3l 1.9; 4.5<br \/>\n<b>1.9<\/b> Leyndard\u00f3mur Ef 3.3+<br \/>\n<b>1.10<\/b> Fylling t\u00edmans Mrk 1.15; Gal 4.4 \u2013 undir eitt h\u00f6fu\u00f0 K\u00f3l 1.16-17<br \/>\n<b>1.11<\/b> Arflei\u00f0in Ef 1.14; K\u00f3l 1.12+ ; 4M\u00f3s 18.20; Slm 16.5 \u2013 fyrir\u00e6tlun Gu\u00f0s R\u00f3m 8.28-29; Ef 3.11<br \/>\n<b>1.12<\/b> Von Ef 1.18+<br \/>\n<b>1.13<\/b> Innsigli heilags anda Ef 4.30; 2Kor 1.22 \u2013 fyrirheit um heilagan anda Gal 3.14<br \/>\n<b>1.14<\/b> Pantur arflei\u00f0arinnar 2Kor 5.5; R\u00f3m 8.14-17,23 \u2013 arflei\u00f0 R\u00f3m 8.17; Gal 3.29; 4.7; K\u00f3l 1.12+<br \/>\n<b>1.15-16<\/b> \u00deakkarb\u00e6n K\u00f3l 1.4,9; R\u00f3m 1.8-9; 1\u00deess 1.2; F\u00edlm 4-5<br \/>\n<b>1.17-18<\/b> Be\u00f0i\u00f0 fyrir tr\u00fau\u00f0um K\u00f3l 1.9+<br \/>\n<b>1.17<\/b> Andi speki Jes 11.2; SSal 7.7 \u2013 andi opinberunar 1Kor 2.10<br \/>\n<b>1.18<\/b> A\u00f0 \u00fe\u00e9r sj\u00e1i\u00f0 Ef 3.9 \u2013 von Ef 1.12; 2.12; 4.4; R\u00f3m 8.24-25 \u2013 arflei\u00f0 K\u00f3l 1.12+<br \/>\n<b>1.19-20<\/b> M\u00e1ttur Gu\u00f0s \u00ed Kristi R\u00f3m 1.4; 2Kor 13.4; K\u00f3l 2.12 \u2013 \u00ed oss R\u00f3m 8.11; 1Kor 6.14; Ef 3.20; Fil 3.10<br \/>\n<b>1.20<\/b> L\u00e9t setjast &#8230; Slm 110.1; K\u00f3l 3.1+ Heb 1.3 \u2013 \u00e1 himnum Ef 1.3<br \/>\n<b>1.21<\/b> Ofar \u00f6llu K\u00f3l 1.15-20; 2.10; Matt 28.18; 1Kor 15.24-25; Fil 2.9; Heb 1.3-4 \u2013 hulin \u00f6fl K\u00f3l 1.16+<br \/>\n<b>1.22<\/b> Allt hefur hann lagt &#8230; Slm 8.7; 1Kor 15.27 \u2013 Kristur h\u00f6fu\u00f0 kirkjunnar Ef 4.15<br \/>\n<b>1.23<\/b> Kirkjan l\u00edkami Krists K\u00f3l 1.18+ &#8211; fyllist Ef 4.10; K\u00f3l 1.19; 2.9; J\u00f3h 1.16<\/div>\n","protected":false},"excerpt":{"rendered":"<p>1P\u00e1ll, a\u00f0 vilja Gu\u00f0s postuli Krists Jes\u00fa, heilsar hinum heil\u00f6gu, sem eru \u00ed Efesus, \u00feeim sem tr\u00faa \u00e1 Krist Jes\u00fa.2N\u00e1\u00f0 s\u00e9 me\u00f0 y\u00f0ur og fri\u00f0ur fr\u00e1 Gu\u00f0i f\u00f6\u00f0ur vorum og Drottni Jes\u00fa Kristi.3Lofa\u00f0ur s\u00e9 Gu\u00f0 og fa\u00f0ir Drottins vors Jes\u00fa Krists, sem \u00ed Kristi hefur blessa\u00f0 oss me\u00f0 hvers konar andlegri blessun \u00ed himinh\u00e6\u00f0um.4\u00c1\u00f0ur en heimurinn var grundvalla\u00f0ur hefur hann \u00fatvali\u00f0 oss \u00ed Kristi, til \u00feess a\u00f0 v\u00e9r v\u00e6rum heilagir og l\u00fdtalausir fyrir honum. \u00cd k\u00e6rleika s\u00ednum5\u00e1kva\u00f0 hann fyrirfram a\u00f0 veita oss sonarr\u00e9tt \u00ed Jes\u00fa Kristi. S\u00e1 var vilji hans og vel\u00fe\u00f3knun6til vegsemdar d\u00fdr\u00f0 hans og n\u00e1\u00f0, sem hann l\u00e9t <a href=\"https:\/\/biblian.is\/1981\/efesusbrefid-1-kafli\/\"> [&#8230;]<\/a><\/p>\n","protected":false},"author":1,"featured_media":0,"parent":0,"menu_order":0,"comment_status":"open","ping_status":"open","template":"bibliukaflar.php","meta":{"footnotes":""},"class_list":["post-2445","page","type-page","status-publish","hentry"],"_links":{"self":[{"href":"https:\/\/biblian.is\/1981\/wp-json\/wp\/v2\/pages\/2445","targetHints":{"allow":["GET"]}}],"collection":[{"href":"https:\/\/biblian.is\/1981\/wp-json\/wp\/v2\/pages"}],"about":[{"href":"https:\/\/biblian.is\/1981\/wp-json\/wp\/v2\/types\/page"}],"author":[{"embeddable":true,"href":"https:\/\/biblian.is\/1981\/wp-json\/wp\/v2\/users\/1"}],"replies":[{"embeddable":true,"href":"https:\/\/biblian.is\/1981\/wp-json\/wp\/v2\/comments?post=2445"}],"version-history":[{"count":0,"href":"https:\/\/biblian.is\/1981\/wp-json\/wp\/v2\/pages\/2445\/revisions"}],"wp:attachment":[{"href":"https:\/\/biblian.is\/1981\/wp-json\/wp\/v2\/media?parent=2445"}],"curies":[{"name":"wp","href":"https:\/\/api.w.org\/{rel}","templated":true}]}}