{"id":2444,"date":"2017-11-18T20:21:47","date_gmt":"2017-11-18T20:21:47","guid":{"rendered":"http:\/\/biblian.is\/1981\/galatabrefid-6-kafli\/"},"modified":"2017-11-18T20:21:47","modified_gmt":"2017-11-18T20:21:47","slug":"galatabrefid-6-kafli","status":"publish","type":"page","link":"https:\/\/biblian.is\/1981\/galatabrefid-6-kafli\/","title":{"rendered":"Galatabr\u00e9fi\u00f0 6. kafli"},"content":{"rendered":"<p><a name=\"1\"><span class=\"versanumer\">1<\/span><\/a>Br\u00e6\u00f0ur! Ef einhver misgj\u00f6r\u00f0 kann a\u00f0 henda mann, \u00fe\u00e1 lei\u00f0r\u00e9tti\u00f0 \u00fe\u00e9r, sem andlegir eru\u00f0, \u00feann mann me\u00f0 h\u00f3gv\u00e6r\u00f0. Og haf g\u00e1t \u00e1 sj\u00e1lfum \u00fe\u00e9r, a\u00f0 \u00fe\u00fa freistist ekki l\u00edka.<a name=\"2\"><span class=\"versanumer\">2<\/span><\/a>Beri\u00f0 hver annars byr\u00f0ar og uppfylli\u00f0 \u00feannig l\u00f6gm\u00e1l Krists.<a name=\"3\"><span class=\"versanumer\">3<\/span><\/a>S\u00e1 sem \u00feykist vera nokku\u00f0, en er \u00fe\u00f3 ekkert, dregur sj\u00e1lfan sig \u00e1 t\u00e1lar.<a name=\"4\"><span class=\"versanumer\">4<\/span><\/a>En s\u00e9rhver rannsaki breytni sj\u00e1lfs s\u00edn og \u00fe\u00e1 mun hann hafa hr\u00f3sunarefni \u00ed samanbur\u00f0i vi\u00f0 sj\u00e1lfan sig, en ekki mi\u00f0a\u00f0 vi\u00f0 a\u00f0ra,<a name=\"5\"><span class=\"versanumer\">5<\/span><\/a>\u00fev\u00ed a\u00f0 s\u00e9rhver mun ver\u00f0a a\u00f0 bera s\u00edna byr\u00f0i.<a name=\"6\"><span class=\"versanumer\">6<\/span><\/a>En s\u00e1, sem uppfr\u00e6\u00f0ist \u00ed or\u00f0inu, veiti \u00feeim, sem uppfr\u00e6\u00f0ir, hlutdeild me\u00f0 s\u00e9r \u00ed \u00f6llum g\u00e6\u00f0um.<a name=\"7\"><span class=\"versanumer\">7<\/span><\/a>Villist ekki! Gu\u00f0 l\u00e6tur ekki a\u00f0 s\u00e9r h\u00e6\u00f0a. \u00dea\u00f0 sem ma\u00f0ur s\u00e1ir, \u00fea\u00f0 mun hann og uppskera.<a name=\"8\"><span class=\"versanumer\">8<\/span><\/a>S\u00e1 sem s\u00e1ir \u00ed hold sj\u00e1lfs s\u00edn, mun af holdinu uppskera gl\u00f6tun, en s\u00e1 sem s\u00e1ir \u00ed andann, mun af andanum uppskera eil\u00edft l\u00edf.<a name=\"9\"><span class=\"versanumer\">9<\/span><\/a>\u00dereytumst ekki a\u00f0 gj\u00f6ra \u00fea\u00f0 sem gott er, \u00fev\u00ed a\u00f0 \u00e1 s\u00ednum t\u00edma munum v\u00e9r uppskera, ef v\u00e9r gefumst ekki upp.<a name=\"10\"><span class=\"versanumer\">10<\/span><\/a>\u00deess vegna skulum v\u00e9r, me\u00f0an t\u00edmi er til, gj\u00f6ra \u00f6llum gott og einkum tr\u00fabr\u00e6\u00f0rum vorum.<a name=\"11\"><span class=\"versanumer\">11<\/span><\/a>Sj\u00e1i\u00f0, me\u00f0 hversu st\u00f3rum st\u00f6fum \u00e9g skrifa y\u00f0ur me\u00f0 eigin hendi.<a name=\"12\"><span class=\"versanumer\">12<\/span><\/a>Allir \u00feeir, sem vilja l\u00edta vel \u00fat a\u00f0 holdinu til, \u00fea\u00f0 eru \u00feeir, sem eru a\u00f0 \u00fer\u00f6ngva y\u00f0ur til a\u00f0 l\u00e1ta umskerast, einungis til \u00feess a\u00f0 \u00feeir ver\u00f0i eigi ofs\u00f3ttir vegna kross Krists.<a name=\"13\"><span class=\"versanumer\">13<\/span><\/a>\u00dev\u00ed a\u00f0 ekki halda einu sinni sj\u00e1lfir umskurnarmennirnir l\u00f6gm\u00e1li\u00f0, heldur vilja \u00feeir a\u00f0 \u00fe\u00e9r l\u00e1ti\u00f0 umskerast, til \u00feess a\u00f0 \u00feeir geti st\u00e6rt sig af holdi y\u00f0ar.<a name=\"14\"><span class=\"versanumer\">14<\/span><\/a>En \u00fea\u00f0 s\u00e9 fjarri m\u00e9r a\u00f0 hr\u00f3sa m\u00e9r af \u00f6\u00f0ru en krossi Drottins vors Jes\u00fa Krists. Sakir hans er \u00e9g krossfestur heiminum og heimurinn m\u00e9r.<a name=\"15\"><span class=\"versanumer\">15<\/span><\/a>Umskurn e\u00f0a yfirh\u00fa\u00f0 skipta engu, heldur a\u00f0 vera n\u00fd sk\u00f6pun.<a name=\"16\"><span class=\"versanumer\">16<\/span><\/a>Og yfir \u00f6llum \u00feeim, sem \u00feessari reglu fylgja, s\u00e9 fri\u00f0ur og miskunn, og yfir \u00cdsrael Gu\u00f0s.<a name=\"17\"><span class=\"versanumer\">17<\/span><\/a>Enginn m\u00e6\u00f0i mig h\u00e9\u00f0an \u00ed fr\u00e1, \u00fev\u00ed a\u00f0 \u00e9g ber merki Jes\u00fa \u00e1 l\u00edkama m\u00ednum.<a name=\"18\"><span class=\"versanumer\">18<\/span><\/a>N\u00e1\u00f0in Drottins vors Jes\u00fa Krists s\u00e9 me\u00f0 y\u00f0ar anda, br\u00e6\u00f0ur. Amen. br\u00e6\u00f0ur. Amen.<\/p>\n<div class=\"footnote1981\"><b>6.1<\/b> Lei\u00f0r\u00e9tti\u00f0 me\u00f0 h\u00f3gv\u00e6r\u00f0 Matt 18.15; 2\u00deess 3.14-15; Jak 5.19-20 \u2013 g\u00e1t 1Kor 10.12<br \/>\n<b>6.2<\/b> Beri\u00f0 hvert annars byr\u00f0ar R\u00f3m 15.1 \u2013 l\u00f6gm\u00e1l Krists J\u00f3h 13.34; R\u00f3m 8.2; 1Kor 9.21; Fil 2.5-8<br \/>\n<b>6.3<\/b> \u00deykist vera nokku\u00f0 1Kor 3.18; 4.7<br \/>\n<b>6.4<\/b> Rannsaka breytni sj\u00e1lf s\u00edn 1Kor 11.28; 2Kor 13.5 \u2013 hr\u00f3sunarefni Gal 6.14+,15<br \/>\n<b>6.6<\/b> Veita hlutdeild R\u00f3m 15.27; 1Kor 9.11-14; L\u00fak 10.7<br \/>\n<b>6.7<\/b> Sem ma\u00f0ur s\u00e1ir Job 4.8; Okv 22.8; H\u00f3s 8.7<br \/>\n<b>6.8<\/b> Hold og andi J\u00f3h 3.6; 6.63; R\u00f3m 8.13; Gal 5.16-17+<br \/>\n<b>6.11<\/b> Me\u00f0 eigin hendi R\u00f3m 16.22; 1Kor 16.21; K\u00f3l 4.18; 2\u00deess 3.17; sbr F\u00edlm 19<br \/>\n<b>6.14<\/b>  Krossinn og eina hr\u00f3sunin R\u00f3m 3.27; 5.3-5; 1Kor 1.23-31; 2.2; Fil 3.3 \u2013 hin kristnu krossfest Gal 2.19; 5.24<br \/>\n<b>6.15<\/b>  Umskurn og yfirh\u00fa\u00f0 Gal 5.6+ &#8211; n\u00fd sk\u00f6pun 2Kor 5.17; Opb 21.5<br \/>\n<b>6.16<\/b>  \u00cdsrael Gu\u00f0s R\u00f3m 11.1-5<br \/>\n<b>6.17<\/b>  Merki Jes\u00fa 2Kor 4.10; 6.4-5; 11.23-28; K\u00f3l 1.24<br \/>\n<b>6.18<\/b>  N\u00e1\u00f0in Drottins vors &#8230; Fil 4.23; 2T\u00edm 4.22; F\u00edlm 2<\/div>\n","protected":false},"excerpt":{"rendered":"<p>1Br\u00e6\u00f0ur! Ef einhver misgj\u00f6r\u00f0 kann a\u00f0 henda mann, \u00fe\u00e1 lei\u00f0r\u00e9tti\u00f0 \u00fe\u00e9r, sem andlegir eru\u00f0, \u00feann mann me\u00f0 h\u00f3gv\u00e6r\u00f0. Og haf g\u00e1t \u00e1 sj\u00e1lfum \u00fe\u00e9r, a\u00f0 \u00fe\u00fa freistist ekki l\u00edka.2Beri\u00f0 hver annars byr\u00f0ar og uppfylli\u00f0 \u00feannig l\u00f6gm\u00e1l Krists.3S\u00e1 sem \u00feykist vera nokku\u00f0, en er \u00fe\u00f3 ekkert, dregur sj\u00e1lfan sig \u00e1 t\u00e1lar.4En s\u00e9rhver rannsaki breytni sj\u00e1lfs s\u00edn og \u00fe\u00e1 mun hann hafa hr\u00f3sunarefni \u00ed samanbur\u00f0i vi\u00f0 sj\u00e1lfan sig, en ekki mi\u00f0a\u00f0 vi\u00f0 a\u00f0ra,5\u00fev\u00ed a\u00f0 s\u00e9rhver mun ver\u00f0a a\u00f0 bera s\u00edna byr\u00f0i.6En s\u00e1, sem uppfr\u00e6\u00f0ist \u00ed or\u00f0inu, veiti \u00feeim, sem uppfr\u00e6\u00f0ir, hlutdeild me\u00f0 s\u00e9r \u00ed \u00f6llum g\u00e6\u00f0um.7Villist ekki! Gu\u00f0 l\u00e6tur ekki a\u00f0 s\u00e9r <a href=\"https:\/\/biblian.is\/1981\/galatabrefid-6-kafli\/\"> [&#8230;]<\/a><\/p>\n","protected":false},"author":1,"featured_media":0,"parent":0,"menu_order":0,"comment_status":"open","ping_status":"open","template":"bibliukaflar.php","meta":{"footnotes":""},"class_list":["post-2444","page","type-page","status-publish","hentry"],"_links":{"self":[{"href":"https:\/\/biblian.is\/1981\/wp-json\/wp\/v2\/pages\/2444","targetHints":{"allow":["GET"]}}],"collection":[{"href":"https:\/\/biblian.is\/1981\/wp-json\/wp\/v2\/pages"}],"about":[{"href":"https:\/\/biblian.is\/1981\/wp-json\/wp\/v2\/types\/page"}],"author":[{"embeddable":true,"href":"https:\/\/biblian.is\/1981\/wp-json\/wp\/v2\/users\/1"}],"replies":[{"embeddable":true,"href":"https:\/\/biblian.is\/1981\/wp-json\/wp\/v2\/comments?post=2444"}],"version-history":[{"count":0,"href":"https:\/\/biblian.is\/1981\/wp-json\/wp\/v2\/pages\/2444\/revisions"}],"wp:attachment":[{"href":"https:\/\/biblian.is\/1981\/wp-json\/wp\/v2\/media?parent=2444"}],"curies":[{"name":"wp","href":"https:\/\/api.w.org\/{rel}","templated":true}]}}