{"id":2443,"date":"2017-11-18T20:21:47","date_gmt":"2017-11-18T20:21:47","guid":{"rendered":"http:\/\/biblian.is\/1981\/galatabrefid-5-kafli\/"},"modified":"2017-11-18T20:21:47","modified_gmt":"2017-11-18T20:21:47","slug":"galatabrefid-5-kafli","status":"publish","type":"page","link":"https:\/\/biblian.is\/1981\/galatabrefid-5-kafli\/","title":{"rendered":"Galatabr\u00e9fi\u00f0 5. kafli"},"content":{"rendered":"<p><a name=\"1\"><span class=\"versanumer\">1<\/span><\/a>Til frelsis frelsa\u00f0i Kristur oss. Standi\u00f0 \u00fev\u00ed st\u00f6\u00f0ugir og l\u00e1ti\u00f0 ekki aftur leggja \u00e1 y\u00f0ur \u00e1nau\u00f0arok.<a name=\"2\"><span class=\"versanumer\">2<\/span><\/a>Taki\u00f0 eftir \u00fev\u00ed, sem \u00e9g, P\u00e1ll, segi y\u00f0ur: Ef \u00fe\u00e9r l\u00e1ti\u00f0 umskerast, \u00fe\u00e1 gagnar Kristur y\u00f0ur ekkert.<a name=\"3\"><span class=\"versanumer\">3<\/span><\/a>Og enn vitna \u00e9g fyrir hverjum manni, sem l\u00e6tur umskerast: Hann er skyldur til a\u00f0 halda allt l\u00f6gm\u00e1li\u00f0.<a name=\"4\"><span class=\"versanumer\">4<\/span><\/a>\u00de\u00e9r eru\u00f0 or\u00f0nir vi\u00f0skila vi\u00f0 Krist, \u00fe\u00e9r sem \u00e6tli\u00f0 a\u00f0 r\u00e9ttl\u00e6tast me\u00f0 l\u00f6gm\u00e1li. \u00de\u00e9r eru\u00f0 fallnir \u00far n\u00e1\u00f0inni.<a name=\"5\"><span class=\"versanumer\">5<\/span><\/a>En v\u00e9r v\u00e6ntum \u00ed andanum a\u00f0 \u00f6\u00f0last af tr\u00fanni r\u00e9ttl\u00e6tinguna, sem er von vor.<a name=\"6\"><span class=\"versanumer\">6<\/span><\/a>\u00cd Kristi Jes\u00fa er ekkert komi\u00f0 undir umskurn n\u00e9 yfirh\u00fa\u00f0, heldur undir tr\u00fa, sem starfar \u00ed k\u00e6rleika.<a name=\"7\"><span class=\"versanumer\">7<\/span><\/a>\u00de\u00e9r hlupu\u00f0 vel. Hver hefur hindra\u00f0 y\u00f0ur \u00ed a\u00f0 hl\u00fd\u00f0a sannleikanum?<a name=\"8\"><span class=\"versanumer\">8<\/span><\/a>\u00de\u00e6r fort\u00f6lur voru ekki fr\u00e1 honum, sem kalla\u00f0i y\u00f0ur.<a name=\"9\"><span class=\"versanumer\">9<\/span><\/a>L\u00edti\u00f0 s\u00fardeig s\u00fdrir allt deigi\u00f0.<a name=\"10\"><span class=\"versanumer\">10<\/span><\/a>\u00c9g hef \u00fea\u00f0 traust til y\u00f0ar \u00ed Drottni, a\u00f0 \u00fe\u00e9r ver\u00f0i\u00f0 sama sinnis og \u00e9g. S\u00e1 sem truflar y\u00f0ur mun bera sinn d\u00f3m, hver sem hann svo er.<a name=\"11\"><span class=\"versanumer\">11<\/span><\/a>En hva\u00f0 mig snertir, br\u00e6\u00f0ur, ef \u00e9g er enn \u00fe\u00e1 a\u00f0 pr\u00e9dika umskurn, hv\u00ed er \u00fe\u00e1 enn veri\u00f0 a\u00f0 ofs\u00e6kja mig? \u00de\u00e1 v\u00e6ri hneyksli krossins teki\u00f0 burt.<a name=\"12\"><span class=\"versanumer\">12<\/span><\/a>Vel m\u00e6ttu \u00feeir, sem koma y\u00f0ur \u00ed uppn\u00e1m, aflima sig.<a name=\"13\"><span class=\"versanumer\">13<\/span><\/a>\u00de\u00e9r voru\u00f0, br\u00e6\u00f0ur, kalla\u00f0ir til frelsis. Noti\u00f0 a\u00f0eins ekki frelsi\u00f0 til f\u00e6ris fyrir holdi\u00f0, heldur \u00fej\u00f3ni\u00f0 hver \u00f6\u00f0rum \u00ed k\u00e6rleika.<a name=\"14\"><span class=\"versanumer\">14<\/span><\/a>Allt l\u00f6gm\u00e1li\u00f0 er uppfyllt me\u00f0 \u00feessu eina bo\u00f0or\u00f0i: \u00de\u00fa skalt elska n\u00e1unga \u00feinn eins og sj\u00e1lfan \u00feig.<a name=\"15\"><span class=\"versanumer\">15<\/span><\/a>En ef \u00fe\u00e9r b\u00edtist og eti\u00f0 hver annan upp, \u00fe\u00e1 g\u00e6ti\u00f0 \u00feess, a\u00f0 \u00fe\u00e9r tort\u00edmist ekki hver fyrir \u00f6\u00f0rum.<a name=\"16\"><span class=\"versanumer\">16<\/span><\/a>En \u00e9g segi: Lifi\u00f0 \u00ed andanum, og \u00fe\u00e1 fulln\u00e6gi\u00f0 \u00fe\u00e9r alls ekki girnd holdsins.<a name=\"17\"><span class=\"versanumer\">17<\/span><\/a>Holdi\u00f0 girnist gegn andanum, og andinn gegn holdinu. \u00deau standa hvort gegn \u00f6\u00f0ru, til \u00feess a\u00f0 \u00fe\u00e9r gj\u00f6ri\u00f0 ekki \u00fea\u00f0, sem \u00fe\u00e9r vilji\u00f0.<a name=\"18\"><span class=\"versanumer\">18<\/span><\/a>En ef \u00fe\u00e9r lei\u00f0ist af andanum, \u00fe\u00e1 eru\u00f0 \u00fe\u00e9r ekki undir l\u00f6gm\u00e1li.<a name=\"19\"><span class=\"versanumer\">19<\/span><\/a>Holdsins verk eru auglj\u00f3s: Frillul\u00edfi, \u00f3hreinleiki, saurl\u00edfi,<a name=\"20\"><span class=\"versanumer\">20<\/span><\/a>skur\u00f0go\u00f0ad\u00fdrkun, fj\u00f6lkynngi, fjandskapur, deilur, metingur, rei\u00f0i, eigingirni, tv\u00eddr\u00e6gni, flokkadr\u00e1ttur,<a name=\"21\"><span class=\"versanumer\">21<\/span><\/a>\u00f6fund, ofdrykkja, svall og anna\u00f0 \u00feessu l\u00edkt. Og \u00fea\u00f0 segi \u00e9g y\u00f0ur fyrir, eins og \u00e9g hef \u00e1\u00f0ur sagt, a\u00f0 \u00feeir, sem sl\u00edkt gj\u00f6ra, munu ekki erfa Gu\u00f0s r\u00edki.<a name=\"22\"><span class=\"versanumer\">22<\/span><\/a>En \u00e1v\u00f6xtur andans er: K\u00e6rleiki, gle\u00f0i, fri\u00f0ur, langlyndi, g\u00e6ska, g\u00f3\u00f0vild, tr\u00famennska,<a name=\"23\"><span class=\"versanumer\">23<\/span><\/a>h\u00f3gv\u00e6r\u00f0 og bindindi. Gegn sl\u00edku er l\u00f6gm\u00e1li\u00f0 ekki.<a name=\"24\"><span class=\"versanumer\">24<\/span><\/a>En \u00feeir, sem tilheyra Kristi Jes\u00fa, hafa krossfest holdi\u00f0 me\u00f0 \u00e1str\u00ed\u00f0um \u00feess og girndum.<a name=\"25\"><span class=\"versanumer\">25<\/span><\/a>Fyrst andinn er l\u00edf vort skulum v\u00e9r lifa \u00ed andanum!<a name=\"26\"><span class=\"versanumer\">26<\/span><\/a>Verum ekki h\u00e9g\u00f3magjarnir, svo a\u00f0 v\u00e9r \u00e1reitum hver annan og \u00f6fundum hver annan.<\/p>\n<div class=\"footnote1981\"><b>5.1<\/b> Frelsun, frelsi J\u00f3h 8.36; R\u00f3m 8.2+ ; Gal 2.4; 5.13<br \/>\n<b>5.3<\/b> Krafa l\u00f6gm\u00e1lsins Gal 3.10; R\u00f3m 2.25; Jak 2.10<br \/>\n<b>5.5<\/b> V\u00e6ntum \u00ed andanum R\u00f3m 8.23-25; 2Kor 1.22; 5.1-5<br \/>\n<b>5.6<\/b> Umskurn og yfirh\u00fa\u00f0 1Kor 7.18-19; Gal 6.15 \u2013 tr\u00fa sem verkar Jak 2.14 \u2013 \u00ed k\u00e6rleika 1T\u00edm 1.5<br \/>\n<b>5.7<\/b> Sannleikur og frelsi J\u00f3h 8.32; Gal 2.14<br \/>\n<b>5.9<\/b> S\u00fardeig 1Kor 5.6<br \/>\n<b>5.11<\/b> Hneyksli krossins 1Kor 1.23<br \/>\n<b>5.13<\/b> Frelsi Gal 5.1+<br \/>\n<b>5.14<\/b> \u00de\u00fa skalt elska &#8230; 3M\u00f3s 19.18; Matt 5.43; 19.19; 22.39; Mrk 12.31; L\u00fak 10.27; R\u00f3m 13.8-10; Jak 2.8<br \/>\n<b>5.16<\/b> Lifi\u00f0 \u00ed andanum R\u00f3m 8.4-5; Gal 5.25<br \/>\n<b>5.17<\/b> Andst\u00e6\u00f0urnar hold og andi R\u00f3m 7.14-23; 1P\u00e9t 2.11<br \/>\n<b>5.18<\/b> Lei\u00f0ast af andanum R\u00f3m 8.14 \u2013 ekki undir l\u00f6gm\u00e1li R\u00f3m 6.14; 7.4; Gal 2.19; 4.5<br \/>\n<b>5.19-21<\/b> Verk holdsins R\u00f3m 1.28-31; 1Kor 6.9-10; Ef 5.5; Opb 22.15<br \/>\n<b>5.22<\/b> \u00c1v\u00f6xtur andans 2Kor 6.6; Ef 5.9; 1T\u00edm 6.11; Gal 5.6<br \/>\n<b>5.23<\/b> L\u00f6gm\u00e1li\u00f0 1T\u00edm 1.9<br \/>\n<b>5.24<\/b> Krossfest me\u00f0 Kristi R\u00f3m 6.6; 8.13; Gal 2.19; K\u00f3l 3.5; 1P\u00e9t 2.11<br \/>\n<b>5.25<\/b> Andinn hefur vaki\u00f0 til l\u00edfs Gal 5.16+<\/div>\n","protected":false},"excerpt":{"rendered":"<p>1Til frelsis frelsa\u00f0i Kristur oss. Standi\u00f0 \u00fev\u00ed st\u00f6\u00f0ugir og l\u00e1ti\u00f0 ekki aftur leggja \u00e1 y\u00f0ur \u00e1nau\u00f0arok.2Taki\u00f0 eftir \u00fev\u00ed, sem \u00e9g, P\u00e1ll, segi y\u00f0ur: Ef \u00fe\u00e9r l\u00e1ti\u00f0 umskerast, \u00fe\u00e1 gagnar Kristur y\u00f0ur ekkert.3Og enn vitna \u00e9g fyrir hverjum manni, sem l\u00e6tur umskerast: Hann er skyldur til a\u00f0 halda allt l\u00f6gm\u00e1li\u00f0.4\u00de\u00e9r eru\u00f0 or\u00f0nir vi\u00f0skila vi\u00f0 Krist, \u00fe\u00e9r sem \u00e6tli\u00f0 a\u00f0 r\u00e9ttl\u00e6tast me\u00f0 l\u00f6gm\u00e1li. \u00de\u00e9r eru\u00f0 fallnir \u00far n\u00e1\u00f0inni.5En v\u00e9r v\u00e6ntum \u00ed andanum a\u00f0 \u00f6\u00f0last af tr\u00fanni r\u00e9ttl\u00e6tinguna, sem er von vor.6\u00cd Kristi Jes\u00fa er ekkert komi\u00f0 undir umskurn n\u00e9 yfirh\u00fa\u00f0, heldur undir tr\u00fa, sem starfar \u00ed k\u00e6rleika.7\u00de\u00e9r hlupu\u00f0 vel. Hver hefur hindra\u00f0 <a href=\"https:\/\/biblian.is\/1981\/galatabrefid-5-kafli\/\"> [&#8230;]<\/a><\/p>\n","protected":false},"author":1,"featured_media":0,"parent":0,"menu_order":0,"comment_status":"open","ping_status":"open","template":"bibliukaflar.php","meta":{"footnotes":""},"class_list":["post-2443","page","type-page","status-publish","hentry"],"_links":{"self":[{"href":"https:\/\/biblian.is\/1981\/wp-json\/wp\/v2\/pages\/2443","targetHints":{"allow":["GET"]}}],"collection":[{"href":"https:\/\/biblian.is\/1981\/wp-json\/wp\/v2\/pages"}],"about":[{"href":"https:\/\/biblian.is\/1981\/wp-json\/wp\/v2\/types\/page"}],"author":[{"embeddable":true,"href":"https:\/\/biblian.is\/1981\/wp-json\/wp\/v2\/users\/1"}],"replies":[{"embeddable":true,"href":"https:\/\/biblian.is\/1981\/wp-json\/wp\/v2\/comments?post=2443"}],"version-history":[{"count":0,"href":"https:\/\/biblian.is\/1981\/wp-json\/wp\/v2\/pages\/2443\/revisions"}],"wp:attachment":[{"href":"https:\/\/biblian.is\/1981\/wp-json\/wp\/v2\/media?parent=2443"}],"curies":[{"name":"wp","href":"https:\/\/api.w.org\/{rel}","templated":true}]}}