{"id":2439,"date":"2017-11-18T20:21:47","date_gmt":"2017-11-18T20:21:47","guid":{"rendered":"http:\/\/biblian.is\/1981\/galatabrefid-1-kafli\/"},"modified":"2017-11-18T20:21:47","modified_gmt":"2017-11-18T20:21:47","slug":"galatabrefid-1-kafli","status":"publish","type":"page","link":"https:\/\/biblian.is\/1981\/galatabrefid-1-kafli\/","title":{"rendered":"Galatabr\u00e9fi\u00f0 1. kafli"},"content":{"rendered":"<p><a name=\"1\"><span class=\"versanumer\">1<\/span><\/a>P\u00e1ll postuli ekki sendur af m\u00f6nnum n\u00e9 a\u00f0 tilhlutun manns, heldur a\u00f0 tilhlutun Jes\u00fa Krists og Gu\u00f0s f\u00f6\u00f0ur, sem uppvakti hann fr\u00e1 dau\u00f0um<a name=\"2\"><span class=\"versanumer\">2<\/span><\/a>og allir br\u00e6\u00f0urnir, sem me\u00f0 m\u00e9r eru, heilsa s\u00f6fnu\u00f0unum \u00ed Galatalandi.<a name=\"3\"><span class=\"versanumer\">3<\/span><\/a>N\u00e1\u00f0 s\u00e9 me\u00f0 y\u00f0ur og fri\u00f0ur fr\u00e1 Gu\u00f0i f\u00f6\u00f0ur og Drottni vorum Jes\u00fa Kristi,<a name=\"4\"><span class=\"versanumer\">4<\/span><\/a>sem gaf sj\u00e1lfan sig fyrir syndir vorar, til \u00feess a\u00f0 frelsa oss fr\u00e1 hinni yfirstandandi vondu \u00f6ld, samkv\u00e6mt vilja Gu\u00f0s vors og f\u00f6\u00f0ur.<a name=\"5\"><span class=\"versanumer\">5<\/span><\/a>Honum s\u00e9 d\u00fdr\u00f0 um aldir alda, amen.<a name=\"6\"><span class=\"versanumer\">6<\/span><\/a>Mig fur\u00f0ar, a\u00f0 \u00fe\u00e9r svo flj\u00f3tt l\u00e1ti\u00f0 sn\u00faast fr\u00e1 honum, sem kalla\u00f0i y\u00f0ur \u00ed n\u00e1\u00f0 Krists, til annars konar fagna\u00f0arerindis,<a name=\"7\"><span class=\"versanumer\">7<\/span><\/a>&#8222;sem \u00fe\u00f3 er ekki til; heldur eru einhverjir a\u00f0 trufla y\u00f0ur og vilja umhverfa fagna\u00f0arerindinu um Krist.&#8220;<a name=\"8\"><span class=\"versanumer\">8<\/span><\/a>En \u00fe\u00f3tt jafnvel v\u00e9r e\u00f0a engill fr\u00e1 himni f\u00e6ri a\u00f0 bo\u00f0a y\u00f0ur anna\u00f0 fagna\u00f0arerindi en \u00fea\u00f0, sem v\u00e9r h\u00f6fum bo\u00f0a\u00f0 y\u00f0ur, \u00fe\u00e1 s\u00e9 hann b\u00f6lva\u00f0ur.<a name=\"9\"><span class=\"versanumer\">9<\/span><\/a>Eins og v\u00e9r h\u00f6fum \u00e1\u00f0ur sagt, eins segi \u00e9g n\u00fa aftur: Ef nokkur bo\u00f0ar y\u00f0ur anna\u00f0 fagna\u00f0arerindi en \u00fea\u00f0, sem \u00fe\u00e9r hafi\u00f0 veitt vi\u00f0t\u00f6ku, \u00fe\u00e1 s\u00e9 hann b\u00f6lva\u00f0ur.<a name=\"10\"><span class=\"versanumer\">10<\/span><\/a>Er \u00e9g n\u00fa a\u00f0 reyna a\u00f0 sannf\u00e6ra menn e\u00f0a Gu\u00f0? Er \u00e9g a\u00f0 leitast vi\u00f0 a\u00f0 \u00fe\u00f3knast m\u00f6nnum? Ef \u00e9g v\u00e6ri enn a\u00f0 \u00fe\u00f3knast m\u00f6nnum, \u00fe\u00e1 v\u00e6ri \u00e9g ekki \u00fej\u00f3nn Krists.<a name=\"11\"><span class=\"versanumer\">11<\/span><\/a>\u00dea\u00f0 l\u00e6t \u00e9g y\u00f0ur vita, br\u00e6\u00f0ur, a\u00f0 fagna\u00f0arerindi\u00f0, sem \u00e9g hef bo\u00f0a\u00f0, er ekki mannaverk.<a name=\"12\"><span class=\"versanumer\">12<\/span><\/a>Ekki hef \u00e9g teki\u00f0 vi\u00f0 \u00fev\u00ed af manni n\u00e9 l\u00e1ti\u00f0 kenna m\u00e9r \u00fea\u00f0, heldur fengi\u00f0 \u00fea\u00f0 fyrir opinberun Jes\u00fa Krists.<a name=\"13\"><span class=\"versanumer\">13<\/span><\/a>\u00de\u00e9r hafi\u00f0 heyrt um h\u00e1ttsemi m\u00edna \u00e1\u00f0ur fyrri \u00ed Gy\u00f0ingd\u00f3minum, hversu \u00e1kaflega \u00e9g ofs\u00f3tti s\u00f6fnu\u00f0 Gu\u00f0s og vildi ey\u00f0a honum.<a name=\"14\"><span class=\"versanumer\">14<\/span><\/a>\u00c9g f\u00f3r lengra \u00ed Gy\u00f0ingd\u00f3minum en margir jafnaldrar m\u00ednir me\u00f0al \u00fej\u00f3\u00f0ar minnar og var miklu vandl\u00e6tingasamari um erfikenningu forfe\u00f0ra minna.<a name=\"15\"><span class=\"versanumer\">15<\/span><\/a>En \u00feegar Gu\u00f0i, sem haf\u00f0i \u00fatvali\u00f0 mig fr\u00e1 m\u00f3\u00f0url\u00edfi og af n\u00e1\u00f0 sinni kalla\u00f0,<a name=\"16\"><span class=\"versanumer\">16<\/span><\/a>\u00fe\u00f3kna\u00f0ist a\u00f0 opinbera m\u00e9r son sinn, til \u00feess a\u00f0 \u00e9g bo\u00f0a\u00f0i fagna\u00f0arerindi\u00f0 um hann me\u00f0al hei\u00f0ingjanna, \u00fe\u00e1 r\u00e1\u00f0ga\u00f0ist \u00e9g eigi vi\u00f0 neinn mann,<a name=\"17\"><span class=\"versanumer\">17<\/span><\/a>ekki f\u00f3r \u00e9g heldur upp til Jer\u00fasalem til \u00feeirra, sem voru postular \u00e1 undan m\u00e9r, heldur f\u00f3r \u00e9g jafnskj\u00f3tt til Arab\u00edu og sneri svo aftur til Damaskus.<a name=\"18\"><span class=\"versanumer\">18<\/span><\/a>S\u00ed\u00f0an f\u00f3r \u00e9g eftir \u00ferj\u00fa \u00e1r upp til Jer\u00fasalem til a\u00f0 kynnast Kefasi og dvaldist hj\u00e1 honum h\u00e1lfan m\u00e1nu\u00f0.<a name=\"19\"><span class=\"versanumer\">19<\/span><\/a>Engan af hinum postulunum s\u00e1 \u00e9g, heldur a\u00f0eins Jakob, br\u00f3\u00f0ur Drottins.<a name=\"20\"><span class=\"versanumer\">20<\/span><\/a>Gu\u00f0 veit, a\u00f0 \u00e9g l\u00fdg \u00fev\u00ed ekki, sem \u00e9g skrifa y\u00f0ur.<a name=\"21\"><span class=\"versanumer\">21<\/span><\/a>S\u00ed\u00f0an kom \u00e9g \u00ed h\u00e9ru\u00f0 S\u00fdrlands og Kilik\u00edu.<a name=\"22\"><span class=\"versanumer\">22<\/span><\/a>\u00c9g var pers\u00f3nulega \u00f3kunnur kristnu s\u00f6fnu\u00f0unum \u00ed J\u00fadeu.<a name=\"23\"><span class=\"versanumer\">23<\/span><\/a>\u00deeir h\u00f6f\u00f0u einungis heyrt sagt: S\u00e1 sem \u00e1\u00f0ur ofs\u00f3tti oss, bo\u00f0ar n\u00fa tr\u00fana, sem hann \u00e1\u00f0ur vildi ey\u00f0a.<a name=\"24\"><span class=\"versanumer\">24<\/span><\/a>Og \u00feeir vegs\u00f6mu\u00f0u Gu\u00f0 vegna m\u00edn.<\/p>\n<div class=\"footnote1981\"><b>1.1<\/b> P\u00e1ll postuli R\u00f3m 1.1; Gal 1.11-12,17; Post 20.24<br \/>\n<b>1.2<\/b> Galataland Post 16.6; 18.23; 1Kor 16.1; 2T\u00edm 4.10; 1P\u00e9t 1.1<br \/>\n<b>1.4<\/b> Gaf sj\u00e1lfan sig Gal 2.20; 1T\u00edm 2.6; T\u00edt 2.14 \u2013 fr\u00e1 hinni vondu \u00f6ld Post 2.40; 1J\u00f3h 5.19<br \/>\n<b>1.6<\/b> Kalla\u00f0i R\u00f3m 1.6; Gal 1.15; 5.8<br \/>\n<b>1.8<\/b> Anna\u00f0 fagna\u00f0arerindi 2Kor 11.4 \u2013 b\u00f6lva\u00f0ur R\u00f3m 9.3+<br \/>\n<b>1.11<\/b> Fagna\u00f0arerindi\u00f0, or\u00f0 Gu\u00f0s 1\u00deess 2.13<br \/>\n<b>1.12<\/b> Opinberun Jes\u00fa Krists Gal 1.1,15-16; Matt 16.17<br \/>\n<b>1.13<\/b> Ofs\u00f3tti Post 8.3; 22.4-5; 26.9-11; 1Kor 15.9; Fil 3.6<br \/>\n<b>1.14<\/b> Vandl\u00e1tari Post 22.3; Fil 3.5-6<br \/>\n<b>1.15<\/b> Fr\u00e1 m\u00f3\u00f0url\u00edfi Jes 49.1; Jer 1.5; R\u00f3m 1.1 \u2013 af n\u00e1\u00f0 Gal 1.6; 1Kor 15.10<br \/>\n<b>1.16<\/b> Sonurinn opinbera\u00f0ur P\u00e1li Gal 1.12+ ; Post 9.3-5; 22.6-10; 26.13-18; 1Kor 9.1 \u2013 hinum kristnu 2Kor 4.6 \u2013 me\u00f0al hei\u00f0ingjanna Post 22.21; Gal 2.7<br \/>\n<b>1.18<\/b> Til Jer\u00fasalem Post 9.26-30<br \/>\n<b>1.19<\/b> Jakob, br\u00f3\u00f0ir Drottins Post 15.13+ ; Gal 2.9<br \/>\n<b>1.21<\/b> \u00cd S\u00fdrlandi og Kilik\u00edu Post 9.20<\/div>\n","protected":false},"excerpt":{"rendered":"<p>1P\u00e1ll postuli ekki sendur af m\u00f6nnum n\u00e9 a\u00f0 tilhlutun manns, heldur a\u00f0 tilhlutun Jes\u00fa Krists og Gu\u00f0s f\u00f6\u00f0ur, sem uppvakti hann fr\u00e1 dau\u00f0um2og allir br\u00e6\u00f0urnir, sem me\u00f0 m\u00e9r eru, heilsa s\u00f6fnu\u00f0unum \u00ed Galatalandi.3N\u00e1\u00f0 s\u00e9 me\u00f0 y\u00f0ur og fri\u00f0ur fr\u00e1 Gu\u00f0i f\u00f6\u00f0ur og Drottni vorum Jes\u00fa Kristi,4sem gaf sj\u00e1lfan sig fyrir syndir vorar, til \u00feess a\u00f0 frelsa oss fr\u00e1 hinni yfirstandandi vondu \u00f6ld, samkv\u00e6mt vilja Gu\u00f0s vors og f\u00f6\u00f0ur.5Honum s\u00e9 d\u00fdr\u00f0 um aldir alda, amen.6Mig fur\u00f0ar, a\u00f0 \u00fe\u00e9r svo flj\u00f3tt l\u00e1ti\u00f0 sn\u00faast fr\u00e1 honum, sem kalla\u00f0i y\u00f0ur \u00ed n\u00e1\u00f0 Krists, til annars konar fagna\u00f0arerindis,7&#8222;sem \u00fe\u00f3 er ekki til; heldur eru einhverjir <a href=\"https:\/\/biblian.is\/1981\/galatabrefid-1-kafli\/\"> [&#8230;]<\/a><\/p>\n","protected":false},"author":1,"featured_media":0,"parent":0,"menu_order":0,"comment_status":"open","ping_status":"open","template":"bibliukaflar.php","meta":{"footnotes":""},"class_list":["post-2439","page","type-page","status-publish","hentry"],"_links":{"self":[{"href":"https:\/\/biblian.is\/1981\/wp-json\/wp\/v2\/pages\/2439","targetHints":{"allow":["GET"]}}],"collection":[{"href":"https:\/\/biblian.is\/1981\/wp-json\/wp\/v2\/pages"}],"about":[{"href":"https:\/\/biblian.is\/1981\/wp-json\/wp\/v2\/types\/page"}],"author":[{"embeddable":true,"href":"https:\/\/biblian.is\/1981\/wp-json\/wp\/v2\/users\/1"}],"replies":[{"embeddable":true,"href":"https:\/\/biblian.is\/1981\/wp-json\/wp\/v2\/comments?post=2439"}],"version-history":[{"count":0,"href":"https:\/\/biblian.is\/1981\/wp-json\/wp\/v2\/pages\/2439\/revisions"}],"wp:attachment":[{"href":"https:\/\/biblian.is\/1981\/wp-json\/wp\/v2\/media?parent=2439"}],"curies":[{"name":"wp","href":"https:\/\/api.w.org\/{rel}","templated":true}]}}