{"id":2438,"date":"2017-11-18T20:21:47","date_gmt":"2017-11-18T20:21:47","guid":{"rendered":"http:\/\/biblian.is\/1981\/sidara-korintubref-13-kafli\/"},"modified":"2021-06-06T11:10:11","modified_gmt":"2021-06-06T11:10:11","slug":"sidara-korintubref-13-kafli","status":"publish","type":"page","link":"https:\/\/biblian.is\/1981\/sidara-korintubref-13-kafli\/","title":{"rendered":"S\u00ed\u00f0ara Korintubr\u00e9f 13. kafli"},"content":{"rendered":"<p><a name=\"1\"><span class=\"versanumer\">1<\/span><\/a>\u00deetta er n\u00fa \u00ed \u00feri\u00f0ja sinn, sem \u00e9g kem til y\u00f0ar. \u00dev\u00ed a\u00f0eins skal frambur\u00f0ur gildur vera, a\u00f0 tveir e\u00f0a \u00fer\u00edr beri.<a name=\"2\"><span class=\"versanumer\">2<\/span><\/a>\u00dea\u00f0 sem \u00e9g sag\u00f0i y\u00f0ur vi\u00f0 a\u00f0ra komu m\u00edna, \u00fea\u00f0 segi \u00e9g y\u00f0ur n\u00fa aftur fjarstaddur, b\u00e6\u00f0i \u00feeim, sem hafa brotlegir or\u00f0i\u00f0, og \u00f6\u00f0rum: N\u00e6sta sinn, sem \u00e9g kem, mun \u00e9g ekki hl\u00edfa neinum,<a name=\"3\"><span class=\"versanumer\">3<\/span><\/a>enda krefjist \u00fe\u00e9r s\u00f6nnunar \u00feess, a\u00f0 Kristur tali \u00ed m\u00e9r. Hann er ekki veikur gagnvart y\u00f0ur, heldur m\u00e1ttugur \u00e1 me\u00f0al y\u00f0ar.<a name=\"4\"><span class=\"versanumer\">4<\/span><\/a>Hann var krossfestur \u00ed veikleika, en hann lifir fyrir Gu\u00f0s kraft. Og einnig v\u00e9r erum veikir \u00ed honum, en munum \u00fe\u00f3 lifa me\u00f0 honum fyrir Gu\u00f0s kraft, sem hann s\u00fdnir y\u00f0ur.<a name=\"5\"><span class=\"versanumer\">5<\/span><\/a>Reyni\u00f0 y\u00f0ur sj\u00e1lfa, hvort \u00fe\u00e9r eru\u00f0 \u00ed tr\u00fanni, pr\u00f3fi\u00f0 y\u00f0ur sj\u00e1lfa. Gj\u00f6ri\u00f0 \u00fe\u00e9r y\u00f0ur ekki grein fyrir, a\u00f0 Jes\u00fas Kristur er \u00ed y\u00f0ur? \u00dea\u00f0 skyldi vera, a\u00f0 \u00fe\u00e9r st\u00e6\u00f0ust ekki pr\u00f3fi\u00f0.<a name=\"6\"><span class=\"versanumer\">6<\/span><\/a>En \u00e9g vona, a\u00f0 \u00fe\u00e9r komist a\u00f0 raun um, a\u00f0 v\u00e9r h\u00f6fum sta\u00f0ist pr\u00f3fi\u00f0.<a name=\"7\"><span class=\"versanumer\">7<\/span><\/a>V\u00e9r bi\u00f0jum til Gu\u00f0s, a\u00f0 \u00fe\u00e9r gj\u00f6ri\u00f0 ekki neitt illt, ekki til \u00feess a\u00f0 \u00fea\u00f0 s\u00fdni \u00e1g\u00e6ti vort, heldur til \u00feess a\u00f0 \u00fe\u00e9r gj\u00f6ri\u00f0 hi\u00f0 g\u00f3\u00f0a. V\u00e9r g\u00e6tum eins s\u00fdnst \u00f3h\u00e6fir.<a name=\"8\"><span class=\"versanumer\">8<\/span><\/a>\u00dev\u00ed a\u00f0 ekki megnum v\u00e9r neitt gegn sannleikanum, heldur fyrir sannleikann.<a name=\"9\"><span class=\"versanumer\">9<\/span><\/a>V\u00e9r gle\u00f0jumst, \u00feegar v\u00e9r erum veikir, en \u00fe\u00e9r eru\u00f0 styrkir. \u00dea\u00f0, sem v\u00e9r bi\u00f0jum um, er a\u00f0 \u00fe\u00e9r ver\u00f0i\u00f0 fullkomnir.<a name=\"10\"><span class=\"versanumer\">10<\/span><\/a>\u00deess vegna rita \u00e9g \u00feetta fjarverandi, til \u00feess a\u00f0 \u00e9g \u00feurfi ekki, \u00feegar \u00e9g er kominn, a\u00f0 beita h\u00f6rku, samkv\u00e6mt \u00fev\u00ed valdi, sem Drottinn hefur gefi\u00f0 m\u00e9r. \u00dea\u00f0 er til uppbyggingar, en ekki til ni\u00f0urbrots.<a name=\"11\"><span class=\"versanumer\">11<\/span><\/a>A\u00f0 \u00f6\u00f0ru leyti, br\u00e6\u00f0ur, veri\u00f0 gla\u00f0ir. Veri\u00f0 fullkomnir, \u00e1minni\u00f0 hver annan, veri\u00f0 samhuga, veri\u00f0 fri\u00f0samir. \u00de\u00e1 mun Gu\u00f0 k\u00e6rleikans og fri\u00f0arins vera me\u00f0 y\u00f0ur.<a name=\"12\"><span class=\"versanumer\">12<\/span><\/a>Heilsi\u00f0 hver \u00f6\u00f0rum me\u00f0 heil\u00f6gum kossi. Allir heilagir bi\u00f0ja a\u00f0 heilsa y\u00f0ur.<a name=\"13\"><span class=\"versanumer\">13<\/span><\/a>N\u00e1\u00f0in Drottins Jes\u00fa Krists, k\u00e6rleiki Gu\u00f0s og samf\u00e9lag heilags anda s\u00e9 me\u00f0 y\u00f0ur \u00f6llum.<\/p>\n<div class=\"footnote1981\"><b>13.1<\/b> A\u00f0eins skal &#8230; 5M\u00f3s 17.6; 19.15; Matt 18.16; 1T\u00edm 5.19; Heb 10.28 \u2013 \u00ed \u00feri\u00f0ja sinn 2Kor 12.14+<br \/>\n<b>13.3<\/b> Talar \u00ed m\u00e9r 2Kor 3.5-6<br \/>\n<b>13.4<\/b> Veikur en lifi \u00fe\u00f3 R\u00f3m 6.8-11; 2Kor 12.9-10+<br \/>\n<b>13.5<\/b> Pr\u00f3fi\u00f0 ykkur sj\u00e1lfa 1Kor 11.28; Gal 6.4<br \/>\n<b>13.9<\/b> Veikur 2Kor 12.9-10+<br \/>\n<b>13.10<\/b> Byggja upp, r\u00edfa ni\u00f0ur Jer 1.10; 2Kor 10.8<br \/>\n<b>13.11<\/b> Gl\u00f6\u00f0 Fil 3.1; 4.4 \u2013 samhuga R\u00f3m 15.5; 1Kor 1.10; Ef 4.2-3; Fil 2.2 \u2013 Gu\u00f0 fri\u00f0arins R\u00f3m 15.33<br \/>\n<b>13.12<\/b> Me\u00f0 heil\u00f6gum kossi R\u00f3m 16.16; 1Kor 16.20; 1\u00deess 5.26; 1P\u00e9t 5.14<br \/>\n<b>13.13<\/b> N\u00e1\u00f0, k\u00e6rleikur, samf\u00e9lag Fil 2.1 \u2013 Jes\u00fas Kristur, Gu\u00f0, heilagur andi Matt 28.19; J\u00f3h 14.16; R\u00f3m 1.4; 15.16,30; 2Kor 1.21-22; Gal 4.6; Ef 1.3-14; 2.18; 1P\u00e9t 1.2; 1J\u00f3h 4.2; Opb 22.<\/div>\n","protected":false},"excerpt":{"rendered":"<p>1\u00deetta er n\u00fa \u00ed \u00feri\u00f0ja sinn, sem \u00e9g kem til y\u00f0ar. \u00dev\u00ed a\u00f0eins skal frambur\u00f0ur gildur vera, a\u00f0 tveir e\u00f0a \u00fer\u00edr beri.2\u00dea\u00f0 sem \u00e9g sag\u00f0i y\u00f0ur vi\u00f0 a\u00f0ra komu m\u00edna, \u00fea\u00f0 segi \u00e9g y\u00f0ur n\u00fa aftur fjarstaddur, b\u00e6\u00f0i \u00feeim, sem hafa brotlegir or\u00f0i\u00f0, og \u00f6\u00f0rum: N\u00e6sta sinn, sem \u00e9g kem, mun \u00e9g ekki hl\u00edfa neinum,3enda krefjist \u00fe\u00e9r s\u00f6nnunar \u00feess, a\u00f0 Kristur tali \u00ed m\u00e9r. Hann er ekki veikur gagnvart y\u00f0ur, heldur m\u00e1ttugur \u00e1 me\u00f0al y\u00f0ar.4Hann var krossfestur \u00ed veikleika, en hann lifir fyrir Gu\u00f0s kraft. Og einnig v\u00e9r erum veikir \u00ed honum, en munum \u00fe\u00f3 lifa me\u00f0 honum fyrir Gu\u00f0s <a href=\"https:\/\/biblian.is\/1981\/sidara-korintubref-13-kafli\/\"> [&#8230;]<\/a><\/p>\n","protected":false},"author":1,"featured_media":0,"parent":0,"menu_order":0,"comment_status":"open","ping_status":"open","template":"bibliukaflar.php","meta":{"footnotes":""},"class_list":["post-2438","page","type-page","status-publish","hentry"],"_links":{"self":[{"href":"https:\/\/biblian.is\/1981\/wp-json\/wp\/v2\/pages\/2438","targetHints":{"allow":["GET"]}}],"collection":[{"href":"https:\/\/biblian.is\/1981\/wp-json\/wp\/v2\/pages"}],"about":[{"href":"https:\/\/biblian.is\/1981\/wp-json\/wp\/v2\/types\/page"}],"author":[{"embeddable":true,"href":"https:\/\/biblian.is\/1981\/wp-json\/wp\/v2\/users\/1"}],"replies":[{"embeddable":true,"href":"https:\/\/biblian.is\/1981\/wp-json\/wp\/v2\/comments?post=2438"}],"version-history":[{"count":0,"href":"https:\/\/biblian.is\/1981\/wp-json\/wp\/v2\/pages\/2438\/revisions"}],"wp:attachment":[{"href":"https:\/\/biblian.is\/1981\/wp-json\/wp\/v2\/media?parent=2438"}],"curies":[{"name":"wp","href":"https:\/\/api.w.org\/{rel}","templated":true}]}}