{"id":2437,"date":"2017-11-18T20:21:47","date_gmt":"2017-11-18T20:21:47","guid":{"rendered":"http:\/\/biblian.is\/1981\/sidara-korintubref-12-kafli\/"},"modified":"2021-06-06T11:10:11","modified_gmt":"2021-06-06T11:10:11","slug":"sidara-korintubref-12-kafli","status":"publish","type":"page","link":"https:\/\/biblian.is\/1981\/sidara-korintubref-12-kafli\/","title":{"rendered":"S\u00ed\u00f0ara Korintubr\u00e9f 12. kafli"},"content":{"rendered":"<p><a name=\"1\"><span class=\"versanumer\">1<\/span><\/a>Hr\u00f3sa m\u00e9r ver\u00f0 \u00e9g, \u00fe\u00f3tt gagnlegt s\u00e9 \u00fea\u00f0 ekki. En \u00e9g mun n\u00fa sn\u00faa m\u00e9r a\u00f0 vitrunum og opinberunum Drottins.<a name=\"2\"><span class=\"versanumer\">2<\/span><\/a>M\u00e9r er kunnugt um mann, hann tilheyrir Kristi, sem fyrir fj\u00f3rt\u00e1n \u00e1rum, hvort \u00fea\u00f0 var \u00ed l\u00edkamanum e\u00f0a utan l\u00edkamans, veit \u00e9g ekki, Gu\u00f0 veit \u00fea\u00f0 _, var hrifinn burt allt til \u00feri\u00f0ja himins.<a name=\"3\"><span class=\"versanumer\">3<\/span><\/a>Og m\u00e9r er kunnugt um \u00feennan mann, hvort \u00fea\u00f0 var \u00ed l\u00edkamanum e\u00f0a \u00e1n l\u00edkamans, veit \u00e9g ekki, Gu\u00f0 veit \u00fea\u00f0 _,<a name=\"4\"><span class=\"versanumer\">4<\/span><\/a>a\u00f0 hann var hrifinn upp \u00ed Parad\u00eds og heyr\u00f0i \u00f3segjanleg or\u00f0, sem engum manni er leyft a\u00f0 m\u00e6la.<a name=\"5\"><span class=\"versanumer\">5<\/span><\/a>Af sl\u00edku vil \u00e9g hr\u00f3sa m\u00e9r, en af sj\u00e1lfum m\u00e9r vil \u00e9g ekki hr\u00f3sa m\u00e9r, nema \u00fe\u00e1 af veikleika m\u00ednum.<a name=\"6\"><span class=\"versanumer\">6<\/span><\/a>\u00de\u00f3tt \u00e9g vildi hr\u00f3sa m\u00e9r, v\u00e6ri \u00e9g ekki fr\u00e1vita, \u00fev\u00ed a\u00f0 \u00e9g mundi segja sannleika. En \u00e9g veigra m\u00e9r vi\u00f0 \u00fev\u00ed, til \u00feess a\u00f0 enginn skuli \u00e6tla mig meiri en hann s\u00e9r mig e\u00f0a heyrir.<a name=\"7\"><span class=\"versanumer\">7<\/span><\/a>Og til \u00feess a\u00f0 \u00e9g skuli ekki hrokast upp af hinum miklu opinberunum, er m\u00e9r gefinn fleinn \u00ed holdi\u00f0, Satans engill, sem sl\u00e6r mig, til \u00feess a\u00f0 \u00e9g skuli ekki hrokast upp.<a name=\"8\"><span class=\"versanumer\">8<\/span><\/a>\u00derisvar hef \u00e9g be\u00f0i\u00f0 Drottin \u00feess a\u00f0 l\u00e1ta hann fara fr\u00e1 m\u00e9r.<a name=\"9\"><span class=\"versanumer\">9<\/span><\/a>&#8222;Og hann hefur svara\u00f0 m\u00e9r: N\u00e1\u00f0 m\u00edn n\u00e6gir \u00fe\u00e9r; \u00fev\u00ed a\u00f0 m\u00e1tturinn fullkomnast \u00ed veikleika. \u00dev\u00ed vil \u00e9g helst hr\u00f3sa m\u00e9r af veikleika m\u00ednum, til \u00feess a\u00f0 kraftur Krists megi taka s\u00e9r b\u00fasta\u00f0 \u00ed m\u00e9r.&#8220;<a name=\"10\"><span class=\"versanumer\">10<\/span><\/a>\u00deess vegna uni \u00e9g m\u00e9r vel \u00ed veikleika, \u00ed mis\u00feyrmingum, \u00ed nau\u00f0um, \u00ed ofs\u00f3knum, \u00ed \u00ferengingum vegna Krists. \u00deegar \u00e9g er veikur, \u00fe\u00e1 er \u00e9g m\u00e1ttugur.<a name=\"11\"><span class=\"versanumer\">11<\/span><\/a>\u00c9g hef gj\u00f6rst fr\u00e1vita. \u00de\u00e9r hafi\u00f0 neytt mig til \u00feess. \u00c9g \u00e1tti heimtingu \u00e1 a\u00f0 hlj\u00f3ta me\u00f0m\u00e6li af y\u00f0ur. \u00dev\u00ed a\u00f0 \u00ed engu st\u00f3\u00f0 \u00e9g hinum st\u00f3rmiklu postulum a\u00f0 baki, enda \u00fe\u00f3tt \u00e9g s\u00e9 ekki neitt.<a name=\"12\"><span class=\"versanumer\">12<\/span><\/a>Postulat\u00e1kn voru gj\u00f6r\u00f0 \u00e1 me\u00f0al y\u00f0ar af mikilli \u00ferautseigju, t\u00e1kn, undur og kraftaverk.<a name=\"13\"><span class=\"versanumer\">13<\/span><\/a>\u00cd hverju voru\u00f0 \u00fe\u00e9r settir l\u00e6gra en hinir s\u00f6fnu\u00f0irnir, nema ef vera skyldi \u00ed \u00fev\u00ed, a\u00f0 \u00e9g sj\u00e1lfur hef ekki veri\u00f0 y\u00f0ur til byr\u00f0i? Fyrirgefi\u00f0 m\u00e9r \u00feennan \u00f3r\u00e9tt.<a name=\"14\"><span class=\"versanumer\">14<\/span><\/a>\u00deetta er n\u00fa \u00ed \u00feri\u00f0ja sinn, a\u00f0 \u00e9g er fer\u00f0b\u00fainn a\u00f0 koma til y\u00f0ar, og \u00e6tla \u00e9g ekki a\u00f0 ver\u00f0a y\u00f0ur til byr\u00f0i. \u00c9g s\u00e6kist ekki eftir eigum y\u00f0ar, heldur y\u00f0ur sj\u00e1lfum. \u00dev\u00ed a\u00f0 ekki eiga b\u00f6rnin a\u00f0 safna f\u00e9 handa foreldrunum, heldur foreldrarnir handa b\u00f6rnunum.<a name=\"15\"><span class=\"versanumer\">15<\/span><\/a>\u00c9g er f\u00fas til a\u00f0 verja \u00fev\u00ed, sem \u00e9g \u00e1, j\u00e1, leggja sj\u00e1lfan mig \u00ed s\u00f6lurnar fyrir y\u00f0ur. Ef \u00e9g elska y\u00f0ur heitar, ver\u00f0 \u00e9g \u00fe\u00e1 elska\u00f0ur minna?<a name=\"16\"><span class=\"versanumer\">16<\/span><\/a>En l\u00e1tum svo vera, a\u00f0 \u00e9g hafi ekki veri\u00f0 y\u00f0ur til byr\u00f0i, en hafi veri\u00f0 sl\u00e6gur og veitt y\u00f0ur me\u00f0 br\u00f6g\u00f0um.<a name=\"17\"><span class=\"versanumer\">17<\/span><\/a>Hef \u00e9g nota\u00f0 nokkurn \u00feeirra, sem \u00e9g hef sent til y\u00f0ar, til \u00feess a\u00f0 hafa eitthva\u00f0 af y\u00f0ur?<a name=\"18\"><span class=\"versanumer\">18<\/span><\/a>\u00c9g ba\u00f0 T\u00edtus a\u00f0 fara og sendi br\u00f3\u00f0urinn me\u00f0 honum. Hefur \u00fe\u00e1 T\u00edtus haft eitthva\u00f0 af y\u00f0ur? Komum vi\u00f0 ekki fram \u00ed einum og sama anda? Fetu\u00f0um vi\u00f0 ekki \u00ed s\u00f6mu f\u00f3tsporin?<a name=\"19\"><span class=\"versanumer\">19<\/span><\/a>Fyrir l\u00f6ngu eru\u00f0 \u00fe\u00e9r farnir a\u00f0 halda, a\u00f0 v\u00e9r s\u00e9um a\u00f0 verja oss gagnvart y\u00f0ur. Nei, v\u00e9r t\u00f6lum fyrir augliti Gu\u00f0s, eins og \u00feeir, sem tilheyra Kristi. Allt er \u00fea\u00f0 y\u00f0ur til uppbyggingar, m\u00ednir elsku\u00f0u.<a name=\"20\"><span class=\"versanumer\">20<\/span><\/a>\u00c9g er hr\u00e6ddur um, a\u00f0 m\u00e9r muni \u00feykja \u00fe\u00e9r \u00f6\u00f0ruv\u00edsi en \u00e9g \u00f3ska, er \u00e9g kem, og a\u00f0 y\u00f0ur muni \u00feykja \u00e9g \u00f6\u00f0ruv\u00edsi en \u00fe\u00e9r \u00f3ski\u00f0 og \u00e1 me\u00f0al y\u00f0ar kunni a\u00f0 vera deilur, \u00f6fund, rei\u00f0i, eigingirni, bakm\u00e6lgi, r\u00f3gbur\u00f0ur, hroki og \u00f3eir\u00f0ir.<a name=\"21\"><span class=\"versanumer\">21<\/span><\/a>\u00c9g er hr\u00e6ddur um, a\u00f0 Gu\u00f0 minn muni au\u00f0m\u00fdkja mig hj\u00e1 y\u00f0ur, \u00feegar \u00e9g kem aftur, og a\u00f0 \u00e9g muni hryggjast yfir m\u00f6rgum \u00feeirra, sem \u00e1\u00f0ur hafa syndga\u00f0 og ekki hafa sn\u00fai\u00f0 s\u00e9r fr\u00e1 saurl\u00edfi, frillul\u00edfi og \u00f3lifna\u00f0i, sem \u00feeir hafa dr\u00fdgt.<\/p>\n<div class=\"footnote1981\"><b>12.1<\/b> Vitranir og opinberanir Post 16.9; 22.18; 23.11; 27.23-26; 2Kor 12.7; Gal 2.2 \u2013 hinn upprisni vitrast P\u00e1li Post 9.5; 22.8; 26.15,19; 1Kor 9.1; 15.8<br \/>\n<b>12.4<\/b> Parad\u00eds L\u00fak 23.43; Opb 2.7<br \/>\n<b>12.6<\/b> \u00de\u00f3tt \u00e9g vildi hr\u00f3sa m\u00e9r 2Kor 10.8+<br \/>\n<b>12.8<\/b> \u00derisvar &#8230; Matt 26.39-44<br \/>\n<b>12.9-10<\/b> M\u00e1tturinn fullkomnast \u00ed veikleika 2Kor 4.7+ ; 11.30; 12.5; 13.4,9; Fil 4.13<br \/>\n<b>12.12<\/b> Postulat\u00e1kn R\u00f3m 15.19; 1Kor 2.4; 1\u00deess 1.5<br \/>\n<b>12.14<\/b> Til Korintu 1) Post 18.1; 2) 2Kor 13.2; 3) (\u00e1formu\u00f0 fer\u00f0) 2Kor 1.23; 2.1; 13.1; sbr 1Kor 16.5<br \/>\n<b>12.15<\/b> Allt fyrir ykkur Fil 2.17<br \/>\n<b>12.18<\/b> Br\u00f3\u00f0irinn 2Kor 8.18,22<br \/>\n<b>12.20-21<\/b> A\u00f0v\u00f6run 2Kor 2.1; 10.11; 13.2<\/div>\n","protected":false},"excerpt":{"rendered":"<p>1Hr\u00f3sa m\u00e9r ver\u00f0 \u00e9g, \u00fe\u00f3tt gagnlegt s\u00e9 \u00fea\u00f0 ekki. En \u00e9g mun n\u00fa sn\u00faa m\u00e9r a\u00f0 vitrunum og opinberunum Drottins.2M\u00e9r er kunnugt um mann, hann tilheyrir Kristi, sem fyrir fj\u00f3rt\u00e1n \u00e1rum, hvort \u00fea\u00f0 var \u00ed l\u00edkamanum e\u00f0a utan l\u00edkamans, veit \u00e9g ekki, Gu\u00f0 veit \u00fea\u00f0 _, var hrifinn burt allt til \u00feri\u00f0ja himins.3Og m\u00e9r er kunnugt um \u00feennan mann, hvort \u00fea\u00f0 var \u00ed l\u00edkamanum e\u00f0a \u00e1n l\u00edkamans, veit \u00e9g ekki, Gu\u00f0 veit \u00fea\u00f0 _,4a\u00f0 hann var hrifinn upp \u00ed Parad\u00eds og heyr\u00f0i \u00f3segjanleg or\u00f0, sem engum manni er leyft a\u00f0 m\u00e6la.5Af sl\u00edku vil \u00e9g hr\u00f3sa m\u00e9r, en af sj\u00e1lfum m\u00e9r <a href=\"https:\/\/biblian.is\/1981\/sidara-korintubref-12-kafli\/\"> [&#8230;]<\/a><\/p>\n","protected":false},"author":1,"featured_media":0,"parent":0,"menu_order":0,"comment_status":"open","ping_status":"open","template":"bibliukaflar.php","meta":{"footnotes":""},"class_list":["post-2437","page","type-page","status-publish","hentry"],"_links":{"self":[{"href":"https:\/\/biblian.is\/1981\/wp-json\/wp\/v2\/pages\/2437","targetHints":{"allow":["GET"]}}],"collection":[{"href":"https:\/\/biblian.is\/1981\/wp-json\/wp\/v2\/pages"}],"about":[{"href":"https:\/\/biblian.is\/1981\/wp-json\/wp\/v2\/types\/page"}],"author":[{"embeddable":true,"href":"https:\/\/biblian.is\/1981\/wp-json\/wp\/v2\/users\/1"}],"replies":[{"embeddable":true,"href":"https:\/\/biblian.is\/1981\/wp-json\/wp\/v2\/comments?post=2437"}],"version-history":[{"count":0,"href":"https:\/\/biblian.is\/1981\/wp-json\/wp\/v2\/pages\/2437\/revisions"}],"wp:attachment":[{"href":"https:\/\/biblian.is\/1981\/wp-json\/wp\/v2\/media?parent=2437"}],"curies":[{"name":"wp","href":"https:\/\/api.w.org\/{rel}","templated":true}]}}