{"id":2436,"date":"2017-11-18T20:21:47","date_gmt":"2017-11-18T20:21:47","guid":{"rendered":"http:\/\/biblian.is\/1981\/sidara-korintubref-11-kafli\/"},"modified":"2021-06-06T11:10:11","modified_gmt":"2021-06-06T11:10:11","slug":"sidara-korintubref-11-kafli","status":"publish","type":"page","link":"https:\/\/biblian.is\/1981\/sidara-korintubref-11-kafli\/","title":{"rendered":"S\u00ed\u00f0ara Korintubr\u00e9f 11. kafli"},"content":{"rendered":"<p><a name=\"1\"><span class=\"versanumer\">1<\/span><\/a>\u00d3 a\u00f0 \u00fe\u00e9r vildu\u00f0 umbera d\u00e1litla f\u00e1visku hj\u00e1 m\u00e9r! J\u00fa, vissulega umberi\u00f0 \u00fe\u00e9r mig.<a name=\"2\"><span class=\"versanumer\">2<\/span><\/a>\u00c9g vakti yfir y\u00f0ur me\u00f0 afbr\u00fd\u00f0i Gu\u00f0s, \u00fev\u00ed a\u00f0 \u00e9g hef fastna\u00f0 y\u00f0ur einum manni, Kristi, og vil lei\u00f0a fram fyrir hann hreina mey.<a name=\"3\"><span class=\"versanumer\">3<\/span><\/a>En \u00e9g er hr\u00e6ddur um, a\u00f0 eins og h\u00f6ggormurinn t\u00e6ldi Evu me\u00f0 fl\u00e6r\u00f0 sinni, svo kunni og hugsanir y\u00f0ar a\u00f0 spillast og lei\u00f0ast burt fr\u00e1 einl\u00e6gri og hreinni trygg\u00f0 vi\u00f0 Krist.<a name=\"4\"><span class=\"versanumer\">4<\/span><\/a>\u00dev\u00ed a\u00f0 ef einhver kemur og pr\u00e9dikar annan Jes\u00fa en v\u00e9r h\u00f6fum pr\u00e9dika\u00f0, e\u00f0a \u00fe\u00e9r f\u00e1i\u00f0 annan anda en \u00fe\u00e9r hafi\u00f0 fengi\u00f0, e\u00f0a anna\u00f0 fagna\u00f0arerindi en \u00fe\u00e9r hafi\u00f0 teki\u00f0 \u00e1 m\u00f3ti, \u00fe\u00e1 umberi\u00f0 \u00fe\u00e9r \u00fea\u00f0 m\u00e6tavel.<a name=\"5\"><span class=\"versanumer\">5<\/span><\/a>\u00c9g \u00e1l\u00edt mig \u00fe\u00f3 ekki \u00ed neinu standa hinum st\u00f3rmiklu postulum a\u00f0 baki.<a name=\"6\"><span class=\"versanumer\">6<\/span><\/a>\u00de\u00f3tt mig bresti m\u00e6lsku, brestur mig samt ekki \u00feekkingu og v\u00e9r h\u00f6fum \u00e1 allan h\u00e1tt birt y\u00f0ur hana \u00ed \u00f6llum greinum.<a name=\"7\"><span class=\"versanumer\">7<\/span><\/a>E\u00f0a dr\u00fdg\u00f0i \u00e9g synd, er \u00e9g l\u00edtill\u00e6kka\u00f0i sj\u00e1lfan mig til \u00feess a\u00f0 \u00fe\u00e9r m\u00e6ttu\u00f0 upphafnir ver\u00f0a og bo\u00f0a\u00f0i y\u00f0ur \u00f3keypis fagna\u00f0arerindi Gu\u00f0s?<a name=\"8\"><span class=\"versanumer\">8<\/span><\/a>A\u00f0ra s\u00f6fnu\u00f0i r\u00fa\u00f0i \u00e9g og t\u00f3k m\u00e1la af \u00feeim til \u00feess a\u00f0 geta \u00fej\u00f3na\u00f0 y\u00f0ur, og er \u00e9g var hj\u00e1 y\u00f0ur og lei\u00f0 \u00fer\u00f6ng, var\u00f0 \u00e9g \u00fe\u00f3 ekki neinum til byr\u00f0i,<a name=\"9\"><span class=\"versanumer\">9<\/span><\/a>\u00fev\u00ed a\u00f0 \u00far skorti m\u00ednum b\u00e6ttu br\u00e6\u00f0urnir, er komu fr\u00e1 Maked\u00f3n\u00edu. Og \u00ed \u00f6llu vara\u00f0ist \u00e9g a\u00f0 ver\u00f0a y\u00f0ur til \u00feyngsla og mun varast.<a name=\"10\"><span class=\"versanumer\">10<\/span><\/a>Svo sannarlega sem sannleiki Krists er \u00ed m\u00e9r, skal \u00feessi hr\u00f3sun um mig ekki ver\u00f0a \u00fe\u00f6ggu\u00f0 ni\u00f0ur \u00ed h\u00e9ru\u00f0um Akkeu.<a name=\"11\"><span class=\"versanumer\">11<\/span><\/a>Hvers vegna? Er \u00fea\u00f0 af \u00fev\u00ed a\u00f0 \u00e9g elska y\u00f0ur ekki? Nei, Gu\u00f0 veit a\u00f0 \u00e9g gj\u00f6ri \u00fea\u00f0.<a name=\"12\"><span class=\"versanumer\">12<\/span><\/a>En \u00fea\u00f0, sem \u00e9g gj\u00f6ri, mun \u00e9g og gj\u00f6ra til \u00feess a\u00f0 svipta \u00fe\u00e1 t\u00e6kif\u00e6rinu, sem f\u00e6ris leita til \u00feess a\u00f0 vera jafnokar vorir \u00ed \u00fev\u00ed, sem \u00feeir st\u00e6ra sig af.<a name=\"13\"><span class=\"versanumer\">13<\/span><\/a>\u00dev\u00ed a\u00f0 sl\u00edkir menn eru falspostular, svikulir verkamenn, er taka \u00e1 sig mynd postula Krists.<a name=\"14\"><span class=\"versanumer\">14<\/span><\/a>Og ekki er \u00fea\u00f0 undur, \u00fev\u00ed a\u00f0 Satan sj\u00e1lfur tekur \u00e1 sig lj\u00f3sengilsmynd.<a name=\"15\"><span class=\"versanumer\">15<\/span><\/a>\u00dea\u00f0 er \u00fev\u00ed ekki miki\u00f0, \u00fe\u00f3tt \u00fej\u00f3nar hans taki \u00e1 sig mynd r\u00e9ttl\u00e6tis\u00fej\u00f3na. Afdrif \u00feeirra munu ver\u00f0a samkv\u00e6mt verkum \u00feeirra.<a name=\"16\"><span class=\"versanumer\">16<\/span><\/a>Enn segi \u00e9g: Ekki \u00e1l\u00edti neinn mig f\u00e1v\u00edsan. En \u00fe\u00f3 svo v\u00e6ri, \u00fe\u00e1 taki\u00f0 samt vi\u00f0 m\u00e9r sem f\u00e1v\u00edsum, til \u00feess a\u00f0 \u00e9g geti l\u00edka hr\u00f3sa\u00f0 m\u00e9r d\u00e1l\u00edti\u00f0.<a name=\"17\"><span class=\"versanumer\">17<\/span><\/a>\u00dea\u00f0 sem \u00e9g tala n\u00fa, \u00feegar \u00e9g tek upp \u00e1 a\u00f0 hr\u00f3sa m\u00e9r, tala \u00e9g ekki a\u00f0 h\u00e6tti Drottins, heldur eins og \u00ed heimsku.<a name=\"18\"><span class=\"versanumer\">18<\/span><\/a>Me\u00f0 \u00fev\u00ed a\u00f0 margir hr\u00f3sa s\u00e9r af s\u00ednum mannlegu afrekum, vil \u00e9g einnig hr\u00f3sa m\u00e9r svo,<a name=\"19\"><span class=\"versanumer\">19<\/span><\/a>\u00fev\u00ed a\u00f0 f\u00faslega umberi\u00f0 \u00fe\u00e9r hina f\u00e1v\u00edsu, svo vitrir sem \u00fe\u00e9r eru\u00f0.<a name=\"20\"><span class=\"versanumer\">20<\/span><\/a>\u00de\u00e9r umberi\u00f0 \u00fea\u00f0, \u00fe\u00f3tt einhver hneppi y\u00f0ur \u00ed \u00e1nau\u00f0, \u00fe\u00f3tt einhver eti y\u00f0ur upp, \u00fe\u00f3tt einhver hremmi y\u00f0ur, \u00fe\u00f3tt einhver l\u00edtilsvir\u00f0i y\u00f0ur, \u00fe\u00f3tt einhver sl\u00e1i y\u00f0ur \u00ed andliti\u00f0.<a name=\"21\"><span class=\"versanumer\">21<\/span><\/a>\u00c9g segi \u00fea\u00f0 m\u00e9r til minnkunar, a\u00f0 \u00ed \u00feessu h\u00f6fum v\u00e9r s\u00fdnt oss veika. En \u00fear sem a\u00f0rir l\u00e1ta dr\u00fdgindalega, \u00e9g tala f\u00e1v\u00edslega _, \u00fear gj\u00f6ri \u00e9g \u00fea\u00f0 l\u00edka.<a name=\"22\"><span class=\"versanumer\">22<\/span><\/a>Eru \u00feeir Hebrear? \u00c9g l\u00edka. Eru \u00feeir \u00cdsrael\u00edtar? \u00c9g l\u00edka. Eru \u00feeir Abrahams ni\u00f0jar? \u00c9g l\u00edka.<a name=\"23\"><span class=\"versanumer\">23<\/span><\/a>Eru \u00feeir \u00fej\u00f3nar Krists? N\u00fa tala \u00e9g eins og vitfirringur! \u00c9g fremur. Meira hef \u00e9g unni\u00f0, oftar veri\u00f0 \u00ed fangelsi, fleiri h\u00f6gg \u00feola\u00f0 og oft dau\u00f0ans h\u00e6ttu.<a name=\"24\"><span class=\"versanumer\">24<\/span><\/a>Af Gy\u00f0ingum hef \u00e9g fimm sinnum fengi\u00f0 h\u00f6ggin \u00ferj\u00e1t\u00edu og n\u00edu,<a name=\"25\"><span class=\"versanumer\">25<\/span><\/a>\u00ferisvar veri\u00f0 h\u00fa\u00f0str\u00fdktur, einu sinni veri\u00f0 gr\u00fdttur, \u00ferisvar be\u00f0i\u00f0 skipbrot, veri\u00f0 s\u00f3larhring \u00ed sj\u00f3.<a name=\"26\"><span class=\"versanumer\">26<\/span><\/a>\u00c9g hef veri\u00f0 \u00e1 s\u00edfelldum fer\u00f0al\u00f6gum, komist \u00ed hann krappan \u00ed \u00e1m, lent \u00ed h\u00e1ska af v\u00f6ldum r\u00e6ningja, \u00ed h\u00e1ska af v\u00f6ldum samlanda og af v\u00f6ldum hei\u00f0ingja, \u00ed h\u00e1ska \u00ed borgum og \u00ed \u00f3bygg\u00f0um, \u00e1 sj\u00f3 og me\u00f0al falsbr\u00e6\u00f0ra.<a name=\"27\"><span class=\"versanumer\">27<\/span><\/a>\u00c9g hef strita\u00f0 og erfi\u00f0a\u00f0, \u00e1tt margar svefnlausar n\u00e6tur, veri\u00f0 hungra\u00f0ur og \u00feyrstur og i\u00f0ulega fasta\u00f0, og \u00e9g hef veri\u00f0 kaldur og kl\u00e6\u00f0laus.<a name=\"28\"><span class=\"versanumer\">28<\/span><\/a>Og ofan \u00e1 allt anna\u00f0 b\u00e6tist \u00fea\u00f0, sem m\u00e6\u00f0ir \u00e1 m\u00e9r hvern dag, \u00e1hyggjan fyrir \u00f6llum s\u00f6fnu\u00f0unum.<a name=\"29\"><span class=\"versanumer\">29<\/span><\/a>Hver er sj\u00fakur, \u00e1n \u00feess a\u00f0 \u00e9g s\u00e9 sj\u00fakur? Hver hrasar, \u00e1n \u00feess a\u00f0 \u00e9g l\u00ed\u00f0i?<a name=\"30\"><span class=\"versanumer\">30<\/span><\/a>Ef \u00e9g \u00e1 a\u00f0 hr\u00f3sa m\u00e9r, vil \u00e9g hr\u00f3sa m\u00e9r af veikleika m\u00ednum.<a name=\"31\"><span class=\"versanumer\">31<\/span><\/a>Gu\u00f0 og fa\u00f0ir Drottins Jes\u00fa, hann sem blessa\u00f0ur er a\u00f0 eil\u00edfu, veit a\u00f0 \u00e9g l\u00fdg ekki.<a name=\"32\"><span class=\"versanumer\">32<\/span><\/a>\u00cd Damaskus setti landsh\u00f6f\u00f0ingi Areta konungs v\u00f6r\u00f0 um borgina til \u00feess a\u00f0 handtaka mig.<a name=\"33\"><span class=\"versanumer\">33<\/span><\/a>En gegnum glugga var \u00e9g l\u00e1tinn s\u00edga \u00fat fyrir m\u00farinn \u00ed k\u00f6rfu og slapp \u00feannig \u00far h\u00f6ndum hans.<\/p>\n<div class=\"footnote1981\"><b>11.2<\/b> Afbr\u00fd\u00f0i Gu\u00f0s 2M\u00f3s 20.5; 5M\u00f3s 4.24; 1Kor 10.22 \u2013 fastna einum manni Ef 5.25-26; Opb 19.7; 21.2-9<br \/>\n<b>11.3<\/b> T\u00e6ldi Evu 1M\u00f3s 3.4-13; 1T\u00edm 2.14<br \/>\n<b>11.4<\/b> Anna\u00f0 fagna\u00f0arerindi Gal 1.6-9<br \/>\n<b>11.7-9<\/b> Bo\u00f0a\u00f0i fagna\u00f0arerindi\u00f0 \u00f3keypis Post 18.3; 20.33-35; 1Kor 4.12; 9.12,18; 2Kor 12.13; Fil 4.15-18<br \/>\n<b>11.8-9<\/b> Fr\u00e1 s\u00f6fnu\u00f0unum \u00ed Maked\u00f3n\u00edu 2Kor 8.1-4<br \/>\n<b>11.10<\/b> Kristur \u00ed m\u00e9r Gal 2.20; Fil 1.21<br \/>\n<b>11.13<\/b> Svikulir verkamenn Matt 7.15; 2Kor 2.17; Fil 3.2; 2P\u00e9t 2.1; Opb 19.20<br \/>\n<b>11.14<\/b> Satan 2Kor 2.11+<br \/>\n<b>11.16<\/b> Hr\u00f3sa\u00f0 2Kor 10.8+<br \/>\n<b>11.22<\/b> P\u00e1ll er Gy\u00f0ingur Post 21.39; 22.3; 23.6; 26.5; R\u00f3m 11.1; Gal 2.15; Fil 3.2-6<br \/>\n<b>11.23<\/b> \u00dej\u00f3nar Krists 1Kor 15.10 \u2013 \u00ed fangelsi Post 16.23; 1Kor 15.32; Fil 1.7,13; Ef 3.1; 4.1; K\u00f3l 4.18; F\u00edlm 1+<br \/>\n<b>11.25<\/b> H\u00fa\u00f0str\u00fdktur Post 16.22 \u2013 gr\u00fdttur Post 14.19<br \/>\n<b>11.26<\/b> \u00cd h\u00e1ska af v\u00f6ldum samlanda Post 9.23; 13.50; 20.3<br \/>\n<b>11.29<\/b> \u00d6llum allt R\u00f3m 9.1-3; 1Kor 9.22<br \/>\n<b>11.30<\/b> Hr\u00f3sa s\u00e9r af veikleika s\u00ednum 2Kor 12.9+<br \/>\n<b>11.32-33<\/b> P\u00e1ll fl\u00fdr fr\u00e1 Damaskus Post 9.24-25<\/div>\n","protected":false},"excerpt":{"rendered":"<p>1\u00d3 a\u00f0 \u00fe\u00e9r vildu\u00f0 umbera d\u00e1litla f\u00e1visku hj\u00e1 m\u00e9r! J\u00fa, vissulega umberi\u00f0 \u00fe\u00e9r mig.2\u00c9g vakti yfir y\u00f0ur me\u00f0 afbr\u00fd\u00f0i Gu\u00f0s, \u00fev\u00ed a\u00f0 \u00e9g hef fastna\u00f0 y\u00f0ur einum manni, Kristi, og vil lei\u00f0a fram fyrir hann hreina mey.3En \u00e9g er hr\u00e6ddur um, a\u00f0 eins og h\u00f6ggormurinn t\u00e6ldi Evu me\u00f0 fl\u00e6r\u00f0 sinni, svo kunni og hugsanir y\u00f0ar a\u00f0 spillast og lei\u00f0ast burt fr\u00e1 einl\u00e6gri og hreinni trygg\u00f0 vi\u00f0 Krist.4\u00dev\u00ed a\u00f0 ef einhver kemur og pr\u00e9dikar annan Jes\u00fa en v\u00e9r h\u00f6fum pr\u00e9dika\u00f0, e\u00f0a \u00fe\u00e9r f\u00e1i\u00f0 annan anda en \u00fe\u00e9r hafi\u00f0 fengi\u00f0, e\u00f0a anna\u00f0 fagna\u00f0arerindi en \u00fe\u00e9r hafi\u00f0 teki\u00f0 \u00e1 m\u00f3ti, \u00fe\u00e1 umberi\u00f0 \u00fe\u00e9r <a href=\"https:\/\/biblian.is\/1981\/sidara-korintubref-11-kafli\/\"> [&#8230;]<\/a><\/p>\n","protected":false},"author":1,"featured_media":0,"parent":0,"menu_order":0,"comment_status":"open","ping_status":"open","template":"bibliukaflar.php","meta":{"footnotes":""},"class_list":["post-2436","page","type-page","status-publish","hentry"],"_links":{"self":[{"href":"https:\/\/biblian.is\/1981\/wp-json\/wp\/v2\/pages\/2436","targetHints":{"allow":["GET"]}}],"collection":[{"href":"https:\/\/biblian.is\/1981\/wp-json\/wp\/v2\/pages"}],"about":[{"href":"https:\/\/biblian.is\/1981\/wp-json\/wp\/v2\/types\/page"}],"author":[{"embeddable":true,"href":"https:\/\/biblian.is\/1981\/wp-json\/wp\/v2\/users\/1"}],"replies":[{"embeddable":true,"href":"https:\/\/biblian.is\/1981\/wp-json\/wp\/v2\/comments?post=2436"}],"version-history":[{"count":0,"href":"https:\/\/biblian.is\/1981\/wp-json\/wp\/v2\/pages\/2436\/revisions"}],"wp:attachment":[{"href":"https:\/\/biblian.is\/1981\/wp-json\/wp\/v2\/media?parent=2436"}],"curies":[{"name":"wp","href":"https:\/\/api.w.org\/{rel}","templated":true}]}}