{"id":2434,"date":"2017-11-18T20:21:47","date_gmt":"2017-11-18T20:21:47","guid":{"rendered":"http:\/\/biblian.is\/1981\/sidara-korintubref-9-kafli\/"},"modified":"2021-06-06T11:10:14","modified_gmt":"2021-06-06T11:10:14","slug":"sidara-korintubref-9-kafli","status":"publish","type":"page","link":"https:\/\/biblian.is\/1981\/sidara-korintubref-9-kafli\/","title":{"rendered":"S\u00ed\u00f0ara Korintubr\u00e9f 9. kafli"},"content":{"rendered":"<p><a name=\"1\"><span class=\"versanumer\">1<\/span><\/a>Um hj\u00e1lpina til hinna heil\u00f6gu er sem s\u00e9 \u00f3\u00fearft fyrir mig a\u00f0 skrifa y\u00f0ur,<a name=\"2\"><span class=\"versanumer\">2<\/span><\/a>\u00fev\u00ed a\u00f0 \u00e9g \u00feekki g\u00f3\u00f0an vilja y\u00f0ar og hr\u00f3sa m\u00e9r af y\u00f0ur me\u00f0al Maked\u00f3na og segi, a\u00f0 Akkea hefur veri\u00f0 rei\u00f0ub\u00fain s\u00ed\u00f0an \u00ed fyrra. \u00c1hugi y\u00f0ar hefur veri\u00f0 hvatning fyrir fj\u00f6ldamarga.<a name=\"3\"><span class=\"versanumer\">3<\/span><\/a>En br\u00e6\u00f0urna hef \u00e9g sent, til \u00feess a\u00f0 hr\u00f3s vort um y\u00f0ur skyldi ekki reynast f\u00e1n\u00fdtt \u00ed \u00feessu efni og til \u00feess a\u00f0 \u00fe\u00e9r, eins og \u00e9g sag\u00f0i, m\u00e6ttu\u00f0 vera rei\u00f0ub\u00fanir.<a name=\"4\"><span class=\"versanumer\">4<\/span><\/a>Annars g\u00e6ti svo fari\u00f0, a\u00f0 v\u00e9r, a\u00f0 v\u00e9r ekki segjum \u00fe\u00e9r _, \u00feyrftum a\u00f0 bera kinnro\u00f0a fyrir \u00feetta traust, ef Maked\u00f3nar skyldu koma me\u00f0 m\u00e9r og finna y\u00f0ur \u00f3vi\u00f0b\u00fana.<a name=\"5\"><span class=\"versanumer\">5<\/span><\/a>V\u00e9r t\u00f6ldum \u00fev\u00ed nau\u00f0synlegt a\u00f0 bi\u00f0ja br\u00e6\u00f0urna a\u00f0 fara \u00e1 undan til y\u00f0ar og undirb\u00faa \u00fe\u00e1 gj\u00f6f y\u00f0ar, sem heitin var \u00e1\u00f0ur, svo a\u00f0 h\u00fan m\u00e6tti vera \u00e1 rei\u00f0um h\u00f6ndum eins og blessun, en ekki nau\u00f0ung.<a name=\"6\"><span class=\"versanumer\">6<\/span><\/a>En \u00feetta segi \u00e9g: S\u00e1 sem s\u00e1ir sparlega mun og sparlega uppskera, og s\u00e1 sem s\u00e1ir r\u00edflega mun og r\u00edflega uppskera.<a name=\"7\"><span class=\"versanumer\">7<\/span><\/a>S\u00e9rhver gefi eins og hann hefur \u00e1sett s\u00e9r \u00ed hjarta s\u00ednu, ekki me\u00f0 \u00f3lund e\u00f0a me\u00f0 nau\u00f0ung, \u00fev\u00ed a\u00f0 Gu\u00f0 elskar gla\u00f0an gjafara.<a name=\"8\"><span class=\"versanumer\">8<\/span><\/a>Gu\u00f0 er \u00feess megnugur a\u00f0 veita y\u00f0ur allar g\u00f3\u00f0ar gjafir r\u00edkulega, til \u00feess a\u00f0 \u00fe\u00e9r \u00ed \u00f6llu og \u00e1vallt hafi\u00f0 allt sem \u00fe\u00e9r \u00fearfnist og geti\u00f0 sj\u00e1lfir veitt r\u00edkulega til s\u00e9rhvers g\u00f3\u00f0s verks.<a name=\"9\"><span class=\"versanumer\">9<\/span><\/a>Eins og rita\u00f0 er: Hann mi\u00f0la\u00f0i mildilega, gaf hinum snau\u00f0u, r\u00e9ttl\u00e6ti hans varir a\u00f0 eil\u00edfu.<a name=\"10\"><span class=\"versanumer\">10<\/span><\/a>S\u00e1 sem gefur s\u00e1\u00f0manninum s\u00e6\u00f0i og brau\u00f0 til f\u00e6\u00f0u, hann mun og gefa y\u00f0ur s\u00e1\u00f0 og margfalda \u00fea\u00f0 og auka \u00e1vexti r\u00e9ttl\u00e6tis y\u00f0ar.<a name=\"11\"><span class=\"versanumer\">11<\/span><\/a>\u00de\u00e9r ver\u00f0i\u00f0 \u00ed \u00f6llu au\u00f0ugir og geti\u00f0 jafnan s\u00fdnt \u00f6rl\u00e6ti sem kemur til lei\u00f0ar \u00feakkl\u00e6ti vi\u00f0 Gu\u00f0 fyrir vort tilstilli.<a name=\"12\"><span class=\"versanumer\">12<\/span><\/a>\u00dev\u00ed a\u00f0 \u00feessi \u00fej\u00f3nusta, sem \u00fe\u00e9r inni\u00f0 af hendi, b\u00e6tir ekki a\u00f0eins \u00far skorti hinna heil\u00f6gu, heldur ber h\u00fan og r\u00edkulega \u00e1vexti vi\u00f0 a\u00f0 margir menn \u00feakka Gu\u00f0i.<a name=\"13\"><span class=\"versanumer\">13<\/span><\/a>\u00deegar menn sj\u00e1, hvers e\u00f0lis \u00feessi \u00fej\u00f3nusta er, munu \u00feeir lofa Gu\u00f0 fyrir a\u00f0 \u00fe\u00e9r haldi\u00f0 j\u00e1tningu y\u00f0ar vi\u00f0 fagna\u00f0arerindi Krists og gefi\u00f0 me\u00f0 y\u00f0ur af \u00f6rl\u00e6ti, b\u00e6\u00f0i \u00feeim og \u00f6llum.<a name=\"14\"><span class=\"versanumer\">14<\/span><\/a>Og \u00feeir munu bi\u00f0ja fyrir y\u00f0ur og \u00fer\u00e1 y\u00f0ur vegna yfirgn\u00e6fanlegrar n\u00e1\u00f0ar Gu\u00f0s vi\u00f0 y\u00f0ur.<a name=\"15\"><span class=\"versanumer\">15<\/span><\/a>\u00de\u00f6kk s\u00e9 Gu\u00f0i fyrir s\u00edna \u00f3umr\u00e6\u00f0ilegu gj\u00f6f!<\/p>\n<div class=\"footnote1981\"><b>9.1<\/b> Samskot 2Kor 8.1+ &#8211; hj\u00e1lp til hinna heil\u00f6gu 2Kor 8.4+<br \/>\n<b>9.3<\/b> Hr\u00f3s okkar 2Kor 7.4+<br \/>\n<b>9.6<\/b> S\u00e1 sem s\u00e1ir &#8230; Okv 22.8; 11.24<br \/>\n<b>9.9<\/b> Hann mi\u00f0la\u00f0i &#8230; Slm 112.9<br \/>\n<b>9.11-12<\/b> \u00deakka Gu\u00f0i 2Kor 1.11+<\/div>\n","protected":false},"excerpt":{"rendered":"<p>1Um hj\u00e1lpina til hinna heil\u00f6gu er sem s\u00e9 \u00f3\u00fearft fyrir mig a\u00f0 skrifa y\u00f0ur,2\u00fev\u00ed a\u00f0 \u00e9g \u00feekki g\u00f3\u00f0an vilja y\u00f0ar og hr\u00f3sa m\u00e9r af y\u00f0ur me\u00f0al Maked\u00f3na og segi, a\u00f0 Akkea hefur veri\u00f0 rei\u00f0ub\u00fain s\u00ed\u00f0an \u00ed fyrra. \u00c1hugi y\u00f0ar hefur veri\u00f0 hvatning fyrir fj\u00f6ldamarga.3En br\u00e6\u00f0urna hef \u00e9g sent, til \u00feess a\u00f0 hr\u00f3s vort um y\u00f0ur skyldi ekki reynast f\u00e1n\u00fdtt \u00ed \u00feessu efni og til \u00feess a\u00f0 \u00fe\u00e9r, eins og \u00e9g sag\u00f0i, m\u00e6ttu\u00f0 vera rei\u00f0ub\u00fanir.4Annars g\u00e6ti svo fari\u00f0, a\u00f0 v\u00e9r, a\u00f0 v\u00e9r ekki segjum \u00fe\u00e9r _, \u00feyrftum a\u00f0 bera kinnro\u00f0a fyrir \u00feetta traust, ef Maked\u00f3nar skyldu koma me\u00f0 m\u00e9r og finna <a href=\"https:\/\/biblian.is\/1981\/sidara-korintubref-9-kafli\/\"> [&#8230;]<\/a><\/p>\n","protected":false},"author":1,"featured_media":0,"parent":0,"menu_order":0,"comment_status":"open","ping_status":"open","template":"bibliukaflar.php","meta":{"footnotes":""},"class_list":["post-2434","page","type-page","status-publish","hentry"],"_links":{"self":[{"href":"https:\/\/biblian.is\/1981\/wp-json\/wp\/v2\/pages\/2434","targetHints":{"allow":["GET"]}}],"collection":[{"href":"https:\/\/biblian.is\/1981\/wp-json\/wp\/v2\/pages"}],"about":[{"href":"https:\/\/biblian.is\/1981\/wp-json\/wp\/v2\/types\/page"}],"author":[{"embeddable":true,"href":"https:\/\/biblian.is\/1981\/wp-json\/wp\/v2\/users\/1"}],"replies":[{"embeddable":true,"href":"https:\/\/biblian.is\/1981\/wp-json\/wp\/v2\/comments?post=2434"}],"version-history":[{"count":0,"href":"https:\/\/biblian.is\/1981\/wp-json\/wp\/v2\/pages\/2434\/revisions"}],"wp:attachment":[{"href":"https:\/\/biblian.is\/1981\/wp-json\/wp\/v2\/media?parent=2434"}],"curies":[{"name":"wp","href":"https:\/\/api.w.org\/{rel}","templated":true}]}}