{"id":2433,"date":"2017-11-18T20:21:47","date_gmt":"2017-11-18T20:21:47","guid":{"rendered":"http:\/\/biblian.is\/1981\/sidara-korintubref-8-kafli\/"},"modified":"2021-06-06T11:10:14","modified_gmt":"2021-06-06T11:10:14","slug":"sidara-korintubref-8-kafli","status":"publish","type":"page","link":"https:\/\/biblian.is\/1981\/sidara-korintubref-8-kafli\/","title":{"rendered":"S\u00ed\u00f0ara Korintubr\u00e9f 8. kafli"},"content":{"rendered":"<p><a name=\"1\"><span class=\"versanumer\">1<\/span><\/a>En svo viljum v\u00e9r, br\u00e6\u00f0ur, sk\u00fdra y\u00f0ur fr\u00e1 \u00feeirri n\u00e1\u00f0, sem Gu\u00f0 hefur s\u00fdnt s\u00f6fnu\u00f0unum \u00ed Maked\u00f3n\u00edu.<a name=\"2\"><span class=\"versanumer\">2<\/span><\/a>\u00der\u00e1tt fyrir \u00fe\u00e6r miklu \u00ferengingar, sem \u00feeir hafa or\u00f0i\u00f0 a\u00f0 reyna, hefur r\u00edkd\u00f3mur gle\u00f0i \u00feeirra og hin dj\u00fapa f\u00e1t\u00e6kt leitt \u00ed lj\u00f3s gn\u00e6g\u00f0 \u00f6rl\u00e6tis hj\u00e1 \u00feeim.<a name=\"3\"><span class=\"versanumer\">3<\/span><\/a>\u00c9g get votta\u00f0 \u00fea\u00f0, hversu \u00feeir hafa gefi\u00f0 eftir megni, j\u00e1, um megn fram. Af eigin hv\u00f6tum<a name=\"4\"><span class=\"versanumer\">4<\/span><\/a>l\u00f6g\u00f0u \u00feeir fast a\u00f0 oss og b\u00e1\u00f0u um a\u00f0 mega vera \u00ed f\u00e9lagi vi\u00f0 oss um samskotin til hinna heil\u00f6gu.<a name=\"5\"><span class=\"versanumer\">5<\/span><\/a>Og \u00feeir gj\u00f6r\u00f0u betur en v\u00e9r h\u00f6f\u00f0um vona\u00f0, \u00feeir g\u00e1fu sj\u00e1lfa sig, fyrst og fremst Drottni, og s\u00ed\u00f0an oss, a\u00f0 vilja Gu\u00f0s.<a name=\"6\"><span class=\"versanumer\">6<\/span><\/a>\u00dea\u00f0 var\u00f0 til \u00feess, a\u00f0 v\u00e9r b\u00e1\u00f0um T\u00edtus, a\u00f0 hann skyldi og lei\u00f0a til lykta hj\u00e1 y\u00f0ur \u00feessa l\u00edknar\u00fej\u00f3nustu, eins og hann hefur byrja\u00f0.<a name=\"7\"><span class=\"versanumer\">7<\/span><\/a>\u00de\u00e9r eru\u00f0 au\u00f0ugir \u00ed \u00f6llu, \u00ed tr\u00fa, \u00ed or\u00f0i og \u00feekkingu, \u00ed allri al\u00fa\u00f0 og \u00ed elsku y\u00f0ar sem v\u00e9r h\u00f6fum vaki\u00f0. \u00deannig skulu\u00f0 \u00fe\u00e9r og vera au\u00f0ugir \u00ed \u00feessari l\u00edknar\u00fej\u00f3nustu.<a name=\"8\"><span class=\"versanumer\">8<\/span><\/a>\u00c9g segi \u00feetta ekki sem skipun, heldur bendi \u00e9g \u00e1 \u00e1huga annarra til \u00feess a\u00f0 reyna, hvort k\u00e6rleiki y\u00f0ar er einnig einl\u00e6gur.<a name=\"9\"><span class=\"versanumer\">9<\/span><\/a>\u00de\u00e9r \u00feekki\u00f0 n\u00e1\u00f0 Drottins vors Jes\u00fa Krists. Hann gj\u00f6r\u00f0ist f\u00e1t\u00e6kur y\u00f0ar vegna, \u00fe\u00f3tt r\u00edkur v\u00e6ri, til \u00feess a\u00f0 \u00fe\u00e9r au\u00f0gu\u00f0ust af f\u00e1t\u00e6kt hans.<a name=\"10\"><span class=\"versanumer\">10<\/span><\/a>Og r\u00e1\u00f0 vil \u00e9g gefa \u00ed \u00feessu m\u00e1li, \u00fev\u00ed a\u00f0 \u00feetta er y\u00f0ur til gagns, y\u00f0ur sem \u00ed fyrra voru\u00f0 \u00e1 undan \u00f6\u00f0rum, ekki a\u00f0eins \u00ed verkinu, heldur og \u00ed viljanum.<a name=\"11\"><span class=\"versanumer\">11<\/span><\/a>En fullgj\u00f6ri\u00f0 n\u00fa og verki\u00f0. \u00de\u00e9r voru\u00f0 f\u00fasir a\u00f0 hefjast handa, fullgj\u00f6ri\u00f0 \u00fea\u00f0 n\u00fa eftir \u00fev\u00ed sem efnin leyfa.<a name=\"12\"><span class=\"versanumer\">12<\/span><\/a>\u00dev\u00ed a\u00f0 ef viljinn er g\u00f3\u00f0ur, \u00fe\u00e1 er hver \u00fe\u00f3knanlegur me\u00f0 \u00fea\u00f0, sem hann \u00e1 til, og ekki fari\u00f0 fram \u00e1 \u00fea\u00f0, sem hann \u00e1 ekki til.<a name=\"13\"><span class=\"versanumer\">13<\/span><\/a>Ekki svo a\u00f0 skilja, a\u00f0 \u00f6\u00f0rum s\u00e9 hl\u00edft, en \u00ferengt s\u00e9 a\u00f0 y\u00f0ur, heldur er \u00fea\u00f0 til \u00feess a\u00f0 j\u00f6fnu\u00f0ur ver\u00f0i. N\u00fa sem stendur b\u00e6tir gn\u00e6g\u00f0 y\u00f0ar \u00far skorti hinna,<a name=\"14\"><span class=\"versanumer\">14<\/span><\/a>til \u00feess a\u00f0 einnig gn\u00e6g\u00f0 hinna geti b\u00e6tt \u00far skorti y\u00f0ar og \u00feannig ver\u00f0i j\u00f6fnu\u00f0ur,<a name=\"15\"><span class=\"versanumer\">15<\/span><\/a>eins og skrifa\u00f0 er: S\u00e1, sem miklu safna\u00f0i, haf\u00f0i ekki afgangs, og \u00feann skorti ekki, sem litlu safna\u00f0i.<a name=\"16\"><span class=\"versanumer\">16<\/span><\/a>En \u00fe\u00f6kk s\u00e9 Gu\u00f0i, sem vakti \u00ed hjarta T\u00edtusar \u00feessa s\u00f6mu umhyggju fyrir y\u00f0ur.<a name=\"17\"><span class=\"versanumer\">17<\/span><\/a>Reyndar f\u00e9kk hann \u00e1skorun fr\u00e1 m\u00e9r, en \u00e1hugi hans var svo mikill, a\u00f0 hann f\u00f3r til y\u00f0ar af eigin hv\u00f6tum.<a name=\"18\"><span class=\"versanumer\">18<\/span><\/a>En me\u00f0 honum sendum v\u00e9r \u00feann br\u00f3\u00f0ur, sem or\u00f0 fer af \u00ed \u00f6llum s\u00f6fnu\u00f0unum fyrir starf hans \u00ed \u00fej\u00f3nustu fagna\u00f0arerindisins.<a name=\"19\"><span class=\"versanumer\">19<\/span><\/a>Og ekki \u00fea\u00f0 eitt, heldur er hann og af s\u00f6fnu\u00f0unum kj\u00f6rinn samfer\u00f0ama\u00f0ur vor me\u00f0 l\u00edknargj\u00f6f \u00feessa, sem v\u00e9r h\u00f6fum unni\u00f0 a\u00f0, Drottni til d\u00fdr\u00f0ar og til a\u00f0 s\u00fdna f\u00fasleika vorn.<a name=\"20\"><span class=\"versanumer\">20<\/span><\/a>V\u00e9r h\u00f6fum gj\u00f6rt \u00feessa r\u00e1\u00f0st\u00f6fun til \u00feess a\u00f0 enginn geti lasta\u00f0 me\u00f0fer\u00f0 vora \u00e1 hinni miklu gj\u00f6f, sem v\u00e9r h\u00f6fum gengist fyrir.<a name=\"21\"><span class=\"versanumer\">21<\/span><\/a>\u00dev\u00ed a\u00f0 v\u00e9r \u00e1stundum \u00fea\u00f0 sem gott er, ekki a\u00f0eins fyrir Drottni, heldur og fyrir m\u00f6nnum.<a name=\"22\"><span class=\"versanumer\">22<\/span><\/a>Me\u00f0 \u00feeim sendum v\u00e9r annan br\u00f3\u00f0ur vorn, sem v\u00e9r oftsinnis og \u00ed m\u00f6rgu h\u00f6fum reynt kostg\u00e6finn, en n\u00fa miklu fremur en ella vegna hans mikla trausts til y\u00f0ar.<a name=\"23\"><span class=\"versanumer\">23<\/span><\/a>T\u00edtus er f\u00e9lagi minn og starfsbr\u00f3\u00f0ir hj\u00e1 y\u00f0ur, og br\u00e6\u00f0ur vorir eru sendibo\u00f0ar safna\u00f0anna og Kristi til vegsemdar.<a name=\"24\"><span class=\"versanumer\">24<\/span><\/a>S\u00fdni\u00f0 \u00fev\u00ed s\u00f6fnu\u00f0unum merki elsku y\u00f0ar, svo a\u00f0 \u00fea\u00f0 ver\u00f0i \u00feeim lj\u00f3st, a\u00f0 \u00fea\u00f0 var ekki a\u00f0 \u00e1st\u00e6\u00f0ulausu, a\u00f0 v\u00e9r hr\u00f3su\u00f0um y\u00f0ur vi\u00f0 \u00fe\u00e1.<\/p>\n<div class=\"footnote1981\"><b>8.1<\/b> Samskot R\u00f3m 15.26; 1Kor 16.1-4; 2Kor 8-9; Gal 2.10 \u2013 Maked\u00f3n\u00eda R\u00f3m 15.26; 1Kor 16.5<br \/>\n<b>8.2<\/b> \u00d6rl\u00e6ti Maked\u00f3n\u00edmanna 2Kor 9.1-5; 11.8-9; Fil 4.10-18<br \/>\n<b>8.4<\/b> Samskot til hinna heil\u00f6gu Post 11.29; 2Kor 9.1; Gal 2.10<br \/>\n<b>8.6-7<\/b> Skari\u00f0 fram \u00far \u00ed \u00f6llu 1Kor 1.5; K\u00f3l 2.10<br \/>\n<b>8.9<\/b> Ger\u00f0ist f\u00e1t\u00e6kur Matt 8.20; 2Kor 6.10; Fil 2.6-8<br \/>\n<b>8.12<\/b> \u00dea\u00f0 sem hver \u00e1 til Mrk 12.44<br \/>\n<b>8.15<\/b> S\u00e1 sem miklu safna\u00f0i &#8230; 2M\u00f3s 16.18<\/div>\n","protected":false},"excerpt":{"rendered":"<p>1En svo viljum v\u00e9r, br\u00e6\u00f0ur, sk\u00fdra y\u00f0ur fr\u00e1 \u00feeirri n\u00e1\u00f0, sem Gu\u00f0 hefur s\u00fdnt s\u00f6fnu\u00f0unum \u00ed Maked\u00f3n\u00edu.2\u00der\u00e1tt fyrir \u00fe\u00e6r miklu \u00ferengingar, sem \u00feeir hafa or\u00f0i\u00f0 a\u00f0 reyna, hefur r\u00edkd\u00f3mur gle\u00f0i \u00feeirra og hin dj\u00fapa f\u00e1t\u00e6kt leitt \u00ed lj\u00f3s gn\u00e6g\u00f0 \u00f6rl\u00e6tis hj\u00e1 \u00feeim.3\u00c9g get votta\u00f0 \u00fea\u00f0, hversu \u00feeir hafa gefi\u00f0 eftir megni, j\u00e1, um megn fram. Af eigin hv\u00f6tum4l\u00f6g\u00f0u \u00feeir fast a\u00f0 oss og b\u00e1\u00f0u um a\u00f0 mega vera \u00ed f\u00e9lagi vi\u00f0 oss um samskotin til hinna heil\u00f6gu.5Og \u00feeir gj\u00f6r\u00f0u betur en v\u00e9r h\u00f6f\u00f0um vona\u00f0, \u00feeir g\u00e1fu sj\u00e1lfa sig, fyrst og fremst Drottni, og s\u00ed\u00f0an oss, a\u00f0 vilja Gu\u00f0s.6\u00dea\u00f0 var\u00f0 til <a href=\"https:\/\/biblian.is\/1981\/sidara-korintubref-8-kafli\/\"> [&#8230;]<\/a><\/p>\n","protected":false},"author":1,"featured_media":0,"parent":0,"menu_order":0,"comment_status":"open","ping_status":"open","template":"bibliukaflar.php","meta":{"footnotes":""},"class_list":["post-2433","page","type-page","status-publish","hentry"],"_links":{"self":[{"href":"https:\/\/biblian.is\/1981\/wp-json\/wp\/v2\/pages\/2433","targetHints":{"allow":["GET"]}}],"collection":[{"href":"https:\/\/biblian.is\/1981\/wp-json\/wp\/v2\/pages"}],"about":[{"href":"https:\/\/biblian.is\/1981\/wp-json\/wp\/v2\/types\/page"}],"author":[{"embeddable":true,"href":"https:\/\/biblian.is\/1981\/wp-json\/wp\/v2\/users\/1"}],"replies":[{"embeddable":true,"href":"https:\/\/biblian.is\/1981\/wp-json\/wp\/v2\/comments?post=2433"}],"version-history":[{"count":0,"href":"https:\/\/biblian.is\/1981\/wp-json\/wp\/v2\/pages\/2433\/revisions"}],"wp:attachment":[{"href":"https:\/\/biblian.is\/1981\/wp-json\/wp\/v2\/media?parent=2433"}],"curies":[{"name":"wp","href":"https:\/\/api.w.org\/{rel}","templated":true}]}}