{"id":2432,"date":"2017-11-18T20:21:47","date_gmt":"2017-11-18T20:21:47","guid":{"rendered":"http:\/\/biblian.is\/1981\/sidara-korintubref-7-kafli\/"},"modified":"2021-06-06T11:10:13","modified_gmt":"2021-06-06T11:10:13","slug":"sidara-korintubref-7-kafli","status":"publish","type":"page","link":"https:\/\/biblian.is\/1981\/sidara-korintubref-7-kafli\/","title":{"rendered":"S\u00ed\u00f0ara Korintubr\u00e9f 7. kafli"},"content":{"rendered":"<p><a name=\"1\"><span class=\"versanumer\">1<\/span><\/a>\u00dear e\u00f0 v\u00e9r \u00fev\u00ed h\u00f6fum \u00feessi fyrirheit, elska\u00f0ir, \u00fe\u00e1 hreinsum oss af allri saurgun \u00e1 l\u00edkama og s\u00e1l og fullkomnum helgun vora \u00ed gu\u00f0s\u00f3tta.<a name=\"2\"><span class=\"versanumer\">2<\/span><\/a>Gefi\u00f0 oss r\u00fam \u00ed hj\u00f6rtum y\u00f0ar. Engum h\u00f6fum v\u00e9r gj\u00f6rt rangt til, engan ska\u00f0a\u00f0, engan f\u00e9flett.<a name=\"3\"><span class=\"versanumer\">3<\/span><\/a>\u00c9g segi \u00fea\u00f0 ekki til a\u00f0 \u00e1fellast y\u00f0ur. \u00c9g hef \u00e1\u00f0ur sagt, a\u00f0 \u00fe\u00e9r eru\u00f0 \u00ed hj\u00f6rtum vorum, og v\u00e9r deyjum saman og lifum saman.<a name=\"4\"><span class=\"versanumer\">4<\/span><\/a>Mikla dj\u00f6rfung hef \u00e9g gagnvart y\u00f0ur, mikillega get \u00e9g hr\u00f3sa\u00f0 m\u00e9r af y\u00f0ur. \u00c9g er fullur af huggun, \u00e9g er st\u00f3rr\u00edkur af gle\u00f0i \u00ed allri \u00ferenging vorri.<a name=\"5\"><span class=\"versanumer\">5<\/span><\/a>\u00dev\u00ed var og \u00fea\u00f0, er v\u00e9r komum til Maked\u00f3n\u00edu, a\u00f0 v\u00e9r h\u00f6f\u00f0um enga eir\u00f0, heldur vorum v\u00e9r \u00e1 alla vegu a\u00f0\u00ferengdir, bar\u00e1tta hi\u00f0 ytra, \u00f3tti hi\u00f0 innra.<a name=\"6\"><span class=\"versanumer\">6<\/span><\/a>En Gu\u00f0, sem huggar hina beyg\u00f0u, hann hugga\u00f0i oss me\u00f0 komu T\u00edtusar,<a name=\"7\"><span class=\"versanumer\">7<\/span><\/a>j\u00e1, ekki a\u00f0eins me\u00f0 komu hans, heldur og me\u00f0 \u00feeirri huggun, sem hann haf\u00f0i fengi\u00f0 hj\u00e1 y\u00f0ur. Hann sk\u00fdr\u00f0i oss fr\u00e1 \u00fer\u00e1 y\u00f0ar, gr\u00e1ti y\u00f0ar, \u00e1huga y\u00f0ar m\u00edn vegna, svo a\u00f0 \u00e9g gladdist vi\u00f0 \u00fea\u00f0 enn frekar.<a name=\"8\"><span class=\"versanumer\">8<\/span><\/a>A\u00f0 v\u00edsu hef \u00e9g hryggt y\u00f0ur me\u00f0 br\u00e9finu, en \u00e9g i\u00f0rast \u00feess ekki n\u00fa, \u00fe\u00f3tt \u00e9g i\u00f0ra\u00f0ist \u00feess \u00e1\u00f0ur, \u00fear sem \u00e9g s\u00e1 a\u00f0 \u00feetta br\u00e9f haf\u00f0i hryggt y\u00f0ur, \u00fe\u00f3tt ekki v\u00e6ri nema um stund.<a name=\"9\"><span class=\"versanumer\">9<\/span><\/a>N\u00fa er \u00e9g gla\u00f0ur, ekki yfir \u00fev\u00ed, a\u00f0 \u00fe\u00e9r ur\u00f0u\u00f0 hryggir, heldur yfir \u00fev\u00ed, a\u00f0 \u00fe\u00e9r ur\u00f0u\u00f0 hryggir til i\u00f0runar. \u00de\u00e9r ur\u00f0u\u00f0 hryggir Gu\u00f0i a\u00f0 skapi og bi\u00f0u\u00f0 \u00fev\u00ed ekki \u00ed neinu tj\u00f3n af oss.<a name=\"10\"><span class=\"versanumer\">10<\/span><\/a>S\u00fa hrygg\u00f0, sem er Gu\u00f0i a\u00f0 skapi, vekur afturhvarf til hj\u00e1lpr\u00e6\u00f0is, sem engan i\u00f0rar, en hrygg\u00f0 heimsins veldur dau\u00f0a.<a name=\"11\"><span class=\"versanumer\">11<\/span><\/a>Einmitt \u00feetta, a\u00f0 \u00fe\u00e9r hrygg\u00f0ust Gu\u00f0i a\u00f0 skapi, hv\u00edl\u00edka alv\u00f6ru vakti \u00fea\u00f0 hj\u00e1 y\u00f0ur, j\u00e1, hv\u00edl\u00edkar afsakanir, hv\u00edl\u00edka gremju, hv\u00edl\u00edkan \u00f3tta, hv\u00edl\u00edka \u00fer\u00e1, hv\u00edl\u00edkt kapp, hv\u00edl\u00edka refsingu! \u00cd \u00f6llu hafi\u00f0 \u00fe\u00e9r n\u00fa sanna\u00f0, a\u00f0 \u00fe\u00e9r voru\u00f0 v\u00edtalausir um \u00feetta.<a name=\"12\"><span class=\"versanumer\">12<\/span><\/a>\u00de\u00f3tt \u00e9g \u00fev\u00ed hafi skrifa\u00f0 y\u00f0ur, \u00fe\u00e1 var \u00fea\u00f0 ekki vegna hans, sem \u00f3r\u00e9ttinn gj\u00f6r\u00f0i, ekki heldur vegna hans, sem fyrir \u00f3r\u00e9ttinum var\u00f0, heldur til \u00feess a\u00f0 y\u00f0ur yr\u00f0i lj\u00f3st fyrir augliti Gu\u00f0s hversu heilshugar \u00fe\u00e9r standi\u00f0 me\u00f0 oss.<a name=\"13\"><span class=\"versanumer\">13<\/span><\/a>\u00deess vegna h\u00f6fum v\u00e9r huggun hloti\u00f0. En auk huggunar vorrar gladdi \u00fea\u00f0 oss allra mest, hve T\u00edtus var\u00f0 gla\u00f0ur. \u00de\u00e9r hafi\u00f0 allir r\u00f3a\u00f0 huga hans.<a name=\"14\"><span class=\"versanumer\">14<\/span><\/a>\u00dev\u00ed a\u00f0 hafi \u00e9g \u00ed nokkru hr\u00f3sa\u00f0 m\u00e9r af y\u00f0ur vi\u00f0 hann, \u00fe\u00e1 hef \u00e9g ekki \u00feurft a\u00f0 blyg\u00f0ast m\u00edn. J\u00e1, eins og allt var sannleika samkv\u00e6mt, sem v\u00e9r h\u00f6fum tala\u00f0 vi\u00f0 y\u00f0ur, \u00feannig hefur og hr\u00f3s vort um y\u00f0ur vi\u00f0 T\u00edtus reynst sannleikur.<a name=\"15\"><span class=\"versanumer\">15<\/span><\/a>Og hjarta\u00feel hans til y\u00f0ar er \u00fev\u00ed hl\u00fdrra sem hann minnist hl\u00fd\u00f0ni y\u00f0ar allra, hversu \u00fe\u00e9r t\u00f3ku\u00f0 \u00e1 m\u00f3ti honum me\u00f0 ugg og \u00f3tta.<a name=\"16\"><span class=\"versanumer\">16<\/span><\/a>\u00dea\u00f0 gle\u00f0ur mig, a\u00f0 \u00e9g get \u00ed \u00f6llu bori\u00f0 traust til y\u00f0ar.<\/p>\n<div class=\"footnote1981\"><b>7.4<\/b> Hreykinn af ykkur 2Kor 7.14; 8.24; Fil 2.16; 1\u00deess 2.19-20; 2\u00deess 1.4<br \/>\n<b>7.5<\/b> Til Maked\u00f3n\u00edu Post 20.1-2; 2Kor 1.16; 2.13 \u2013 a\u00f0\u00ferengdur 1Kor 4.11-12; 2Kor 1.4; 4.8-12; 6.4-5; 11.23-27<br \/>\n<b>7.6<\/b> Gu\u00f0 upp\u00f6rvar Jes 49.13; Post 28.15; 2Kor 1.3-4 \u2013 T\u00edtus 2Kor 2.13+<br \/>\n<b>7.10<\/b> Hrygg\u00f0 og sinnaskipti S\u00edr 38.18<br \/>\n<b>7.15<\/b> Hl\u00fd\u00f0ni ykkar 2Kor 2.9+ &#8211; me\u00f0 ugg og \u00f3tta Jes 19.16; Slm 2.11; 55.6; 1Kor 2.3; Ef 6.5; Fil 2.12<\/div>\n","protected":false},"excerpt":{"rendered":"<p>1\u00dear e\u00f0 v\u00e9r \u00fev\u00ed h\u00f6fum \u00feessi fyrirheit, elska\u00f0ir, \u00fe\u00e1 hreinsum oss af allri saurgun \u00e1 l\u00edkama og s\u00e1l og fullkomnum helgun vora \u00ed gu\u00f0s\u00f3tta.2Gefi\u00f0 oss r\u00fam \u00ed hj\u00f6rtum y\u00f0ar. Engum h\u00f6fum v\u00e9r gj\u00f6rt rangt til, engan ska\u00f0a\u00f0, engan f\u00e9flett.3\u00c9g segi \u00fea\u00f0 ekki til a\u00f0 \u00e1fellast y\u00f0ur. \u00c9g hef \u00e1\u00f0ur sagt, a\u00f0 \u00fe\u00e9r eru\u00f0 \u00ed hj\u00f6rtum vorum, og v\u00e9r deyjum saman og lifum saman.4Mikla dj\u00f6rfung hef \u00e9g gagnvart y\u00f0ur, mikillega get \u00e9g hr\u00f3sa\u00f0 m\u00e9r af y\u00f0ur. \u00c9g er fullur af huggun, \u00e9g er st\u00f3rr\u00edkur af gle\u00f0i \u00ed allri \u00ferenging vorri.5\u00dev\u00ed var og \u00fea\u00f0, er v\u00e9r komum til Maked\u00f3n\u00edu, a\u00f0 v\u00e9r h\u00f6f\u00f0um <a href=\"https:\/\/biblian.is\/1981\/sidara-korintubref-7-kafli\/\"> [&#8230;]<\/a><\/p>\n","protected":false},"author":1,"featured_media":0,"parent":0,"menu_order":0,"comment_status":"open","ping_status":"open","template":"bibliukaflar.php","meta":{"footnotes":""},"class_list":["post-2432","page","type-page","status-publish","hentry"],"_links":{"self":[{"href":"https:\/\/biblian.is\/1981\/wp-json\/wp\/v2\/pages\/2432","targetHints":{"allow":["GET"]}}],"collection":[{"href":"https:\/\/biblian.is\/1981\/wp-json\/wp\/v2\/pages"}],"about":[{"href":"https:\/\/biblian.is\/1981\/wp-json\/wp\/v2\/types\/page"}],"author":[{"embeddable":true,"href":"https:\/\/biblian.is\/1981\/wp-json\/wp\/v2\/users\/1"}],"replies":[{"embeddable":true,"href":"https:\/\/biblian.is\/1981\/wp-json\/wp\/v2\/comments?post=2432"}],"version-history":[{"count":0,"href":"https:\/\/biblian.is\/1981\/wp-json\/wp\/v2\/pages\/2432\/revisions"}],"wp:attachment":[{"href":"https:\/\/biblian.is\/1981\/wp-json\/wp\/v2\/media?parent=2432"}],"curies":[{"name":"wp","href":"https:\/\/api.w.org\/{rel}","templated":true}]}}