{"id":2431,"date":"2017-11-18T20:21:47","date_gmt":"2017-11-18T20:21:47","guid":{"rendered":"http:\/\/biblian.is\/1981\/sidara-korintubref-6-kafli\/"},"modified":"2021-06-06T11:10:13","modified_gmt":"2021-06-06T11:10:13","slug":"sidara-korintubref-6-kafli","status":"publish","type":"page","link":"https:\/\/biblian.is\/1981\/sidara-korintubref-6-kafli\/","title":{"rendered":"S\u00ed\u00f0ara Korintubr\u00e9f 6. kafli"},"content":{"rendered":"<p><a name=\"1\"><span class=\"versanumer\">1<\/span><\/a>Sem samverkamenn hans \u00e1minnum v\u00e9r y\u00f0ur einnig, a\u00f0 \u00fe\u00e9r l\u00e1ti\u00f0 ekki n\u00e1\u00f0 Gu\u00f0s, sem \u00fe\u00e9r hafi\u00f0 \u00feegi\u00f0, ver\u00f0a til einskis.<a name=\"2\"><span class=\"versanumer\">2<\/span><\/a>Hann segir: \u00c1 hagkv\u00e6mri t\u00ed\u00f0 b\u00e6nheyr\u00f0i \u00e9g \u00feig, og \u00e1 hj\u00e1lpr\u00e6\u00f0is degi hj\u00e1lpa\u00f0i \u00e9g \u00fe\u00e9r.N\u00fa er hagkv\u00e6m t\u00ed\u00f0, n\u00fa er hj\u00e1lpr\u00e6\u00f0is dagur.<a name=\"3\"><span class=\"versanumer\">3<\/span><\/a>\u00cd engu viljum v\u00e9r vera neinum til \u00e1steytingar, til \u00feess a\u00f0 \u00fej\u00f3nustan ver\u00f0i ekki fyrir lasti.<a name=\"4\"><span class=\"versanumer\">4<\/span><\/a>\u00c1 allan h\u00e1tt s\u00fdnum v\u00e9r, a\u00f0 v\u00e9r erum \u00fej\u00f3nar Gu\u00f0s, me\u00f0 miklu \u00feolg\u00e6\u00f0i \u00ed \u00ferengingum, \u00ed nau\u00f0um, \u00ed angist,<a name=\"5\"><span class=\"versanumer\">5<\/span><\/a>undir h\u00f6ggum, \u00ed fangelsi, \u00ed upphlaupum, \u00ed erfi\u00f0i, \u00ed v\u00f6kum, \u00ed f\u00f6stum,<a name=\"6\"><span class=\"versanumer\">6<\/span><\/a>me\u00f0 grandvarleik, me\u00f0 \u00feekkingu, me\u00f0 langlyndi, me\u00f0 g\u00f3\u00f0vild, me\u00f0 heil\u00f6gum anda, me\u00f0 falslausum k\u00e6rleika,<a name=\"7\"><span class=\"versanumer\">7<\/span><\/a>me\u00f0 sannleiksor\u00f0i, me\u00f0 krafti Gu\u00f0s, me\u00f0 vopnum r\u00e9ttl\u00e6tisins til s\u00f3knar og varnar,<a name=\"8\"><span class=\"versanumer\">8<\/span><\/a>\u00ed hei\u00f0ri og vanhei\u00f0ri, \u00ed lasti og lofi. V\u00e9r erum \u00e1litnir afvegalei\u00f0endur, en erum sannor\u00f0ir,<a name=\"9\"><span class=\"versanumer\">9<\/span><\/a>\u00f3\u00feekktir, en \u00fe\u00f3 al\u00feekktir, komnir \u00ed dau\u00f0ann og samt lifum v\u00e9r, tyfta\u00f0ir og \u00fe\u00f3 ekki deyddir,<a name=\"10\"><span class=\"versanumer\">10<\/span><\/a>hryggir, en \u00fe\u00f3 \u00e1vallt gla\u00f0ir, f\u00e1t\u00e6kir, en au\u00f0gum \u00fe\u00f3 marga, \u00f6reigar, en eigum \u00fe\u00f3 allt.<a name=\"11\"><span class=\"versanumer\">11<\/span><\/a>Frj\u00e1lslega t\u00f6lum v\u00e9r vi\u00f0 y\u00f0ur, Korintumenn. R\u00famt er um y\u00f0ur \u00ed hjarta voru.<a name=\"12\"><span class=\"versanumer\">12<\/span><\/a>Ekki er \u00fer\u00f6ngt um y\u00f0ur hj\u00e1 oss, en \u00ed hj\u00f6rtum y\u00f0ar er \u00fer\u00f6ngt.<a name=\"13\"><span class=\"versanumer\">13<\/span><\/a>En svo a\u00f0 sama komi \u00e1 m\u00f3ti, \u00e9g tala eins og vi\u00f0 b\u00f6rn m\u00edn _, \u00fe\u00e1 l\u00e1ti\u00f0 \u00fe\u00e9r l\u00edka ver\u00f0a r\u00famgott hj\u00e1 y\u00f0ur.<a name=\"14\"><span class=\"versanumer\">14<\/span><\/a>Gangi\u00f0 ekki undir \u00f3samkynja ok me\u00f0 vantr\u00fau\u00f0um. Hva\u00f0 er sameiginlegt me\u00f0 r\u00e9ttl\u00e6ti og rangl\u00e6ti? Hva\u00f0a samf\u00e9lag hefur lj\u00f3s vi\u00f0 myrkur?<a name=\"15\"><span class=\"versanumer\">15<\/span><\/a>Hver er samhlj\u00f3\u00f0an Krists vi\u00f0 Bel\u00edar? Hver hlutdeild er tr\u00fau\u00f0um me\u00f0 vantr\u00fau\u00f0um?<a name=\"16\"><span class=\"versanumer\">16<\/span><\/a>Hvernig m\u00e1 s\u00e6tta musteri Gu\u00f0s vi\u00f0 skur\u00f0go\u00f0? V\u00e9r erum musteri lifanda Gu\u00f0s, eins og Gu\u00f0 hefur sagt: \u00c9g mun b\u00faa hj\u00e1 \u00feeim og ganga um me\u00f0al \u00feeirra, og \u00e9g mun vera Gu\u00f0 \u00feeirra, og \u00feeir munu vera l\u00fd\u00f0ur minn.<a name=\"17\"><span class=\"versanumer\">17<\/span><\/a>\u00deess vegna segir Drottinn: Fari\u00f0 burt fr\u00e1 \u00feeim, og skilji\u00f0 y\u00f0ur fr\u00e1 \u00feeim. Snerti\u00f0 ekki neitt \u00f3hreint, og \u00e9g mun taka y\u00f0ur a\u00f0 m\u00e9r<a name=\"18\"><span class=\"versanumer\">18<\/span><\/a>og \u00e9g mun vera y\u00f0ur fa\u00f0ir, og \u00fe\u00e9r munu\u00f0 vera m\u00e9r synir og d\u00e6tur,segir Drottinn alvaldur.<\/p>\n<div class=\"footnote1981\"><b>6.2<\/b> \u00c1 hagkv\u00e6mri t\u00ed\u00f0 Jes 49.8 \u2013 hj\u00e1lpr\u00e6\u00f0isdagur L\u00fak 21.24; R\u00f3m 11.25-32; Ef 2.12-18<br \/>\n<b>6.4-5<\/b> \u00deolg\u00e6\u00f0i 2Kor 11.23-27<br \/>\n<b>6.7<\/b> Vopn hinna kristnu SSal 5.17-21; R\u00f3m 13.12; 2Kor 10.4; Ef 6.16-17<br \/>\n<b>6.10<\/b> \u00d6reigi en \u00e1 \u00fe\u00f3 allt 2Kor 8.9<br \/>\n<b>6.13<\/b> B\u00f6rn m\u00edn 1Kor 4.14; Gal 4.19; 1\u00deess 2.11; F\u00edlm 10<br \/>\n<b>6.16<\/b> \u00c9g mun b\u00faa me\u00f0al \u00feeirra &#8230; 3M\u00f3s 26.12; Jer 32.38; Esk 37.27 \u2013 musteri Gu\u00f0s 1Kor 3.16; 6.19<br \/>\n<b>6.17<\/b> Fari\u00f0 burt &#8230; Jes 52.11; Esk 20.34,41; Jer 51.45; Opb 18.4<br \/>\n<b>6.18<\/b> \u00c9g mun vera &#8230; H\u00f3s 2.1; 2Sam 7.14; Jes 43.6; Jer 31.9<\/div>\n","protected":false},"excerpt":{"rendered":"<p>1Sem samverkamenn hans \u00e1minnum v\u00e9r y\u00f0ur einnig, a\u00f0 \u00fe\u00e9r l\u00e1ti\u00f0 ekki n\u00e1\u00f0 Gu\u00f0s, sem \u00fe\u00e9r hafi\u00f0 \u00feegi\u00f0, ver\u00f0a til einskis.2Hann segir: \u00c1 hagkv\u00e6mri t\u00ed\u00f0 b\u00e6nheyr\u00f0i \u00e9g \u00feig, og \u00e1 hj\u00e1lpr\u00e6\u00f0is degi hj\u00e1lpa\u00f0i \u00e9g \u00fe\u00e9r.N\u00fa er hagkv\u00e6m t\u00ed\u00f0, n\u00fa er hj\u00e1lpr\u00e6\u00f0is dagur.3\u00cd engu viljum v\u00e9r vera neinum til \u00e1steytingar, til \u00feess a\u00f0 \u00fej\u00f3nustan ver\u00f0i ekki fyrir lasti.4\u00c1 allan h\u00e1tt s\u00fdnum v\u00e9r, a\u00f0 v\u00e9r erum \u00fej\u00f3nar Gu\u00f0s, me\u00f0 miklu \u00feolg\u00e6\u00f0i \u00ed \u00ferengingum, \u00ed nau\u00f0um, \u00ed angist,5undir h\u00f6ggum, \u00ed fangelsi, \u00ed upphlaupum, \u00ed erfi\u00f0i, \u00ed v\u00f6kum, \u00ed f\u00f6stum,6me\u00f0 grandvarleik, me\u00f0 \u00feekkingu, me\u00f0 langlyndi, me\u00f0 g\u00f3\u00f0vild, me\u00f0 heil\u00f6gum anda, me\u00f0 falslausum k\u00e6rleika,7me\u00f0 sannleiksor\u00f0i, me\u00f0 <a href=\"https:\/\/biblian.is\/1981\/sidara-korintubref-6-kafli\/\"> [&#8230;]<\/a><\/p>\n","protected":false},"author":1,"featured_media":0,"parent":0,"menu_order":0,"comment_status":"open","ping_status":"open","template":"bibliukaflar.php","meta":{"footnotes":""},"class_list":["post-2431","page","type-page","status-publish","hentry"],"_links":{"self":[{"href":"https:\/\/biblian.is\/1981\/wp-json\/wp\/v2\/pages\/2431","targetHints":{"allow":["GET"]}}],"collection":[{"href":"https:\/\/biblian.is\/1981\/wp-json\/wp\/v2\/pages"}],"about":[{"href":"https:\/\/biblian.is\/1981\/wp-json\/wp\/v2\/types\/page"}],"author":[{"embeddable":true,"href":"https:\/\/biblian.is\/1981\/wp-json\/wp\/v2\/users\/1"}],"replies":[{"embeddable":true,"href":"https:\/\/biblian.is\/1981\/wp-json\/wp\/v2\/comments?post=2431"}],"version-history":[{"count":0,"href":"https:\/\/biblian.is\/1981\/wp-json\/wp\/v2\/pages\/2431\/revisions"}],"wp:attachment":[{"href":"https:\/\/biblian.is\/1981\/wp-json\/wp\/v2\/media?parent=2431"}],"curies":[{"name":"wp","href":"https:\/\/api.w.org\/{rel}","templated":true}]}}