{"id":2429,"date":"2017-11-18T20:21:47","date_gmt":"2017-11-18T20:21:47","guid":{"rendered":"http:\/\/biblian.is\/1981\/sidara-korintubref-4-kafli\/"},"modified":"2021-06-06T11:10:12","modified_gmt":"2021-06-06T11:10:12","slug":"sidara-korintubref-4-kafli","status":"publish","type":"page","link":"https:\/\/biblian.is\/1981\/sidara-korintubref-4-kafli\/","title":{"rendered":"S\u00ed\u00f0ara Korintubr\u00e9f 4. kafli"},"content":{"rendered":"<p><a name=\"1\"><span class=\"versanumer\">1<\/span><\/a>Me\u00f0 \u00fev\u00ed a\u00f0 v\u00e9r h\u00f6fum \u00feessa \u00fej\u00f3nustu \u00e1 hendi fyrir miskunn Gu\u00f0s, \u00fe\u00e1 l\u00e1tum v\u00e9r ekki hugfallast.<a name=\"2\"><span class=\"versanumer\">2<\/span><\/a>V\u00e9r h\u00f6fnum allri skammarlegri launung, v\u00e9r framg\u00f6ngum ekki me\u00f0 fl\u00e1ttskap n\u00e9 f\u00f6lsum Gu\u00f0s or\u00f0, heldur birtum v\u00e9r sannleikann, og fyrir augliti Gu\u00f0s sk\u00edrskotum v\u00e9r til samvisku hvers manns um sj\u00e1lfa oss.<a name=\"3\"><span class=\"versanumer\">3<\/span><\/a>En ef fagna\u00f0arerindi vort er huli\u00f0, \u00fe\u00e1 er \u00fea\u00f0 huli\u00f0 \u00feeim, sem glatast.<a name=\"4\"><span class=\"versanumer\">4<\/span><\/a>\u00dev\u00ed gu\u00f0 \u00feessarar aldar hefur blinda\u00f0 huga hinna vantr\u00fau\u00f0u, til \u00feess a\u00f0 \u00feeir sj\u00e1i ekki lj\u00f3si\u00f0 fr\u00e1 fagna\u00f0arerindinu um d\u00fdr\u00f0 Krists, hans, sem er \u00edmynd Gu\u00f0s.<a name=\"5\"><span class=\"versanumer\">5<\/span><\/a>Ekki pr\u00e9dikum v\u00e9r sj\u00e1lfa oss, heldur Krist Jes\u00fa sem Drottin, en sj\u00e1lfa oss sem \u00fej\u00f3na y\u00f0ar vegna Jes\u00fa.<a name=\"6\"><span class=\"versanumer\">6<\/span><\/a>\u00dev\u00ed a\u00f0 Gu\u00f0, sem sag\u00f0i: Lj\u00f3s skal sk\u00edna fram \u00far myrkri! hann l\u00e9t \u00fea\u00f0 sk\u00edna \u00ed hj\u00f6rtu vor, til \u00feess a\u00f0 birtu leg\u00f0i af \u00feekkingunni \u00e1 d\u00fdr\u00f0 Gu\u00f0s, eins og h\u00fan sk\u00edn fr\u00e1 \u00e1sj\u00f3nu Jes\u00fa Krists.<a name=\"7\"><span class=\"versanumer\">7<\/span><\/a>En \u00feennan fj\u00e1rsj\u00f3\u00f0 h\u00f6fum v\u00e9r \u00ed leirkerum, til \u00feess a\u00f0 ofurmagn kraftarins s\u00e9 Gu\u00f0s, en ekki fr\u00e1 oss.<a name=\"8\"><span class=\"versanumer\">8<\/span><\/a>\u00c1 allar hli\u00f0ar erum v\u00e9r a\u00f0\u00ferengdir, en \u00fe\u00f3 ekki of\u00ferengdir, v\u00e9r erum efablandnir, en \u00f6rv\u00e6ntum \u00fe\u00f3 ekki,<a name=\"9\"><span class=\"versanumer\">9<\/span><\/a>ofs\u00f3ttir, en \u00fe\u00f3 ekki yfirgefnir, felldir til jar\u00f0ar, en tort\u00edmumst \u00fe\u00f3 ekki.<a name=\"10\"><span class=\"versanumer\">10<\/span><\/a>Jafnan berum v\u00e9r me\u00f0 oss \u00e1 l\u00edkamanum dau\u00f0a Jes\u00fa, til \u00feess a\u00f0 einnig l\u00edf Jes\u00fa ver\u00f0i opinbert \u00ed l\u00edkama vorum.<a name=\"11\"><span class=\"versanumer\">11<\/span><\/a>\u00dev\u00ed a\u00f0 v\u00e9r, sem lifum, erum jafnan framseldir til dau\u00f0a vegna Jes\u00fa, til \u00feess a\u00f0 l\u00edf Jes\u00fa ver\u00f0i opinbert \u00ed dau\u00f0legu holdi voru.<a name=\"12\"><span class=\"versanumer\">12<\/span><\/a>\u00deannig er dau\u00f0inn a\u00f0 verki \u00ed oss, en l\u00edfi\u00f0 \u00ed y\u00f0ur.<a name=\"13\"><span class=\"versanumer\">13<\/span><\/a>V\u00e9r h\u00f6fum sama anda tr\u00faarinnar sem skrifa\u00f0 er um \u00ed ritningunni: \u00c9g tr\u00fa\u00f0i, \u00feess vegna tala\u00f0i \u00e9g. V\u00e9r tr\u00faum l\u00edka og \u00feess vegna t\u00f6lum v\u00e9r.<a name=\"14\"><span class=\"versanumer\">14<\/span><\/a>V\u00e9r vitum, a\u00f0 hann, sem vakti upp Drottin Jes\u00fa, mun einnig uppvekja oss \u00e1samt Jes\u00fa og lei\u00f0a oss fram \u00e1samt y\u00f0ur.<a name=\"15\"><span class=\"versanumer\">15<\/span><\/a>Allt er \u00feetta y\u00f0ar vegna, til \u00feess a\u00f0 n\u00e1\u00f0in ver\u00f0i sem mest og l\u00e1ti sem flesta flytja \u00feakkargj\u00f6r\u00f0 Gu\u00f0i til d\u00fdr\u00f0ar.<a name=\"16\"><span class=\"versanumer\">16<\/span><\/a>Fyrir \u00fev\u00ed l\u00e1tum v\u00e9r ekki hugfallast. Jafnvel \u00fe\u00f3tt vor ytri ma\u00f0ur hr\u00f6rni, \u00fe\u00e1 endurn\u00fdjast dag fr\u00e1 degi vor innri ma\u00f0ur.<a name=\"17\"><span class=\"versanumer\">17<\/span><\/a>\u00derenging vor er skammvinn og l\u00e9ttb\u00e6r og aflar oss eil\u00edfrar d\u00fdr\u00f0ar sem st\u00f3rum yfirgn\u00e6fir allt.<a name=\"18\"><span class=\"versanumer\">18<\/span><\/a>V\u00e9r horfum ekki \u00e1 hi\u00f0 s\u00fdnilega, heldur hi\u00f0 \u00f3s\u00fdnilega. Hi\u00f0 s\u00fdnilega er stundlegt, en hi\u00f0 \u00f3s\u00fdnilega eil\u00edft.<\/p>\n<div class=\"footnote1981\"><b>4.4<\/b> Kristur er mynd Gu\u00f0s K\u00f3l 1.15; Heb 1.3<br \/>\n<b>4.6<\/b> Lj\u00f3s 1M\u00f3s 1.3; Jes 9.1<br \/>\n<b>4.7<\/b> \u00cd leirkerum 2Kor 12.7-10; Gal 4.14; sbr 1M\u00f3s 2.7; R\u00f3m 9.21-23; 1Kor 15.47; 1\u00deess 4.4<br \/>\n<b>4.8-12<\/b> A\u00f0\u00ferengdur, l\u00e6t ekki bugast R\u00f3m 8.36-37; 1Kor 15.31; 2Kor 1.4,8-11; 6.4-5; 7.5; 11.23-33; Fil 3.10<br \/>\n<b>4.13<\/b> \u00c9g tr\u00fa\u00f0i &#8230; Slm 116.10<br \/>\n<b>4.14<\/b> Uppvekja \u00e1samt Jes\u00fa R\u00f3m 8.11; 1Kor 6.14; 15.5,20<br \/>\n<b>4.17<\/b> \u00derengingin aflar d\u00fdr\u00f0ar R\u00f3m 8.17-18; 1P\u00e9t 1.6-7<br \/>\n<b>4.18<\/b> Hi\u00f0 s\u00fdnilega og hi\u00f0 \u00f3s\u00fdnilega K\u00f3l 1.16; 2Kor 5.7; Heb 11.1,3<\/div>\n","protected":false},"excerpt":{"rendered":"<p>1Me\u00f0 \u00fev\u00ed a\u00f0 v\u00e9r h\u00f6fum \u00feessa \u00fej\u00f3nustu \u00e1 hendi fyrir miskunn Gu\u00f0s, \u00fe\u00e1 l\u00e1tum v\u00e9r ekki hugfallast.2V\u00e9r h\u00f6fnum allri skammarlegri launung, v\u00e9r framg\u00f6ngum ekki me\u00f0 fl\u00e1ttskap n\u00e9 f\u00f6lsum Gu\u00f0s or\u00f0, heldur birtum v\u00e9r sannleikann, og fyrir augliti Gu\u00f0s sk\u00edrskotum v\u00e9r til samvisku hvers manns um sj\u00e1lfa oss.3En ef fagna\u00f0arerindi vort er huli\u00f0, \u00fe\u00e1 er \u00fea\u00f0 huli\u00f0 \u00feeim, sem glatast.4\u00dev\u00ed gu\u00f0 \u00feessarar aldar hefur blinda\u00f0 huga hinna vantr\u00fau\u00f0u, til \u00feess a\u00f0 \u00feeir sj\u00e1i ekki lj\u00f3si\u00f0 fr\u00e1 fagna\u00f0arerindinu um d\u00fdr\u00f0 Krists, hans, sem er \u00edmynd Gu\u00f0s.5Ekki pr\u00e9dikum v\u00e9r sj\u00e1lfa oss, heldur Krist Jes\u00fa sem Drottin, en sj\u00e1lfa oss sem \u00fej\u00f3na y\u00f0ar vegna <a href=\"https:\/\/biblian.is\/1981\/sidara-korintubref-4-kafli\/\"> [&#8230;]<\/a><\/p>\n","protected":false},"author":1,"featured_media":0,"parent":0,"menu_order":0,"comment_status":"open","ping_status":"open","template":"bibliukaflar.php","meta":{"footnotes":""},"class_list":["post-2429","page","type-page","status-publish","hentry"],"_links":{"self":[{"href":"https:\/\/biblian.is\/1981\/wp-json\/wp\/v2\/pages\/2429","targetHints":{"allow":["GET"]}}],"collection":[{"href":"https:\/\/biblian.is\/1981\/wp-json\/wp\/v2\/pages"}],"about":[{"href":"https:\/\/biblian.is\/1981\/wp-json\/wp\/v2\/types\/page"}],"author":[{"embeddable":true,"href":"https:\/\/biblian.is\/1981\/wp-json\/wp\/v2\/users\/1"}],"replies":[{"embeddable":true,"href":"https:\/\/biblian.is\/1981\/wp-json\/wp\/v2\/comments?post=2429"}],"version-history":[{"count":0,"href":"https:\/\/biblian.is\/1981\/wp-json\/wp\/v2\/pages\/2429\/revisions"}],"wp:attachment":[{"href":"https:\/\/biblian.is\/1981\/wp-json\/wp\/v2\/media?parent=2429"}],"curies":[{"name":"wp","href":"https:\/\/api.w.org\/{rel}","templated":true}]}}