{"id":2427,"date":"2017-11-18T20:21:42","date_gmt":"2017-11-18T20:21:42","guid":{"rendered":"http:\/\/biblian.is\/1981\/sidara-korintubref-2-kafli\/"},"modified":"2021-06-06T11:10:12","modified_gmt":"2021-06-06T11:10:12","slug":"sidara-korintubref-2-kafli","status":"publish","type":"page","link":"https:\/\/biblian.is\/1981\/sidara-korintubref-2-kafli\/","title":{"rendered":"S\u00ed\u00f0ara Korintubr\u00e9f 2. kafli"},"content":{"rendered":"<p><a name=\"1\"><span class=\"versanumer\">1<\/span><\/a>En \u00fea\u00f0 \u00e1setti \u00e9g m\u00e9r, a\u00f0 koma ekki aftur til y\u00f0ar me\u00f0 hrygg\u00f0.<a name=\"2\"><span class=\"versanumer\">2<\/span><\/a>Ef \u00e9g hryggi y\u00f0ur, hver er \u00fe\u00e1 s\u00e1 sem gle\u00f0ur mig? S\u00e1 sem \u00e9g er a\u00f0 hryggja?<a name=\"3\"><span class=\"versanumer\">3<\/span><\/a>\u00c9g skrifa\u00f0i einmitt \u00feetta til \u00feess a\u00f0 \u00feeir, sem \u00e1ttu a\u00f0 gle\u00f0ja mig, skyldu ekki hryggja mig, er \u00e9g k\u00e6mi. \u00c9g hef \u00fea\u00f0 traust til y\u00f0ar allra, a\u00f0 gle\u00f0i m\u00edn s\u00e9 gle\u00f0i y\u00f0ar allra.<a name=\"4\"><span class=\"versanumer\">4<\/span><\/a>Af mikilli \u00ferengingu og hjartans trega skrifa\u00f0i \u00e9g y\u00f0ur me\u00f0 m\u00f6rgum t\u00e1rum, ekki til \u00feess a\u00f0 \u00fe\u00e9r skyldu\u00f0 hryggjast, heldur til \u00feess a\u00f0 \u00fe\u00e9r skyldu\u00f0 komast a\u00f0 raun um \u00feann k\u00e6rleika, sem \u00e9g ber til y\u00f0ar \u00ed svo r\u00edkum m\u00e6li.<a name=\"5\"><span class=\"versanumer\">5<\/span><\/a>En ef nokkur hefur or\u00f0i\u00f0 til \u00feess a\u00f0 valda hrygg\u00f0, \u00fe\u00e1 hefur hann ekki hryggt mig, heldur a\u00f0 vissu leyti a\u00f0 \u00e9g gj\u00f6ri ekki enn meira \u00far \u00fev\u00ed hryggt y\u00f0ur alla.<a name=\"6\"><span class=\"versanumer\">6<\/span><\/a>N\u00e6gileg er \u00feeim manni refsing s\u00fa, sem hann hefur hloti\u00f0 af y\u00f0ur allflestum.<a name=\"7\"><span class=\"versanumer\">7<\/span><\/a>\u00dev\u00ed \u00e6ttu\u00f0 \u00fe\u00e9r n\u00fa \u00f6llu heldur a\u00f0 fyrirgefa honum og hugga hann til \u00feess a\u00f0 hann s\u00f6kkvi ekki ni\u00f0ur \u00ed allt of mikla hrygg\u00f0.<a name=\"8\"><span class=\"versanumer\">8<\/span><\/a>\u00deess vegna bi\u00f0 \u00e9g y\u00f0ur a\u00f0 s\u00fdna honum k\u00e6rleika \u00ed reynd.<a name=\"9\"><span class=\"versanumer\">9<\/span><\/a>\u00dev\u00ed a\u00f0 \u00ed \u00feeim tilgangi skrifa\u00f0i \u00e9g y\u00f0ur, til \u00feess a\u00f0 komast a\u00f0 raun um sta\u00f0festu y\u00f0ar, hvort \u00fe\u00e9r v\u00e6ru\u00f0 hl\u00fd\u00f0nir \u00ed \u00f6llu.<a name=\"10\"><span class=\"versanumer\">10<\/span><\/a>En hverjum sem \u00fe\u00e9r fyrirgefi\u00f0, honum fyrirgef \u00e9g l\u00edka. Og \u00fea\u00f0 sem \u00e9g hef fyrirgefi\u00f0, hafi \u00e9g \u00feurft a\u00f0 fyrirgefa nokku\u00f0, \u00fe\u00e1 hefur \u00fea\u00f0 veri\u00f0 vegna y\u00f0ar fyrir augliti Krists,<a name=\"11\"><span class=\"versanumer\">11<\/span><\/a>til \u00feess a\u00f0 v\u00e9r yr\u00f0um ekki v\u00e9la\u00f0ir af Satan, \u00fev\u00ed a\u00f0 ekki er oss \u00f3kunnugt um v\u00e9lr\u00e1\u00f0 hans.<a name=\"12\"><span class=\"versanumer\">12<\/span><\/a>En er \u00e9g kom til Tr\u00f3as til a\u00f0 bo\u00f0a fagna\u00f0arerindi\u00f0 um Krist og m\u00e9r st\u00f3\u00f0u \u00fear opnar dyr \u00ed \u00fej\u00f3nustu Drottins,<a name=\"13\"><span class=\"versanumer\">13<\/span><\/a>\u00fe\u00e1 haf\u00f0i \u00e9g enga eir\u00f0 \u00ed m\u00e9r, af \u00fev\u00ed a\u00f0 \u00e9g hitti ekki T\u00edtus, br\u00f3\u00f0ur minn, svo a\u00f0 \u00e9g kvaddi \u00fe\u00e1 og f\u00f3r til Maked\u00f3n\u00edu.<a name=\"14\"><span class=\"versanumer\">14<\/span><\/a>En Gu\u00f0i s\u00e9u \u00feakkir, sem fer me\u00f0 oss \u00ed \u00f3slitinni sigurf\u00f6r Krists og l\u00e6tur oss \u00fatbrei\u00f0a ilm \u00feekkingarinnar \u00e1 honum \u00e1 hverjum sta\u00f0.<a name=\"15\"><span class=\"versanumer\">15<\/span><\/a>&#8222;\u00dev\u00ed a\u00f0 v\u00e9r erum g\u00f3\u00f0ilmur Krists fyrir Gu\u00f0i me\u00f0al \u00feeirra, er h\u00f3lpnir ver\u00f0a, og me\u00f0al \u00feeirra, sem glatast;&#8220;<a name=\"16\"><span class=\"versanumer\">16<\/span><\/a>\u00feeim s\u00ed\u00f0arnefndu ilmur af dau\u00f0a til dau\u00f0a, en hinum ilmur af l\u00edfi til l\u00edfs. Og hver er til \u00feessa h\u00e6fur?<a name=\"17\"><span class=\"versanumer\">17<\/span><\/a>Ekki erum v\u00e9r eins og hinir m\u00f6rgu, er pranga me\u00f0 Gu\u00f0s or\u00f0, heldur flytjum v\u00e9r \u00fea\u00f0 af hreinum huga fr\u00e1 Gu\u00f0i frammi fyrir augliti Gu\u00f0s, me\u00f0 \u00fev\u00ed a\u00f0 v\u00e9r erum \u00ed Kristi.<\/p>\n<div class=\"footnote1981\"><b>2.6<\/b> N\u00e6gileg refsing Matt 18.15-17; 1Kor 5.1-13; 11.30-32; 3J\u00f3h 10<br \/>\n<b>2.9<\/b> Hl\u00fd\u00f0ni 2Kor 7.15; 10.6<br \/>\n<b>2.11<\/b> Satan n\u00e1i t\u00f6kum Matt 4.1-11; L\u00fak 22.31; R\u00f3m 16.17-20; 2Kor 6.14-16; 11.3-15<br \/>\n<b>2.12<\/b> Tr\u00f3as Post 16.8-11; 20.5-12; 2T\u00edm 4.13 \u2013 opna\u00f0 dyr Post 14.27; 1Kor 16.9; K\u00f3l 4.3; Opb 3.8<br \/>\n<b>2.13<\/b> T\u00edtus 2Kor 7.6,13-15; 8.6,16,23; 12.18; Gal 2.1-3; 2T\u00edm 4.10; T\u00edt 1.4<br \/>\n<b>2.17<\/b> Pranga me\u00f0 Gu\u00f0s or\u00f0 2Kor 4.2; 11.13<\/div>\n","protected":false},"excerpt":{"rendered":"<p>1En \u00fea\u00f0 \u00e1setti \u00e9g m\u00e9r, a\u00f0 koma ekki aftur til y\u00f0ar me\u00f0 hrygg\u00f0.2Ef \u00e9g hryggi y\u00f0ur, hver er \u00fe\u00e1 s\u00e1 sem gle\u00f0ur mig? S\u00e1 sem \u00e9g er a\u00f0 hryggja?3\u00c9g skrifa\u00f0i einmitt \u00feetta til \u00feess a\u00f0 \u00feeir, sem \u00e1ttu a\u00f0 gle\u00f0ja mig, skyldu ekki hryggja mig, er \u00e9g k\u00e6mi. \u00c9g hef \u00fea\u00f0 traust til y\u00f0ar allra, a\u00f0 gle\u00f0i m\u00edn s\u00e9 gle\u00f0i y\u00f0ar allra.4Af mikilli \u00ferengingu og hjartans trega skrifa\u00f0i \u00e9g y\u00f0ur me\u00f0 m\u00f6rgum t\u00e1rum, ekki til \u00feess a\u00f0 \u00fe\u00e9r skyldu\u00f0 hryggjast, heldur til \u00feess a\u00f0 \u00fe\u00e9r skyldu\u00f0 komast a\u00f0 raun um \u00feann k\u00e6rleika, sem \u00e9g ber til y\u00f0ar \u00ed svo r\u00edkum <a href=\"https:\/\/biblian.is\/1981\/sidara-korintubref-2-kafli\/\"> [&#8230;]<\/a><\/p>\n","protected":false},"author":1,"featured_media":0,"parent":0,"menu_order":0,"comment_status":"open","ping_status":"open","template":"bibliukaflar.php","meta":{"footnotes":""},"class_list":["post-2427","page","type-page","status-publish","hentry"],"_links":{"self":[{"href":"https:\/\/biblian.is\/1981\/wp-json\/wp\/v2\/pages\/2427","targetHints":{"allow":["GET"]}}],"collection":[{"href":"https:\/\/biblian.is\/1981\/wp-json\/wp\/v2\/pages"}],"about":[{"href":"https:\/\/biblian.is\/1981\/wp-json\/wp\/v2\/types\/page"}],"author":[{"embeddable":true,"href":"https:\/\/biblian.is\/1981\/wp-json\/wp\/v2\/users\/1"}],"replies":[{"embeddable":true,"href":"https:\/\/biblian.is\/1981\/wp-json\/wp\/v2\/comments?post=2427"}],"version-history":[{"count":0,"href":"https:\/\/biblian.is\/1981\/wp-json\/wp\/v2\/pages\/2427\/revisions"}],"wp:attachment":[{"href":"https:\/\/biblian.is\/1981\/wp-json\/wp\/v2\/media?parent=2427"}],"curies":[{"name":"wp","href":"https:\/\/api.w.org\/{rel}","templated":true}]}}