{"id":2426,"date":"2017-11-18T20:21:42","date_gmt":"2017-11-18T20:21:42","guid":{"rendered":"http:\/\/biblian.is\/1981\/sidara-korintubref-1-kafli\/"},"modified":"2021-06-06T11:10:10","modified_gmt":"2021-06-06T11:10:10","slug":"sidara-korintubref-1-kafli","status":"publish","type":"page","link":"https:\/\/biblian.is\/1981\/sidara-korintubref-1-kafli\/","title":{"rendered":"S\u00ed\u00f0ara Korintubr\u00e9f 1. kafli"},"content":{"rendered":"<p><a name=\"1\"><span class=\"versanumer\">1<\/span><\/a>P\u00e1ll, a\u00f0 Gu\u00f0s vilja postuli Krists Jes\u00fa, og T\u00edm\u00f3teus, br\u00f3\u00f0ir vor, heilsa s\u00f6fnu\u00f0i Gu\u00f0s, sem er \u00ed Korintu, \u00e1samt \u00f6llum heil\u00f6gum, \u00ed gj\u00f6rvallri Akkeu.<a name=\"2\"><span class=\"versanumer\">2<\/span><\/a>N\u00e1\u00f0 s\u00e9 me\u00f0 y\u00f0ur og fri\u00f0ur fr\u00e1 Gu\u00f0i f\u00f6\u00f0ur vorum og Drottni Jes\u00fa Kristi.<a name=\"3\"><span class=\"versanumer\">3<\/span><\/a>Lofa\u00f0ur s\u00e9 Gu\u00f0 og fa\u00f0ir Drottins vors Jes\u00fa Krists, fa\u00f0ir miskunnsemdanna og Gu\u00f0 allrar huggunar,<a name=\"4\"><span class=\"versanumer\">4<\/span><\/a>sem huggar oss \u00ed s\u00e9rhverri \u00ferenging vorri, svo a\u00f0 v\u00e9r getum hugga\u00f0 alla a\u00f0ra \u00ed \u00ferengingum \u00feeirra me\u00f0 \u00feeirri huggun, sem v\u00e9r h\u00f6fum sj\u00e1lfir af Gu\u00f0i hloti\u00f0.<a name=\"5\"><span class=\"versanumer\">5<\/span><\/a>\u00dev\u00ed a\u00f0 eins og \u00fej\u00e1ningar Krists koma \u00ed r\u00edkum m\u00e6li yfir oss, \u00feannig hlj\u00f3tum v\u00e9r og huggun \u00ed r\u00edkum m\u00e6li fyrir Krist.<a name=\"6\"><span class=\"versanumer\">6<\/span><\/a>En ef v\u00e9r s\u00e6tum \u00ferengingum, \u00fe\u00e1 er \u00fea\u00f0 y\u00f0ur til huggunar og hj\u00e1lpr\u00e6\u00f0is, og ef v\u00e9r hlj\u00f3tum huggun, \u00fe\u00e1 er \u00fea\u00f0 til \u00feess a\u00f0 \u00fe\u00e9r hlj\u00f3ti\u00f0 huggun og kraft til a\u00f0 standast \u00fe\u00e6r \u00fej\u00e1ningar, sem v\u00e9r einnig l\u00ed\u00f0um.<a name=\"7\"><span class=\"versanumer\">7<\/span><\/a>Von vor um y\u00f0ur er sta\u00f0f\u00f6st. V\u00e9r vitum, a\u00f0 \u00fe\u00e9r eigi\u00f0 hlut \u00ed huggun vorri eins og \u00fe\u00e9r eigi\u00f0 hlut \u00ed \u00fej\u00e1ningum vorum.<a name=\"8\"><span class=\"versanumer\">8<\/span><\/a>V\u00e9r viljum ekki, br\u00e6\u00f0ur m\u00ednir, a\u00f0 y\u00f0ur s\u00e9 \u00f3kunnugt um \u00ferenging \u00fe\u00e1, sem v\u00e9r ur\u00f0um fyrir \u00ed As\u00edu. V\u00e9r vorum a\u00f0\u00ferengdir langt um megn fram, svo a\u00f0 v\u00e9r jafnvel \u00f6rv\u00e6ntum um l\u00edfi\u00f0.<a name=\"9\"><span class=\"versanumer\">9<\/span><\/a>J\u00e1, oss s\u00fdndist sj\u00e1lfum, a\u00f0 v\u00e9r hef\u00f0um \u00feegar fengi\u00f0 vorn dau\u00f0ad\u00f3m. \u00dev\u00ed a\u00f0 oss \u00e1tti a\u00f0 l\u00e6rast \u00fea\u00f0 a\u00f0 treysta ekki sj\u00e1lfum oss, heldur Gu\u00f0i, sem uppvekur hina dau\u00f0u.<a name=\"10\"><span class=\"versanumer\">10<\/span><\/a>\u00dar sl\u00edkri dau\u00f0ans h\u00e6ttu frelsa\u00f0i hann oss og mun frelsa oss. Til hans h\u00f6fum v\u00e9r sett von vora, a\u00f0 hann muni enn frelsa oss.<a name=\"11\"><span class=\"versanumer\">11<\/span><\/a>Til \u00feess geti\u00f0 \u00fe\u00e9r og hj\u00e1lpa\u00f0 me\u00f0 \u00fev\u00ed a\u00f0 bi\u00f0ja fyrir oss. \u00de\u00e1 munu margir \u00feakka \u00fe\u00e1 n\u00e1\u00f0argj\u00f6f, sem oss er veitt a\u00f0 fyrirb\u00e6n margra.<a name=\"12\"><span class=\"versanumer\">12<\/span><\/a>\u00deetta er hr\u00f3sun vor: Samviska vor vitnar um, a\u00f0 v\u00e9r h\u00f6fum lifa\u00f0 \u00ed heiminum, og s\u00e9rstaklega hj\u00e1 y\u00f0ur, \u00ed heilagleika og hreinleika, sem kemur fr\u00e1 Gu\u00f0i, ekki l\u00e1ti\u00f0 stj\u00f3rnast af mannlegri speki, heldur af n\u00e1\u00f0 Gu\u00f0s.<a name=\"13\"><span class=\"versanumer\">13<\/span><\/a>V\u00e9r skrifum y\u00f0ur ekki anna\u00f0 en \u00fea\u00f0, sem \u00fe\u00e9r geti\u00f0 lesi\u00f0 og skili\u00f0. \u00c9g vona, a\u00f0 \u00fe\u00e9r muni\u00f0 til fulls skilja \u00fea\u00f0,<a name=\"14\"><span class=\"versanumer\">14<\/span><\/a>sem y\u00f0ur er a\u00f0 nokkru lj\u00f3st, a\u00f0 \u00fe\u00e9r geti\u00f0 miklast af oss eins og v\u00e9r af y\u00f0ur \u00e1 degi Drottins vors Jes\u00fa.<a name=\"15\"><span class=\"versanumer\">15<\/span><\/a>\u00cd \u00feessu trausti var \u00fea\u00f0 \u00e1setningur minn a\u00f0 koma fyrst til y\u00f0ar, til \u00feess a\u00f0 \u00fe\u00e9r skyldu\u00f0 ver\u00f0a tv\u00f6faldrar gle\u00f0i a\u00f0nj\u00f3tandi.<a name=\"16\"><span class=\"versanumer\">16<\/span><\/a>\u00c9g hug\u00f0ist b\u00e6\u00f0i koma vi\u00f0 hj\u00e1 y\u00f0ur \u00e1 lei\u00f0inni til Maked\u00f3n\u00edu og aftur \u00e1 lei\u00f0inni \u00fea\u00f0an og l\u00e1ta y\u00f0ur b\u00faa fer\u00f0 m\u00edna til J\u00fadeu.<a name=\"17\"><span class=\"versanumer\">17<\/span><\/a>Var \u00fea\u00f0 n\u00fa svo miki\u00f0 hverflyndi af m\u00e9r, er \u00e9g afr\u00e9\u00f0 \u00feetta? E\u00f0a r\u00e6\u00f0 \u00e9g r\u00e1\u00f0um m\u00ednum a\u00f0 h\u00e6tti heimsins, svo a\u00f0 hj\u00e1 m\u00e9r s\u00e9 j\u00e1, j\u00e1 sama og nei, nei?<a name=\"18\"><span class=\"versanumer\">18<\/span><\/a>Svo sannarlega sem Gu\u00f0 er tr\u00far: \u00dea\u00f0, sem v\u00e9r segjum y\u00f0ur, er ekki b\u00e6\u00f0i j\u00e1 og nei.<a name=\"19\"><span class=\"versanumer\">19<\/span><\/a>Sonur Gu\u00f0s, Jes\u00fas Kristur, sem v\u00e9r h\u00f6fum pr\u00e9dika\u00f0 \u00e1 me\u00f0al y\u00f0ar, \u00e9g, Silvanus og T\u00edm\u00f3teus, var ekki b\u00e6\u00f0i j\u00e1 og nei, heldur er allt \u00ed honum j\u00e1.<a name=\"20\"><span class=\"versanumer\">20<\/span><\/a>\u00dev\u00ed a\u00f0 svo m\u00f6rg sem fyrirheit Gu\u00f0s eru, \u00fe\u00e1 er j\u00e1tun \u00feeirra \u00ed honum. \u00deess vegna segjum v\u00e9r og fyrir hann amen Gu\u00f0i til d\u00fdr\u00f0ar.<a name=\"21\"><span class=\"versanumer\">21<\/span><\/a>\u00dea\u00f0 er Gu\u00f0, sem gj\u00f6rir oss \u00e1samt y\u00f0ur sta\u00f0fasta \u00ed Kristi og hefur smurt oss.<a name=\"22\"><span class=\"versanumer\">22<\/span><\/a>Hann hefur sett innsigli sitt \u00e1 oss og gefi\u00f0 oss anda sinn sem pant \u00ed hj\u00f6rtum vorum.<a name=\"23\"><span class=\"versanumer\">23<\/span><\/a>\u00c9g kalla Gu\u00f0 til vitnis og legg l\u00edf mitt vi\u00f0, a\u00f0 \u00fea\u00f0 er af hl\u00edf\u00f0 vi\u00f0 y\u00f0ur, a\u00f0 \u00e9g hef enn \u00fe\u00e1 ekki komi\u00f0 til Korintu.<a name=\"24\"><span class=\"versanumer\">24<\/span><\/a>Ekki svo a\u00f0 skilja, a\u00f0 v\u00e9r viljum drottna yfir tr\u00fa y\u00f0ar, heldur erum v\u00e9r samverkamenn a\u00f0 gle\u00f0i y\u00f0ar. \u00dev\u00ed a\u00f0 \u00ed tr\u00fanni standi\u00f0 \u00fe\u00e9r.<\/p>\n<div class=\"footnote1981\"><b>1.1<\/b> P\u00e1ll postuli R\u00f3m 1.1; 1Kor 1.1 \u2013 T\u00edm\u00f3teus Post 16.1+<br \/>\n<b>1.2<\/b> N\u00e1\u00f0 og fri\u00f0ur R\u00f3m 1.7; 1Kor 1.3 \u2013 Drottinn Jes\u00fas Kristur Post 2.36; 1Kor 12.3; 2Kor 4.5; Fil 2.11<br \/>\n<b>1.3<\/b> Gu\u00f0 allrar huggunar Jes 40.1; Slm 34.19; 94.19; R\u00f3m 15.5<br \/>\n<b>1.4<\/b> \u00derenging Matt 13.21; J\u00f3h 16.33; Post 14.22; 1Kor 7.28; 2Kor 1.8; 4.1; 8.2; Fil 1.20; K\u00f3l 1.24<br \/>\n<b>1.6<\/b> Kristur og hin tr\u00fau\u00f0u 2Kor 5.21; 8.9 \u2013 postulinn og hin tr\u00fau\u00f0u 1Kor 11.1; 12.26<br \/>\n<b>1.9-10<\/b> Gu\u00f0 frelsar Fil 2.27; 2T\u00edm 4.18<br \/>\n<b>1.11<\/b> \u00deakkir til Gu\u00f0s 2Kor 4.15; 9.11-12<br \/>\n<b>1.12<\/b> Mannleg speki 1Kor 1.17; 2.1<br \/>\n<b>1.13<\/b> Eitt fagna\u00f0arerindi 2Kor 11.4; Gal 1.6-9; 2.2,6<br \/>\n<b>1.16<\/b> \u00c9g hug\u00f0ist Post 19.21; 1Kor 16.5-6 \u2013 fer\u00f0 fresta\u00f0 2Kor 1.23; 2.1<br \/>\n<b>1.17<\/b> J\u00e1 og nei Matt 5.37; Jak 5.12<br \/>\n<b>1.19<\/b> Silvanus (S\u00edlas) Post 15.22+ &#8211; T\u00edm\u00f3teus 1Kor 1.1; Post 16.1+<br \/>\n<b>1.20<\/b> Sta\u00f0festa me\u00f0 ,,j\u00e1i\u2019\u2019 R\u00f3m 16.27; 1Kor 14.16; Opb 5.14<br \/>\n<b>1.21<\/b> Smyrja 1J\u00f3h 2.20,27<br \/>\n<b>1.22<\/b> Innsigli Ef 1.13; 4.30 \u2013 trygging 2Kor 5.5; R\u00f3m 8.23; Ef 1.14<br \/>\n<b>1.24<\/b> Drottna yfir tr\u00fa 1P\u00e9t 5.2-3<\/div>\n","protected":false},"excerpt":{"rendered":"<p>1P\u00e1ll, a\u00f0 Gu\u00f0s vilja postuli Krists Jes\u00fa, og T\u00edm\u00f3teus, br\u00f3\u00f0ir vor, heilsa s\u00f6fnu\u00f0i Gu\u00f0s, sem er \u00ed Korintu, \u00e1samt \u00f6llum heil\u00f6gum, \u00ed gj\u00f6rvallri Akkeu.2N\u00e1\u00f0 s\u00e9 me\u00f0 y\u00f0ur og fri\u00f0ur fr\u00e1 Gu\u00f0i f\u00f6\u00f0ur vorum og Drottni Jes\u00fa Kristi.3Lofa\u00f0ur s\u00e9 Gu\u00f0 og fa\u00f0ir Drottins vors Jes\u00fa Krists, fa\u00f0ir miskunnsemdanna og Gu\u00f0 allrar huggunar,4sem huggar oss \u00ed s\u00e9rhverri \u00ferenging vorri, svo a\u00f0 v\u00e9r getum hugga\u00f0 alla a\u00f0ra \u00ed \u00ferengingum \u00feeirra me\u00f0 \u00feeirri huggun, sem v\u00e9r h\u00f6fum sj\u00e1lfir af Gu\u00f0i hloti\u00f0.5\u00dev\u00ed a\u00f0 eins og \u00fej\u00e1ningar Krists koma \u00ed r\u00edkum m\u00e6li yfir oss, \u00feannig hlj\u00f3tum v\u00e9r og huggun \u00ed r\u00edkum m\u00e6li fyrir Krist.6En ef v\u00e9r <a href=\"https:\/\/biblian.is\/1981\/sidara-korintubref-1-kafli\/\"> [&#8230;]<\/a><\/p>\n","protected":false},"author":1,"featured_media":0,"parent":0,"menu_order":0,"comment_status":"open","ping_status":"open","template":"bibliukaflar.php","meta":{"footnotes":""},"class_list":["post-2426","page","type-page","status-publish","hentry"],"_links":{"self":[{"href":"https:\/\/biblian.is\/1981\/wp-json\/wp\/v2\/pages\/2426","targetHints":{"allow":["GET"]}}],"collection":[{"href":"https:\/\/biblian.is\/1981\/wp-json\/wp\/v2\/pages"}],"about":[{"href":"https:\/\/biblian.is\/1981\/wp-json\/wp\/v2\/types\/page"}],"author":[{"embeddable":true,"href":"https:\/\/biblian.is\/1981\/wp-json\/wp\/v2\/users\/1"}],"replies":[{"embeddable":true,"href":"https:\/\/biblian.is\/1981\/wp-json\/wp\/v2\/comments?post=2426"}],"version-history":[{"count":0,"href":"https:\/\/biblian.is\/1981\/wp-json\/wp\/v2\/pages\/2426\/revisions"}],"wp:attachment":[{"href":"https:\/\/biblian.is\/1981\/wp-json\/wp\/v2\/media?parent=2426"}],"curies":[{"name":"wp","href":"https:\/\/api.w.org\/{rel}","templated":true}]}}