{"id":2424,"date":"2017-11-18T20:21:42","date_gmt":"2017-11-18T20:21:42","guid":{"rendered":"http:\/\/biblian.is\/1981\/fyrra-korintubref-15-kafli\/"},"modified":"2021-06-06T10:56:47","modified_gmt":"2021-06-06T10:56:47","slug":"fyrra-korintubref-15-kafli","status":"publish","type":"page","link":"https:\/\/biblian.is\/1981\/fyrra-korintubref-15-kafli\/","title":{"rendered":"Fyrra Korintubr\u00e9f 15. kafli"},"content":{"rendered":"<p><a name=\"1\"><span class=\"versanumer\">1<\/span><\/a>\u00c9g minni y\u00f0ur, br\u00e6\u00f0ur, \u00e1 fagna\u00f0arerindi \u00fea\u00f0, sem \u00e9g bo\u00f0a\u00f0i y\u00f0ur, sem \u00fe\u00e9r og veittu\u00f0 vi\u00f0t\u00f6ku og \u00fe\u00e9r einnig standi\u00f0 st\u00f6\u00f0ugir \u00ed.<a name=\"2\"><span class=\"versanumer\">2<\/span><\/a>Fyrir \u00fea\u00f0 ver\u00f0i\u00f0 \u00fe\u00e9r og h\u00f3lpnir ef \u00fe\u00e9r haldi\u00f0 fast vi\u00f0 or\u00f0i\u00f0, fagna\u00f0arerindi\u00f0, sem \u00e9g bo\u00f0a\u00f0i y\u00f0ur, og hafi\u00f0 ekki \u00f3fyrirsynju tr\u00fana teki\u00f0.<a name=\"3\"><span class=\"versanumer\">3<\/span><\/a>\u00dev\u00ed \u00fea\u00f0 kenndi \u00e9g y\u00f0ur fyrst og fremst, sem \u00e9g einnig hef me\u00f0teki\u00f0, a\u00f0 Kristur d\u00f3 vegna vorra synda samkv\u00e6mt ritningunum,<a name=\"4\"><span class=\"versanumer\">4<\/span><\/a>a\u00f0 hann var grafinn, a\u00f0 hann reis upp \u00e1 \u00feri\u00f0ja degi samkv\u00e6mt ritningunum<a name=\"5\"><span class=\"versanumer\">5<\/span><\/a>og a\u00f0 hann birtist Kefasi, s\u00ed\u00f0an \u00feeim t\u00f3lf.<a name=\"6\"><span class=\"versanumer\">6<\/span><\/a>\u00dev\u00ed n\u00e6st birtist hann meira en fimm hundru\u00f0 br\u00e6\u00f0rum \u00ed einu, sem flestir eru \u00e1 l\u00edfi allt til \u00feessa, en nokkrir eru sofna\u00f0ir.<a name=\"7\"><span class=\"versanumer\">7<\/span><\/a>S\u00ed\u00f0an birtist hann Jakobi, \u00fev\u00ed n\u00e6st postulunum \u00f6llum.<a name=\"8\"><span class=\"versanumer\">8<\/span><\/a>En s\u00ed\u00f0ast allra birtist hann einnig m\u00e9r, eins og \u00f3t\u00edmabur\u00f0i.<a name=\"9\"><span class=\"versanumer\">9<\/span><\/a>\u00dev\u00ed \u00e9g er s\u00edstur postulanna og er ekki \u00feess ver\u00f0ur a\u00f0 kallast postuli, me\u00f0 \u00fev\u00ed a\u00f0 \u00e9g ofs\u00f3tti s\u00f6fnu\u00f0 Gu\u00f0s.<a name=\"10\"><span class=\"versanumer\">10<\/span><\/a>En af Gu\u00f0s n\u00e1\u00f0 er \u00e9g \u00fea\u00f0 sem \u00e9g er, og n\u00e1\u00f0 hans vi\u00f0 mig hefur ekki or\u00f0i\u00f0 til \u00f3n\u00fdtis, heldur hef \u00e9g erfi\u00f0a\u00f0 meira en \u00feeir allir, \u00fe\u00f3 ekki \u00e9g, heldur n\u00e1\u00f0 Gu\u00f0s, sem me\u00f0 m\u00e9r er.<a name=\"11\"><span class=\"versanumer\">11<\/span><\/a>Hvort sem \u00fea\u00f0 \u00fev\u00ed er \u00e9g e\u00f0a \u00feeir, \u00fe\u00e1 pr\u00e9dikum v\u00e9r \u00feannig, og \u00feannig hafi\u00f0 \u00fe\u00e9r tr\u00fana teki\u00f0.<a name=\"12\"><span class=\"versanumer\">12<\/span><\/a>En ef n\u00fa er pr\u00e9dika\u00f0, a\u00f0 Kristur s\u00e9 upprisinn fr\u00e1 dau\u00f0um, hvernig geta \u00fe\u00e1 nokkrir y\u00f0ar sagt, a\u00f0 dau\u00f0ir r\u00edsi ekki upp?<a name=\"13\"><span class=\"versanumer\">13<\/span><\/a>Ef ekki er til upprisa dau\u00f0ra, \u00fe\u00e1 er Kristur ekki heldur upprisinn.<a name=\"14\"><span class=\"versanumer\">14<\/span><\/a>En ef Kristur er ekki upprisinn, \u00fe\u00e1 er \u00f3n\u00fdt pr\u00e9dikun vor, \u00f3n\u00fdt l\u00edka tr\u00fa y\u00f0ar.<a name=\"15\"><span class=\"versanumer\">15<\/span><\/a>V\u00e9r reynumst \u00fe\u00e1 vera lj\u00fagvottar um Gu\u00f0, \u00fear e\u00f0 v\u00e9r h\u00f6fum vitna\u00f0 um Gu\u00f0, a\u00f0 hann hafi uppvaki\u00f0 Krist, sem hann hefur ekki uppvaki\u00f0, svo framarlega sem dau\u00f0ir r\u00edsa ekki upp.<a name=\"16\"><span class=\"versanumer\">16<\/span><\/a>\u00dev\u00ed a\u00f0 ef dau\u00f0ir r\u00edsa ekki upp, er Kristur ekki heldur upprisinn.<a name=\"17\"><span class=\"versanumer\">17<\/span><\/a>En ef Kristur er ekki upprisinn, er tr\u00fa y\u00f0ar f\u00e1n\u00fdt, \u00fe\u00e9r eru\u00f0 \u00fe\u00e1 enn \u00ed syndum y\u00f0ar,<a name=\"18\"><span class=\"versanumer\">18<\/span><\/a>og \u00fe\u00e1 eru einnig \u00feeir, sem sofna\u00f0ir eru \u00ed tr\u00fa \u00e1 Krist, glata\u00f0ir.<a name=\"19\"><span class=\"versanumer\">19<\/span><\/a>Ef von vor til Krists n\u00e6r a\u00f0eins til \u00feessa l\u00edfs, \u00fe\u00e1 erum v\u00e9r aumkunarver\u00f0astir allra manna.<a name=\"20\"><span class=\"versanumer\">20<\/span><\/a>En n\u00fa er Kristur upprisinn fr\u00e1 dau\u00f0um sem frumgr\u00f3\u00f0i \u00feeirra, sem sofna\u00f0ir eru.<a name=\"21\"><span class=\"versanumer\">21<\/span><\/a>\u00dev\u00ed a\u00f0 \u00fear e\u00f0 dau\u00f0inn kom fyrir mann, kemur og upprisa dau\u00f0ra fyrir mann.<a name=\"22\"><span class=\"versanumer\">22<\/span><\/a>\u00dev\u00ed a\u00f0 eins og allir deyja fyrir samband sitt vi\u00f0 Adam, svo munu allir l\u00edfga\u00f0ir ver\u00f0a fyrir samf\u00e9lag sitt vi\u00f0 Krist.<a name=\"23\"><span class=\"versanumer\">23<\/span><\/a>En s\u00e9rhver \u00ed sinni r\u00f6\u00f0: Kristur sem frumgr\u00f3\u00f0inn, \u00fev\u00ed n\u00e6st, vi\u00f0 komu hans, \u00feeir sem honum tilheyra.<a name=\"24\"><span class=\"versanumer\">24<\/span><\/a>S\u00ed\u00f0an kemur endirinn, er hann selur r\u00edki\u00f0 Gu\u00f0i f\u00f6\u00f0ur \u00ed hendur, er hann hefur a\u00f0 engu gj\u00f6rt s\u00e9rhverja tign, s\u00e9rhvert veldi og kraft.<a name=\"25\"><span class=\"versanumer\">25<\/span><\/a>\u00dev\u00ed a\u00f0 honum ber a\u00f0 r\u00edkja, uns hann leggur alla fjendurna undir f\u00e6tur hans.<a name=\"26\"><span class=\"versanumer\">26<\/span><\/a>Dau\u00f0inn er s\u00ed\u00f0asti \u00f3vinurinn, sem ver\u00f0ur a\u00f0 engu gj\u00f6r\u00f0ur.<a name=\"27\"><span class=\"versanumer\">27<\/span><\/a>Allt hefur hann lagt undir f\u00e6tur honum. \u00deegar stendur, a\u00f0 allt hafi veri\u00f0 lagt undir hann, er auglj\u00f3st, a\u00f0 s\u00e1 er undan skilinn, sem lag\u00f0i allt undir hann.<a name=\"28\"><span class=\"versanumer\">28<\/span><\/a>En \u00feegar allt hefur veri\u00f0 lagt undir hann, \u00fe\u00e1 mun og sonurinn sj\u00e1lfur leggja sig undir \u00feann, er lag\u00f0i alla hluti undir hann, til \u00feess a\u00f0 Gu\u00f0 s\u00e9 allt \u00ed \u00f6llu.<a name=\"29\"><span class=\"versanumer\">29<\/span><\/a>Til hvers eru menn annars a\u00f0 l\u00e1ta sk\u00edrast fyrir hina d\u00e1nu? Ef dau\u00f0ir menn r\u00edsa alls ekki upp, hvers vegna l\u00e1ta menn \u00fe\u00e1 sk\u00edra sig fyrir \u00fe\u00e1?<a name=\"30\"><span class=\"versanumer\">30<\/span><\/a>Hvers vegna erum v\u00e9r l\u00edka a\u00f0 stofna oss \u00ed h\u00e6ttu hverja stund?<a name=\"31\"><span class=\"versanumer\">31<\/span><\/a>Svo sannarlega, br\u00e6\u00f0ur, sem \u00e9g get hr\u00f3sa\u00f0 m\u00e9r af y\u00f0ur \u00ed Kristi Jes\u00fa, Drottni vorum: \u00c1 degi hverjum vofir dau\u00f0inn yfir m\u00e9r.<a name=\"32\"><span class=\"versanumer\">32<\/span><\/a>Hafi \u00e9g eing\u00f6ngu a\u00f0 h\u00e6tti manna barist vi\u00f0 villid\u00fdr \u00ed Efesus, hva\u00f0a gagn hef\u00f0i \u00e9g \u00fe\u00e1 af \u00fev\u00ed? Ef dau\u00f0ir r\u00edsa ekki upp, etum \u00fe\u00e1 og drekkum, \u00fev\u00ed a\u00f0 \u00e1 morgun deyjum v\u00e9r!<a name=\"33\"><span class=\"versanumer\">33<\/span><\/a>Villist ekki. Vondur f\u00e9lagsskapur spillir g\u00f3\u00f0um si\u00f0um.<a name=\"34\"><span class=\"versanumer\">34<\/span><\/a>Vakni\u00f0 fyrir alv\u00f6ru og syndgi\u00f0 ekki. Nokkrir hafa enga \u00feekkingu \u00e1 Gu\u00f0i. Y\u00f0ur til blyg\u00f0unar segi \u00e9g \u00fea\u00f0.<a name=\"35\"><span class=\"versanumer\">35<\/span><\/a>En n\u00fa kynni einhver a\u00f0 segja: Hvernig r\u00edsa dau\u00f0ir upp? Hva\u00f0a l\u00edkama hafa \u00feeir, \u00feegar \u00feeir koma?<a name=\"36\"><span class=\"versanumer\">36<\/span><\/a>\u00de\u00fa \u00f3vitri ma\u00f0ur! \u00dea\u00f0 sem \u00fe\u00fa s\u00e1ir lifnar ekki aftur nema \u00fea\u00f0 deyi.<a name=\"37\"><span class=\"versanumer\">37<\/span><\/a>Og er \u00fe\u00fa s\u00e1ir, \u00fe\u00e1 er \u00fea\u00f0 ekki s\u00fa jurt, er vex upp s\u00ed\u00f0ar, sem \u00fe\u00fa s\u00e1ir, heldur bert fr\u00e6korni\u00f0, hvort sem \u00fea\u00f0 n\u00fa heldur er hveitikorn e\u00f0a anna\u00f0 fr\u00e6.<a name=\"38\"><span class=\"versanumer\">38<\/span><\/a>En Gu\u00f0 gefur \u00fev\u00ed l\u00edkama eftir vild sinni og hverri s\u00e6\u00f0istegund sinn l\u00edkama.<a name=\"39\"><span class=\"versanumer\">39<\/span><\/a>Ekki eru allir l\u00edkamir eins, heldur hafa mennirnir einn, kvikf\u00e9\u00f0 annan, fuglarnir einn og fiskarnir annan.<a name=\"40\"><span class=\"versanumer\">40<\/span><\/a>Til eru himneskir l\u00edkamir og jar\u00f0neskir l\u00edkamir. En vegsemd hinna himnesku er eitt og hinna jar\u00f0nesku anna\u00f0.<a name=\"41\"><span class=\"versanumer\">41<\/span><\/a>Eitt er lj\u00f3mi s\u00f3larinnar og anna\u00f0 lj\u00f3mi tunglsins og anna\u00f0 lj\u00f3mi stjarnanna, \u00fev\u00ed a\u00f0 stjarna ber af stj\u00f6rnu \u00ed lj\u00f3ma.<a name=\"42\"><span class=\"versanumer\">42<\/span><\/a>\u00deannig er og um upprisu dau\u00f0ra. S\u00e1\u00f0 er forgengilegu, en upp r\u00eds \u00f3forgengilegt.<a name=\"43\"><span class=\"versanumer\">43<\/span><\/a>S\u00e1\u00f0 er \u00ed vans\u00e6md, en upp r\u00eds \u00ed vegsemd. S\u00e1\u00f0 er \u00ed veikleika, en upp r\u00eds \u00ed styrkleika.<a name=\"44\"><span class=\"versanumer\">44<\/span><\/a>S\u00e1\u00f0 er jar\u00f0neskum l\u00edkama, en upp r\u00eds andlegur l\u00edkami. Ef jar\u00f0neskur l\u00edkami er til, \u00fe\u00e1 er og til andlegur l\u00edkami.<a name=\"45\"><span class=\"versanumer\">45<\/span><\/a>\u00deannig er og rita\u00f0: Hinn fyrsti ma\u00f0ur, Adam, var\u00f0 a\u00f0 lifandi s\u00e1l, hinn s\u00ed\u00f0ari Adam a\u00f0 l\u00edfgandi anda.<a name=\"46\"><span class=\"versanumer\">46<\/span><\/a>En hi\u00f0 andlega kemur ekki fyrst, heldur hi\u00f0 jar\u00f0neska, \u00fev\u00ed n\u00e6st hi\u00f0 andlega.<a name=\"47\"><span class=\"versanumer\">47<\/span><\/a>Hinn fyrsti ma\u00f0ur er fr\u00e1 j\u00f6r\u00f0u, jar\u00f0neskur, hinn annar ma\u00f0ur er fr\u00e1 himni.<a name=\"48\"><span class=\"versanumer\">48<\/span><\/a>Eins og hinn jar\u00f0neski var, \u00feannig eru og hinir jar\u00f0nesku og eins og hinn himneski, \u00feannig eru og hinir himnesku.<a name=\"49\"><span class=\"versanumer\">49<\/span><\/a>Og eins og v\u00e9r h\u00f6fum bori\u00f0 mynd hins jar\u00f0neska, munum v\u00e9r einnig bera mynd hins himneska.<a name=\"50\"><span class=\"versanumer\">50<\/span><\/a>En \u00fea\u00f0 segi \u00e9g, br\u00e6\u00f0ur, a\u00f0 hold og bl\u00f3\u00f0 getur eigi erft Gu\u00f0s r\u00edki, eigi erfir heldur hi\u00f0 forgengilega \u00f3forgengileikann.<a name=\"51\"><span class=\"versanumer\">51<\/span><\/a>Sj\u00e1, \u00e9g segi y\u00f0ur leyndard\u00f3m: V\u00e9r munum ekki allir sofna, en allir munum v\u00e9r umbreytast<a name=\"52\"><span class=\"versanumer\">52<\/span><\/a>\u00ed einni svipan, \u00e1 einu augabrag\u00f0i, vi\u00f0 hinn s\u00ed\u00f0asta l\u00fa\u00f0ur. \u00dev\u00ed l\u00fa\u00f0urinn mun gjalla og \u00fe\u00e1 munu hinir dau\u00f0u upp r\u00edsa \u00f3forgengilegir, og v\u00e9r munum umbreytast.<a name=\"53\"><span class=\"versanumer\">53<\/span><\/a>\u00deetta forgengilega \u00e1 a\u00f0 \u00edkl\u00e6\u00f0ast \u00f3forgengileikanum og \u00feetta dau\u00f0lega a\u00f0 \u00edkl\u00e6\u00f0ast \u00f3dau\u00f0leikanum.<a name=\"54\"><span class=\"versanumer\">54<\/span><\/a>En \u00feegar hi\u00f0 forgengilega \u00edkl\u00e6\u00f0ist \u00f3forgengileikanum og hi\u00f0 dau\u00f0lega \u00f3dau\u00f0leikanum, \u00fe\u00e1 mun r\u00e6tast or\u00f0 \u00fea\u00f0, sem rita\u00f0 er: Dau\u00f0inn er uppsvelgdur \u00ed sigur.<a name=\"55\"><span class=\"versanumer\">55<\/span><\/a>Dau\u00f0i, hvar er sigur \u00feinn? Dau\u00f0i, hvar er broddur \u00feinn?<a name=\"56\"><span class=\"versanumer\">56<\/span><\/a>En syndin er broddur dau\u00f0ans og l\u00f6gm\u00e1li\u00f0 afl syndarinnar.<a name=\"57\"><span class=\"versanumer\">57<\/span><\/a>Gu\u00f0i s\u00e9u \u00feakkir, sem gefur oss sigurinn fyrir Drottin vorn Jes\u00fa Krist!<a name=\"58\"><span class=\"versanumer\">58<\/span><\/a>\u00deess vegna, m\u00ednir elsku\u00f0u br\u00e6\u00f0ur, veri\u00f0 sta\u00f0fastir, \u00f3bifanlegir, s\u00edau\u00f0ugir \u00ed verki Drottins. \u00de\u00e9r viti\u00f0 a\u00f0 erfi\u00f0i y\u00f0ar er ekki \u00e1rangurslaust \u00ed Drottni.<\/p>\n<div class=\"footnote1981\"><b>15.3<\/b> D\u00f3 vegna okkar synda Jes 53.8-9<br \/>\n<b>15.4<\/b> Reis upp samkv\u00e6mt ritningunum Slm 16.10; Post 2.24-32 \u2013 \u00e1 \u00feri\u00f0ja degi H\u00f3s 6.2; J\u00f3n 2.1; Matt 12.40<br \/>\n<b>15.5<\/b> Kefas 1Kor 1.12+ &#8211; birtist Kefasi L\u00fak 24.34 \u2013 birtist \u00feeim t\u00f3lf Matt 28.16-17; Mrk 16.14; L\u00fak 24.36; J\u00f3h 20.19<br \/>\n<b>15.7<\/b> Postulunum \u00f6llum L\u00fak 24.50<br \/>\n<b>15.8<\/b> Birtist P\u00e1li Post 9.3-6; 1Kor 9.1<br \/>\n<b>15.9<\/b> S\u00edstur postulanna Ef 3.8; 1T\u00edm 1.15; sbr Matt 5.19 \u2013 ofs\u00f3tti s\u00f6fnu\u00f0inn Post 8.3+<br \/>\n<b>15.10<\/b> Ekki til \u00f3n\u00fdtis 2Kor 6.1 \u2013 erfi\u00f0a\u00f0 2Kor 11.5,23<br \/>\n<b>15.15<\/b> Vottar upprisu Krists Post 2.32; 4.33<br \/>\n<b>15.20<\/b> Frumgr\u00f3\u00f0i R\u00f3m 8.23; 11.16; K\u00f3l 1.18<br \/>\n<b>15.21<\/b> Dau\u00f0inn kom me\u00f0 manni 1M\u00f3s 3.17-19; R\u00f3m 5.12,18<br \/>\n<b>15.22<\/b> Adam og Kristur R\u00f3m 5.12-21<br \/>\n<b>15.23<\/b> \u00cd sinni r\u00f6\u00f0 1\u00deess 4.16; Opb 20.5; sbr Dan 12.2; J\u00f3h 5.29; Post 24.15<br \/>\n<b>15.24<\/b> A\u00f0 engu gert &#8230; Dan 2.44 \u2013 tign, veldi og kraftur K\u00f3l 1.16+ ; 2.15; sbr 1Kor 2.6,8<br \/>\n<b>15.25<\/b> Uns hann hefur lagt &#8230; Slm 110.1; Matt 22.44+<br \/>\n<b>15.26<\/b> S\u00ed\u00f0asti \u00f3vinurinn Opb 20.14; 21.4<br \/>\n<b>15.27<\/b> Allt lagt undir f\u00e6tur honum Slm 8.7<br \/>\n<b>15.30<\/b> \u00cd h\u00e6ttu hverja stund R\u00f3m 8.36<br \/>\n<b>15.31<\/b> Dau\u00f0inn vofir yfir 2Kor 7.5+<br \/>\n<b>15.32<\/b> Etum og drekkum Jes 22.13; 56.12; L\u00fak 12.19-20<br \/>\n<b>15.34<\/b> Vakni\u00f0 R\u00f3m 13.11; Ef 5.14 \u2013 ykkur til blyg\u00f0unar 1Kor 6.5<br \/>\n<b>15.36<\/b> \u00dea\u00f0 sem \u00fe\u00fa s\u00e1ir J\u00f3h 12.24<br \/>\n<b>15.38<\/b> Hverri sinn l\u00edkama 1M\u00f3s 1.11<br \/>\n<b>15.43<\/b> Ummyndun Fil 3.20-21<br \/>\n<b>15.45<\/b> Lifandi s\u00e1l 1M\u00f3s 2.7; sbr 1.20 \u2013 l\u00edfgandi andi J\u00f3h 6.63; 2Kor 3.6,17<br \/>\n<b>15.47<\/b> Fr\u00e1 j\u00f6r\u00f0u 1M\u00f3s 2.7<br \/>\n<b>15.49<\/b> Bera mynd 1M\u00f3s 5.3<br \/>\n<b>15.50<\/b> Getur eigi erft Gu\u00f0s r\u00edki 1Kor 6.10<br \/>\n<b>15.51<\/b> Leyndard\u00f3mur R\u00f3m 11.25; 1Kor 4.1; Ef 3.3+<br \/>\n<b>15.52<\/b> L\u00fa\u00f0urinn mun gjalla Matt 24.31; 1\u00deess 4.15-17; sbr Opb 8.6-11.19<br \/>\n<b>15.53<\/b> Breytast 2Kor 5.4<br \/>\n<b>15.54<\/b> Dau\u00f0inn er uppsvelgdur &#8230; Jes 25.8<br \/>\n<b>15.55<\/b> Dau\u00f0i, hvar er sigur \u00feinn? H\u00f3s 13.14<br \/>\n<b>15.56<\/b> Synd og dau\u00f0i R\u00f3m 7.13,25 \u2013 synd og l\u00f6gm\u00e1l R\u00f3m 6.14<br \/>\n<b>15.58<\/b> Veri\u00f0 sta\u00f0f\u00f6st 2Kro 15.7 \u2013 til \u00f3n\u00fdtis sbr Opb 14.13<\/div>\n","protected":false},"excerpt":{"rendered":"<p>1\u00c9g minni y\u00f0ur, br\u00e6\u00f0ur, \u00e1 fagna\u00f0arerindi \u00fea\u00f0, sem \u00e9g bo\u00f0a\u00f0i y\u00f0ur, sem \u00fe\u00e9r og veittu\u00f0 vi\u00f0t\u00f6ku og \u00fe\u00e9r einnig standi\u00f0 st\u00f6\u00f0ugir \u00ed.2Fyrir \u00fea\u00f0 ver\u00f0i\u00f0 \u00fe\u00e9r og h\u00f3lpnir ef \u00fe\u00e9r haldi\u00f0 fast vi\u00f0 or\u00f0i\u00f0, fagna\u00f0arerindi\u00f0, sem \u00e9g bo\u00f0a\u00f0i y\u00f0ur, og hafi\u00f0 ekki \u00f3fyrirsynju tr\u00fana teki\u00f0.3\u00dev\u00ed \u00fea\u00f0 kenndi \u00e9g y\u00f0ur fyrst og fremst, sem \u00e9g einnig hef me\u00f0teki\u00f0, a\u00f0 Kristur d\u00f3 vegna vorra synda samkv\u00e6mt ritningunum,4a\u00f0 hann var grafinn, a\u00f0 hann reis upp \u00e1 \u00feri\u00f0ja degi samkv\u00e6mt ritningunum5og a\u00f0 hann birtist Kefasi, s\u00ed\u00f0an \u00feeim t\u00f3lf.6\u00dev\u00ed n\u00e6st birtist hann meira en fimm hundru\u00f0 br\u00e6\u00f0rum \u00ed einu, sem flestir eru \u00e1 l\u00edfi allt til <a href=\"https:\/\/biblian.is\/1981\/fyrra-korintubref-15-kafli\/\"> [&#8230;]<\/a><\/p>\n","protected":false},"author":1,"featured_media":0,"parent":0,"menu_order":0,"comment_status":"open","ping_status":"open","template":"bibliukaflar.php","meta":{"footnotes":""},"class_list":["post-2424","page","type-page","status-publish","hentry"],"_links":{"self":[{"href":"https:\/\/biblian.is\/1981\/wp-json\/wp\/v2\/pages\/2424","targetHints":{"allow":["GET"]}}],"collection":[{"href":"https:\/\/biblian.is\/1981\/wp-json\/wp\/v2\/pages"}],"about":[{"href":"https:\/\/biblian.is\/1981\/wp-json\/wp\/v2\/types\/page"}],"author":[{"embeddable":true,"href":"https:\/\/biblian.is\/1981\/wp-json\/wp\/v2\/users\/1"}],"replies":[{"embeddable":true,"href":"https:\/\/biblian.is\/1981\/wp-json\/wp\/v2\/comments?post=2424"}],"version-history":[{"count":0,"href":"https:\/\/biblian.is\/1981\/wp-json\/wp\/v2\/pages\/2424\/revisions"}],"wp:attachment":[{"href":"https:\/\/biblian.is\/1981\/wp-json\/wp\/v2\/media?parent=2424"}],"curies":[{"name":"wp","href":"https:\/\/api.w.org\/{rel}","templated":true}]}}