{"id":2423,"date":"2017-11-18T20:21:42","date_gmt":"2017-11-18T20:21:42","guid":{"rendered":"http:\/\/biblian.is\/1981\/fyrra-korintubref-14-kafli\/"},"modified":"2021-06-06T10:56:46","modified_gmt":"2021-06-06T10:56:46","slug":"fyrra-korintubref-14-kafli","status":"publish","type":"page","link":"https:\/\/biblian.is\/1981\/fyrra-korintubref-14-kafli\/","title":{"rendered":"Fyrra Korintubr\u00e9f 14. kafli"},"content":{"rendered":"<p><a name=\"1\"><span class=\"versanumer\">1<\/span><\/a>Keppi\u00f0 eftir k\u00e6rleikanum. S\u00e6kist eftir g\u00e1fum andans, en einkum eftir sp\u00e1d\u00f3msg\u00e1fu.<a name=\"2\"><span class=\"versanumer\">2<\/span><\/a>\u00dev\u00ed a\u00f0 s\u00e1, sem talar tungum, talar ekki vi\u00f0 menn, heldur vi\u00f0 Gu\u00f0. Enginn skilur hann, \u00ed anda talar hann leyndard\u00f3ma.<a name=\"3\"><span class=\"versanumer\">3<\/span><\/a>En sp\u00e1ma\u00f0urinn talar til manna, \u00feeim til uppbyggingar, \u00e1minningar og huggunar.<a name=\"4\"><span class=\"versanumer\">4<\/span><\/a>S\u00e1, sem talar tungum, byggir upp sj\u00e1lfan sig, en sp\u00e1ma\u00f0urinn byggir upp s\u00f6fnu\u00f0inn.<a name=\"5\"><span class=\"versanumer\">5<\/span><\/a>\u00c9g vildi a\u00f0 \u00fe\u00e9r t\u00f6lu\u00f0u\u00f0 allir tungum, en \u00fe\u00f3 enn meir, a\u00f0 \u00fe\u00e9r hef\u00f0u\u00f0 sp\u00e1d\u00f3msg\u00e1fu. \u00dea\u00f0 er meira vert en a\u00f0 tala tungum, nema \u00fea\u00f0 s\u00e9 \u00fatlagt, til \u00feess a\u00f0 s\u00f6fnu\u00f0urinn hlj\u00f3ti uppbygging.<a name=\"6\"><span class=\"versanumer\">6<\/span><\/a>Hva\u00f0 mundi \u00e9g gagna y\u00f0ur, br\u00e6\u00f0ur, ef \u00e9g n\u00fa k\u00e6mi til y\u00f0ar og tala\u00f0i tungum, en flytti y\u00f0ur ekki opinberun e\u00f0a \u00feekkingu e\u00f0a sp\u00e1d\u00f3m e\u00f0a kenningu?<a name=\"7\"><span class=\"versanumer\">7<\/span><\/a>Jafnvel hinir dau\u00f0u hlutir, sem gefa hlj\u00f3\u00f0 fr\u00e1 s\u00e9r, hvort heldur er p\u00edpa e\u00f0a harpa, ef \u00fe\u00e6r gefa ekki mismunandi hlj\u00f3\u00f0 fr\u00e1 s\u00e9r, hvernig \u00e6tti \u00fe\u00e1 a\u00f0 skiljast \u00fea\u00f0, sem leiki\u00f0 er \u00e1 p\u00edpuna e\u00f0a h\u00f6rpuna?<a name=\"8\"><span class=\"versanumer\">8<\/span><\/a>Gefi l\u00fa\u00f0urinn \u00f3skilmerkilegt hlj\u00f3\u00f0, hver b\u00fdr sig \u00fe\u00e1 til bardaga?<a name=\"9\"><span class=\"versanumer\">9<\/span><\/a>Svo er og um y\u00f0ur: Ef \u00fe\u00e9r m\u00e6li\u00f0 ekki me\u00f0 tungu y\u00f0ar fram skilmerkileg or\u00f0, hvernig ver\u00f0ur \u00fea\u00f0 \u00fe\u00e1 skili\u00f0, sem tala\u00f0 er? \u00dev\u00ed a\u00f0 \u00fe\u00e9r tali\u00f0 \u00fe\u00e1 \u00fat \u00ed bl\u00e1inn.<a name=\"10\"><span class=\"versanumer\">10<\/span><\/a>Hversu margar tegundir tungum\u00e1la, sem kunna a\u00f0 vera til \u00ed heiminum, ekkert \u00feeirra er \u00fe\u00f3 m\u00e1lleysa.<a name=\"11\"><span class=\"versanumer\">11<\/span><\/a>Ef \u00e9g n\u00fa \u00feekki ekki merkingu m\u00e1lsins, ver\u00f0 \u00e9g sem \u00fatlendingur fyrir \u00feeim, sem talar, og hann \u00fatlendingur fyrir m\u00e9r.<a name=\"12\"><span class=\"versanumer\">12<\/span><\/a>Eins er um y\u00f0ur. Fyrst \u00fe\u00e9r s\u00e6kist eftir g\u00e1fum andans, leitist \u00fe\u00e1 vi\u00f0 a\u00f0 vera au\u00f0ugir a\u00f0 \u00feeim, s\u00f6fnu\u00f0inum til uppbyggingar.<a name=\"13\"><span class=\"versanumer\">13<\/span><\/a>Bi\u00f0ji \u00fev\u00ed s\u00e1, er talar tungum, um a\u00f0 geta \u00fatlagt.<a name=\"14\"><span class=\"versanumer\">14<\/span><\/a>\u00dev\u00ed a\u00f0 ef \u00e9g bi\u00f0st fyrir me\u00f0 tungum, \u00fe\u00e1 bi\u00f0ur andi minn, en skilningur minn ber engan \u00e1v\u00f6xt.<a name=\"15\"><span class=\"versanumer\">15<\/span><\/a>Hvernig er \u00fev\u00ed \u00fe\u00e1 fari\u00f0? \u00c9g vil bi\u00f0ja me\u00f0 anda, en \u00e9g vil einnig bi\u00f0ja me\u00f0 skilningi. \u00c9g vil lofsyngja me\u00f0 anda, en \u00e9g vil einnig lofsyngja me\u00f0 skilningi.<a name=\"16\"><span class=\"versanumer\">16<\/span><\/a>\u00dev\u00ed ef \u00fe\u00fa vegsamar me\u00f0 anda, hvernig \u00e1 \u00fe\u00e1 s\u00e1, er skipar sess hins f\u00e1fr\u00f3\u00f0a, a\u00f0 segja amen vi\u00f0 \u00feakkargj\u00f6r\u00f0 \u00feinni, \u00fear sem hann veit ekki, hva\u00f0 \u00fe\u00fa ert a\u00f0 segja?<a name=\"17\"><span class=\"versanumer\">17<\/span><\/a>A\u00f0 v\u00edsu getur \u00feakkargj\u00f6r\u00f0 \u00fe\u00edn veri\u00f0 f\u00f6gur, en hinn uppbyggist ekki.<a name=\"18\"><span class=\"versanumer\">18<\/span><\/a>\u00c9g \u00feakka Gu\u00f0i, a\u00f0 \u00e9g tala tungum \u00f6llum y\u00f0ur fremur,<a name=\"19\"><span class=\"versanumer\">19<\/span><\/a>en \u00e1 safna\u00f0arsamkomu vil \u00e9g heldur tala fimm or\u00f0 me\u00f0 skilningi m\u00ednum, til \u00feess a\u00f0 \u00e9g geti fr\u00e6tt a\u00f0ra, en t\u00edu \u00fe\u00fasund or\u00f0 me\u00f0 tungum.<a name=\"20\"><span class=\"versanumer\">20<\/span><\/a>Br\u00e6\u00f0ur, veri\u00f0 ekki b\u00f6rn \u00ed d\u00f3mgreind, heldur sem ungb\u00f6rn \u00ed illskunni, en fullor\u00f0nir \u00ed d\u00f3mgreind.<a name=\"21\"><span class=\"versanumer\">21<\/span><\/a>\u00cd l\u00f6gm\u00e1linu er rita\u00f0: Me\u00f0 annarlegu tungutaki og annarlegum v\u00f6rum mun \u00e9g tala til l\u00fd\u00f0s \u00feessa, og eigi a\u00f0 heldur munu \u00feeir heyra mig,segir Drottinn.<a name=\"22\"><span class=\"versanumer\">22<\/span><\/a>\u00deannig er \u00fe\u00e1 tungutali\u00f0 til t\u00e1kns, ekki \u00feeim sem tr\u00faa, heldur hinum vantr\u00fau\u00f0u. En sp\u00e1mannlega g\u00e1fan er ekki til t\u00e1kns fyrir hina vantr\u00fau\u00f0u, heldur \u00fe\u00e1 sem tr\u00faa.<a name=\"23\"><span class=\"versanumer\">23<\/span><\/a>Ef n\u00fa allur s\u00f6fnu\u00f0urinn k\u00e6mi saman og allir t\u00f6lu\u00f0u tungum, og inn k\u00e6mu f\u00e1fr\u00f3\u00f0ir menn e\u00f0a vantr\u00faa\u00f0ir, mundu \u00feeir \u00fe\u00e1 ekki segja: \u00de\u00e9r eru\u00f0 \u00f3\u00f0ir?<a name=\"24\"><span class=\"versanumer\">24<\/span><\/a>En ef allir t\u00f6lu\u00f0u af sp\u00e1mannlegri g\u00e1fu, og inn k\u00e6mi einhver vantr\u00faa\u00f0ur e\u00f0a f\u00e1fr\u00f3\u00f0ur \u00fe\u00e1 sannf\u00e6r\u00f0ist hann og d\u00e6mdist af \u00f6llum.<a name=\"25\"><span class=\"versanumer\">25<\/span><\/a>Leyndard\u00f3mar hjarta hans ver\u00f0a opinberir, og hann fellur fram \u00e1 \u00e1sj\u00f3nu s\u00edna og tilbi\u00f0ur Gu\u00f0 og l\u00fdsir \u00fev\u00ed yfir, a\u00f0 Gu\u00f0 er sannarlega hj\u00e1 y\u00f0ur.<a name=\"26\"><span class=\"versanumer\">26<\/span><\/a>Hvernig er \u00fea\u00f0 \u00fe\u00e1, br\u00e6\u00f0ur? \u00deegar \u00fe\u00e9r komi\u00f0 saman, \u00fe\u00e1 hefur hver sitt fram a\u00f0 f\u00e6ra: S\u00e1lm, kenningu, opinberun, tungutal, \u00fatlistun. Allt skal mi\u00f0a til uppbyggingar.<a name=\"27\"><span class=\"versanumer\">27<\/span><\/a>S\u00e9u einhverjir, sem tala tungum, mega \u00feeir vera tveir e\u00f0a \u00ed mesta lagi \u00fer\u00edr, hver \u00e1 eftir \u00f6\u00f0rum, og einn \u00fatlisti.<a name=\"28\"><span class=\"versanumer\">28<\/span><\/a>En ef ekki er neinn til a\u00f0 \u00fatlista, \u00fe\u00e1 \u00feegi s\u00e1 \u00e1 safna\u00f0arsamkomunni, sem talar tungum, en tali vi\u00f0 sj\u00e1lfan sig og vi\u00f0 Gu\u00f0.<a name=\"29\"><span class=\"versanumer\">29<\/span><\/a>En sp\u00e1menn tali tveir e\u00f0a \u00fer\u00edr og hinir skulu d\u00e6ma um.<a name=\"30\"><span class=\"versanumer\">30<\/span><\/a>F\u00e1i einhver annar, sem \u00fear situr, opinberun, \u00fe\u00e1 \u00feagni hinn fyrri.<a name=\"31\"><span class=\"versanumer\">31<\/span><\/a>\u00dev\u00ed a\u00f0 \u00fe\u00e9r geti\u00f0 allir, hver \u00e1 eftir \u00f6\u00f0rum, tala\u00f0 af sp\u00e1mannlegri andagift, til \u00feess a\u00f0 allir hlj\u00f3ti fr\u00e6\u00f0slu og upp\u00f6rvun.<a name=\"32\"><span class=\"versanumer\">32<\/span><\/a>Andar sp\u00e1manna eru sp\u00e1m\u00f6nnum undirgefnir,<a name=\"33\"><span class=\"versanumer\">33<\/span><\/a>\u00fev\u00ed a\u00f0 Gu\u00f0 er ekki Gu\u00f0 truflunarinnar, heldur fri\u00f0arins. Eins og \u00ed \u00f6llum s\u00f6fnu\u00f0um hinna heil\u00f6gu<a name=\"34\"><span class=\"versanumer\">34<\/span><\/a>skulu konur \u00feegja \u00e1 safna\u00f0arsamkomunum, \u00fev\u00ed a\u00f0 ekki er \u00feeim leyft a\u00f0 tala, heldur skulu \u00fe\u00e6r vera undirgefnar, eins og l\u00edka l\u00f6gm\u00e1li\u00f0 segir.<a name=\"35\"><span class=\"versanumer\">35<\/span><\/a>En ef \u00fe\u00e6r vilja fr\u00e6\u00f0ast um eitthva\u00f0, \u00fe\u00e1 skulu \u00fe\u00e6r spyrja eiginmenn s\u00edna heima. \u00dev\u00ed a\u00f0 \u00fea\u00f0 er \u00f3s\u00e6milegt fyrir konu a\u00f0 tala \u00e1 safna\u00f0arsamkomu.<a name=\"36\"><span class=\"versanumer\">36<\/span><\/a>E\u00f0a er Gu\u00f0s or\u00f0 fr\u00e1 y\u00f0ur komi\u00f0? E\u00f0a er \u00fea\u00f0 komi\u00f0 til y\u00f0ar einna?<a name=\"37\"><span class=\"versanumer\">37<\/span><\/a>Ef nokkur \u00feykist sp\u00e1ma\u00f0ur vera e\u00f0a g\u00e6ddur g\u00e1fum andans, hann skynji, a\u00f0 \u00fea\u00f0, sem \u00e9g skrifa y\u00f0ur, er bo\u00f0or\u00f0 Drottins.<a name=\"38\"><span class=\"versanumer\">38<\/span><\/a>Vilji einhver ekki vi\u00f0 \u00fea\u00f0 kannast, \u00fe\u00e1 ver\u00f0ur ekki vi\u00f0 hann kannast.<a name=\"39\"><span class=\"versanumer\">39<\/span><\/a>\u00deess vegna, br\u00e6\u00f0ur m\u00ednir, s\u00e6kist eftir sp\u00e1d\u00f3msg\u00e1funni og aftri\u00f0 \u00fev\u00ed ekki, a\u00f0 tala\u00f0 s\u00e9 tungum.<a name=\"40\"><span class=\"versanumer\">40<\/span><\/a>En allt fari s\u00f3masamlega fram og me\u00f0 reglu.<\/p>\n<div class=\"footnote1981\"><b>14.1<\/b> S\u00e6kist eftir g\u00e1fum andans 1Kor 12.31; 14.39 \u2013 sp\u00e1 1Kor 11.4-5; 13.2; 14.3,25; sbr Post 11.28; 21.11<br \/>\n<b>14.2<\/b> Tala tungum 1Kor 12.10<br \/>\n<b>14.5<\/b> Sp\u00e1mannleg g\u00e1fa 4M\u00f3s 11.29<br \/>\n<b>14.11<\/b> \u00datlendingur R\u00f3m 1.14<br \/>\n<b>14.14<\/b> Bi\u00f0jast fyrir me\u00f0 tungum sbr 1Kor 12.10; 14.2<br \/>\n<b>14.15<\/b> Lofsyngja me\u00f0 anda Ef 5.19<br \/>\n<b>14.16<\/b> Venjulegur ma\u00f0ur 1Kor 14.23-24<br \/>\n<b>14.20<\/b> Hugsi\u00f0 ekki eins b\u00f6rn Ef 4.14; sbr Matt 18.3-4; Mrk 10.14 og hlst.; L\u00fak 9.47  &#8211; sem fullor\u00f0in Fil 3.15<br \/>\n<b>14.21<\/b> Me\u00f0 annarlegu tungutaki Jes 28.11-12; sbr 5M\u00f3s 28.49<br \/>\n<b>14.23<\/b> \u00dei\u00f0 eru\u00f0 vitstola Post 2.13<br \/>\n<b>14.24<\/b> Standa fyrir m\u00e1li s\u00ednu J\u00f3h 16.8<br \/>\n<b>14.25<\/b> Gu\u00f0 er sannarlega hj\u00e1 ykkur Jes 45.14; Dan 2.47; Sak 8.23; sbr J\u00f3h 4.19<br \/>\n<b>14.26<\/b> Komi\u00f0 saman 1Kor 11.28 \u2013 allt til uppbygingar 1Kor 12.8-10; sbr Ef 4.12<br \/>\n<b>14.29<\/b> Hinir d\u00e6ma um Post 17.11; 1Kor 12.10; 1\u00deess 5.21<br \/>\n<b>14.33<\/b> Hin heil\u00f6gu R\u00f3m 1.7; 15.25<br \/>\n<b>14.34<\/b> Hl\u00fd\u00f0a 1M\u00f3s 3.16; 1Kor 11.3; Ef 5.22; 1T\u00edm 2.12; T\u00edt 2.5<br \/>\n<b>14.37<\/b> Skynja bo\u00f0or\u00f0 Drottins 1J\u00f3h 4.6 \u2013 sbr L\u00fak 10.16<br \/>\n<b>14.40<\/b> Me\u00f0 reglu 1Kor 14.33; K\u00f3l 2.5<\/div>\n","protected":false},"excerpt":{"rendered":"<p>1Keppi\u00f0 eftir k\u00e6rleikanum. S\u00e6kist eftir g\u00e1fum andans, en einkum eftir sp\u00e1d\u00f3msg\u00e1fu.2\u00dev\u00ed a\u00f0 s\u00e1, sem talar tungum, talar ekki vi\u00f0 menn, heldur vi\u00f0 Gu\u00f0. Enginn skilur hann, \u00ed anda talar hann leyndard\u00f3ma.3En sp\u00e1ma\u00f0urinn talar til manna, \u00feeim til uppbyggingar, \u00e1minningar og huggunar.4S\u00e1, sem talar tungum, byggir upp sj\u00e1lfan sig, en sp\u00e1ma\u00f0urinn byggir upp s\u00f6fnu\u00f0inn.5\u00c9g vildi a\u00f0 \u00fe\u00e9r t\u00f6lu\u00f0u\u00f0 allir tungum, en \u00fe\u00f3 enn meir, a\u00f0 \u00fe\u00e9r hef\u00f0u\u00f0 sp\u00e1d\u00f3msg\u00e1fu. \u00dea\u00f0 er meira vert en a\u00f0 tala tungum, nema \u00fea\u00f0 s\u00e9 \u00fatlagt, til \u00feess a\u00f0 s\u00f6fnu\u00f0urinn hlj\u00f3ti uppbygging.6Hva\u00f0 mundi \u00e9g gagna y\u00f0ur, br\u00e6\u00f0ur, ef \u00e9g n\u00fa k\u00e6mi til y\u00f0ar og tala\u00f0i tungum, en <a href=\"https:\/\/biblian.is\/1981\/fyrra-korintubref-14-kafli\/\"> [&#8230;]<\/a><\/p>\n","protected":false},"author":1,"featured_media":0,"parent":0,"menu_order":0,"comment_status":"open","ping_status":"open","template":"bibliukaflar.php","meta":{"footnotes":""},"class_list":["post-2423","page","type-page","status-publish","hentry"],"_links":{"self":[{"href":"https:\/\/biblian.is\/1981\/wp-json\/wp\/v2\/pages\/2423","targetHints":{"allow":["GET"]}}],"collection":[{"href":"https:\/\/biblian.is\/1981\/wp-json\/wp\/v2\/pages"}],"about":[{"href":"https:\/\/biblian.is\/1981\/wp-json\/wp\/v2\/types\/page"}],"author":[{"embeddable":true,"href":"https:\/\/biblian.is\/1981\/wp-json\/wp\/v2\/users\/1"}],"replies":[{"embeddable":true,"href":"https:\/\/biblian.is\/1981\/wp-json\/wp\/v2\/comments?post=2423"}],"version-history":[{"count":0,"href":"https:\/\/biblian.is\/1981\/wp-json\/wp\/v2\/pages\/2423\/revisions"}],"wp:attachment":[{"href":"https:\/\/biblian.is\/1981\/wp-json\/wp\/v2\/media?parent=2423"}],"curies":[{"name":"wp","href":"https:\/\/api.w.org\/{rel}","templated":true}]}}