{"id":2422,"date":"2017-11-18T20:21:42","date_gmt":"2017-11-18T20:21:42","guid":{"rendered":"http:\/\/biblian.is\/1981\/fyrra-korintubref-13-kafli\/"},"modified":"2021-06-06T10:56:46","modified_gmt":"2021-06-06T10:56:46","slug":"fyrra-korintubref-13-kafli","status":"publish","type":"page","link":"https:\/\/biblian.is\/1981\/fyrra-korintubref-13-kafli\/","title":{"rendered":"Fyrra Korintubr\u00e9f 13. kafli"},"content":{"rendered":"<p><a name=\"1\"><span class=\"versanumer\">1<\/span><\/a>\u00de\u00f3tt \u00e9g tala\u00f0i tungum manna og engla, en hef\u00f0i ekki k\u00e6rleika, v\u00e6ri \u00e9g hlj\u00f3mandi m\u00e1lmur e\u00f0a hvellandi bjalla.<a name=\"2\"><span class=\"versanumer\">2<\/span><\/a>Og \u00fe\u00f3tt \u00e9g hef\u00f0i sp\u00e1d\u00f3msg\u00e1fu og vissi alla leyndard\u00f3ma og \u00e6tti alla \u00feekking, og \u00fe\u00f3tt \u00e9g hef\u00f0i svo takmarkalausa tr\u00fa, a\u00f0 f\u00e6ra m\u00e6tti fj\u00f6ll \u00far sta\u00f0, en hef\u00f0i ekki k\u00e6rleika, v\u00e6ri \u00e9g ekki neitt.<a name=\"3\"><span class=\"versanumer\">3<\/span><\/a>Og \u00fe\u00f3tt \u00e9g deildi \u00fat \u00f6llum eigum m\u00ednum, og \u00fe\u00f3tt \u00e9g framseldi l\u00edkama minn, til \u00feess a\u00f0 ver\u00f0a brenndur, en hef\u00f0i ekki k\u00e6rleika, v\u00e6ri \u00e9g engu b\u00e6ttari.<a name=\"4\"><span class=\"versanumer\">4<\/span><\/a>K\u00e6rleikurinn er langlyndur, hann er g\u00f3\u00f0vilja\u00f0ur. K\u00e6rleikurinn \u00f6fundar ekki. K\u00e6rleikurinn er ekki raupsamur, hreykir s\u00e9r ekki upp.<a name=\"5\"><span class=\"versanumer\">5<\/span><\/a>Hann heg\u00f0ar s\u00e9r ekki \u00f3s\u00e6milega, leitar ekki s\u00edns eigin, hann rei\u00f0ist ekki, er ekki langr\u00e6kinn.<a name=\"6\"><span class=\"versanumer\">6<\/span><\/a>Hann gle\u00f0st ekki yfir \u00f3r\u00e9ttv\u00edsinni, en samgle\u00f0st sannleikanum.<a name=\"7\"><span class=\"versanumer\">7<\/span><\/a>Hann brei\u00f0ir yfir allt, tr\u00fair \u00f6llu, vonar allt, umber allt.<a name=\"8\"><span class=\"versanumer\">8<\/span><\/a>K\u00e6rleikurinn fellur aldrei \u00far gildi. En sp\u00e1d\u00f3msg\u00e1fur, \u00fe\u00e6r munu l\u00ed\u00f0a undir lok, og tungur, \u00fe\u00e6r munu \u00feagna, og \u00feekking, h\u00fan mun l\u00ed\u00f0a undir lok.<a name=\"9\"><span class=\"versanumer\">9<\/span><\/a>\u00dev\u00ed a\u00f0 \u00feekking vor er \u00ed molum og sp\u00e1d\u00f3mur vor er \u00ed molum.<a name=\"10\"><span class=\"versanumer\">10<\/span><\/a>En \u00feegar hi\u00f0 fullkomna kemur, \u00fe\u00e1 l\u00ed\u00f0ur \u00fea\u00f0 undir lok, sem er \u00ed molum.<a name=\"11\"><span class=\"versanumer\">11<\/span><\/a>\u00deegar \u00e9g var barn, tala\u00f0i \u00e9g eins og barn, hugsa\u00f0i eins og barn og \u00e1lykta\u00f0i eins og barn. En \u00feegar \u00e9g var or\u00f0inn fullt\u00ed\u00f0a ma\u00f0ur, lag\u00f0i \u00e9g ni\u00f0ur barnaskapinn.<a name=\"12\"><span class=\"versanumer\">12<\/span><\/a>N\u00fa sj\u00e1um v\u00e9r svo sem \u00ed skuggsj\u00e1, \u00ed r\u00e1\u00f0g\u00e1tu, en \u00fe\u00e1 munum v\u00e9r sj\u00e1 augliti til auglitis. N\u00fa er \u00feekking m\u00edn \u00ed molum, en \u00fe\u00e1 mun \u00e9g gj\u00f6r\u00feekkja, eins og \u00e9g er sj\u00e1lfur gj\u00f6r\u00feekktur or\u00f0inn.<a name=\"13\"><span class=\"versanumer\">13<\/span><\/a>En n\u00fa varir tr\u00fa, von og k\u00e6rleikur, \u00feetta \u00ferennt, en \u00feeirra er k\u00e6rleikurinn mestur.<\/p>\n<div class=\"footnote1981\"><b>13.2<\/b> Tr\u00fa, sem flytur fj\u00f6ll Matt 17.20; 21.21; Mrk 11.23<br \/>\n<b>13.3<\/b> Gefa eigur s\u00ednar Matt 6.2<br \/>\n<b>13.5<\/b> Leita s\u00edns eigin Fil 2.4 \u2013 langr\u00e6kinn sbr Sak 8.17<br \/>\n<b>13.7<\/b> Brei\u00f0ir yfir allt Okv 10.12; R\u00f3m 15.1; Jak 5.20; 1P\u00e9t 4.8 \u2013 umber allt 1Kor 6.7; 9.12<br \/>\n<b>13.12<\/b> \u00cd skuggsj\u00e1 Jak 1.23 \u2013 \u00ed r\u00e1\u00f0g\u00e1tu 2Kor 5.7<br \/>\n<b>13.13<\/b> Tr\u00fa, von og k\u00e6rleikur R\u00f3m 5.1-5; K\u00f3l 1.4-5; 1\u00deess 1.3; 5.8 \u2013 k\u00e6rleikurinn mestur sbr 1J\u00f3h 4.16<\/div>\n","protected":false},"excerpt":{"rendered":"<p>1\u00de\u00f3tt \u00e9g tala\u00f0i tungum manna og engla, en hef\u00f0i ekki k\u00e6rleika, v\u00e6ri \u00e9g hlj\u00f3mandi m\u00e1lmur e\u00f0a hvellandi bjalla.2Og \u00fe\u00f3tt \u00e9g hef\u00f0i sp\u00e1d\u00f3msg\u00e1fu og vissi alla leyndard\u00f3ma og \u00e6tti alla \u00feekking, og \u00fe\u00f3tt \u00e9g hef\u00f0i svo takmarkalausa tr\u00fa, a\u00f0 f\u00e6ra m\u00e6tti fj\u00f6ll \u00far sta\u00f0, en hef\u00f0i ekki k\u00e6rleika, v\u00e6ri \u00e9g ekki neitt.3Og \u00fe\u00f3tt \u00e9g deildi \u00fat \u00f6llum eigum m\u00ednum, og \u00fe\u00f3tt \u00e9g framseldi l\u00edkama minn, til \u00feess a\u00f0 ver\u00f0a brenndur, en hef\u00f0i ekki k\u00e6rleika, v\u00e6ri \u00e9g engu b\u00e6ttari.4K\u00e6rleikurinn er langlyndur, hann er g\u00f3\u00f0vilja\u00f0ur. K\u00e6rleikurinn \u00f6fundar ekki. K\u00e6rleikurinn er ekki raupsamur, hreykir s\u00e9r ekki upp.5Hann heg\u00f0ar s\u00e9r ekki \u00f3s\u00e6milega, leitar ekki s\u00edns <a href=\"https:\/\/biblian.is\/1981\/fyrra-korintubref-13-kafli\/\"> [&#8230;]<\/a><\/p>\n","protected":false},"author":1,"featured_media":0,"parent":0,"menu_order":0,"comment_status":"open","ping_status":"open","template":"bibliukaflar.php","meta":{"footnotes":""},"class_list":["post-2422","page","type-page","status-publish","hentry"],"_links":{"self":[{"href":"https:\/\/biblian.is\/1981\/wp-json\/wp\/v2\/pages\/2422","targetHints":{"allow":["GET"]}}],"collection":[{"href":"https:\/\/biblian.is\/1981\/wp-json\/wp\/v2\/pages"}],"about":[{"href":"https:\/\/biblian.is\/1981\/wp-json\/wp\/v2\/types\/page"}],"author":[{"embeddable":true,"href":"https:\/\/biblian.is\/1981\/wp-json\/wp\/v2\/users\/1"}],"replies":[{"embeddable":true,"href":"https:\/\/biblian.is\/1981\/wp-json\/wp\/v2\/comments?post=2422"}],"version-history":[{"count":0,"href":"https:\/\/biblian.is\/1981\/wp-json\/wp\/v2\/pages\/2422\/revisions"}],"wp:attachment":[{"href":"https:\/\/biblian.is\/1981\/wp-json\/wp\/v2\/media?parent=2422"}],"curies":[{"name":"wp","href":"https:\/\/api.w.org\/{rel}","templated":true}]}}