{"id":2421,"date":"2017-11-18T20:21:42","date_gmt":"2017-11-18T20:21:42","guid":{"rendered":"http:\/\/biblian.is\/1981\/fyrra-korintubref-12-kafli\/"},"modified":"2021-06-06T10:56:46","modified_gmt":"2021-06-06T10:56:46","slug":"fyrra-korintubref-12-kafli","status":"publish","type":"page","link":"https:\/\/biblian.is\/1981\/fyrra-korintubref-12-kafli\/","title":{"rendered":"Fyrra Korintubr\u00e9f 12. kafli"},"content":{"rendered":"<p><a name=\"1\"><span class=\"versanumer\">1<\/span><\/a>En svo \u00e9g minnist \u00e1 g\u00e1fur andans, br\u00e6\u00f0ur, \u00fe\u00e1 vil \u00e9g ekki a\u00f0 \u00fe\u00e9r s\u00e9u\u00f0 f\u00e1fr\u00f3\u00f0ir um \u00fe\u00e6r.<a name=\"2\"><span class=\"versanumer\">2<\/span><\/a>\u00de\u00e9r viti\u00f0, a\u00f0 \u00feegar \u00fe\u00e9r voru\u00f0 hei\u00f0ingjar, \u00fe\u00e1 l\u00e9tu\u00f0 \u00fe\u00e9r lei\u00f0a y\u00f0ur til m\u00e1llausra skur\u00f0go\u00f0anna, r\u00e9tt eins og verkast vildi.<a name=\"3\"><span class=\"versanumer\">3<\/span><\/a>Fyrir \u00fev\u00ed l\u00e6t \u00e9g y\u00f0ur vita, a\u00f0 enginn, sem talar af Gu\u00f0s anda, segir: B\u00f6lva\u00f0ur s\u00e9 Jes\u00fas! og enginn getur sagt: Jes\u00fas er Drottinn! nema af heil\u00f6gum anda.<a name=\"4\"><span class=\"versanumer\">4<\/span><\/a>Mismunur er \u00e1 n\u00e1\u00f0arg\u00e1fum, en andinn er hinn sami,<a name=\"5\"><span class=\"versanumer\">5<\/span><\/a>og mismunur er \u00e1 emb\u00e6ttum, en Drottinn hinn sami,<a name=\"6\"><span class=\"versanumer\">6<\/span><\/a>og mismunur er \u00e1 h\u00e6fileikum a\u00f0 framkv\u00e6ma, en Gu\u00f0 hinn sami, sem \u00f6llu kemur til lei\u00f0ar \u00ed \u00f6llum.<a name=\"7\"><span class=\"versanumer\">7<\/span><\/a>Andinn opinberast \u00ed s\u00e9rhverjum til \u00feess, sem gagnlegt er.<a name=\"8\"><span class=\"versanumer\">8<\/span><\/a>Einum er fyrir andann gefi\u00f0 a\u00f0 m\u00e6la af speki, \u00f6\u00f0rum a\u00f0 m\u00e6la af \u00feekkingu \u00ed krafti sama anda.<a name=\"9\"><span class=\"versanumer\">9<\/span><\/a>Hinn sami andi veitir einum tr\u00fa, \u00f6\u00f0rum l\u00e6kningag\u00e1fu<a name=\"10\"><span class=\"versanumer\">10<\/span><\/a>og \u00f6\u00f0rum kraft til a\u00f0 framkv\u00e6ma undur. Einn f\u00e6r sp\u00e1d\u00f3msg\u00e1fu, annar h\u00e6fileika a\u00f0 greina anda, einn a\u00f0 tala tungum og annar a\u00f0 \u00fatleggja tungutal.<a name=\"11\"><span class=\"versanumer\">11<\/span><\/a>En \u00f6llu \u00feessu kemur til lei\u00f0ar eini og sami andinn, og hann \u00fatb\u00fdtir hverjum einum eftir vild sinni.<a name=\"12\"><span class=\"versanumer\">12<\/span><\/a>\u00dev\u00ed a\u00f0 eins og l\u00edkaminn er einn og hefur marga limi, en allir limir l\u00edkamans, \u00fe\u00f3tt margir s\u00e9u, eru einn l\u00edkami, \u00feannig er og Kristur.<a name=\"13\"><span class=\"versanumer\">13<\/span><\/a>\u00cd einum anda vorum v\u00e9r allir sk\u00edr\u00f0ir til a\u00f0 vera einn l\u00edkami, hvort sem v\u00e9r erum Gy\u00f0ingar e\u00f0a Grikkir, \u00fer\u00e6lar e\u00f0a frj\u00e1lsir, og allir fengum v\u00e9r einn anda a\u00f0 drekka.<a name=\"14\"><span class=\"versanumer\">14<\/span><\/a>\u00dev\u00ed a\u00f0 l\u00edkaminn er ekki einn limur, heldur margir.<a name=\"15\"><span class=\"versanumer\">15<\/span><\/a>Ef f\u00f3turinn seg\u00f0i: Fyrst \u00e9g er ekki h\u00f6nd, heyri \u00e9g ekki l\u00edkamanum til, \u00fe\u00e1 er hann ekki fyrir \u00fea\u00f0 l\u00edkamanum \u00f3h\u00e1\u00f0ur.<a name=\"16\"><span class=\"versanumer\">16<\/span><\/a>Og ef eyra\u00f0 seg\u00f0i: Fyrst \u00e9g er ekki auga, heyri \u00e9g ekki l\u00edkamanum til, \u00fe\u00e1 er \u00fea\u00f0 ekki \u00fear fyrir l\u00edkamanum \u00f3h\u00e1\u00f0.<a name=\"17\"><span class=\"versanumer\">17<\/span><\/a>Ef allur l\u00edkaminn v\u00e6ri auga, hvar v\u00e6ri \u00fe\u00e1 heyrnin? Ef hann v\u00e6ri allur heyrn, hvar v\u00e6ri \u00fe\u00e1 ilmanin?<a name=\"18\"><span class=\"versanumer\">18<\/span><\/a>En n\u00fa hefur Gu\u00f0 sett hvern einstakan lim \u00e1 l\u00edkamann eins og honum \u00fe\u00f3kna\u00f0ist.<a name=\"19\"><span class=\"versanumer\">19<\/span><\/a>Ef allir limirnir v\u00e6ru einn limur, hvar v\u00e6ri \u00fe\u00e1 l\u00edkaminn?<a name=\"20\"><span class=\"versanumer\">20<\/span><\/a>En n\u00fa eru limirnir margir, en l\u00edkaminn einn.<a name=\"21\"><span class=\"versanumer\">21<\/span><\/a>Auga\u00f0 getur ekki sagt vi\u00f0 h\u00f6ndina: \u00c9g \u00fearfnast \u00fe\u00edn ekki! n\u00e9 heldur h\u00f6fu\u00f0i\u00f0 vi\u00f0 f\u00e6turna: \u00c9g \u00fearfnast ykkar ekki!<a name=\"22\"><span class=\"versanumer\">22<\/span><\/a>Nei, miklu fremur eru \u00feeir limir \u00e1 l\u00edkamanum nau\u00f0synlegir, sem vir\u00f0ast vera \u00ed veikbygg\u00f0ara lagi.<a name=\"23\"><span class=\"versanumer\">23<\/span><\/a>Og \u00feeim, sem oss vir\u00f0ast vera \u00ed \u00f3vir\u00f0ulegra lagi \u00e1 l\u00edkamanum, \u00feeim veitum v\u00e9r \u00fev\u00ed meiri s\u00e6md, og \u00feeim, sem v\u00e9r blyg\u00f0umst vor fyrir, s\u00fdnum v\u00e9r \u00fev\u00ed meiri blyg\u00f0unarsemi.<a name=\"24\"><span class=\"versanumer\">24<\/span><\/a>\u00deess \u00fearfnast hinir \u00e1sj\u00e1legu limir vorir ekki. En Gu\u00f0 setti l\u00edkamann svo saman, a\u00f0 hann gaf \u00feeim, sem s\u00ed\u00f0ri var, \u00fev\u00ed meiri s\u00e6md,<a name=\"25\"><span class=\"versanumer\">25<\/span><\/a>til \u00feess a\u00f0 ekki yr\u00f0i \u00e1greiningur \u00ed l\u00edkamanum, heldur skyldu limirnir bera sameiginlega umhyggju hver fyrir \u00f6\u00f0rum.<a name=\"26\"><span class=\"versanumer\">26<\/span><\/a>Og hvort heldur einn limur \u00fej\u00e1ist, \u00fe\u00e1 \u00fej\u00e1st allir limirnir me\u00f0 honum, e\u00f0a einn limur er \u00ed h\u00e1vegum haf\u00f0ur, samgle\u00f0jast allir limirnir honum.<a name=\"27\"><span class=\"versanumer\">27<\/span><\/a>\u00de\u00e9r eru\u00f0 l\u00edkami Krists og limir hans hver um sig.<a name=\"28\"><span class=\"versanumer\">28<\/span><\/a>Gu\u00f0 hefur sett nokkra \u00ed kirkjunni, fyrst postula, \u00ed \u00f6\u00f0ru lagi sp\u00e1menn, \u00ed \u00feri\u00f0ja lagi fr\u00e6\u00f0ara, sumum hefur hann veitt g\u00e1fu a\u00f0 gj\u00f6ra kraftaverk, l\u00e6kna, vinna l\u00edknarst\u00f6rf, stj\u00f3rna og tala tungum.<a name=\"29\"><span class=\"versanumer\">29<\/span><\/a>Hvort eru allir postular? Hvort eru allir sp\u00e1menn? Hvort eru allir fr\u00e6\u00f0arar? Hvort eru allir kraftaverkamenn?<a name=\"30\"><span class=\"versanumer\">30<\/span><\/a>Hvort hafa allir hloti\u00f0 l\u00e6kningag\u00e1fu? Hvort tala allir tungum? Hvort \u00fatlista allir tungutal?<a name=\"31\"><span class=\"versanumer\">31<\/span><\/a>Nei, s\u00e6kist heldur eftir n\u00e1\u00f0arg\u00e1funum, \u00feeim hinum meiri. Og n\u00fa bendi \u00e9g y\u00f0ur \u00e1 enn \u00fe\u00e1 miklu \u00e1g\u00e6tari lei\u00f0.<\/p>\n<div class=\"footnote1981\"><b>12.1<\/b> G\u00e1fur andans 1Kor 14.1,37<br \/>\n<b>12.2<\/b> M\u00e1llaus skur\u00f0go\u00f0 Hab 2.18-19<br \/>\n<b>12.3<\/b> Tala af anda Gu\u00f0s Mrk 9.39; 1J\u00f3h 4.2-3 \u2013 b\u00f6lva\u00f0ur 1Kor 16.22<br \/>\n<b>12.4<\/b> Mismunur \u00e1 n\u00e1\u00f0argj\u00f6fum R\u00f3m 12.6 \u2013 andinn hinn sami Ef 4.4<br \/>\n<b>12.5<\/b> Mismunur \u00e1 \u00fej\u00f3nustust\u00f6rfum Ef 4.11<br \/>\n<b>12.7<\/b> Til \u00feess a\u00f0 gera \u00f6\u00f0rum gagn 1Kor 14.26; Ef 4.12<br \/>\n<b>12.8<\/b> Af speki 1Kor 2.6<br \/>\n<b>12.9<\/b> Tr\u00fa 1Kor 13.2<br \/>\n<b>12.10<\/b> Sannreyna anda 1Kor 14.29; 1\u00deess 5.21; 1J\u00f3h 4.1-3 \u2013 tala tungum 1Kor 14.5; sbr Post 2.4,8,11<br \/>\n<b>12.11<\/b> Eftir vild sinni R\u00f3m 12.3; 1Kor 7.7; Ef 4.7<br \/>\n<b>12.12<\/b> Margir limir, einn l\u00edkami R\u00f3m 12.4-5; 1Kor 10.17<br \/>\n<b>12.13<\/b> Gy\u00f0ingar e\u00f0a Grikkir, \u00fer\u00e6lar e\u00f0a frj\u00e1lsir Gal 3.28<br \/>\n<b>12.27<\/b> L\u00edkami og limir Krists R\u00f3m 12.5; Ef 5.30<br \/>\n<b>12.28<\/b> Postular, sp\u00e1menn, kennarar Ef 4.11-12; sbr 1Kor 14.1<br \/>\n<b>12.31<\/b> S\u00e6kist eftir n\u00e1\u00f0arg\u00e1fum 1Kor 14.1<\/div>\n","protected":false},"excerpt":{"rendered":"<p>1En svo \u00e9g minnist \u00e1 g\u00e1fur andans, br\u00e6\u00f0ur, \u00fe\u00e1 vil \u00e9g ekki a\u00f0 \u00fe\u00e9r s\u00e9u\u00f0 f\u00e1fr\u00f3\u00f0ir um \u00fe\u00e6r.2\u00de\u00e9r viti\u00f0, a\u00f0 \u00feegar \u00fe\u00e9r voru\u00f0 hei\u00f0ingjar, \u00fe\u00e1 l\u00e9tu\u00f0 \u00fe\u00e9r lei\u00f0a y\u00f0ur til m\u00e1llausra skur\u00f0go\u00f0anna, r\u00e9tt eins og verkast vildi.3Fyrir \u00fev\u00ed l\u00e6t \u00e9g y\u00f0ur vita, a\u00f0 enginn, sem talar af Gu\u00f0s anda, segir: B\u00f6lva\u00f0ur s\u00e9 Jes\u00fas! og enginn getur sagt: Jes\u00fas er Drottinn! nema af heil\u00f6gum anda.4Mismunur er \u00e1 n\u00e1\u00f0arg\u00e1fum, en andinn er hinn sami,5og mismunur er \u00e1 emb\u00e6ttum, en Drottinn hinn sami,6og mismunur er \u00e1 h\u00e6fileikum a\u00f0 framkv\u00e6ma, en Gu\u00f0 hinn sami, sem \u00f6llu kemur til lei\u00f0ar \u00ed \u00f6llum.7Andinn opinberast \u00ed s\u00e9rhverjum <a href=\"https:\/\/biblian.is\/1981\/fyrra-korintubref-12-kafli\/\"> [&#8230;]<\/a><\/p>\n","protected":false},"author":1,"featured_media":0,"parent":0,"menu_order":0,"comment_status":"open","ping_status":"open","template":"bibliukaflar.php","meta":{"footnotes":""},"class_list":["post-2421","page","type-page","status-publish","hentry"],"_links":{"self":[{"href":"https:\/\/biblian.is\/1981\/wp-json\/wp\/v2\/pages\/2421","targetHints":{"allow":["GET"]}}],"collection":[{"href":"https:\/\/biblian.is\/1981\/wp-json\/wp\/v2\/pages"}],"about":[{"href":"https:\/\/biblian.is\/1981\/wp-json\/wp\/v2\/types\/page"}],"author":[{"embeddable":true,"href":"https:\/\/biblian.is\/1981\/wp-json\/wp\/v2\/users\/1"}],"replies":[{"embeddable":true,"href":"https:\/\/biblian.is\/1981\/wp-json\/wp\/v2\/comments?post=2421"}],"version-history":[{"count":0,"href":"https:\/\/biblian.is\/1981\/wp-json\/wp\/v2\/pages\/2421\/revisions"}],"wp:attachment":[{"href":"https:\/\/biblian.is\/1981\/wp-json\/wp\/v2\/media?parent=2421"}],"curies":[{"name":"wp","href":"https:\/\/api.w.org\/{rel}","templated":true}]}}