{"id":2420,"date":"2017-11-18T20:21:42","date_gmt":"2017-11-18T20:21:42","guid":{"rendered":"http:\/\/biblian.is\/1981\/fyrra-korintubref-11-kafli\/"},"modified":"2021-06-06T10:56:45","modified_gmt":"2021-06-06T10:56:45","slug":"fyrra-korintubref-11-kafli","status":"publish","type":"page","link":"https:\/\/biblian.is\/1981\/fyrra-korintubref-11-kafli\/","title":{"rendered":"Fyrra Korintubr\u00e9f 11. kafli"},"content":{"rendered":"<p><a name=\"1\"><span class=\"versanumer\">1<\/span><\/a>Veri\u00f0 eftirbreytendur m\u00ednir eins og \u00e9g er eftirbreytandi Krists.<a name=\"2\"><span class=\"versanumer\">2<\/span><\/a>\u00c9g hr\u00f3sa y\u00f0ur fyrir \u00fea\u00f0, a\u00f0 \u00fe\u00e9r \u00ed \u00f6llu minnist m\u00edn og haldi\u00f0 fast vi\u00f0 kenningarnar, eins og \u00e9g flutti y\u00f0ur \u00fe\u00e6r.<a name=\"3\"><span class=\"versanumer\">3<\/span><\/a>En \u00e9g vil, a\u00f0 \u00fe\u00e9r viti\u00f0, a\u00f0 Kristur er h\u00f6fu\u00f0 s\u00e9rhvers manns, ma\u00f0urinn er h\u00f6fu\u00f0 konunnar og Gu\u00f0 h\u00f6fu\u00f0 Krists.<a name=\"4\"><span class=\"versanumer\">4<\/span><\/a>S\u00e9rhver s\u00e1 ma\u00f0ur, sem bi\u00f0st fyrir e\u00f0a flytur sp\u00e1d\u00f3ma Gu\u00f0s og hefur \u00e1 h\u00f6f\u00f0inu, hann \u00f3vir\u00f0ir h\u00f6fu\u00f0 sitt.<a name=\"5\"><span class=\"versanumer\">5<\/span><\/a>En s\u00e9rhver kona, sem bi\u00f0st fyrir e\u00f0a flytur sp\u00e1d\u00f3ma Gu\u00f0s berh\u00f6f\u00f0u\u00f0, \u00f3vir\u00f0ir h\u00f6fu\u00f0 sitt. \u00dea\u00f0 er hi\u00f0 sama sem h\u00fan hef\u00f0i l\u00e1ti\u00f0 kr\u00fanuraka sig.<a name=\"6\"><span class=\"versanumer\">6<\/span><\/a>Ef konan \u00fev\u00ed vill ekki hylja h\u00f6fu\u00f0 sitt, \u00fe\u00e1 l\u00e1ti h\u00fan klippa sig. En ef \u00fea\u00f0 er \u00f3vir\u00f0ing fyrir konuna a\u00f0 l\u00e1ta klippa e\u00f0a raka h\u00e1r sitt, \u00fe\u00e1 hafi h\u00fan \u00e1 h\u00f6f\u00f0inu.<a name=\"7\"><span class=\"versanumer\">7<\/span><\/a>Karlma\u00f0ur \u00e1 ekki a\u00f0 hylja h\u00f6fu\u00f0 sitt, \u00fev\u00ed a\u00f0 hann er \u00edmynd og vegsemd Gu\u00f0s, en konan er vegsemd mannsins.<a name=\"8\"><span class=\"versanumer\">8<\/span><\/a>\u00dev\u00ed ekki er ma\u00f0urinn af konunni kominn, heldur konan af manninum,<a name=\"9\"><span class=\"versanumer\">9<\/span><\/a>og ekki var heldur ma\u00f0urinn skapa\u00f0ur vegna konunnar, heldur konan vegna mannsins.<a name=\"10\"><span class=\"versanumer\">10<\/span><\/a>\u00deess vegna \u00e1 konan vegna englanna a\u00f0 bera t\u00e1kn um yfirr\u00e1\u00f0 mannsins \u00e1 h\u00f6f\u00f0i s\u00e9r.<a name=\"11\"><span class=\"versanumer\">11<\/span><\/a>\u00de\u00f3 er hvorki konan \u00f3h\u00e1\u00f0 manninum n\u00e9 ma\u00f0urinn konunni \u00ed samf\u00e9laginu vi\u00f0 Drottin,<a name=\"12\"><span class=\"versanumer\">12<\/span><\/a>\u00fev\u00ed a\u00f0 eins og konan er komin af manninum, svo er og ma\u00f0urinn f\u00e6ddur af konunni, en allt er fr\u00e1 Gu\u00f0i.<a name=\"13\"><span class=\"versanumer\">13<\/span><\/a>D\u00e6mi\u00f0 sj\u00e1lfir: S\u00e6mir \u00fea\u00f0 konu a\u00f0 bi\u00f0ja til Gu\u00f0s berh\u00f6f\u00f0u\u00f0?<a name=\"14\"><span class=\"versanumer\">14<\/span><\/a>Kennir ekki sj\u00e1lf n\u00e1tt\u00faran y\u00f0ur, a\u00f0 ef karlma\u00f0ur ber s\u00edtt h\u00e1r, \u00fe\u00e1 er \u00fea\u00f0 honum vans\u00e6md,<a name=\"15\"><span class=\"versanumer\">15<\/span><\/a>en ef kona ber s\u00edtt h\u00e1r, \u00fe\u00e1 er \u00fea\u00f0 henni s\u00e6md? \u00dev\u00ed a\u00f0 s\u00ed\u00f0a h\u00e1ri\u00f0 er gefi\u00f0 henni \u00ed h\u00f6fu\u00f0bl\u00e6ju sta\u00f0.<a name=\"16\"><span class=\"versanumer\">16<\/span><\/a>En \u00e6tli n\u00fa einhver s\u00e9r a\u00f0 gj\u00f6ra \u00feetta a\u00f0 kappsm\u00e1li, \u00fe\u00e1 viti s\u00e1, a\u00f0 anna\u00f0 er ekki venja vor e\u00f0a safna\u00f0a Gu\u00f0s.<a name=\"17\"><span class=\"versanumer\">17<\/span><\/a>En um lei\u00f0 og \u00e9g \u00e1minni um \u00feetta, get \u00e9g ekki hr\u00f3sa\u00f0 y\u00f0ur fyrir samkomur y\u00f0ar, sem eru fremur til ills en g\u00f3\u00f0s.<a name=\"18\"><span class=\"versanumer\">18<\/span><\/a>\u00cd fyrsta lagi heyri \u00e9g, a\u00f0 flokkadr\u00e1ttur eigi s\u00e9r sta\u00f0 \u00e1 me\u00f0al y\u00f0ar, er \u00fe\u00e9r komi\u00f0 saman \u00e1 safna\u00f0arsamkomum, og \u00fev\u00ed tr\u00fai \u00e9g a\u00f0 nokkru leyti.<a name=\"19\"><span class=\"versanumer\">19<\/span><\/a>V\u00edst ver\u00f0ur a\u00f0 vera flokkaskipting \u00e1 me\u00f0al y\u00f0ar, til \u00feess a\u00f0 \u00feeir y\u00f0ar \u00feekkist \u00far, sem h\u00e6fir eru.<a name=\"20\"><span class=\"versanumer\">20<\/span><\/a>\u00deegar \u00fe\u00e9r komi\u00f0 saman er \u00fea\u00f0 ekki til \u00feess a\u00f0 neyta m\u00e1lt\u00ed\u00f0ar Drottins,<a name=\"21\"><span class=\"versanumer\">21<\/span><\/a>\u00fev\u00ed a\u00f0 vi\u00f0 bor\u00f0haldi\u00f0 hrifsar hver s\u00edna m\u00e1lt\u00ed\u00f0, svo einn er hungra\u00f0ur, en annar drekkur sig \u00f6lva\u00f0an.<a name=\"22\"><span class=\"versanumer\">22<\/span><\/a>Hafi\u00f0 \u00fe\u00e9r \u00fe\u00e1 ekki h\u00fas til a\u00f0 eta og drekka \u00ed? E\u00f0a fyrirl\u00edti\u00f0 \u00fe\u00e9r s\u00f6fnu\u00f0 Gu\u00f0s og gj\u00f6ri\u00f0 \u00feeim kinnro\u00f0a, sem ekkert eiga? Hva\u00f0 \u00e1 \u00e9g a\u00f0 segja vi\u00f0 y\u00f0ur? \u00c1 \u00e9g a\u00f0 h\u00e6la y\u00f0ur fyrir \u00feetta? Nei, \u00e9g h\u00e6li y\u00f0ur ekki.<a name=\"23\"><span class=\"versanumer\">23<\/span><\/a>\u00dev\u00ed a\u00f0 \u00e9g hef me\u00f0teki\u00f0 fr\u00e1 Drottni \u00fea\u00f0, sem \u00e9g hef kennt y\u00f0ur: N\u00f3ttina, sem Drottinn Jes\u00fas var svikinn, t\u00f3k hann brau\u00f0,<a name=\"24\"><span class=\"versanumer\">24<\/span><\/a>gj\u00f6r\u00f0i \u00feakkir, braut \u00fea\u00f0 og sag\u00f0i: \u00deetta er minn l\u00edkami, sem er fyrir y\u00f0ur. Gj\u00f6ri\u00f0 \u00feetta \u00ed m\u00edna minningu.<a name=\"25\"><span class=\"versanumer\">25<\/span><\/a>S\u00f6mulei\u00f0is t\u00f3k hann og bikarinn eftir kv\u00f6ldm\u00e1lt\u00ed\u00f0ina og sag\u00f0i: \u00deessi bikar er hinn n\u00fdi s\u00e1ttm\u00e1li \u00ed m\u00ednu bl\u00f3\u00f0i. Gj\u00f6ri\u00f0 \u00feetta, svo oft sem \u00fe\u00e9r drekki\u00f0, \u00ed m\u00edna minningu.<a name=\"26\"><span class=\"versanumer\">26<\/span><\/a>Svo oft sem \u00fe\u00e9r eti\u00f0 \u00feetta brau\u00f0 og drekki\u00f0 af bikarnum, bo\u00f0i\u00f0 \u00fe\u00e9r dau\u00f0a Drottins, \u00feanga\u00f0 til hann kemur.<a name=\"27\"><span class=\"versanumer\">27<\/span><\/a>Hver sem etur brau\u00f0i\u00f0 e\u00f0a drekkur bikar Drottins \u00f3ver\u00f0uglega, ver\u00f0ur \u00feess vegna sekur vi\u00f0 l\u00edkama og bl\u00f3\u00f0 Drottins.<a name=\"28\"><span class=\"versanumer\">28<\/span><\/a>Hver ma\u00f0ur pr\u00f3fi sj\u00e1lfan sig og eti s\u00ed\u00f0an af brau\u00f0inu og drekki af bikarnum.<a name=\"29\"><span class=\"versanumer\">29<\/span><\/a>\u00dev\u00ed a\u00f0 s\u00e1 sem etur og drekkur \u00e1n \u00feess a\u00f0 d\u00e6ma r\u00e9tt um l\u00edkamann, hann etur og drekkur sj\u00e1lfum s\u00e9r til d\u00f3ms.<a name=\"30\"><span class=\"versanumer\">30<\/span><\/a>Fyrir \u00fev\u00ed eru svo margir sj\u00fakir og krankir \u00e1 me\u00f0al y\u00f0ar, og allmargir deyja.<a name=\"31\"><span class=\"versanumer\">31<\/span><\/a>Ef v\u00e9r d\u00e6mdum um sj\u00e1lfa oss, yr\u00f0um v\u00e9r ekki d\u00e6mdir.<a name=\"32\"><span class=\"versanumer\">32<\/span><\/a>En fyrst Drottinn d\u00e6mir oss, \u00fe\u00e1 er hann a\u00f0 aga oss til \u00feess a\u00f0 v\u00e9r ver\u00f0um ekki d\u00e6mdir sekir \u00e1samt heiminum.<a name=\"33\"><span class=\"versanumer\">33<\/span><\/a>Fyrir \u00fev\u00ed skulu\u00f0 \u00fe\u00e9r b\u00ed\u00f0a hver eftir \u00f6\u00f0rum, br\u00e6\u00f0ur m\u00ednir, \u00feegar \u00fe\u00e9r komi\u00f0 saman til a\u00f0 matast.<a name=\"34\"><span class=\"versanumer\">34<\/span><\/a>Ef nokkur er hungra\u00f0ur, \u00fe\u00e1 eti hann heima, til \u00feess a\u00f0 samkomur y\u00f0ar ver\u00f0i y\u00f0ur ekki til d\u00f3ms. Anna\u00f0 mun \u00e9g segja til um, \u00feegar \u00e9g kem.<\/p>\n<div class=\"footnote1981\"><b>11.1<\/b> Breyti\u00f0 eftir m\u00e9r 1Kor 4.16+<br \/>\n<b>11.3<\/b> Kristur er h\u00f6fu\u00f0 s\u00e9rhvers karlmanns Ef 5.23 \u2013 h\u00f6fu\u00f0 konunnar 1M\u00f3s 3.16; Ef 5.23 \u2013 Gu\u00f0 h\u00f6fu\u00f0 Krists 1Kor 3.23<br \/>\n<b>11.7<\/b> \u00cdmynd og d\u00fdr\u00f0 Gu\u00f0s 1M\u00f3s 1.27; 5.1; 9.6; SSal 2.23; Jak 3.9<br \/>\n<b>11.8<\/b> Konan af karlinum 1M\u00f3s 2.21-23; 1T\u00edm 2.13<br \/>\n<b>11.9<\/b> Vegna karlsins 1M\u00f3s 2.18<br \/>\n<b>11.18<\/b> Skiptist \u00ed h\u00f3pa 1Kor 1.10-12; 3.3<br \/>\n<b>11.19<\/b> Hverjum m\u00e1 treysta 5M\u00f3s 13.3; 1J\u00f3h 2.19<br \/>\n<b>11.22<\/b> \u00d3vir\u00f0a f\u00e1t\u00e6ka Jak 2.5-6<br \/>\n<b>11.23-25<\/b> Kv\u00f6ldm\u00e1lt\u00ed\u00f0in Matt 26.26-28; Mrk 14.22-24; L\u00fak 22.19-20<br \/>\n<b>11.25<\/b> Hinn n\u00fdji s\u00e1ttm\u00e1li 2M\u00f3s 24.8; Jer 31.31; 32.40; 2Kor 3.6; Heb 8.8-13 \u2013 \u00ed m\u00ednu bl\u00f3\u00f0i 2M\u00f3s 24.6-8; Sak 9.11<br \/>\n<b>11.26<\/b> \u00deanga\u00f0 til hann kemur Matt 26.29<br \/>\n<b>11.27<\/b> Sekur Heb 10.29<br \/>\n<b>11.28<\/b> Pr\u00f3fa sj\u00e1lfan sig Matt 26.22; 2Kor 13.5<br \/>\n<b>11.30<\/b> Deyja (sofna) Ef 5.14; 1\u00deess 5.6; sbr Matt 9.24+<br \/>\n<b>11.32<\/b> Drottinn agar Heb 12.5-6<\/div>\n","protected":false},"excerpt":{"rendered":"<p>1Veri\u00f0 eftirbreytendur m\u00ednir eins og \u00e9g er eftirbreytandi Krists.2\u00c9g hr\u00f3sa y\u00f0ur fyrir \u00fea\u00f0, a\u00f0 \u00fe\u00e9r \u00ed \u00f6llu minnist m\u00edn og haldi\u00f0 fast vi\u00f0 kenningarnar, eins og \u00e9g flutti y\u00f0ur \u00fe\u00e6r.3En \u00e9g vil, a\u00f0 \u00fe\u00e9r viti\u00f0, a\u00f0 Kristur er h\u00f6fu\u00f0 s\u00e9rhvers manns, ma\u00f0urinn er h\u00f6fu\u00f0 konunnar og Gu\u00f0 h\u00f6fu\u00f0 Krists.4S\u00e9rhver s\u00e1 ma\u00f0ur, sem bi\u00f0st fyrir e\u00f0a flytur sp\u00e1d\u00f3ma Gu\u00f0s og hefur \u00e1 h\u00f6f\u00f0inu, hann \u00f3vir\u00f0ir h\u00f6fu\u00f0 sitt.5En s\u00e9rhver kona, sem bi\u00f0st fyrir e\u00f0a flytur sp\u00e1d\u00f3ma Gu\u00f0s berh\u00f6f\u00f0u\u00f0, \u00f3vir\u00f0ir h\u00f6fu\u00f0 sitt. \u00dea\u00f0 er hi\u00f0 sama sem h\u00fan hef\u00f0i l\u00e1ti\u00f0 kr\u00fanuraka sig.6Ef konan \u00fev\u00ed vill ekki hylja h\u00f6fu\u00f0 sitt, \u00fe\u00e1 l\u00e1ti h\u00fan klippa <a href=\"https:\/\/biblian.is\/1981\/fyrra-korintubref-11-kafli\/\"> [&#8230;]<\/a><\/p>\n","protected":false},"author":1,"featured_media":0,"parent":0,"menu_order":0,"comment_status":"open","ping_status":"open","template":"bibliukaflar.php","meta":{"footnotes":""},"class_list":["post-2420","page","type-page","status-publish","hentry"],"_links":{"self":[{"href":"https:\/\/biblian.is\/1981\/wp-json\/wp\/v2\/pages\/2420","targetHints":{"allow":["GET"]}}],"collection":[{"href":"https:\/\/biblian.is\/1981\/wp-json\/wp\/v2\/pages"}],"about":[{"href":"https:\/\/biblian.is\/1981\/wp-json\/wp\/v2\/types\/page"}],"author":[{"embeddable":true,"href":"https:\/\/biblian.is\/1981\/wp-json\/wp\/v2\/users\/1"}],"replies":[{"embeddable":true,"href":"https:\/\/biblian.is\/1981\/wp-json\/wp\/v2\/comments?post=2420"}],"version-history":[{"count":0,"href":"https:\/\/biblian.is\/1981\/wp-json\/wp\/v2\/pages\/2420\/revisions"}],"wp:attachment":[{"href":"https:\/\/biblian.is\/1981\/wp-json\/wp\/v2\/media?parent=2420"}],"curies":[{"name":"wp","href":"https:\/\/api.w.org\/{rel}","templated":true}]}}