{"id":2419,"date":"2017-11-18T20:21:42","date_gmt":"2017-11-18T20:21:42","guid":{"rendered":"http:\/\/biblian.is\/1981\/fyrra-korintubref-10-kafli\/"},"modified":"2021-06-06T10:56:45","modified_gmt":"2021-06-06T10:56:45","slug":"fyrra-korintubref-10-kafli","status":"publish","type":"page","link":"https:\/\/biblian.is\/1981\/fyrra-korintubref-10-kafli\/","title":{"rendered":"Fyrra Korintubr\u00e9f 10. kafli"},"content":{"rendered":"<p><a name=\"1\"><span class=\"versanumer\">1<\/span><\/a>\u00c9g vil ekki, br\u00e6\u00f0ur, a\u00f0 y\u00f0ur skuli vera \u00f3kunnugt um \u00fea\u00f0, a\u00f0 fe\u00f0ur vorir voru allir undir sk\u00fdinu og f\u00f3ru allir yfir um hafi\u00f0.<a name=\"2\"><span class=\"versanumer\">2<\/span><\/a>Allir voru sk\u00edr\u00f0ir til M\u00f3se \u00ed sk\u00fdinu og hafinu.<a name=\"3\"><span class=\"versanumer\">3<\/span><\/a>Allir neyttu hinnar s\u00f6mu andlegu f\u00e6\u00f0u<a name=\"4\"><span class=\"versanumer\">4<\/span><\/a>og drukku allir hinn sama andlega drykk. \u00deeir drukku af hinum andlega kletti, sem fylgdi \u00feeim. Kletturinn var Kristur.<a name=\"5\"><span class=\"versanumer\">5<\/span><\/a>En samt haf\u00f0i Gu\u00f0 enga vel\u00fe\u00f3knun \u00e1 flestum \u00feeirra og \u00feeir f\u00e9llu \u00ed ey\u00f0im\u00f6rkinni.<a name=\"6\"><span class=\"versanumer\">6<\/span><\/a>\u00deessir hlutir hafa gj\u00f6rst sem fyrirbo\u00f0ar fyrir oss, til \u00feess a\u00f0 v\u00e9r ver\u00f0um ekki s\u00f3lgnir \u00ed \u00fea\u00f0, sem illt er, eins og \u00feeir ur\u00f0u s\u00f3lgnir \u00ed \u00fea\u00f0.<a name=\"7\"><span class=\"versanumer\">7<\/span><\/a>Ver\u00f0i\u00f0 ekki skur\u00f0go\u00f0ad\u00fdrkendur, eins og nokkrir \u00feeirra. Rita\u00f0 er: L\u00fd\u00f0urinn settist ni\u00f0ur til a\u00f0 eta og drekka, og \u00feeir st\u00f3\u00f0u upp til a\u00f0 leika.<a name=\"8\"><span class=\"versanumer\">8<\/span><\/a>Dr\u00fdgjum ekki heldur h\u00f3rd\u00f3m, eins og nokkrir \u00feeirra dr\u00fdg\u00f0u h\u00f3rd\u00f3m, og tuttugu og \u00ferj\u00e1r \u00fe\u00fasundir f\u00e9llu \u00e1 einum degi.<a name=\"9\"><span class=\"versanumer\">9<\/span><\/a>Freistum ekki heldur Drottins, eins og nokkrir \u00feeirra freistu\u00f0u hans, \u00feeir bi\u00f0u bana af h\u00f6ggormum.<a name=\"10\"><span class=\"versanumer\">10<\/span><\/a>M\u00f6gli\u00f0 ekki heldur eins og nokkrir \u00feeirra m\u00f6glu\u00f0u, \u00feeir f\u00f3rust fyrir ey\u00f0andanum.<a name=\"11\"><span class=\"versanumer\">11<\/span><\/a>Allt \u00feetta kom yfir \u00fe\u00e1 sem fyrirbo\u00f0i, og \u00fea\u00f0 er rita\u00f0 til vi\u00f0v\u00f6runar oss, sem endir aldanna er kominn yfir.<a name=\"12\"><span class=\"versanumer\">12<\/span><\/a>S\u00e1, er hyggst standa, g\u00e6ti \u00fev\u00ed vel a\u00f0 s\u00e9r, a\u00f0 hann falli ekki.<a name=\"13\"><span class=\"versanumer\">13<\/span><\/a>\u00de\u00e9r hafi\u00f0 ekki reynt nema mannlega freistingu. Gu\u00f0 er tr\u00far og l\u00e6tur ekki freista y\u00f0ar um megn fram, heldur mun hann, \u00feegar hann reynir y\u00f0ur, einnig sj\u00e1 um, a\u00f0 \u00fe\u00e9r f\u00e1i\u00f0 sta\u00f0ist.<a name=\"14\"><span class=\"versanumer\">14<\/span><\/a>Fyrir \u00fev\u00ed, m\u00ednir elsku\u00f0u, fl\u00fdi\u00f0 skur\u00f0go\u00f0ad\u00fdrkunina.<a name=\"15\"><span class=\"versanumer\">15<\/span><\/a>\u00c9g tala til y\u00f0ar sem skynsamra manna. D\u00e6mi\u00f0 \u00fe\u00e9r um \u00fea\u00f0, sem \u00e9g segi.<a name=\"16\"><span class=\"versanumer\">16<\/span><\/a>S\u00e1 bikar blessunarinnar, sem v\u00e9r blessum, er hann ekki samf\u00e9lag um bl\u00f3\u00f0 Krists? Og brau\u00f0i\u00f0, sem v\u00e9r brj\u00f3tum, er \u00fea\u00f0 ekki samf\u00e9lag um l\u00edkama Krists?<a name=\"17\"><span class=\"versanumer\">17<\/span><\/a>Af \u00fev\u00ed a\u00f0 brau\u00f0i\u00f0 er eitt, erum v\u00e9r hinir m\u00f6rgu einn l\u00edkami, \u00fev\u00ed a\u00f0 v\u00e9r h\u00f6fum allir hlutdeild \u00ed hinu eina brau\u00f0i.<a name=\"18\"><span class=\"versanumer\">18<\/span><\/a>L\u00edti\u00f0 \u00e1 \u00cdsraels\u00fej\u00f3\u00f0ina. Eiga \u00feeir, sem f\u00f3rnirnar eta, ekki hlut \u00ed altarinu?<a name=\"19\"><span class=\"versanumer\">19<\/span><\/a>Hva\u00f0 segi \u00e9g \u00fe\u00e1? A\u00f0 kj\u00f6t f\u00f3rna\u00f0 skur\u00f0go\u00f0um s\u00e9 nokku\u00f0? E\u00f0a skur\u00f0go\u00f0 s\u00e9 nokku\u00f0?<a name=\"20\"><span class=\"versanumer\">20<\/span><\/a>Nei, heldur a\u00f0 \u00fea\u00f0 sem hei\u00f0ingjarnir bl\u00f3ta, \u00fea\u00f0 bl\u00f3ta \u00feeir illum \u00f6ndum, en ekki Gu\u00f0i. En \u00e9g vil ekki, a\u00f0 \u00fe\u00e9r hafi\u00f0 samf\u00e9lag vi\u00f0 illa anda.<a name=\"21\"><span class=\"versanumer\">21<\/span><\/a>Ekki geti\u00f0 \u00fe\u00e9r drukki\u00f0 bikar Drottins og bikar illra anda. Ekki geti\u00f0 \u00fe\u00e9r teki\u00f0 \u00fe\u00e1tt \u00ed bor\u00f0haldi Drottins og bor\u00f0haldi illra anda.<a name=\"22\"><span class=\"versanumer\">22<\/span><\/a>E\u00f0a eigum v\u00e9r a\u00f0 reita Drottin til rei\u00f0i? Munum v\u00e9r vera m\u00e1ttugri en hann?<a name=\"23\"><span class=\"versanumer\">23<\/span><\/a>Allt er leyfilegt, en ekki er allt gagnlegt. Allt er leyfilegt, en ekki byggir allt upp.<a name=\"24\"><span class=\"versanumer\">24<\/span><\/a>Enginn hyggi a\u00f0 eigin hag, heldur hag annarra.<a name=\"25\"><span class=\"versanumer\">25<\/span><\/a>Allt \u00fea\u00f0, sem selt er \u00e1 kj\u00f6ttorginu, geti\u00f0 \u00fe\u00e9r eti\u00f0 \u00e1n nokkurra eftirgrennslana vegna samviskunnar.<a name=\"26\"><span class=\"versanumer\">26<\/span><\/a>\u00dev\u00ed a\u00f0 j\u00f6r\u00f0in er Drottins og allt, sem \u00e1 henni er.<a name=\"27\"><span class=\"versanumer\">27<\/span><\/a>Ef einhver hinna vantr\u00fau\u00f0u b\u00fd\u00f0ur y\u00f0ur og ef \u00fe\u00e9r vilji\u00f0 fara, \u00fe\u00e1 eti\u00f0 af \u00f6llu \u00fev\u00ed, sem fyrir y\u00f0ur er bori\u00f0, \u00e1n eftirgrennslana vegna samviskunnar.<a name=\"28\"><span class=\"versanumer\">28<\/span><\/a>En ef einhver segir vi\u00f0 y\u00f0ur: \u00deetta er f\u00f3rnarkj\u00f6t! \u00fe\u00e1 eti\u00f0 ekki, vegna \u00feess, er gj\u00f6r\u00f0i vi\u00f0vart, og vegna samviskunnar.<a name=\"29\"><span class=\"versanumer\">29<\/span><\/a>Samviskunnar, segi \u00e9g, ekki eigin samvisku, heldur samvisku hins. En hvers vegna skyldi frelsi mitt eiga a\u00f0 d\u00e6mast af samvisku annars?<a name=\"30\"><span class=\"versanumer\">30<\/span><\/a>Ef \u00e9g neyti f\u00e6\u00f0unnar me\u00f0 \u00feakkl\u00e6ti, hvers vegna skyldi \u00e9g s\u00e6ta lasti fyrir \u00fea\u00f0, sem \u00e9g \u00feakka fyrir?<a name=\"31\"><span class=\"versanumer\">31<\/span><\/a>Hvort sem \u00fe\u00e9r \u00fev\u00ed eti\u00f0 e\u00f0a drekki\u00f0 e\u00f0a hva\u00f0 sem \u00fe\u00e9r gj\u00f6ri\u00f0, \u00fe\u00e1 gj\u00f6ri\u00f0 \u00fea\u00f0 allt Gu\u00f0i til d\u00fdr\u00f0ar.<a name=\"32\"><span class=\"versanumer\">32<\/span><\/a>Veri\u00f0 hvorki Gy\u00f0ingum n\u00e9 Grikkjum n\u00e9 kirkju Gu\u00f0s til \u00e1steytingar.<a name=\"33\"><span class=\"versanumer\">33<\/span><\/a>\u00c9g fyrir mitt leyti reyni \u00ed \u00f6llu a\u00f0 \u00fe\u00f3knast \u00f6llum og hygg ekki a\u00f0 eigin hag, heldur hag hinna m\u00f6rgu, til \u00feess a\u00f0 \u00feeir ver\u00f0i h\u00f3lpnir.<\/p>\n<div class=\"footnote1981\"><b>10.1<\/b> Undir sk\u00fdinu 2M\u00f3s 13.21-22 \u2013 yfir hafi\u00f0 2M\u00f3s 14.22-29<br \/>\n<b>10.3<\/b> Andleg f\u00e6\u00f0a 2M\u00f3s 16.4-35; 5M\u00f3s 8.3; Slm 78.24-29<br \/>\n<b>10.4<\/b> Drukku af andlegum kletti 2M\u00f3s 17.5-6; 4M\u00f3s 20.7-11; Slm 78.15<br \/>\n<b>10.5<\/b> F\u00e9llu \u00ed ey\u00f0im\u00f6rkinni 4M\u00f3s 14.16,23,29-30; Slm 78.31; Heb 3.17; J\u00fad 5<br \/>\n<b>10.6<\/b> Vi\u00f0v\u00f6run 1Kor 10.11 \u2013 s\u00f3lgin 4M\u00f3s 11.4,34; Slm 106.14<br \/>\n<b>10.7<\/b> L\u00fd\u00f0urinn settist &#8230; 2M\u00f3s 32.6<br \/>\n<b>10.8<\/b> Dr\u00fdg\u00f0u h\u00f3r &#8230; 23000 4M\u00f3s 25.1,9<br \/>\n<b>10.9<\/b> H\u00f6ggormar 4M\u00f3s 21.5-6<br \/>\n<b>10.10<\/b> M\u00f6glu\u00f0u og f\u00f3rust 4M\u00f3s 14.2,36; 17.6-13; Slm 106.25-27; Heb 3.11,17 \u2013 ey\u00f0andinn 2M\u00f3s 12.23<br \/>\n<b>10.11<\/b> Fyrirbo\u00f0i 1Kor 10.6 \u2013 endir aldanna 1P\u00e9t 4.7<br \/>\n<b>10.13<\/b> Gu\u00f0 er tr\u00far 1Kor 1.9+<br \/>\n<b>10.14<\/b> For\u00f0ist skur\u00f0go\u00f0ad\u00fdrkun 1J\u00f3h 5.21<br \/>\n<b>10.16<\/b> Bikar og brau\u00f0 Matt 26.26-28; Mrk 14.22-24; L\u00fak 22.19-20 \u2013 brj\u00f3tum Post 2.42<br \/>\n<b>10.17<\/b> Einn l\u00edkami R\u00f3m 12.5; 1Kor 12.27; Ef 4.16; K\u00f3l 3.15<br \/>\n<b>10.18<\/b> \u00cdsraelsmenn sbr R\u00f3m 9.4 \u2013 eta f\u00f3rnarkj\u00f6ti\u00f0 3M\u00f3s 7.15-16<br \/>\n<b>10.19<\/b> Skur\u00f0go\u00f0 1Kor 8.4<br \/>\n<b>10.20<\/b> Bl\u00f3ta illum \u00f6ndum 5M\u00f3s 32.17; Slm 106.37; Bar 4.7; Opb 9.20<br \/>\n<b>10.21<\/b> Ekki geti\u00f0 \u00fei\u00f0 Mal 1.7,12; 2Kor 6.15-16<br \/>\n<b>10.22<\/b> Reita Drottin til rei\u00f0i 5M\u00f3s 32.16,21<br \/>\n<b>10.23<\/b> Allt er leyfilegt &#8230; 1Kor 6.12<br \/>\n<b>10.24<\/b> Hyggi\u00f0 a\u00f0 hag annarra R\u00f3m 15.2<br \/>\n<b>10.26<\/b> J\u00f6r\u00f0in er Drottins Slm 24.1; 50.12; 89.12<br \/>\n<b>10.27<\/b> Eti\u00f0 af \u00f6llu L\u00fak 10.8<br \/>\n<b>10.28<\/b> Samviska 1Kor 8.7<br \/>\n<b>10.30<\/b> Me\u00f0 \u00feakkl\u00e6ti 1T\u00edm 4.4<br \/>\n<b>10.31<\/b> Gu\u00f0i til d\u00fdr\u00f0ar K\u00f3l 3.17<br \/>\n<b>10.32<\/b> Til \u00e1steytingar R\u00f3m 14.13<br \/>\n<b>10.33<\/b> \u00de\u00f3knast \u00f6llum 1Kor 9.20-22<\/div>\n","protected":false},"excerpt":{"rendered":"<p>1\u00c9g vil ekki, br\u00e6\u00f0ur, a\u00f0 y\u00f0ur skuli vera \u00f3kunnugt um \u00fea\u00f0, a\u00f0 fe\u00f0ur vorir voru allir undir sk\u00fdinu og f\u00f3ru allir yfir um hafi\u00f0.2Allir voru sk\u00edr\u00f0ir til M\u00f3se \u00ed sk\u00fdinu og hafinu.3Allir neyttu hinnar s\u00f6mu andlegu f\u00e6\u00f0u4og drukku allir hinn sama andlega drykk. \u00deeir drukku af hinum andlega kletti, sem fylgdi \u00feeim. Kletturinn var Kristur.5En samt haf\u00f0i Gu\u00f0 enga vel\u00fe\u00f3knun \u00e1 flestum \u00feeirra og \u00feeir f\u00e9llu \u00ed ey\u00f0im\u00f6rkinni.6\u00deessir hlutir hafa gj\u00f6rst sem fyrirbo\u00f0ar fyrir oss, til \u00feess a\u00f0 v\u00e9r ver\u00f0um ekki s\u00f3lgnir \u00ed \u00fea\u00f0, sem illt er, eins og \u00feeir ur\u00f0u s\u00f3lgnir \u00ed \u00fea\u00f0.7Ver\u00f0i\u00f0 ekki skur\u00f0go\u00f0ad\u00fdrkendur, eins og nokkrir \u00feeirra. <a href=\"https:\/\/biblian.is\/1981\/fyrra-korintubref-10-kafli\/\"> [&#8230;]<\/a><\/p>\n","protected":false},"author":1,"featured_media":0,"parent":0,"menu_order":0,"comment_status":"open","ping_status":"open","template":"bibliukaflar.php","meta":{"footnotes":""},"class_list":["post-2419","page","type-page","status-publish","hentry"],"_links":{"self":[{"href":"https:\/\/biblian.is\/1981\/wp-json\/wp\/v2\/pages\/2419","targetHints":{"allow":["GET"]}}],"collection":[{"href":"https:\/\/biblian.is\/1981\/wp-json\/wp\/v2\/pages"}],"about":[{"href":"https:\/\/biblian.is\/1981\/wp-json\/wp\/v2\/types\/page"}],"author":[{"embeddable":true,"href":"https:\/\/biblian.is\/1981\/wp-json\/wp\/v2\/users\/1"}],"replies":[{"embeddable":true,"href":"https:\/\/biblian.is\/1981\/wp-json\/wp\/v2\/comments?post=2419"}],"version-history":[{"count":0,"href":"https:\/\/biblian.is\/1981\/wp-json\/wp\/v2\/pages\/2419\/revisions"}],"wp:attachment":[{"href":"https:\/\/biblian.is\/1981\/wp-json\/wp\/v2\/media?parent=2419"}],"curies":[{"name":"wp","href":"https:\/\/api.w.org\/{rel}","templated":true}]}}