{"id":2418,"date":"2017-11-18T20:21:42","date_gmt":"2017-11-18T20:21:42","guid":{"rendered":"http:\/\/biblian.is\/1981\/fyrra-korintubref-9-kafli\/"},"modified":"2021-06-06T10:56:49","modified_gmt":"2021-06-06T10:56:49","slug":"fyrra-korintubref-9-kafli","status":"publish","type":"page","link":"https:\/\/biblian.is\/1981\/fyrra-korintubref-9-kafli\/","title":{"rendered":"Fyrra Korintubr\u00e9f 9. kafli"},"content":{"rendered":"<p><a name=\"1\"><span class=\"versanumer\">1<\/span><\/a>Er \u00e9g ekki frj\u00e1ls? Er \u00e9g ekki postuli? Hef \u00e9g ekki s\u00e9\u00f0 Jes\u00fa, Drottin vorn? Eru\u00f0 \u00fe\u00e9r ekki verk mitt, sem \u00e9g hef unni\u00f0 fyrir Drottin?<a name=\"2\"><span class=\"versanumer\">2<\/span><\/a>\u00de\u00f3tt ekki v\u00e6ri \u00e9g postuli fyrir a\u00f0ra, \u00fe\u00e1 er \u00e9g \u00fea\u00f0 fyrir y\u00f0ur. \u00de\u00e9r eru\u00f0 sta\u00f0festing Drottins \u00e1 postulad\u00f3mi m\u00ednum.<a name=\"3\"><span class=\"versanumer\">3<\/span><\/a>\u00deetta er v\u00f6rn m\u00edn gagnvart \u00feeim, sem d\u00e6ma um mig.<a name=\"4\"><span class=\"versanumer\">4<\/span><\/a>H\u00f6fum v\u00e9r ekki r\u00e9tt til a\u00f0 eta og drekka?<a name=\"5\"><span class=\"versanumer\">5<\/span><\/a>H\u00f6fum v\u00e9r ekki r\u00e9tt til a\u00f0 fer\u00f0ast um me\u00f0 kristna eiginkonu, alveg eins og hinir postularnir og br\u00e6\u00f0ur Drottins og Kefas?<a name=\"6\"><span class=\"versanumer\">6<\/span><\/a>E\u00f0a erum vi\u00f0 Barnabas \u00feeir einu, sem eru ekki undan\u00feegnir \u00fev\u00ed a\u00f0 vinna?<a name=\"7\"><span class=\"versanumer\">7<\/span><\/a>Hver tekst nokkurn t\u00edma her\u00fej\u00f3nustu \u00e1 hendur \u00e1 sj\u00e1lfs s\u00edn m\u00e1la? Hver plantar v\u00edngar\u00f0 og neytir ekki \u00e1vaxtar hans? Hver g\u00e6tir hjar\u00f0ar og neytir ekki af mj\u00f3lk hjar\u00f0arinnar?<a name=\"8\"><span class=\"versanumer\">8<\/span><\/a>Tala \u00e9g \u00feetta \u00e1 mannlegan h\u00e1tt, e\u00f0a segir ekki einnig l\u00f6gm\u00e1li\u00f0 \u00fea\u00f0?<a name=\"9\"><span class=\"versanumer\">9<\/span><\/a>Rita\u00f0 er \u00ed l\u00f6gm\u00e1li M\u00f3se: \u00de\u00fa skalt ekki m\u00falbinda uxann, er hann \u00fereskir. Hvort l\u00e6tur Gu\u00f0 s\u00e9r annt um uxana?<a name=\"10\"><span class=\"versanumer\">10<\/span><\/a>E\u00f0a segir hann \u00fea\u00f0 ekki a\u00f0 \u00f6llu leyti vor vegna? J\u00fa, vor vegna stendur skrifa\u00f0, a\u00f0 s\u00e1 sem pl\u00e6gir og s\u00e1 sem \u00fereskir eigi a\u00f0 gj\u00f6ra \u00fea\u00f0 me\u00f0 von um hlutdeild \u00ed uppskerunni.<a name=\"11\"><span class=\"versanumer\">11<\/span><\/a>Ef v\u00e9r n\u00fa h\u00f6fum s\u00e1\u00f0 hj\u00e1 y\u00f0ur \u00fev\u00ed, sem andlegt er, er \u00fea\u00f0 \u00fe\u00e1 of miki\u00f0 a\u00f0 v\u00e9r uppskerum hj\u00e1 y\u00f0ur \u00fea\u00f0, sem l\u00edkamlegt er?<a name=\"12\"><span class=\"versanumer\">12<\/span><\/a>Ef a\u00f0rir hafa \u00feennan r\u00e9tt hj\u00e1 y\u00f0ur, h\u00f6fum v\u00e9r hann \u00fe\u00e1 ekki miklu fremur? En v\u00e9r h\u00f6fum ekki hagn\u00fdtt oss \u00feennan r\u00e9tt, heldur s\u00e6ttum oss vi\u00f0 allt, til \u00feess a\u00f0 t\u00e1lma ekki fagna\u00f0arerindinu um Krist.<a name=\"13\"><span class=\"versanumer\">13<\/span><\/a>Viti\u00f0 \u00fe\u00e9r ekki, a\u00f0 \u00feeir, sem vinna vi\u00f0 helgid\u00f3minn, lifa af \u00fev\u00ed, sem kemur \u00far helgid\u00f3minum, og \u00feeir, sem starfa vi\u00f0 altari\u00f0, taka hlut me\u00f0 altarinu?<a name=\"14\"><span class=\"versanumer\">14<\/span><\/a>\u00deannig hefur Drottinn einnig fyrirskipa\u00f0 a\u00f0 \u00feeir, sem pr\u00e9dika fagna\u00f0arerindi\u00f0, skuli lifa af fagna\u00f0arerindinu.<a name=\"15\"><span class=\"versanumer\">15<\/span><\/a>En \u00e9g hef ekki hagn\u00fdtt m\u00e9r neitt af \u00feessu og \u00e9g skrifa \u00feetta ekki heldur til \u00feess, a\u00f0 svo ver\u00f0i vi\u00f0 mig gj\u00f6rt. M\u00e9r v\u00e6ri betra a\u00f0 deyja, enginn skal \u00f3n\u00fdta \u00fea\u00f0, sem \u00e9g hr\u00f3sa m\u00e9r af.<a name=\"16\"><span class=\"versanumer\">16<\/span><\/a>\u00de\u00f3tt \u00e9g s\u00e9 a\u00f0 bo\u00f0a fagna\u00f0arerindi\u00f0, \u00fe\u00e1 er \u00fea\u00f0 m\u00e9r ekki neitt hr\u00f3sunarefni, \u00fev\u00ed a\u00f0 skyldukv\u00f6\u00f0 hv\u00edlir \u00e1 m\u00e9r. J\u00e1, vei m\u00e9r, ef \u00e9g bo\u00f0a\u00f0i ekki fagna\u00f0arerindi\u00f0.<a name=\"17\"><span class=\"versanumer\">17<\/span><\/a>\u00dev\u00ed a\u00f0 gj\u00f6ri \u00e9g \u00feetta af frj\u00e1lsum vilja, \u00fe\u00e1 f\u00e6 \u00e9g laun, en gj\u00f6ri \u00e9g \u00fea\u00f0 tilkn\u00fa\u00f0ur, \u00fe\u00e1 hefur m\u00e9r veri\u00f0 tr\u00faa\u00f0 fyrir r\u00e1\u00f0smennsku.<a name=\"18\"><span class=\"versanumer\">18<\/span><\/a>Hver eru \u00fe\u00e1 laun m\u00edn? A\u00f0 \u00e9g bo\u00f0a fagna\u00f0arerindi\u00f0 \u00e1n endurgjalds og hagn\u00fdti m\u00e9r ekki \u00fea\u00f0, sem \u00e9g \u00e1 r\u00e9tt \u00e1.<a name=\"19\"><span class=\"versanumer\">19<\/span><\/a>\u00de\u00f3tt \u00e9g s\u00e9 \u00f6llum \u00f3h\u00e1\u00f0ur, hef \u00e9g gj\u00f6rt sj\u00e1lfan mig a\u00f0 \u00fer\u00e6li allra, til \u00feess a\u00f0 \u00e1vinna sem flesta.<a name=\"20\"><span class=\"versanumer\">20<\/span><\/a>\u00c9g hef veri\u00f0 Gy\u00f0ingunum sem Gy\u00f0ingur, til \u00feess a\u00f0 \u00e1vinna Gy\u00f0inga. \u00deeim, sem eru undir l\u00f6gm\u00e1linu, hef \u00e9g veri\u00f0 eins og s\u00e1, sem er undir l\u00f6gm\u00e1linu, enda \u00fe\u00f3tt \u00e9g sj\u00e1lfur s\u00e9 ekki undir l\u00f6gm\u00e1linu, til \u00feess a\u00f0 \u00e1vinna \u00fe\u00e1, sem eru undir l\u00f6gm\u00e1linu.<a name=\"21\"><span class=\"versanumer\">21<\/span><\/a>Hinum l\u00f6gm\u00e1lslausu hef \u00e9g veri\u00f0 sem l\u00f6gm\u00e1lslaus, \u00fe\u00f3tt \u00e9g s\u00e9 ekki laus vi\u00f0 l\u00f6gm\u00e1l Gu\u00f0s, heldur bundinn l\u00f6gm\u00e1li Krists, til \u00feess a\u00f0 \u00e1vinna hina l\u00f6gm\u00e1lslausu.<a name=\"22\"><span class=\"versanumer\">22<\/span><\/a>Hinum \u00f3styrku hef \u00e9g veri\u00f0 \u00f3styrkur til \u00feess a\u00f0 \u00e1vinna hina \u00f3styrku. \u00c9g hef veri\u00f0 \u00f6llum allt, til \u00feess a\u00f0 \u00e9g geti a\u00f0 minnsta kosti frelsa\u00f0 nokkra.<a name=\"23\"><span class=\"versanumer\">23<\/span><\/a>\u00c9g gj\u00f6ri allt vegna fagna\u00f0arerindisins, til \u00feess a\u00f0 \u00e9g f\u00e1i hlutdeild me\u00f0 \u00fev\u00ed.<a name=\"24\"><span class=\"versanumer\">24<\/span><\/a>Viti\u00f0 \u00fe\u00e9r ekki, a\u00f0 \u00feeir, sem keppa \u00e1 \u00ed\u00fer\u00f3ttavelli, hlaupa a\u00f0 s\u00f6nnu allir, en einn f\u00e6r sigurlaunin? Hlaupi\u00f0 \u00feannig, a\u00f0 \u00fe\u00e9r hlj\u00f3ti\u00f0 \u00feau.<a name=\"25\"><span class=\"versanumer\">25<\/span><\/a>S\u00e9rhver, sem tekur \u00fe\u00e1tt \u00ed kappleikjum, neitar s\u00e9r um allt. \u00deeir sem keppa gj\u00f6ra \u00fea\u00f0 til \u00feess a\u00f0 hlj\u00f3ta forgengilegan sigursveig, en v\u00e9r \u00f3forgengilegan.<a name=\"26\"><span class=\"versanumer\">26<\/span><\/a>\u00deess vegna hleyp \u00e9g ekki stefnulaust. \u00c9g berst eins og hnefaleikama\u00f0ur, sem engin vindh\u00f6gg sl\u00e6r.<a name=\"27\"><span class=\"versanumer\">27<\/span><\/a>\u00c9g leik l\u00edkama minn hart og gj\u00f6ri hann a\u00f0 \u00fer\u00e6li m\u00ednum, til \u00feess a\u00f0 \u00e9g, sem hef pr\u00e9dika\u00f0 fyrir \u00f6\u00f0rum, skuli ekki sj\u00e1lfur ver\u00f0a gj\u00f6r\u00f0ur r\u00e6kur.<\/p>\n<div class=\"footnote1981\"><b>9.1<\/b> Frelsi postulans 1Kor 9.19 \u2013 P\u00e1ll hefur s\u00e9\u00f0 Drottin Post 22.17-18; 26.16; 1Kor 15.8<br \/>\n<b>9.2<\/b> Sta\u00f0festing \u00e1 postulad\u00f3mi sbr 2Kor 3.2-3<br \/>\n<b>9.4<\/b> R\u00e9ttur postula L\u00fak 10.8; 1Kor 9.13-14<br \/>\n<b>9.5<\/b> Kefas 1Kor 1.12+<br \/>\n<b>9.6<\/b> Barnabas Post 4.36+<br \/>\n<b>9.9<\/b> Ekki m\u00falbinda &#8230; 5M\u00f3s 25.4; 1T\u00edm 5.18<br \/>\n<b>9.10<\/b> Hlutdeild 2T\u00edm 2.6<br \/>\n<b>9.11<\/b> Andlegt og l\u00edkamlegt R\u00f3m 15.27<br \/>\n<b>9.12<\/b> Ekki hagn\u00fdtt m\u00e9r Post 20.34-35; 2Kor 11.9 \u2013 s\u00e6tti mig vi\u00f0 1Kor 13.7<br \/>\n<b>9.13<\/b> R\u00e9ttur \u00feeirra sem vinna vi\u00f0 helgid\u00f3minn 3M\u00f3s 6.9,19; 4M\u00f3s 18.8,31; 5M\u00f3s 18.1-3<br \/>\n<b>9.14<\/b> Drottinn fyrirskipar &#8230; 1Kor 7.10-11; 11.23-25 \u2013 lifa af fagna\u00f0arerindinu Matt 10.10; L\u00fak 10.7; Gal 6.6<br \/>\n<b>9.15<\/b> Ekki hagn\u00fdtt Post 18.3; sbr 1Kor 9.12+<br \/>\n<b>9.16<\/b> Kn\u00fainn til Jer 20.9<br \/>\n<b>9.17<\/b> R\u00e1\u00f0smennska 1Kor 4.1<br \/>\n<b>9.19<\/b> \u00der\u00e6ll Matt 20.26-27<br \/>\n<b>9.20<\/b> Gy\u00f0ingum sem Gy\u00f0ingur Post 16.3; 21.20-26<br \/>\n<b>9.21<\/b> \u00deekkja ekki l\u00f6gm\u00e1li\u00f0 Gal 2.3<br \/>\n<b>9.22<\/b> Hinum \u00f3styrku \u00f3styrkur 2Kor 11.29; sbr R\u00f3m 14.1-15.3 \u2013 til a\u00f0 frelsa nokkur R\u00f3m 11.14<br \/>\n<b>9.24<\/b> Hlaupi\u00f0 og f\u00e1i\u00f0 sigurlaun sbr Gal 2.2; 5.7; Fil 2.16; 3.14; 2T\u00edm 4.7; Heb 12.1; 2T\u00edm 2.5<br \/>\n<b>9.25<\/b> Leggur hart a\u00f0 s\u00e9r 2T\u00edm 2.4-5 \u2013 \u00f3forgengilegur sigursveigur Fil 3.14; 2T\u00edm 4.8; Jak 1.12; 1P\u00e9t 5.4; Opb 2.10<br \/>\n<b>9.27<\/b> Aga l\u00edkamann R\u00f3m 8.13; 13.14<\/div>\n","protected":false},"excerpt":{"rendered":"<p>1Er \u00e9g ekki frj\u00e1ls? Er \u00e9g ekki postuli? Hef \u00e9g ekki s\u00e9\u00f0 Jes\u00fa, Drottin vorn? Eru\u00f0 \u00fe\u00e9r ekki verk mitt, sem \u00e9g hef unni\u00f0 fyrir Drottin?2\u00de\u00f3tt ekki v\u00e6ri \u00e9g postuli fyrir a\u00f0ra, \u00fe\u00e1 er \u00e9g \u00fea\u00f0 fyrir y\u00f0ur. \u00de\u00e9r eru\u00f0 sta\u00f0festing Drottins \u00e1 postulad\u00f3mi m\u00ednum.3\u00deetta er v\u00f6rn m\u00edn gagnvart \u00feeim, sem d\u00e6ma um mig.4H\u00f6fum v\u00e9r ekki r\u00e9tt til a\u00f0 eta og drekka?5H\u00f6fum v\u00e9r ekki r\u00e9tt til a\u00f0 fer\u00f0ast um me\u00f0 kristna eiginkonu, alveg eins og hinir postularnir og br\u00e6\u00f0ur Drottins og Kefas?6E\u00f0a erum vi\u00f0 Barnabas \u00feeir einu, sem eru ekki undan\u00feegnir \u00fev\u00ed a\u00f0 vinna?7Hver tekst nokkurn t\u00edma her\u00fej\u00f3nustu \u00e1 hendur <a href=\"https:\/\/biblian.is\/1981\/fyrra-korintubref-9-kafli\/\"> [&#8230;]<\/a><\/p>\n","protected":false},"author":1,"featured_media":0,"parent":0,"menu_order":0,"comment_status":"open","ping_status":"open","template":"bibliukaflar.php","meta":{"footnotes":""},"class_list":["post-2418","page","type-page","status-publish","hentry"],"_links":{"self":[{"href":"https:\/\/biblian.is\/1981\/wp-json\/wp\/v2\/pages\/2418","targetHints":{"allow":["GET"]}}],"collection":[{"href":"https:\/\/biblian.is\/1981\/wp-json\/wp\/v2\/pages"}],"about":[{"href":"https:\/\/biblian.is\/1981\/wp-json\/wp\/v2\/types\/page"}],"author":[{"embeddable":true,"href":"https:\/\/biblian.is\/1981\/wp-json\/wp\/v2\/users\/1"}],"replies":[{"embeddable":true,"href":"https:\/\/biblian.is\/1981\/wp-json\/wp\/v2\/comments?post=2418"}],"version-history":[{"count":0,"href":"https:\/\/biblian.is\/1981\/wp-json\/wp\/v2\/pages\/2418\/revisions"}],"wp:attachment":[{"href":"https:\/\/biblian.is\/1981\/wp-json\/wp\/v2\/media?parent=2418"}],"curies":[{"name":"wp","href":"https:\/\/api.w.org\/{rel}","templated":true}]}}