{"id":2417,"date":"2017-11-18T20:21:42","date_gmt":"2017-11-18T20:21:42","guid":{"rendered":"http:\/\/biblian.is\/1981\/fyrra-korintubref-8-kafli\/"},"modified":"2021-06-06T10:56:49","modified_gmt":"2021-06-06T10:56:49","slug":"fyrra-korintubref-8-kafli","status":"publish","type":"page","link":"https:\/\/biblian.is\/1981\/fyrra-korintubref-8-kafli\/","title":{"rendered":"Fyrra Korintubr\u00e9f 8. kafli"},"content":{"rendered":"<p><a name=\"1\"><span class=\"versanumer\">1<\/span><\/a>\u00de\u00e1 er a\u00f0 minnast \u00e1 kj\u00f6ti\u00f0, sem f\u00f3rna\u00f0 hefur veri\u00f0 skur\u00f0go\u00f0um. V\u00e9r vitum, a\u00f0 \u00feekking h\u00f6fum v\u00e9r allir. \u00deekkingin bl\u00e6s menn upp, en k\u00e6rleikurinn byggir upp.<a name=\"2\"><span class=\"versanumer\">2<\/span><\/a>Ef einhver \u00feykist hafa \u00f6\u00f0last \u00feekkingu \u00e1 einhverju, \u00fe\u00e1 \u00feekkir hann enn ekki eins og \u00feekkja ber.<a name=\"3\"><span class=\"versanumer\">3<\/span><\/a>En ef einhver elskar Gu\u00f0, \u00fe\u00e1 er hann \u00feekktur af honum.<a name=\"4\"><span class=\"versanumer\">4<\/span><\/a>En hva\u00f0 var\u00f0ar neyslu kj\u00f6ts, sem f\u00f3rna\u00f0 hefur veri\u00f0 skur\u00f0go\u00f0um, \u00fe\u00e1 vitum v\u00e9r, a\u00f0 skur\u00f0go\u00f0 er ekkert \u00ed heiminum og a\u00f0 enginn er Gu\u00f0 nema einn.<a name=\"5\"><span class=\"versanumer\">5<\/span><\/a>\u00dev\u00ed a\u00f0 enda \u00fe\u00f3tt til s\u00e9u svo nefndir gu\u00f0ir, hvort heldur er \u00e1 himni e\u00f0a \u00e1 j\u00f6r\u00f0u, enda eru margir gu\u00f0ir og margir herrar,<a name=\"6\"><span class=\"versanumer\">6<\/span><\/a>\u00fe\u00e1 h\u00f6fum v\u00e9r ekki nema einn Gu\u00f0, f\u00f6\u00f0urinn, sem allir hlutir eru fr\u00e1 og l\u00edf vort stefnir til, og einn Drottin, Jes\u00fa Krist, sem allir hlutir eru til or\u00f0nir fyrir og v\u00e9r fyrir hann.<a name=\"7\"><span class=\"versanumer\">7<\/span><\/a>En ekki hafa allir \u00feessa \u00feekkingu. Af g\u00f6mlum vana eta nokkrir kj\u00f6ti\u00f0 allt til \u00feessa sem f\u00f3rnarkj\u00f6t, og \u00fe\u00e1 saurgast samviska \u00feeirra, sem er \u00f3styrk.<a name=\"8\"><span class=\"versanumer\">8<\/span><\/a>En matur mun ekki gj\u00f6ra oss \u00fe\u00f3knanlega Gu\u00f0i. Hvorki missum v\u00e9r neins, \u00fe\u00f3tt v\u00e9r etum \u00fea\u00f0 ekki, n\u00e9 \u00e1vinnum v\u00e9r neitt, \u00fe\u00f3tt v\u00e9r etum.<a name=\"9\"><span class=\"versanumer\">9<\/span><\/a>En g\u00e6ti\u00f0 \u00feess, a\u00f0 \u00feetta frelsi y\u00f0ar ver\u00f0i ekki hinum \u00f3styrku a\u00f0 falli.<a name=\"10\"><span class=\"versanumer\">10<\/span><\/a>\u00dev\u00ed sj\u00e1i einhver \u00feig, sem hefur \u00feekkingu \u00e1 \u00feessu, sitja til bor\u00f0s \u00ed go\u00f0ahofi, mundi \u00fea\u00f0 ekki st\u00e6la samvisku \u00feess, sem \u00f3styrkur er, til a\u00f0 neyta f\u00f3rnarkj\u00f6ts?<a name=\"11\"><span class=\"versanumer\">11<\/span><\/a>Hinn \u00f3styrki glatast \u00fe\u00e1 vegna \u00feekkingar \u00feinnar, br\u00f3\u00f0irinn, sem Kristur d\u00f3 fyrir.<a name=\"12\"><span class=\"versanumer\">12<\/span><\/a>\u00deegar \u00fe\u00e9r \u00feannig syndgi\u00f0 gegn br\u00e6\u00f0runum og s\u00e6ri\u00f0 \u00f3styrka samvisku \u00feeirra, \u00fe\u00e1 syndgi\u00f0 \u00fe\u00e9r \u00e1 m\u00f3ti Kristi.<a name=\"13\"><span class=\"versanumer\">13<\/span><\/a>\u00deess vegna mun \u00e9g, ef matur ver\u00f0ur br\u00f3\u00f0ur m\u00ednum til falls, um aldur og \u00e6vi ekki kj\u00f6ts neyta, til \u00feess a\u00f0 \u00e9g ver\u00f0i br\u00f3\u00f0ur m\u00ednum ekki til falls.<\/p>\n<div class=\"footnote1981\"><b>8.1<\/b> Kj\u00f6t f\u00f3rna\u00f0 skur\u00f0go\u00f0um Post 15.29; 1Kor 10.23-31<br \/>\n<b>8.2<\/b> \u00deykist einhver &#8230; Gal 6.3<br \/>\n<b>8.3<\/b> \u00deekktur af Gu\u00f0i Gal 4.9<br \/>\n<b>8.4<\/b> Skur\u00f0go\u00f0 ekki til 1Kor 10.19 \u2013 enginn er Gu\u00f0 nema einn 5M\u00f3s 4.35,39; 6.4<br \/>\n<b>8.5<\/b> Svonefndir gu\u00f0ir 1Kor 10.20-21<br \/>\n<b>8.6<\/b> Einn Gu\u00f0 Mal 2.10; 1Kor 12.6; Ef 4.6 \u2013 einn Drottinn J\u00f3h 1.3; 1Kor 12.5; Ef 4.5; K\u00f3l 1.16<br \/>\n<b>8.8<\/b> Matur og sambandi\u00f0 vi\u00f0 Gu\u00f0 R\u00f3m 14.17<br \/>\n<b>8.9<\/b> A\u00f0 falli R\u00f3m 14.13,15,21; Gal 5.13<br \/>\n<b>8.11<\/b> Hinn \u00f3styrki og frelsi \u00feitt R\u00f3m 14.15,20<br \/>\n<b>8.13<\/b> Til falls R\u00f3m 14.21<\/div>\n","protected":false},"excerpt":{"rendered":"<p>1\u00de\u00e1 er a\u00f0 minnast \u00e1 kj\u00f6ti\u00f0, sem f\u00f3rna\u00f0 hefur veri\u00f0 skur\u00f0go\u00f0um. V\u00e9r vitum, a\u00f0 \u00feekking h\u00f6fum v\u00e9r allir. \u00deekkingin bl\u00e6s menn upp, en k\u00e6rleikurinn byggir upp.2Ef einhver \u00feykist hafa \u00f6\u00f0last \u00feekkingu \u00e1 einhverju, \u00fe\u00e1 \u00feekkir hann enn ekki eins og \u00feekkja ber.3En ef einhver elskar Gu\u00f0, \u00fe\u00e1 er hann \u00feekktur af honum.4En hva\u00f0 var\u00f0ar neyslu kj\u00f6ts, sem f\u00f3rna\u00f0 hefur veri\u00f0 skur\u00f0go\u00f0um, \u00fe\u00e1 vitum v\u00e9r, a\u00f0 skur\u00f0go\u00f0 er ekkert \u00ed heiminum og a\u00f0 enginn er Gu\u00f0 nema einn.5\u00dev\u00ed a\u00f0 enda \u00fe\u00f3tt til s\u00e9u svo nefndir gu\u00f0ir, hvort heldur er \u00e1 himni e\u00f0a \u00e1 j\u00f6r\u00f0u, enda eru margir gu\u00f0ir og margir herrar,6\u00fe\u00e1 <a href=\"https:\/\/biblian.is\/1981\/fyrra-korintubref-8-kafli\/\"> [&#8230;]<\/a><\/p>\n","protected":false},"author":1,"featured_media":0,"parent":0,"menu_order":0,"comment_status":"open","ping_status":"open","template":"bibliukaflar.php","meta":{"footnotes":""},"class_list":["post-2417","page","type-page","status-publish","hentry"],"_links":{"self":[{"href":"https:\/\/biblian.is\/1981\/wp-json\/wp\/v2\/pages\/2417","targetHints":{"allow":["GET"]}}],"collection":[{"href":"https:\/\/biblian.is\/1981\/wp-json\/wp\/v2\/pages"}],"about":[{"href":"https:\/\/biblian.is\/1981\/wp-json\/wp\/v2\/types\/page"}],"author":[{"embeddable":true,"href":"https:\/\/biblian.is\/1981\/wp-json\/wp\/v2\/users\/1"}],"replies":[{"embeddable":true,"href":"https:\/\/biblian.is\/1981\/wp-json\/wp\/v2\/comments?post=2417"}],"version-history":[{"count":0,"href":"https:\/\/biblian.is\/1981\/wp-json\/wp\/v2\/pages\/2417\/revisions"}],"wp:attachment":[{"href":"https:\/\/biblian.is\/1981\/wp-json\/wp\/v2\/media?parent=2417"}],"curies":[{"name":"wp","href":"https:\/\/api.w.org\/{rel}","templated":true}]}}