{"id":2415,"date":"2017-11-18T20:21:42","date_gmt":"2017-11-18T20:21:42","guid":{"rendered":"http:\/\/biblian.is\/1981\/fyrra-korintubref-6-kafli\/"},"modified":"2021-06-06T10:56:48","modified_gmt":"2021-06-06T10:56:48","slug":"fyrra-korintubref-6-kafli","status":"publish","type":"page","link":"https:\/\/biblian.is\/1981\/fyrra-korintubref-6-kafli\/","title":{"rendered":"Fyrra Korintubr\u00e9f 6. kafli"},"content":{"rendered":"<p><a name=\"1\"><span class=\"versanumer\">1<\/span><\/a>Getur nokkur y\u00f0ar, sem hefur s\u00f6k m\u00f3ti \u00f6\u00f0rum, fengi\u00f0 af s\u00e9r a\u00f0 leggja m\u00e1li\u00f0 undir d\u00f3m hei\u00f0inna manna, en ekki hinna heil\u00f6gu?<a name=\"2\"><span class=\"versanumer\">2<\/span><\/a>E\u00f0a viti\u00f0 \u00fe\u00e9r ekki, a\u00f0 hinir heil\u00f6gu eiga a\u00f0 d\u00e6ma heiminn? Og ef \u00fe\u00e9r eigi\u00f0 a\u00f0 d\u00e6ma heiminn, eru\u00f0 \u00fe\u00e9r \u00fe\u00e1 \u00f3ver\u00f0ugir a\u00f0 d\u00e6ma \u00ed hinum minnstu m\u00e1lum?<a name=\"3\"><span class=\"versanumer\">3<\/span><\/a>Viti\u00f0 \u00fe\u00e9r eigi, a\u00f0 v\u00e9r eigum a\u00f0 d\u00e6ma engla? Hva\u00f0 \u00fe\u00e1 heldur t\u00edmanleg efni!<a name=\"4\"><span class=\"versanumer\">4<\/span><\/a>\u00deegar \u00fe\u00e9r eigi\u00f0 a\u00f0 d\u00e6ma um t\u00edmanleg efni, \u00fe\u00e1 kve\u00f0ji\u00f0 \u00fe\u00e9r a\u00f0 d\u00f3murum menn, sem a\u00f0 engu eru haf\u00f0ir \u00ed s\u00f6fnu\u00f0inum.<a name=\"5\"><span class=\"versanumer\">5<\/span><\/a>\u00c9g segi \u00fea\u00f0 y\u00f0ur til blyg\u00f0unar. Er \u00fe\u00e1 enginn vitur til \u00e1 me\u00f0al y\u00f0ar, sem skori\u00f0 geti \u00far m\u00e1lum milli br\u00e6\u00f0ra?<a name=\"6\"><span class=\"versanumer\">6<\/span><\/a>\u00cd sta\u00f0 \u00feess \u00e1 br\u00f3\u00f0ir \u00ed m\u00e1li vi\u00f0 br\u00f3\u00f0ur og \u00fea\u00f0 fyrir vantr\u00fau\u00f0um!<a name=\"7\"><span class=\"versanumer\">7<\/span><\/a>Annars er \u00fea\u00f0 n\u00fa yfirleitt galli \u00e1 y\u00f0ur, a\u00f0 \u00fe\u00e9r eigi\u00f0 \u00ed m\u00e1laferlum hver vi\u00f0 annan. Hv\u00ed l\u00ed\u00f0i\u00f0 \u00fe\u00e9r ekki heldur \u00f3r\u00e9tt? Hv\u00ed l\u00e1ti\u00f0 \u00fe\u00e9r ekki heldur hafa af y\u00f0ur?<a name=\"8\"><span class=\"versanumer\">8<\/span><\/a>\u00cd sta\u00f0 \u00feess hafi\u00f0 \u00fe\u00e9r rangsleitni \u00ed frammi og hafi\u00f0 af \u00f6\u00f0rum og \u00fea\u00f0 af br\u00e6\u00f0rum!<a name=\"9\"><span class=\"versanumer\">9<\/span><\/a>Viti\u00f0 \u00fe\u00e9r ekki, a\u00f0 rangl\u00e1tir munu ekki Gu\u00f0s r\u00edki erfa? Villist ekki! Hvorki munu saurl\u00edfismenn n\u00e9 skur\u00f0go\u00f0ad\u00fdrkendur, h\u00f3rkarlar n\u00e9 kynvillingar,<a name=\"10\"><span class=\"versanumer\">10<\/span><\/a>\u00fej\u00f3far n\u00e9 \u00e1s\u00e6lnir, drykkjumenn, lastm\u00e1lir n\u00e9 r\u00e6ningjar Gu\u00f0s r\u00edki erfa.<a name=\"11\"><span class=\"versanumer\">11<\/span><\/a>Og \u00feetta voru\u00f0 \u00fe\u00e9r, sumir y\u00f0ar. En \u00fe\u00e9r l\u00e9tu\u00f0 laugast, \u00fe\u00e9r eru\u00f0 helga\u00f0ir, \u00fe\u00e9r eru\u00f0 r\u00e9ttl\u00e6ttir fyrir nafn Drottins Jes\u00fa Krists og fyrir anda vors Gu\u00f0s.<a name=\"12\"><span class=\"versanumer\">12<\/span><\/a>Allt er m\u00e9r leyfilegt, en ekki er allt gagnlegt. Allt er m\u00e9r leyfilegt, en \u00e9g m\u00e1 ekki l\u00e1ta neitt f\u00e1 vald yfir m\u00e9r.<a name=\"13\"><span class=\"versanumer\">13<\/span><\/a>Maturinn er fyrir magann og maginn fyrir matinn, en Gu\u00f0 mun hvort tveggja a\u00f0 engu gj\u00f6ra. En l\u00edkaminn er ekki fyrir saurl\u00edfi, heldur fyrir Drottin og Drottinn fyrir l\u00edkamann.<a name=\"14\"><span class=\"versanumer\">14<\/span><\/a>Gu\u00f0 hefur uppvaki\u00f0 Drottin og mun uppvekja oss fyrir kraft sinn.<a name=\"15\"><span class=\"versanumer\">15<\/span><\/a>Viti\u00f0 \u00fe\u00e9r ekki, a\u00f0 l\u00edkamir y\u00f0ar eru limir Krists? \u00c1 \u00e9g \u00fe\u00e1 a\u00f0 taka limi Krists og gj\u00f6ra \u00fe\u00e1 a\u00f0 sk\u00e6kjulimum? Fjarri fer \u00fev\u00ed.<a name=\"16\"><span class=\"versanumer\">16<\/span><\/a>Viti\u00f0 \u00fe\u00e9r ekki, a\u00f0 s\u00e1 er samlagar sig sk\u00e6kjunni ver\u00f0ur \u00e1samt henni einn l\u00edkami? \u00dev\u00ed a\u00f0 sagt er: \u00deau tv\u00f6 munu ver\u00f0a eitt hold.<a name=\"17\"><span class=\"versanumer\">17<\/span><\/a>En s\u00e1 er samlagar sig Drottni er einn andi \u00e1samt honum.<a name=\"18\"><span class=\"versanumer\">18<\/span><\/a>Fl\u00fdi\u00f0 saurlifna\u00f0inn! S\u00e9rhver \u00f6nnur synd, sem ma\u00f0urinn dr\u00fdgir, er fyrir utan l\u00edkama hans. En saurl\u00edfisma\u00f0urinn syndgar \u00e1 m\u00f3ti eigin l\u00edkama.<a name=\"19\"><span class=\"versanumer\">19<\/span><\/a>Viti\u00f0 \u00fe\u00e9r ekki, a\u00f0 l\u00edkami y\u00f0ar er musteri heilags anda, sem \u00ed y\u00f0ur er og \u00fe\u00e9r hafi\u00f0 fr\u00e1 Gu\u00f0i? Og ekki eru\u00f0 \u00fe\u00e9r y\u00f0ar eigin.<a name=\"20\"><span class=\"versanumer\">20<\/span><\/a>\u00de\u00e9r eru\u00f0 ver\u00f0i keyptir. Vegsami\u00f0 \u00fev\u00ed Gu\u00f0 me\u00f0 l\u00edkama y\u00f0ar.<\/p>\n<div class=\"footnote1981\"><b>6.1<\/b> Hin heil\u00f6gu Post 9.13+ ; R\u00f3m 1.7+<br \/>\n<b>6.2<\/b> Heilagir d\u00e6ma heiminn Dan 7.22; SSal 3.8; Opb 3.21<br \/>\n<b>6.7<\/b> L\u00ed\u00f0a heldur \u00f3r\u00e9tt Matt 5.39; 1\u00deess 5.15; 1P\u00e9t 3.9<br \/>\n<b>6.9-10<\/b> Lestir R\u00f3m 1.29+<br \/>\n<b>6.11<\/b> Laugast, r\u00e9ttl\u00e6tt T\u00edt 3.3-7<br \/>\n<b>6.12<\/b> Leyfilegt en ekki gagnlegt S\u00edr 37.28; 1Kor 10.23<br \/>\n<b>6.13<\/b> L\u00edkaminn R\u00f3m 6.12; 8.10-13,23; 12.1; 1Kor 7.4; 15.35; 2Kor 4.10; Fil 1.20; 3.21 o.fl. \u2013 Drottinn, herra og frelsari l\u00edkamans 1\u00deess 4.3-5<br \/>\n<b>6.14<\/b> Mun uppvekja okkur R\u00f3m 8.11; 1Kor 15.15,20; 2Kor 4.14<br \/>\n<b>6.15<\/b> Limir Krists R\u00f3m 12.5; 1Kor 12.27<br \/>\n<b>6.16<\/b> \u00deau tv\u00f6 &#8230; 1M\u00f3s 2.24; Matt 19.5<br \/>\n<b>6.17<\/b> Einn andi \u00e1samt Drottni J\u00f3h 17.21-23; R\u00f3m 8.9-11; Gal 2.20<br \/>\n<b>6.19<\/b> Musteri heilags anda 1Kor 3.16; 2Kor 6.16<br \/>\n<b>6.20<\/b> Ver\u00f0i keypt 1Kor 7.23; 1P\u00e9t 1.18-19; sbr R\u00f3m 3.24<\/div>\n","protected":false},"excerpt":{"rendered":"<p>1Getur nokkur y\u00f0ar, sem hefur s\u00f6k m\u00f3ti \u00f6\u00f0rum, fengi\u00f0 af s\u00e9r a\u00f0 leggja m\u00e1li\u00f0 undir d\u00f3m hei\u00f0inna manna, en ekki hinna heil\u00f6gu?2E\u00f0a viti\u00f0 \u00fe\u00e9r ekki, a\u00f0 hinir heil\u00f6gu eiga a\u00f0 d\u00e6ma heiminn? Og ef \u00fe\u00e9r eigi\u00f0 a\u00f0 d\u00e6ma heiminn, eru\u00f0 \u00fe\u00e9r \u00fe\u00e1 \u00f3ver\u00f0ugir a\u00f0 d\u00e6ma \u00ed hinum minnstu m\u00e1lum?3Viti\u00f0 \u00fe\u00e9r eigi, a\u00f0 v\u00e9r eigum a\u00f0 d\u00e6ma engla? Hva\u00f0 \u00fe\u00e1 heldur t\u00edmanleg efni!4\u00deegar \u00fe\u00e9r eigi\u00f0 a\u00f0 d\u00e6ma um t\u00edmanleg efni, \u00fe\u00e1 kve\u00f0ji\u00f0 \u00fe\u00e9r a\u00f0 d\u00f3murum menn, sem a\u00f0 engu eru haf\u00f0ir \u00ed s\u00f6fnu\u00f0inum.5\u00c9g segi \u00fea\u00f0 y\u00f0ur til blyg\u00f0unar. Er \u00fe\u00e1 enginn vitur til \u00e1 me\u00f0al y\u00f0ar, sem skori\u00f0 geti \u00far m\u00e1lum <a href=\"https:\/\/biblian.is\/1981\/fyrra-korintubref-6-kafli\/\"> [&#8230;]<\/a><\/p>\n","protected":false},"author":1,"featured_media":0,"parent":0,"menu_order":0,"comment_status":"open","ping_status":"open","template":"bibliukaflar.php","meta":{"footnotes":""},"class_list":["post-2415","page","type-page","status-publish","hentry"],"_links":{"self":[{"href":"https:\/\/biblian.is\/1981\/wp-json\/wp\/v2\/pages\/2415","targetHints":{"allow":["GET"]}}],"collection":[{"href":"https:\/\/biblian.is\/1981\/wp-json\/wp\/v2\/pages"}],"about":[{"href":"https:\/\/biblian.is\/1981\/wp-json\/wp\/v2\/types\/page"}],"author":[{"embeddable":true,"href":"https:\/\/biblian.is\/1981\/wp-json\/wp\/v2\/users\/1"}],"replies":[{"embeddable":true,"href":"https:\/\/biblian.is\/1981\/wp-json\/wp\/v2\/comments?post=2415"}],"version-history":[{"count":0,"href":"https:\/\/biblian.is\/1981\/wp-json\/wp\/v2\/pages\/2415\/revisions"}],"wp:attachment":[{"href":"https:\/\/biblian.is\/1981\/wp-json\/wp\/v2\/media?parent=2415"}],"curies":[{"name":"wp","href":"https:\/\/api.w.org\/{rel}","templated":true}]}}