{"id":2414,"date":"2017-11-18T20:21:42","date_gmt":"2017-11-18T20:21:42","guid":{"rendered":"http:\/\/biblian.is\/1981\/fyrra-korintubref-5-kafli\/"},"modified":"2021-06-06T10:56:48","modified_gmt":"2021-06-06T10:56:48","slug":"fyrra-korintubref-5-kafli","status":"publish","type":"page","link":"https:\/\/biblian.is\/1981\/fyrra-korintubref-5-kafli\/","title":{"rendered":"Fyrra Korintubr\u00e9f 5. kafli"},"content":{"rendered":"<p><a name=\"1\"><span class=\"versanumer\">1<\/span><\/a>\u00dea\u00f0 er m\u00e9r sagt a\u00f0 saurlifna\u00f0ur eigi s\u00e9r sta\u00f0 \u00e1 me\u00f0al y\u00f0ar, og \u00fea\u00f0 sl\u00edkur saurlifna\u00f0ur, sem jafnvel gerist ekki me\u00f0al hei\u00f0ingja, a\u00f0 ma\u00f0ur heldur vi\u00f0 konu f\u00f6\u00f0ur s\u00edns.<a name=\"2\"><span class=\"versanumer\">2<\/span><\/a>Og svo eru\u00f0 \u00fe\u00e9r st\u00e6ril\u00e1tir, \u00ed sta\u00f0 \u00feess a\u00f0 hryggjast og gj\u00f6ra gangsk\u00f6r a\u00f0 \u00fev\u00ed, a\u00f0 manninum, sem \u00feetta hefur dr\u00fdgt, yr\u00f0i \u00fatr\u00fdmt \u00far f\u00e9lagi y\u00f0ar!<a name=\"3\"><span class=\"versanumer\">3<\/span><\/a>\u00c9g fyrir mitt leyti, fjarl\u00e6gur a\u00f0 l\u00edkamanum til, en n\u00e1l\u00e6gur a\u00f0 andanum, hef \u00feegar, eins og \u00e9g v\u00e6ri n\u00e1l\u00e6gur, kve\u00f0i\u00f0 upp d\u00f3m \u00ed nafni Drottins vors Jes\u00fa yfir manni \u00feeim, sem \u00feetta hefur dr\u00fdgt:<a name=\"4\"><span class=\"versanumer\">4<\/span><\/a>\u00deegar \u00fe\u00e9r og minn andi eru\u00f0 saman komnir me\u00f0 krafti Drottins vors Jes\u00fa,<a name=\"5\"><span class=\"versanumer\">5<\/span><\/a>skal selja sl\u00edkan mann Satan \u00e1 vald til tort\u00edmingar holdinu, til \u00feess a\u00f0 andinn megi h\u00f3lpinn ver\u00f0a \u00e1 degi Drottins Jes\u00fa.<a name=\"6\"><span class=\"versanumer\">6<\/span><\/a>Ekki hafi\u00f0 \u00fe\u00e9r \u00e1st\u00e6\u00f0u til a\u00f0 st\u00e6ra y\u00f0ur! Viti\u00f0 \u00fe\u00e9r ekki, a\u00f0 l\u00edti\u00f0 s\u00fardeig s\u00fdrir allt deigi\u00f0?<a name=\"7\"><span class=\"versanumer\">7<\/span><\/a>Hreinsi\u00f0 burt gamla s\u00fardeigi\u00f0, til \u00feess a\u00f0 \u00fe\u00e9r s\u00e9u\u00f0 n\u00fdtt deig, enda eru\u00f0 \u00fe\u00e9r \u00f3s\u00fdr\u00f0ir. \u00dev\u00ed a\u00f0 p\u00e1skalambi voru er sl\u00e1tra\u00f0, sem er Kristur.<a name=\"8\"><span class=\"versanumer\">8<\/span><\/a>H\u00f6ldum \u00fev\u00ed h\u00e1t\u00ed\u00f0, ekki me\u00f0 g\u00f6mlu s\u00fardeigi n\u00e9 me\u00f0 s\u00fardeigi illsku og vonsku, heldur me\u00f0 \u00f3s\u00fdr\u00f0um brau\u00f0um hreinleikans og sannleikans.<a name=\"9\"><span class=\"versanumer\">9<\/span><\/a>\u00c9g rita\u00f0i y\u00f0ur \u00ed br\u00e9finu, a\u00f0 \u00fe\u00e9r skyldu\u00f0 ekki umgangast saurl\u00edfismenn.<a name=\"10\"><span class=\"versanumer\">10<\/span><\/a>\u00c1tti \u00e9g \u00fear ekki vi\u00f0 saurl\u00edfismenn \u00feessa heims yfirleitt, \u00e1s\u00e6lna og r\u00e6ningja e\u00f0a hj\u00e1gu\u00f0ad\u00fdrkendur, \u00fev\u00ed a\u00f0 \u00fe\u00e1 hef\u00f0u\u00f0 \u00fe\u00e9r or\u00f0i\u00f0 a\u00f0 fara \u00fat \u00far heiminum.<a name=\"11\"><span class=\"versanumer\">11<\/span><\/a>En n\u00fa rita \u00e9g y\u00f0ur, a\u00f0 \u00fe\u00e9r skulu\u00f0 ekki umgangast nokkurn \u00feann, er nefnir sig br\u00f3\u00f0ur, en er saurl\u00edfisma\u00f0ur e\u00f0a \u00e1s\u00e6linn, skur\u00f0go\u00f0ad\u00fdrkari e\u00f0a lastm\u00e1ll, ofdrykkjuma\u00f0ur e\u00f0a r\u00e6ningi. \u00de\u00e9r skulu\u00f0 jafnvel ekki sitja a\u00f0 bor\u00f0i me\u00f0 sl\u00edkum manni.<a name=\"12\"><span class=\"versanumer\">12<\/span><\/a>Hva\u00f0 skyldi \u00e9g vera a\u00f0 d\u00e6ma \u00fe\u00e1, sem fyrir utan eru? D\u00e6mi\u00f0 \u00fe\u00e9r ekki \u00fe\u00e1, sem fyrir innan eru?<a name=\"13\"><span class=\"versanumer\">13<\/span><\/a>Og mun ekki Gu\u00f0 d\u00e6ma \u00fe\u00e1, sem fyrir utan eru? \u00datr\u00fdmi\u00f0 hinum vonda \u00far y\u00f0ar h\u00f3pi.<\/p>\n<div class=\"footnote1981\"><b>5.1<\/b> Saurlifna\u00f0ur 3M\u00f3s 18.7-8; 5M\u00f3s 22.30; 27.20<br \/>\n<b>5.3<\/b> Fjarl\u00e6gur, n\u00e1l\u00e6gur K\u00f3l 2.5<br \/>\n<b>5.4<\/b> \u00c1samt krafti Drottins Matt 16.19; 18.18; 2Kor 13.10<br \/>\n<b>5.5<\/b> Selja Satan \u00e1 vald 1T\u00edm 1.20 \u2013 h\u00f3lpinn 1P\u00e9t 4.6<br \/>\n<b>5.6<\/b> L\u00edti\u00f0 s\u00fardeig Gal 5.9<br \/>\n<b>5.7<\/b> Gamla s\u00fardegi\u00f0 burt 2M\u00f3s 13.7; sbr Matt 16.6 og hlst. \u2013 sl\u00e1tra\u00f0 2M\u00f3s 12.21; Jes 53.7; 1P\u00e9t 1.19<br \/>\n<b>5.8<\/b> H\u00f6ldum h\u00e1t\u00ed\u00f0 2M\u00f3s 12.3-20; 5M\u00f3s 16.3<br \/>\n<b>5.9<\/b> Ekki umgangast sbr Matt 18.17; 2\u00deess 3.14<br \/>\n<b>5.11<\/b> Br\u00f3\u00f0ir Post 1.15+ &#8211; halda s\u00e9r fr\u00e1 2\u00deess 3.6; T\u00edt 3.10; 2J\u00f3h 10<br \/>\n<b>5.12<\/b> Eru utan Mrk 4.11+<br \/>\n<b>5.13<\/b> \u00datr\u00fdmi\u00f0 hinum vonda &#8230; 5M\u00f3s 17.7; 19.19; 22.21; 24.7<\/div>\n","protected":false},"excerpt":{"rendered":"<p>1\u00dea\u00f0 er m\u00e9r sagt a\u00f0 saurlifna\u00f0ur eigi s\u00e9r sta\u00f0 \u00e1 me\u00f0al y\u00f0ar, og \u00fea\u00f0 sl\u00edkur saurlifna\u00f0ur, sem jafnvel gerist ekki me\u00f0al hei\u00f0ingja, a\u00f0 ma\u00f0ur heldur vi\u00f0 konu f\u00f6\u00f0ur s\u00edns.2Og svo eru\u00f0 \u00fe\u00e9r st\u00e6ril\u00e1tir, \u00ed sta\u00f0 \u00feess a\u00f0 hryggjast og gj\u00f6ra gangsk\u00f6r a\u00f0 \u00fev\u00ed, a\u00f0 manninum, sem \u00feetta hefur dr\u00fdgt, yr\u00f0i \u00fatr\u00fdmt \u00far f\u00e9lagi y\u00f0ar!3\u00c9g fyrir mitt leyti, fjarl\u00e6gur a\u00f0 l\u00edkamanum til, en n\u00e1l\u00e6gur a\u00f0 andanum, hef \u00feegar, eins og \u00e9g v\u00e6ri n\u00e1l\u00e6gur, kve\u00f0i\u00f0 upp d\u00f3m \u00ed nafni Drottins vors Jes\u00fa yfir manni \u00feeim, sem \u00feetta hefur dr\u00fdgt:4\u00deegar \u00fe\u00e9r og minn andi eru\u00f0 saman komnir me\u00f0 krafti Drottins vors Jes\u00fa,5skal selja <a href=\"https:\/\/biblian.is\/1981\/fyrra-korintubref-5-kafli\/\"> [&#8230;]<\/a><\/p>\n","protected":false},"author":1,"featured_media":0,"parent":0,"menu_order":0,"comment_status":"open","ping_status":"open","template":"bibliukaflar.php","meta":{"footnotes":""},"class_list":["post-2414","page","type-page","status-publish","hentry"],"_links":{"self":[{"href":"https:\/\/biblian.is\/1981\/wp-json\/wp\/v2\/pages\/2414","targetHints":{"allow":["GET"]}}],"collection":[{"href":"https:\/\/biblian.is\/1981\/wp-json\/wp\/v2\/pages"}],"about":[{"href":"https:\/\/biblian.is\/1981\/wp-json\/wp\/v2\/types\/page"}],"author":[{"embeddable":true,"href":"https:\/\/biblian.is\/1981\/wp-json\/wp\/v2\/users\/1"}],"replies":[{"embeddable":true,"href":"https:\/\/biblian.is\/1981\/wp-json\/wp\/v2\/comments?post=2414"}],"version-history":[{"count":0,"href":"https:\/\/biblian.is\/1981\/wp-json\/wp\/v2\/pages\/2414\/revisions"}],"wp:attachment":[{"href":"https:\/\/biblian.is\/1981\/wp-json\/wp\/v2\/media?parent=2414"}],"curies":[{"name":"wp","href":"https:\/\/api.w.org\/{rel}","templated":true}]}}