{"id":2413,"date":"2017-11-18T20:21:42","date_gmt":"2017-11-18T20:21:42","guid":{"rendered":"http:\/\/biblian.is\/1981\/fyrra-korintubref-4-kafli\/"},"modified":"2021-06-06T10:56:48","modified_gmt":"2021-06-06T10:56:48","slug":"fyrra-korintubref-4-kafli","status":"publish","type":"page","link":"https:\/\/biblian.is\/1981\/fyrra-korintubref-4-kafli\/","title":{"rendered":"Fyrra Korintubr\u00e9f 4. kafli"},"content":{"rendered":"<p><a name=\"1\"><span class=\"versanumer\">1<\/span><\/a>\u00deannig l\u00edti menn \u00e1 oss svo sem \u00fej\u00f3na Krists og r\u00e1\u00f0smenn yfir leyndard\u00f3mum Gu\u00f0s.<a name=\"2\"><span class=\"versanumer\">2<\/span><\/a>N\u00fa er \u00feess krafist af r\u00e1\u00f0sm\u00f6nnum, a\u00f0 s\u00e9rhver reynist tr\u00far.<a name=\"3\"><span class=\"versanumer\">3<\/span><\/a>En m\u00e9r er \u00fea\u00f0 fyrir minnstu a\u00f0 ver\u00f0a d\u00e6mdur af y\u00f0ur e\u00f0a af mannlegu d\u00f3m\u00feingi. \u00c9g d\u00e6mi mig ekki einu sinni sj\u00e1lfur.<a name=\"4\"><span class=\"versanumer\">4<\/span><\/a>\u00c9g er m\u00e9r ekki neins ills me\u00f0vitandi, en me\u00f0 \u00fev\u00ed er \u00e9g \u00fe\u00f3 ekki s\u00fdkna\u00f0ur. Drottinn er s\u00e1 sem d\u00e6mir mig.<a name=\"5\"><span class=\"versanumer\">5<\/span><\/a>D\u00e6mi\u00f0 \u00fev\u00ed ekki fyrir t\u00edmann, \u00e1\u00f0ur en Drottinn kemur. Hann mun lei\u00f0a \u00fea\u00f0 \u00ed lj\u00f3s, sem \u00ed myrkrinu er huli\u00f0, og opinbera r\u00e1\u00f0 hjartnanna. Og \u00fe\u00e1 mun hver um sig hlj\u00f3ta \u00feann lofst\u00edr af Gu\u00f0i, sem hann \u00e1 skili\u00f0.<a name=\"6\"><span class=\"versanumer\">6<\/span><\/a>En \u00feetta hef \u00e9g y\u00f0ar vegna, br\u00e6\u00f0ur, heimf\u00e6rt til sj\u00e1lfs m\u00edn og Apoll\u00f3ss, til \u00feess a\u00f0 \u00fe\u00e9r af okkar d\u00e6mi m\u00e6ttu\u00f0 l\u00e6ra regluna: Fari\u00f0 ekki lengra en rita\u00f0 er, og til \u00feess a\u00f0 enginn y\u00f0ar hroki s\u00e9r upp einum \u00ed vil, \u00f6\u00f0rum til ni\u00f0runar.<a name=\"7\"><span class=\"versanumer\">7<\/span><\/a>\u00dev\u00ed a\u00f0 hver gefur \u00fe\u00e9r yfirbur\u00f0i? Og hva\u00f0 hefur \u00fe\u00fa, sem \u00fe\u00fa hefur ekki \u00feegi\u00f0? En hafir \u00fe\u00fa n\u00fa \u00feegi\u00f0 \u00fea\u00f0, hv\u00ed st\u00e6rir \u00fe\u00fa \u00feig \u00fe\u00e1 eins og \u00fe\u00fa hef\u00f0ir ekki fengi\u00f0 \u00fea\u00f0 a\u00f0 gj\u00f6f?<a name=\"8\"><span class=\"versanumer\">8<\/span><\/a>\u00de\u00e9r eru\u00f0 \u00feegar or\u00f0nir mettir, \u00fe\u00e9r eru\u00f0 \u00feegar or\u00f0nir au\u00f0ugir, \u00e1n vor eru\u00f0 \u00fe\u00e9r or\u00f0nir konungar. Og \u00e9g vildi \u00f3ska, a\u00f0 \u00fe\u00e9r v\u00e6ru\u00f0 or\u00f0nir konungar, til \u00feess a\u00f0 einnig v\u00e9r m\u00e6ttum vera konungar me\u00f0 y\u00f0ur!<a name=\"9\"><span class=\"versanumer\">9<\/span><\/a>M\u00e9r vir\u00f0ist Gu\u00f0 hafa sett oss postulana s\u00edsta allra, eins og dau\u00f0ad\u00e6mda \u00e1 leiksvi\u00f0i, frammi fyrir \u00f6llum heiminum, b\u00e6\u00f0i englum og m\u00f6nnum.<a name=\"10\"><span class=\"versanumer\">10<\/span><\/a>V\u00e9r erum heimskir s\u00f6kum Krists, en \u00fe\u00e9r vitrir fyrir samf\u00e9lag y\u00f0ar vi\u00f0 Krist! V\u00e9r erum veikir, en \u00fe\u00e9r sterkir, \u00fe\u00e9r eru\u00f0 \u00ed h\u00e1vegum haf\u00f0ir, en v\u00e9r \u00f3virtir.<a name=\"11\"><span class=\"versanumer\">11<\/span><\/a>Allt til \u00feessarar stundar \u00feolum v\u00e9r hungur, \u00feorsta og kl\u00e6\u00f0leysi, oss er mis\u00feyrmt, v\u00e9r h\u00f6fum engan samasta\u00f0,<a name=\"12\"><span class=\"versanumer\">12<\/span><\/a>og v\u00e9r st\u00f6ndum \u00ed erfi\u00f0i og ver\u00f0um a\u00f0 vinna me\u00f0 eigin h\u00f6ndum.<a name=\"13\"><span class=\"versanumer\">13<\/span><\/a>Hrakyrtir blessum v\u00e9r, ofs\u00f3ttir umberum v\u00e9r, lasta\u00f0ir \u00e1minnum v\u00e9r. V\u00e9r erum or\u00f0nir eins og sorp heimsins, afhrak allra allt til \u00feessa.<a name=\"14\"><span class=\"versanumer\">14<\/span><\/a>Ekki rita \u00e9g \u00feetta til \u00feess a\u00f0 gj\u00f6ra y\u00f0ur kinnro\u00f0a, heldur til a\u00f0 \u00e1minna y\u00f0ur eins og elskuleg b\u00f6rn m\u00edn.<a name=\"15\"><span class=\"versanumer\">15<\/span><\/a>Enda \u00fe\u00f3tt \u00fe\u00e9r hef\u00f0u\u00f0 t\u00edu \u00fe\u00fasund fr\u00e6\u00f0ara \u00ed Kristi, \u00fe\u00e1 hafi\u00f0 \u00fe\u00e9r \u00fe\u00f3 eigi marga fe\u00f0ur. \u00c9g hef \u00ed Kristi Jes\u00fa f\u00e6tt y\u00f0ur me\u00f0 \u00fev\u00ed a\u00f0 flytja y\u00f0ur fagna\u00f0arerindi\u00f0.<a name=\"16\"><span class=\"versanumer\">16<\/span><\/a>\u00c9g bi\u00f0 y\u00f0ur: Veri\u00f0 eftirbreytendur m\u00ednir.<a name=\"17\"><span class=\"versanumer\">17<\/span><\/a>\u00deess vegna sendi \u00e9g T\u00edm\u00f3teus til y\u00f0ar, sem er elska\u00f0 og tr\u00fatt barn mitt \u00ed Drottni. Hann mun minna y\u00f0ur \u00e1 vegu m\u00edna \u00ed Kristi, eins og \u00e9g kenni alls sta\u00f0ar \u00ed hverjum s\u00f6fnu\u00f0i.<a name=\"18\"><span class=\"versanumer\">18<\/span><\/a>En nokkrir hafa gj\u00f6rst hrokafullir, r\u00e9tt eins og \u00e9g \u00e6tla\u00f0i ekki a\u00f0 koma til y\u00f0ar,<a name=\"19\"><span class=\"versanumer\">19<\/span><\/a>en \u00e9g mun br\u00e1tt koma til y\u00f0ar, ef Drottinn vill, og mun \u00e9g \u00fe\u00e1 kynna m\u00e9r, ekki or\u00f0 hinna st\u00e6ril\u00e1tu, heldur kraft \u00feeirra.<a name=\"20\"><span class=\"versanumer\">20<\/span><\/a>\u00dev\u00ed a\u00f0 Gu\u00f0s r\u00edki er ekki f\u00f3lgi\u00f0 \u00ed or\u00f0um, heldur \u00ed krafti.<a name=\"21\"><span class=\"versanumer\">21<\/span><\/a>Hva\u00f0 vilji\u00f0 \u00fe\u00e9r? \u00c1 \u00e9g a\u00f0 koma til y\u00f0ar me\u00f0 hirtingarv\u00f6nd e\u00f0a \u00ed k\u00e6rleika og h\u00f3gv\u00e6r\u00f0ar anda?<\/p>\n<div class=\"footnote1981\"><b>4.1<\/b> Leyndard\u00f3mar Gu\u00f0s R\u00f3m 11.25; 1Kor 15.51; Ef 3.3+<br \/>\n<b>4.2<\/b> Tr\u00fair r\u00e1\u00f0smenn L\u00fak 12.42+<br \/>\n<b>4.4<\/b> Drottinn einn d\u00e6mir sbr R\u00f3m 14.10; Jak 4.12<br \/>\n<b>4.5<\/b> Sem hver \u00e1 skili\u00f0 1Kor 3.8<br \/>\n<b>4.6<\/b> Ekki lengra en rita\u00f0 er R\u00f3m 12.3<br \/>\n<b>4.7<\/b> Hva\u00f0 ekki \u00feegi\u00f0? R\u00f3m 12.6<br \/>\n<b>4.8<\/b> Mett, au\u00f0ug Opb 3.17 \u2013 or\u00f0in konungar Opb 3.21<br \/>\n<b>4.9<\/b> Heiminum a\u00f0 augnagamni Heb 10.33 \u2013 dau\u00f0ad\u00e6mdir R\u00f3m 8.36<br \/>\n<b>4.10<\/b> Heimskir s\u00f6kum Krists 1Kor 3.18<br \/>\n<b>4.11<\/b> \u00derenginar postulanna 2Kor 7.5+<br \/>\n<b>4.12<\/b> Me\u00f0 eigin h\u00f6ndum Post 18.3; 20.34; 1\u00deess 2.9; 2\u00deess 3.8; sbr 1Kor 9.14-15 \u2013 hrakyrtir blessum vi\u00f0 Slm 109.28; Matt 5.44; L\u00fak 6.28; Post 7.60; R\u00f3m 12.14<br \/>\n<b>4.13<\/b> Afhrak allra Hlj 3.45<br \/>\n<b>4.15<\/b> Andlegur fa\u00f0ir Gal 4.19<br \/>\n<b>4.16<\/b> Breyr eftir P\u00e1li postula 1Kor 11.1; Fil 3.17; 1\u00deess 1.6<br \/>\n<b>4.17<\/b> T\u00edm\u00f3teus Post 16.1+ &#8211; T\u00edm\u00f3teus sendur Post 19.21-22; Fil 2.19-22<br \/>\n<b>4.19<\/b> Ef Gu\u00f0 lofar Post 18.21; Jak 4.15 \u2013 kraftur \u00feeirra 1Kor 2.4; 1\u00deess 1.5<br \/>\n<b>4.20<\/b> \u00cd or\u00f0um, \u00ed krafti 1Kor 2.4<\/div>\n","protected":false},"excerpt":{"rendered":"<p>1\u00deannig l\u00edti menn \u00e1 oss svo sem \u00fej\u00f3na Krists og r\u00e1\u00f0smenn yfir leyndard\u00f3mum Gu\u00f0s.2N\u00fa er \u00feess krafist af r\u00e1\u00f0sm\u00f6nnum, a\u00f0 s\u00e9rhver reynist tr\u00far.3En m\u00e9r er \u00fea\u00f0 fyrir minnstu a\u00f0 ver\u00f0a d\u00e6mdur af y\u00f0ur e\u00f0a af mannlegu d\u00f3m\u00feingi. \u00c9g d\u00e6mi mig ekki einu sinni sj\u00e1lfur.4\u00c9g er m\u00e9r ekki neins ills me\u00f0vitandi, en me\u00f0 \u00fev\u00ed er \u00e9g \u00fe\u00f3 ekki s\u00fdkna\u00f0ur. Drottinn er s\u00e1 sem d\u00e6mir mig.5D\u00e6mi\u00f0 \u00fev\u00ed ekki fyrir t\u00edmann, \u00e1\u00f0ur en Drottinn kemur. Hann mun lei\u00f0a \u00fea\u00f0 \u00ed lj\u00f3s, sem \u00ed myrkrinu er huli\u00f0, og opinbera r\u00e1\u00f0 hjartnanna. Og \u00fe\u00e1 mun hver um sig hlj\u00f3ta \u00feann lofst\u00edr af Gu\u00f0i, sem hann <a href=\"https:\/\/biblian.is\/1981\/fyrra-korintubref-4-kafli\/\"> [&#8230;]<\/a><\/p>\n","protected":false},"author":1,"featured_media":0,"parent":0,"menu_order":0,"comment_status":"open","ping_status":"open","template":"bibliukaflar.php","meta":{"footnotes":""},"class_list":["post-2413","page","type-page","status-publish","hentry"],"_links":{"self":[{"href":"https:\/\/biblian.is\/1981\/wp-json\/wp\/v2\/pages\/2413","targetHints":{"allow":["GET"]}}],"collection":[{"href":"https:\/\/biblian.is\/1981\/wp-json\/wp\/v2\/pages"}],"about":[{"href":"https:\/\/biblian.is\/1981\/wp-json\/wp\/v2\/types\/page"}],"author":[{"embeddable":true,"href":"https:\/\/biblian.is\/1981\/wp-json\/wp\/v2\/users\/1"}],"replies":[{"embeddable":true,"href":"https:\/\/biblian.is\/1981\/wp-json\/wp\/v2\/comments?post=2413"}],"version-history":[{"count":0,"href":"https:\/\/biblian.is\/1981\/wp-json\/wp\/v2\/pages\/2413\/revisions"}],"wp:attachment":[{"href":"https:\/\/biblian.is\/1981\/wp-json\/wp\/v2\/media?parent=2413"}],"curies":[{"name":"wp","href":"https:\/\/api.w.org\/{rel}","templated":true}]}}