{"id":2412,"date":"2017-11-18T20:21:42","date_gmt":"2017-11-18T20:21:42","guid":{"rendered":"http:\/\/biblian.is\/1981\/fyrra-korintubref-3-kafli\/"},"modified":"2021-06-06T10:56:48","modified_gmt":"2021-06-06T10:56:48","slug":"fyrra-korintubref-3-kafli","status":"publish","type":"page","link":"https:\/\/biblian.is\/1981\/fyrra-korintubref-3-kafli\/","title":{"rendered":"Fyrra Korintubr\u00e9f 3. kafli"},"content":{"rendered":"<p><a name=\"1\"><span class=\"versanumer\">1<\/span><\/a>\u00c9g gat ekki, br\u00e6\u00f0ur, tala\u00f0 vi\u00f0 y\u00f0ur eins og vi\u00f0 andlega menn, heldur eins og vi\u00f0 holdlega, eins og vi\u00f0 \u00f3m\u00e1lga \u00ed Kristi.<a name=\"2\"><span class=\"versanumer\">2<\/span><\/a>Mj\u00f3lk gaf \u00e9g y\u00f0ur a\u00f0 drekka, ekki fasta f\u00e6\u00f0u, \u00fev\u00ed a\u00f0 enn \u00feoldu\u00f0 \u00fe\u00e9r \u00fea\u00f0 ekki. Og \u00fe\u00e9r \u00feoli\u00f0 \u00fea\u00f0 jafnvel ekki enn,<a name=\"3\"><span class=\"versanumer\">3<\/span><\/a>\u00fev\u00ed a\u00f0 enn \u00fe\u00e1 eru\u00f0 \u00fe\u00e9r holdlegir menn. Fyrst metingur og \u00fer\u00e1ttan er \u00e1 me\u00f0al y\u00f0ar, eru\u00f0 \u00fe\u00e9r \u00fe\u00e1 eigi holdlegir og heg\u00f0i\u00f0 y\u00f0ur \u00e1 manna h\u00e1tt?<a name=\"4\"><span class=\"versanumer\">4<\/span><\/a>\u00deegar einn segir: \u00c9g er P\u00e1ls, en annar: \u00c9g er Apoll\u00f3ss, eru\u00f0 \u00fe\u00e9r \u00fe\u00e1 ekki eins og hverjir a\u00f0rir menn?<a name=\"5\"><span class=\"versanumer\">5<\/span><\/a>Hva\u00f0 er \u00fe\u00e1 Apoll\u00f3s? J\u00e1, hva\u00f0 er \u00fe\u00e1 P\u00e1ll? \u00dej\u00f3nar, sem hafa leitt y\u00f0ur til tr\u00faar, og \u00fea\u00f0 eins og Drottinn hefur gefi\u00f0 hvorum um sig.<a name=\"6\"><span class=\"versanumer\">6<\/span><\/a>\u00c9g gr\u00f3\u00f0ursetti, Apoll\u00f3s v\u00f6kva\u00f0i, en Gu\u00f0 gaf v\u00f6xtinn.<a name=\"7\"><span class=\"versanumer\">7<\/span><\/a>\u00deannig er \u00fe\u00e1 hvorki s\u00e1 neitt, er gr\u00f3\u00f0ursetur, n\u00e9 s\u00e1, er v\u00f6kvar, heldur Gu\u00f0, sem v\u00f6xtinn gefur.<a name=\"8\"><span class=\"versanumer\">8<\/span><\/a>S\u00e1, sem gr\u00f3\u00f0ursetur, og s\u00e1, sem v\u00f6kvar, eru eitt. En s\u00e9rhver mun f\u00e1 laun eftir s\u00ednu erfi\u00f0i.<a name=\"9\"><span class=\"versanumer\">9<\/span><\/a>\u00dev\u00ed a\u00f0 samverkamenn Gu\u00f0s erum v\u00e9r, og \u00fe\u00e9r eru\u00f0 Gu\u00f0s akurlendi, Gu\u00f0s h\u00fas.<a name=\"10\"><span class=\"versanumer\">10<\/span><\/a>Eftir \u00feeirri n\u00e1\u00f0, sem Gu\u00f0 hefur veitt m\u00e9r, hef \u00e9g eins og vitur h\u00fasameistari lagt grundv\u00f6ll, er annar byggir ofan \u00e1. En s\u00e9rhver athugi, hvernig hann byggir.<a name=\"11\"><span class=\"versanumer\">11<\/span><\/a>Annan grundv\u00f6ll getur enginn lagt en \u00feann, sem lag\u00f0ur er, sem er Jes\u00fas Kristur.<a name=\"12\"><span class=\"versanumer\">12<\/span><\/a>En ef einhver byggir ofan \u00e1 grundv\u00f6llinn gull, silfur, d\u00fdra steina, tr\u00e9, hey e\u00f0a h\u00e1lm,<a name=\"13\"><span class=\"versanumer\">13<\/span><\/a>\u00fe\u00e1 mun verk hvers um sig ver\u00f0a auglj\u00f3st. Dagurinn mun lei\u00f0a \u00fea\u00f0 \u00ed lj\u00f3s, af \u00fev\u00ed a\u00f0 hann opinberast me\u00f0 eldi og eldurinn mun pr\u00f3fa hv\u00edl\u00edkt verk hvers og eins er.<a name=\"14\"><span class=\"versanumer\">14<\/span><\/a>Ef n\u00fa verk einhvers f\u00e6r sta\u00f0ist, \u00fea\u00f0 er hann bygg\u00f0i ofan \u00e1, mun hann taka laun.<a name=\"15\"><span class=\"versanumer\">15<\/span><\/a>Ef verk einhvers brennur upp, mun hann b\u00ed\u00f0a tj\u00f3n. Sj\u00e1lfur mun hann frelsa\u00f0ur ver\u00f0a, en \u00fe\u00f3 eins og \u00far eldi.<a name=\"16\"><span class=\"versanumer\">16<\/span><\/a>Viti\u00f0 \u00fe\u00e9r eigi, a\u00f0 \u00fe\u00e9r eru\u00f0 musteri Gu\u00f0s og a\u00f0 andi Gu\u00f0s b\u00fdr \u00ed y\u00f0ur?<a name=\"17\"><span class=\"versanumer\">17<\/span><\/a>Ef nokkur ey\u00f0ir musteri Gu\u00f0s, mun Gu\u00f0 ey\u00f0a honum, \u00fev\u00ed a\u00f0 musteri Gu\u00f0s er heilagt, og \u00fe\u00e9r eru\u00f0 \u00fea\u00f0 musteri.<a name=\"18\"><span class=\"versanumer\">18<\/span><\/a>Enginn dragi sj\u00e1lfan sig \u00e1 t\u00e1lar. Ef nokkur \u00feykist vitur y\u00f0ar \u00e1 me\u00f0al \u00ed \u00feessum heimi, ver\u00f0i hann fyrst heimskur til \u00feess a\u00f0 hann ver\u00f0i vitur.<a name=\"19\"><span class=\"versanumer\">19<\/span><\/a>\u00dev\u00ed a\u00f0 speki \u00feessa heims er heimska hj\u00e1 Gu\u00f0i. Rita\u00f0 er: Hann er s\u00e1, sem gr\u00edpur hina vitru \u00ed sl\u00e6g\u00f0 \u00feeirra.<a name=\"20\"><span class=\"versanumer\">20<\/span><\/a>Og aftur: Drottinn \u00feekkir hugsanir vitringanna, a\u00f0 \u00fe\u00e6r eru h\u00e9g\u00f3mlegar.<a name=\"21\"><span class=\"versanumer\">21<\/span><\/a>Fyrir \u00fev\u00ed st\u00e6ri enginn sig af m\u00f6nnum. \u00dev\u00ed a\u00f0 allt er y\u00f0ar,<a name=\"22\"><span class=\"versanumer\">22<\/span><\/a>hvort heldur er P\u00e1ll, Apoll\u00f3s e\u00f0a Kefas, heimurinn, l\u00edf e\u00f0a dau\u00f0i, hi\u00f0 yfirstandandi e\u00f0a hi\u00f0 komandi, allt er y\u00f0ar.<a name=\"23\"><span class=\"versanumer\">23<\/span><\/a>En \u00fe\u00e9r eru\u00f0 Krists og Kristur Gu\u00f0s.<\/p>\n<div class=\"footnote1981\"><b>3.1<\/b> \u00d3m\u00e1lga \u00ed Kristi J\u00f3h 16.12 \u2013 vi\u00f0 menn 1Kor 2.14; 3.3<br \/>\n<b>3.2<\/b> Mj\u00f3lk og f\u00f6st f\u00e6\u00f0a Heb 5.12-13; sbr 1P\u00e9t 2.2<br \/>\n<b>3.3<\/b> Metingur og deilur 1Kor 1.10-11; 11.18<br \/>\n<b>3.4<\/b> \u00c9g fylgi P\u00e1li, \u00e9g Apoll\u00f3 1Kor 1.12<br \/>\n<b>3.5<\/b> Apoll\u00f3s Post 18.24+<br \/>\n<b>3.6<\/b> P\u00e1ll gr\u00f3\u00f0ursetti Post 18.4,11 \u2013 Apoll\u00f3s v\u00f6kva\u00f0i Post 18.24-28<br \/>\n<b>3.9<\/b> Samverkamenn Gu\u00f0s sbr 1\u00deess 3.2; Mrk 16.20; sbr J\u00f3h 6.28 \u2013 Gu\u00f0s akurlendi Matt 13.3-9 \u2013 Gu\u00f0s h\u00fas Ef 2.20<br \/>\n<b>3.10<\/b> Eftir \u00feeirri n\u00e1\u00f0 1Kor 15.10; 2P\u00e9t 3.15<br \/>\n<b>3.11<\/b> Enginn annar gundv\u00f6llur Jes 28.16; 1P\u00e9t 2.4-6<br \/>\n<b>3.13<\/b> Dagurinn &#8230; 1Kor 1.8 \u2013 me\u00f0 eldi 1Kor 4.5; 2\u00deess 1.7-10; sbr Jes 1.25; Jer 6.29-30; Mal 3.2-3<br \/>\n<b>3.16<\/b> Musteri Gu\u00f0s 1Kor 6.19; 2Kor 6.16<br \/>\n<b>3.19<\/b> Hann er s\u00e1 &#8230; Job 5.13<br \/>\n<b>3.20<\/b> Drottinn veit &#8230; Slm 94.11<br \/>\n<b>3.22<\/b> Apoll\u00f3s Post 18.24+ &#8211; Kefas 1Kor 1.12+<\/div>\n","protected":false},"excerpt":{"rendered":"<p>1\u00c9g gat ekki, br\u00e6\u00f0ur, tala\u00f0 vi\u00f0 y\u00f0ur eins og vi\u00f0 andlega menn, heldur eins og vi\u00f0 holdlega, eins og vi\u00f0 \u00f3m\u00e1lga \u00ed Kristi.2Mj\u00f3lk gaf \u00e9g y\u00f0ur a\u00f0 drekka, ekki fasta f\u00e6\u00f0u, \u00fev\u00ed a\u00f0 enn \u00feoldu\u00f0 \u00fe\u00e9r \u00fea\u00f0 ekki. Og \u00fe\u00e9r \u00feoli\u00f0 \u00fea\u00f0 jafnvel ekki enn,3\u00fev\u00ed a\u00f0 enn \u00fe\u00e1 eru\u00f0 \u00fe\u00e9r holdlegir menn. Fyrst metingur og \u00fer\u00e1ttan er \u00e1 me\u00f0al y\u00f0ar, eru\u00f0 \u00fe\u00e9r \u00fe\u00e1 eigi holdlegir og heg\u00f0i\u00f0 y\u00f0ur \u00e1 manna h\u00e1tt?4\u00deegar einn segir: \u00c9g er P\u00e1ls, en annar: \u00c9g er Apoll\u00f3ss, eru\u00f0 \u00fe\u00e9r \u00fe\u00e1 ekki eins og hverjir a\u00f0rir menn?5Hva\u00f0 er \u00fe\u00e1 Apoll\u00f3s? J\u00e1, hva\u00f0 er \u00fe\u00e1 P\u00e1ll? \u00dej\u00f3nar, sem <a href=\"https:\/\/biblian.is\/1981\/fyrra-korintubref-3-kafli\/\"> [&#8230;]<\/a><\/p>\n","protected":false},"author":1,"featured_media":0,"parent":0,"menu_order":0,"comment_status":"open","ping_status":"open","template":"bibliukaflar.php","meta":{"footnotes":""},"class_list":["post-2412","page","type-page","status-publish","hentry"],"_links":{"self":[{"href":"https:\/\/biblian.is\/1981\/wp-json\/wp\/v2\/pages\/2412","targetHints":{"allow":["GET"]}}],"collection":[{"href":"https:\/\/biblian.is\/1981\/wp-json\/wp\/v2\/pages"}],"about":[{"href":"https:\/\/biblian.is\/1981\/wp-json\/wp\/v2\/types\/page"}],"author":[{"embeddable":true,"href":"https:\/\/biblian.is\/1981\/wp-json\/wp\/v2\/users\/1"}],"replies":[{"embeddable":true,"href":"https:\/\/biblian.is\/1981\/wp-json\/wp\/v2\/comments?post=2412"}],"version-history":[{"count":0,"href":"https:\/\/biblian.is\/1981\/wp-json\/wp\/v2\/pages\/2412\/revisions"}],"wp:attachment":[{"href":"https:\/\/biblian.is\/1981\/wp-json\/wp\/v2\/media?parent=2412"}],"curies":[{"name":"wp","href":"https:\/\/api.w.org\/{rel}","templated":true}]}}