{"id":2411,"date":"2017-11-18T20:21:42","date_gmt":"2017-11-18T20:21:42","guid":{"rendered":"http:\/\/biblian.is\/1981\/fyrra-korintubref-2-kafli\/"},"modified":"2021-06-06T10:56:47","modified_gmt":"2021-06-06T10:56:47","slug":"fyrra-korintubref-2-kafli","status":"publish","type":"page","link":"https:\/\/biblian.is\/1981\/fyrra-korintubref-2-kafli\/","title":{"rendered":"Fyrra Korintubr\u00e9f 2. kafli"},"content":{"rendered":"<p><a name=\"1\"><span class=\"versanumer\">1<\/span><\/a>Er \u00e9g kom til y\u00f0ar, br\u00e6\u00f0ur, og bo\u00f0a\u00f0i y\u00f0ur leyndard\u00f3m Gu\u00f0s, kom \u00e9g ekki me\u00f0 fr\u00e1b\u00e6rri m\u00e6lskusnilld e\u00f0a speki.<a name=\"2\"><span class=\"versanumer\">2<\/span><\/a>\u00c9g \u00e1setti m\u00e9r a\u00f0 vita ekkert \u00e1 me\u00f0al y\u00f0ar, nema Jes\u00fa Krist og hann krossfestan.<a name=\"3\"><span class=\"versanumer\">3<\/span><\/a>Og \u00e9g dvaldist \u00e1 me\u00f0al y\u00f0ar \u00ed veikleika, \u00f3tta og mikilli angist.<a name=\"4\"><span class=\"versanumer\">4<\/span><\/a>Or\u00f0r\u00e6\u00f0a m\u00edn og pr\u00e9dikun studdist ekki vi\u00f0 sannf\u00e6randi v\u00edsd\u00f3msor\u00f0, heldur vi\u00f0 s\u00f6nnun anda og kraftar,<a name=\"5\"><span class=\"versanumer\">5<\/span><\/a>til \u00feess a\u00f0 tr\u00fa y\u00f0ar v\u00e6ri eigi bygg\u00f0 \u00e1 v\u00edsd\u00f3mi manna, heldur \u00e1 krafti Gu\u00f0s.<a name=\"6\"><span class=\"versanumer\">6<\/span><\/a>Speki t\u00f6lum v\u00e9r me\u00f0al hinna fullkomnu, \u00fe\u00f3 ekki speki \u00feessarar aldar e\u00f0a h\u00f6f\u00f0ingja \u00feessarar aldar, sem a\u00f0 engu ver\u00f0a,<a name=\"7\"><span class=\"versanumer\">7<\/span><\/a>heldur t\u00f6lum v\u00e9r leynda speki Gu\u00f0s, sem hulin hefur veri\u00f0, en Gu\u00f0 hefur fr\u00e1 eil\u00edf\u00f0 fyrirhuga\u00f0 oss til d\u00fdr\u00f0ar.<a name=\"8\"><span class=\"versanumer\">8<\/span><\/a>Enginn af h\u00f6f\u00f0ingjum \u00feessarar aldar \u00feekkti hana, \u00fev\u00ed a\u00f0 ef \u00feeir hef\u00f0u \u00feekkt hana, hef\u00f0u \u00feeir ekki krossfest Drottin d\u00fdr\u00f0arinnar.<a name=\"9\"><span class=\"versanumer\">9<\/span><\/a>En \u00fea\u00f0 er eins og rita\u00f0 er: \u00dea\u00f0 sem auga s\u00e1 ekki og eyra heyr\u00f0i ekki og ekki kom upp \u00ed hjarta nokkurs manns, allt \u00fea\u00f0 sem Gu\u00f0 fyrirbj\u00f3 \u00feeim, er elska hann.<a name=\"10\"><span class=\"versanumer\">10<\/span><\/a>En oss hefur Gu\u00f0 opinbera\u00f0 hana fyrir andann, \u00fev\u00ed a\u00f0 andinn rannsakar allt, jafnvel dj\u00fap Gu\u00f0s.<a name=\"11\"><span class=\"versanumer\">11<\/span><\/a>Hver me\u00f0al manna veit hva\u00f0 mannsins er, nema andi mannsins, sem \u00ed honum er? \u00deannig hefur heldur enginn komist a\u00f0 raun um, hva\u00f0 Gu\u00f0s er, nema Gu\u00f0s andi.<a name=\"12\"><span class=\"versanumer\">12<\/span><\/a>En v\u00e9r h\u00f6fum ekki hloti\u00f0 anda heimsins, heldur andann, sem er fr\u00e1 Gu\u00f0i, til \u00feess a\u00f0 v\u00e9r skulum vita, hva\u00f0 oss er af Gu\u00f0i gefi\u00f0.<a name=\"13\"><span class=\"versanumer\">13<\/span><\/a>Enda t\u00f6lum v\u00e9r \u00fea\u00f0 ekki me\u00f0 or\u00f0um, sem mannlegur v\u00edsd\u00f3mur kennir, heldur me\u00f0 or\u00f0um, sem andinn kennir, og \u00fatlistum andleg efni \u00e1 andlegan h\u00e1tt.<a name=\"14\"><span class=\"versanumer\">14<\/span><\/a>Ma\u00f0urinn \u00e1n anda veitir ekki vi\u00f0t\u00f6ku \u00fev\u00ed, sem Gu\u00f0s anda er, \u00fev\u00ed a\u00f0 honum er \u00fea\u00f0 heimska og hann getur ekki skili\u00f0 \u00fea\u00f0, af \u00fev\u00ed a\u00f0 \u00fea\u00f0 d\u00e6mist andlega.<a name=\"15\"><span class=\"versanumer\">15<\/span><\/a>En hinn andlegi d\u00e6mir um allt, en um hann sj\u00e1lfan ver\u00f0ur ekki d\u00e6mt af neinum.<a name=\"16\"><span class=\"versanumer\">16<\/span><\/a>\u00dev\u00ed a\u00f0 hver hefur \u00feekkt huga Drottins, a\u00f0 hann geti fr\u00e6tt hann?En v\u00e9r h\u00f6fum huga Krists.<\/p>\n<div class=\"footnote1981\"><b>2.1<\/b> Bo\u00f0a 1Kor 1.17<br \/>\n<b>2.2<\/b> Krossfestan Gal 6.14<br \/>\n<b>2.3<\/b> \u00cd veikleika &#8230; Post 18.9; 2Kor 10.1<br \/>\n<b>2.4<\/b> Treysti s\u00f6nnun og krafti 1\u00deess 1.5; sbr 1Kor 14.25<br \/>\n<b>2.6<\/b> Hin fullkomnu Ef 4.13; Fil 3.15; sbr 1Kor 3.1; 14.20 \u2013 h\u00f6f\u00f0ingjar \u00feessarar aldar sbr K\u00f3l 1.16+<br \/>\n<b>2.7<\/b> Hulin R\u00f3m 16.25-27; K\u00f3l 1.26; sbr Matt 13.11+<br \/>\n<b>2.8<\/b> Hef\u00f0u \u00feeir \u00feekkt &#8230; L\u00fak 23.34 \u2013 Drottinn d\u00fdr\u00f0arinnar Jak 2.1<br \/>\n<b>2.9<\/b> \u00dea\u00f0 sem auga &#8230; Jes 64.3; 52.15; Jer 3.16 \u2013 \u00feeim er hann elska S\u00edr 1.10<br \/>\n<b>2.10<\/b> Gu\u00f0 hefur opinbera\u00f0 Matt 13.11<br \/>\n<b>2.11<\/b> Andi mannsins veit Okv 20.27<br \/>\n<b>2.12<\/b> Andinn fr\u00e1 Gu\u00f0i veitir skilning J\u00f3h 16.13-14<br \/>\n<b>2.13<\/b> Me\u00f0 o\u00f0rum sem andinn kennir 1Kor 2.4<br \/>\n<b>2.14<\/b> Jar\u00f0bundinn ma\u00f0ur J\u00f3h 8.47; 14.17 \u2013 heimska 1Kor 1.23<br \/>\n<b>2.15<\/b> S\u00e1 sem hefur andann d\u00e6mir 1J\u00f3h 2.20<br \/>\n<b>2.16<\/b> Hver hefur \u00feekkt &#8230; ? Jes 40.13; R\u00f3m 11.34<\/div>\n","protected":false},"excerpt":{"rendered":"<p>1Er \u00e9g kom til y\u00f0ar, br\u00e6\u00f0ur, og bo\u00f0a\u00f0i y\u00f0ur leyndard\u00f3m Gu\u00f0s, kom \u00e9g ekki me\u00f0 fr\u00e1b\u00e6rri m\u00e6lskusnilld e\u00f0a speki.2\u00c9g \u00e1setti m\u00e9r a\u00f0 vita ekkert \u00e1 me\u00f0al y\u00f0ar, nema Jes\u00fa Krist og hann krossfestan.3Og \u00e9g dvaldist \u00e1 me\u00f0al y\u00f0ar \u00ed veikleika, \u00f3tta og mikilli angist.4Or\u00f0r\u00e6\u00f0a m\u00edn og pr\u00e9dikun studdist ekki vi\u00f0 sannf\u00e6randi v\u00edsd\u00f3msor\u00f0, heldur vi\u00f0 s\u00f6nnun anda og kraftar,5til \u00feess a\u00f0 tr\u00fa y\u00f0ar v\u00e6ri eigi bygg\u00f0 \u00e1 v\u00edsd\u00f3mi manna, heldur \u00e1 krafti Gu\u00f0s.6Speki t\u00f6lum v\u00e9r me\u00f0al hinna fullkomnu, \u00fe\u00f3 ekki speki \u00feessarar aldar e\u00f0a h\u00f6f\u00f0ingja \u00feessarar aldar, sem a\u00f0 engu ver\u00f0a,7heldur t\u00f6lum v\u00e9r leynda speki Gu\u00f0s, sem hulin hefur veri\u00f0, en <a href=\"https:\/\/biblian.is\/1981\/fyrra-korintubref-2-kafli\/\"> [&#8230;]<\/a><\/p>\n","protected":false},"author":1,"featured_media":0,"parent":0,"menu_order":0,"comment_status":"open","ping_status":"open","template":"bibliukaflar.php","meta":{"footnotes":""},"class_list":["post-2411","page","type-page","status-publish","hentry"],"_links":{"self":[{"href":"https:\/\/biblian.is\/1981\/wp-json\/wp\/v2\/pages\/2411","targetHints":{"allow":["GET"]}}],"collection":[{"href":"https:\/\/biblian.is\/1981\/wp-json\/wp\/v2\/pages"}],"about":[{"href":"https:\/\/biblian.is\/1981\/wp-json\/wp\/v2\/types\/page"}],"author":[{"embeddable":true,"href":"https:\/\/biblian.is\/1981\/wp-json\/wp\/v2\/users\/1"}],"replies":[{"embeddable":true,"href":"https:\/\/biblian.is\/1981\/wp-json\/wp\/v2\/comments?post=2411"}],"version-history":[{"count":0,"href":"https:\/\/biblian.is\/1981\/wp-json\/wp\/v2\/pages\/2411\/revisions"}],"wp:attachment":[{"href":"https:\/\/biblian.is\/1981\/wp-json\/wp\/v2\/media?parent=2411"}],"curies":[{"name":"wp","href":"https:\/\/api.w.org\/{rel}","templated":true}]}}