{"id":2409,"date":"2017-11-18T20:21:42","date_gmt":"2017-11-18T20:21:42","guid":{"rendered":"http:\/\/biblian.is\/1981\/romverjabrefid-16-kafli\/"},"modified":"2021-06-06T11:05:23","modified_gmt":"2021-06-06T11:05:23","slug":"romverjabrefid-16-kafli","status":"publish","type":"page","link":"https:\/\/biblian.is\/1981\/romverjabrefid-16-kafli\/","title":{"rendered":"R\u00f3mverjabr\u00e9fi\u00f0 16. kafli"},"content":{"rendered":"<p><a name=\"1\"><span class=\"versanumer\">1<\/span><\/a>\u00c9g fel y\u00f0ur \u00e1 hendur F\u00f6be, systur vora, sem er \u00fej\u00f3nn safna\u00f0arins \u00ed Kenkreu.<a name=\"2\"><span class=\"versanumer\">2<\/span><\/a>Veiti\u00f0 henni vi\u00f0t\u00f6ku \u00ed Drottni eins og heil\u00f6gum h\u00e6fir og li\u00f0sinni\u00f0 henni \u00ed hverju \u00fev\u00ed, sem h\u00fan \u00fearf y\u00f0ar vi\u00f0, \u00fev\u00ed a\u00f0 h\u00fan hefur veri\u00f0 bjargv\u00e6ttur margra og m\u00edn sj\u00e1lfs.<a name=\"3\"><span class=\"versanumer\">3<\/span><\/a>Heilsi\u00f0 Prisku og Akv\u00edlasi, samverkam\u00f6nnum m\u00ednum \u00ed Kristi Jes\u00fa.<a name=\"4\"><span class=\"versanumer\">4<\/span><\/a>\u00deau hafa stofna\u00f0 l\u00edfi s\u00ednu \u00ed h\u00e6ttu fyrir mig, og fyrir \u00fea\u00f0 votta \u00e9g \u00feeim ekki einn \u00feakkir, heldur og allir s\u00f6fnu\u00f0ir me\u00f0al hei\u00f0ingjanna.<a name=\"5\"><span class=\"versanumer\">5<\/span><\/a>Heilsi\u00f0 einnig s\u00f6fnu\u00f0inum, sem kemur saman \u00ed h\u00fasi \u00feeirra. Heilsi\u00f0 Ep\u00e6netusi, m\u00ednum elska\u00f0a, sem er frumgr\u00f3\u00f0i As\u00edu Kristi til handa.<a name=\"6\"><span class=\"versanumer\">6<\/span><\/a>Heilsi\u00f0 Mar\u00edu, sem miki\u00f0 hefur erfi\u00f0a\u00f0 fyrir y\u00f0ur.<a name=\"7\"><span class=\"versanumer\">7<\/span><\/a>Heilsi\u00f0 Andr\u00f3n\u00edkusi og J\u00fan\u00edasi, \u00e6ttm\u00f6nnum m\u00ednum og sambandingjum. \u00deeir skara fram \u00far me\u00f0al postulanna og hafa \u00e1 undan m\u00e9r gengi\u00f0 Kristi \u00e1 h\u00f6nd.<a name=\"8\"><span class=\"versanumer\">8<\/span><\/a>Heilsi\u00f0 Ampl\u00edatusi, m\u00ednum elska\u00f0a \u00ed Drottni.<a name=\"9\"><span class=\"versanumer\">9<\/span><\/a>Heilsi\u00f0 \u00darbanusi, samverkamanni vorum \u00ed Kristi, og Stakk\u00fdsi, m\u00ednum elska\u00f0a.<a name=\"10\"><span class=\"versanumer\">10<\/span><\/a>Heilsi\u00f0 Apellesi, sem hefur reynst h\u00e6fur \u00ed \u00fej\u00f3nustu Krists. Heilsi\u00f0 heimilism\u00f6nnum Arist\u00f3b\u00fals.<a name=\"11\"><span class=\"versanumer\">11<\/span><\/a>Heilsi\u00f0 Her\u00f3d\u00edon, \u00e6ttingja m\u00ednum. Heilsi\u00f0 \u00feeim \u00e1 heimili Narkissusar, sem tilheyra Drottni.<a name=\"12\"><span class=\"versanumer\">12<\/span><\/a>Heilsi\u00f0 Tr\u00fdf\u00e6nu og Tr\u00fdf\u00f3su, sem hafa lagt hart \u00e1 sig fyrir Drottin. Heilsi\u00f0 Persis, hinni elsku\u00f0u, sem miki\u00f0 hefur starfa\u00f0 fyrir Drottin.<a name=\"13\"><span class=\"versanumer\">13<\/span><\/a>Heilsi\u00f0 R\u00fafusi, hinum \u00fatvalda \u00ed Drottni, og m\u00f3\u00f0ur hans, sem er m\u00e9r einnig m\u00f3\u00f0ir.<a name=\"14\"><span class=\"versanumer\">14<\/span><\/a>Heilsi\u00f0 As\u00fdnkritusi, Flegon, Hermes, Patr\u00f3basi, Hermasi og br\u00e6\u00f0runum, sem hj\u00e1 \u00feeim eru.<a name=\"15\"><span class=\"versanumer\">15<\/span><\/a>Heilsi\u00f0 F\u00edl\u00f3l\u00f3gusi og J\u00fal\u00edu, Nerevs og systur hans og \u00d3lympasi og \u00f6llum heil\u00f6gum, sem me\u00f0 \u00feeim eru.<a name=\"16\"><span class=\"versanumer\">16<\/span><\/a>Heilsi\u00f0 hver \u00f6\u00f0rum me\u00f0 heil\u00f6gum kossi. Allir s\u00f6fnu\u00f0ir Krists senda y\u00f0ur kve\u00f0ju.<a name=\"17\"><span class=\"versanumer\">17<\/span><\/a>\u00c9g \u00e1minni y\u00f0ur um, br\u00e6\u00f0ur, a\u00f0 hafa g\u00e1t \u00e1 \u00feeim, er vekja sundur\u00feykkju og t\u00e6la fr\u00e1 \u00feeirri kenningu, sem \u00fe\u00e9r hafi\u00f0 numi\u00f0. Snei\u00f0i\u00f0 hj\u00e1 \u00feeim.<a name=\"18\"><span class=\"versanumer\">18<\/span><\/a>\u00dev\u00ed a\u00f0 sl\u00edkir menn \u00fej\u00f3na ekki Drottni vorum Kristi, heldur eigin maga, og me\u00f0 bl\u00ed\u00f0m\u00e6lum og fagurgala blekkja \u00feeir hj\u00f6rtu hrekklausra manna.<a name=\"19\"><span class=\"versanumer\">19<\/span><\/a>Hl\u00fd\u00f0ni y\u00f0ar er alkunn or\u00f0in. \u00dev\u00ed gle\u00f0st \u00e9g yfir y\u00f0ur og \u00e9g vil, a\u00f0 \u00fe\u00e9r s\u00e9u\u00f0 vitrir \u00ed \u00fev\u00ed, sem gott er, en einfaldir \u00ed \u00fev\u00ed, sem illt er.<a name=\"20\"><span class=\"versanumer\">20<\/span><\/a>Gu\u00f0 fri\u00f0arins mun br\u00e1\u00f0lega sundurmola Satan undir f\u00f3tum y\u00f0ar. N\u00e1\u00f0in Drottins vors Jes\u00fa Krist s\u00e9 me\u00f0 y\u00f0ur.<a name=\"21\"><span class=\"versanumer\">21<\/span><\/a>T\u00edm\u00f3teus, samverkama\u00f0ur minn, L\u00fak\u00edus, Jason og S\u00f3s\u00edpater, \u00e6ttmenn m\u00ednir, bi\u00f0ja a\u00f0 heilsa y\u00f0ur.<a name=\"22\"><span class=\"versanumer\">22<\/span><\/a>\u00c9g, Tert\u00edus, sem hef rita\u00f0 br\u00e9fi\u00f0, bi\u00f0 a\u00f0 heilsa y\u00f0ur \u00ed Drottni.<a name=\"23\"><span class=\"versanumer\">23<\/span><\/a>&#8222;Gajus, sem lj\u00e6r m\u00e9r og \u00f6llum s\u00f6fnu\u00f0inum h\u00fas, bi\u00f0ur a\u00f0 heilsa y\u00f0ur; Erastus, gjaldkeri borgarinnar, og br\u00f3\u00f0ir Kvartus bi\u00f0ja a\u00f0 heilsa y\u00f0ur.&#8220;<a name=\"24\"><span class=\"versanumer\">24<\/span><\/a>(b)<a name=\"25\"><span class=\"versanumer\">25<\/span><\/a>Honum, sem megnar a\u00f0 styrkja y\u00f0ur me\u00f0 fagna\u00f0arerindinu, sem \u00e9g bo\u00f0a, og \u00ed pr\u00e9dikuninni um Jes\u00fa Krist samkv\u00e6mt opinberun \u00feess leyndard\u00f3ms, sem fr\u00e1 eil\u00edfum t\u00ed\u00f0um hefur veri\u00f0 dulinn,<a name=\"26\"><span class=\"versanumer\">26<\/span><\/a>en n\u00fa er opinbera\u00f0ur og fyrir sp\u00e1mannlegar ritningar, eftir skipun hins eil\u00edfa Gu\u00f0s, kunngj\u00f6r\u00f0ur \u00f6llum \u00fej\u00f3\u00f0um til a\u00f0 vekja hl\u00fd\u00f0ni vi\u00f0 tr\u00fana,<a name=\"27\"><span class=\"versanumer\">27<\/span><\/a>honum einum, alvitrum Gu\u00f0i, s\u00e9 fyrir Jes\u00fa Krist d\u00fdr\u00f0 um aldir alda. Amen.<\/p>\n<div class=\"footnote1981\">\n<em>(b) Sum handrit b\u00e6ta vi\u00f0 24 versi: \u201eN\u00e1\u00f0in Drottins vors Jes\u00fa Krists s\u00e9 me\u00f0 y\u00f0ur \u00f6llum. Amen.\u201c<\/em><br \/>\n<b>16.3<\/b> Priska og Akv\u00edlas Post 18.2-3,18,26; 2T\u00edm 4.19; 1Kor 16.19<br \/>\n<b>16.5<\/b> S\u00f6fnu\u00f0urinn \u00ed h\u00fasi \u00feeirra 1Kor 16.19; K\u00f3l 4.15; F\u00edlm 2 \u2013 frumgr\u00f3\u00f0i 1Kor 16.15<br \/>\n<b>16.7<\/b> Postular 2Kor 8.23<br \/>\n<b>16.13<\/b> R\u00fafus Mrk 15.21<br \/>\n<b>16.16<\/b> Heilsa me\u00f0 kossi 1Kor 16.20; 2Kor 13.12; 1\u00deess 5.26; 1P\u00e9t 5.14; Post 20.37; L\u00fak 7.45; Matt 26.48-49 og hlst.<br \/>\n<b>16.17<\/b> Hafa g\u00e1t \u00e1 Matt 7.15-20; T\u00edt 3.10 \u2013 kenningin, sem \u00fei\u00f0 hafi\u00f0 numi\u00f0 R\u00f3m 6.17 \u2013 snei\u00f0a hj\u00e1 villukennendum 2J\u00f3h 7-10<br \/>\n<b>16.18<\/b> \u00dej\u00f3na eigin maga Fil 3.19 \u2013 blekkja me\u00f0 fagurgala K\u00f3l 2.4; T\u00edt 1.10-14; 2P\u00e9t 2.3<br \/>\n<b>16.19<\/b> Hl\u00fd\u00f0ni ykkar er alkunn R\u00f3m 1.8 \u2013 vitur, f\u00e1kunnandi 1Kor 14.20; Jer 4.22; Matt 10.16<br \/>\n<b>16.20<\/b> Gu\u00f0 fri\u00f0arins R\u00f3m 15.33; Fil 4.9 \u2013 sundurmola Satan 1M\u00f3s 3.15<br \/>\n<b>16.21<\/b> T\u00edm\u00f3teus Post 16.1-3+ &#8211; L\u00fak\u00edus Post 13.1 \u2013 Jason Post 17.5 \u2013 S\u00f3s\u00edpater Post 20.4<br \/>\n<b>16.22<\/b> \u00c9g sem hef rita\u00f0 br\u00e9fi\u00f0 1Kor 16.21; Gal 6.11; K\u00f3l 4.18; 2\u00deess 3.17<br \/>\n<b>16.23<\/b> Gajus 1Kor 1.14; Post 19.29 \u2013 Erastus Post 19.22; 2T\u00edm 4.20<br \/>\n<b>16.25<\/b> Hefur m\u00e1ttinn Ef 3.20; J\u00fad 24-25 \u2013 leyndard\u00f3mur 1Kor 2.7; K\u00f3l 1.26; 2.2-3<br \/>\n<b>16.26<\/b> N\u00fa opinber Ef 1.9; 3.5-9 \u2013 og kunngj\u00f6r\u00f0ur \u00f6llum \u00fej\u00f3\u00f0um Opb 10.7 \u2013 a\u00f0 \u00fe\u00e6r tr\u00fai 2Kor 10.5; R\u00f3m 1.5 Alvitur Gu\u00f0 R\u00f3m 11.33-36; 1Kor 1.24-25; Opb 7.12 \u2013 einum Gu\u00f0i s\u00e9 d\u00fdr\u00f0 Gal 1.5; Ef 3.21; Fil 4.20; 1T\u00edm 1.17; 2T\u00edm 4.18; J\u00fad 25; Opb 1.6<\/div>\n","protected":false},"excerpt":{"rendered":"<p>1\u00c9g fel y\u00f0ur \u00e1 hendur F\u00f6be, systur vora, sem er \u00fej\u00f3nn safna\u00f0arins \u00ed Kenkreu.2Veiti\u00f0 henni vi\u00f0t\u00f6ku \u00ed Drottni eins og heil\u00f6gum h\u00e6fir og li\u00f0sinni\u00f0 henni \u00ed hverju \u00fev\u00ed, sem h\u00fan \u00fearf y\u00f0ar vi\u00f0, \u00fev\u00ed a\u00f0 h\u00fan hefur veri\u00f0 bjargv\u00e6ttur margra og m\u00edn sj\u00e1lfs.3Heilsi\u00f0 Prisku og Akv\u00edlasi, samverkam\u00f6nnum m\u00ednum \u00ed Kristi Jes\u00fa.4\u00deau hafa stofna\u00f0 l\u00edfi s\u00ednu \u00ed h\u00e6ttu fyrir mig, og fyrir \u00fea\u00f0 votta \u00e9g \u00feeim ekki einn \u00feakkir, heldur og allir s\u00f6fnu\u00f0ir me\u00f0al hei\u00f0ingjanna.5Heilsi\u00f0 einnig s\u00f6fnu\u00f0inum, sem kemur saman \u00ed h\u00fasi \u00feeirra. Heilsi\u00f0 Ep\u00e6netusi, m\u00ednum elska\u00f0a, sem er frumgr\u00f3\u00f0i As\u00edu Kristi til handa.6Heilsi\u00f0 Mar\u00edu, sem miki\u00f0 hefur erfi\u00f0a\u00f0 fyrir y\u00f0ur.7Heilsi\u00f0 <a href=\"https:\/\/biblian.is\/1981\/romverjabrefid-16-kafli\/\"> [&#8230;]<\/a><\/p>\n","protected":false},"author":1,"featured_media":0,"parent":0,"menu_order":0,"comment_status":"open","ping_status":"open","template":"bibliukaflar.php","meta":{"footnotes":""},"class_list":["post-2409","page","type-page","status-publish","hentry"],"_links":{"self":[{"href":"https:\/\/biblian.is\/1981\/wp-json\/wp\/v2\/pages\/2409","targetHints":{"allow":["GET"]}}],"collection":[{"href":"https:\/\/biblian.is\/1981\/wp-json\/wp\/v2\/pages"}],"about":[{"href":"https:\/\/biblian.is\/1981\/wp-json\/wp\/v2\/types\/page"}],"author":[{"embeddable":true,"href":"https:\/\/biblian.is\/1981\/wp-json\/wp\/v2\/users\/1"}],"replies":[{"embeddable":true,"href":"https:\/\/biblian.is\/1981\/wp-json\/wp\/v2\/comments?post=2409"}],"version-history":[{"count":0,"href":"https:\/\/biblian.is\/1981\/wp-json\/wp\/v2\/pages\/2409\/revisions"}],"wp:attachment":[{"href":"https:\/\/biblian.is\/1981\/wp-json\/wp\/v2\/media?parent=2409"}],"curies":[{"name":"wp","href":"https:\/\/api.w.org\/{rel}","templated":true}]}}