{"id":2408,"date":"2017-11-18T20:21:42","date_gmt":"2017-11-18T20:21:42","guid":{"rendered":"http:\/\/biblian.is\/1981\/romverjabrefid-15-kafli\/"},"modified":"2021-06-06T11:05:22","modified_gmt":"2021-06-06T11:05:22","slug":"romverjabrefid-15-kafli","status":"publish","type":"page","link":"https:\/\/biblian.is\/1981\/romverjabrefid-15-kafli\/","title":{"rendered":"R\u00f3mverjabr\u00e9fi\u00f0 15. kafli"},"content":{"rendered":"<p><a name=\"1\"><span class=\"versanumer\">1<\/span><\/a>Skylt er oss, hinum styrku, a\u00f0 bera veikleika hinna \u00f3styrku og hugsa ekki um sj\u00e1lfa oss.<a name=\"2\"><span class=\"versanumer\">2<\/span><\/a>S\u00e9rhver af oss hugsi um n\u00e1ungann og \u00fea\u00f0 sem honum er gott og til uppbyggingar.<a name=\"3\"><span class=\"versanumer\">3<\/span><\/a>Kristur hugsa\u00f0i ekki um sj\u00e1lfan sig, heldur eins og rita\u00f0 er: Lastyr\u00f0i \u00feeirra, sem l\u00f6stu\u00f0u \u00feig, lentu \u00e1 m\u00e9r.<a name=\"4\"><span class=\"versanumer\">4<\/span><\/a>Allt \u00fea\u00f0, sem \u00e1\u00f0ur er rita\u00f0, er rita\u00f0 oss til uppfr\u00e6\u00f0ingar, til \u00feess a\u00f0 v\u00e9r fyrir \u00feolg\u00e6\u00f0i og huggun ritninganna h\u00e9ldum von vorri.<a name=\"5\"><span class=\"versanumer\">5<\/span><\/a>En Gu\u00f0, sem veitir \u00feolg\u00e6\u00f0i\u00f0 og huggunina, gefi y\u00f0ur a\u00f0 vera samhuga a\u00f0 vilja Krists Jes\u00fa,<a name=\"6\"><span class=\"versanumer\">6<\/span><\/a>til \u00feess a\u00f0 \u00fe\u00e9r allir saman einum munni vegsami\u00f0 Gu\u00f0 og f\u00f6\u00f0ur Drottins vors Jes\u00fa Krists.<a name=\"7\"><span class=\"versanumer\">7<\/span><\/a>Taki\u00f0 \u00fev\u00ed hver annan a\u00f0 y\u00f0ur, eins og Kristur t\u00f3k y\u00f0ur a\u00f0 s\u00e9r, Gu\u00f0i til d\u00fdr\u00f0ar.<a name=\"8\"><span class=\"versanumer\">8<\/span><\/a>\u00c9g segi, a\u00f0 Kristur s\u00e9 or\u00f0inn \u00fej\u00f3nn hinna umskornu til a\u00f0 s\u00fdna or\u00f0heldni Gu\u00f0s, til \u00feess a\u00f0 sta\u00f0festa fyrirheitin, sem fe\u00f0runum voru gefin,<a name=\"9\"><span class=\"versanumer\">9<\/span><\/a>en hei\u00f0ingjarnir vegsami Gu\u00f0 sakir miskunnar hans, eins og rita\u00f0 er: \u00deess vegna skal \u00e9g j\u00e1ta \u00feig me\u00f0al hei\u00f0ingja og lofsyngja \u00fe\u00ednu nafni.<a name=\"10\"><span class=\"versanumer\">10<\/span><\/a>Og enn segir: Fagni\u00f0, \u00fe\u00e9r hei\u00f0ingjar, me\u00f0 l\u00fd\u00f0 hans,<a name=\"11\"><span class=\"versanumer\">11<\/span><\/a>og enn: Lofi\u00f0 Drottin, allar \u00fej\u00f3\u00f0ir, og vegsami hann allir l\u00fd\u00f0ir,<a name=\"12\"><span class=\"versanumer\">12<\/span><\/a>og enn segir Jesaja: Koma mun r\u00f3tarkvistur \u00cdsa\u00ed og s\u00e1, er r\u00eds upp til a\u00f0 stj\u00f3rna \u00fej\u00f3\u00f0um, \u00e1 hann munu \u00fej\u00f3\u00f0ir vona.<a name=\"13\"><span class=\"versanumer\">13<\/span><\/a>Gu\u00f0 vonarinnar fylli y\u00f0ur \u00f6llum f\u00f6gnu\u00f0i og fri\u00f0i \u00ed tr\u00fanni, svo a\u00f0 \u00fe\u00e9r s\u00e9u\u00f0 au\u00f0ugir a\u00f0 voninni \u00ed krafti heilags anda.<a name=\"14\"><span class=\"versanumer\">14<\/span><\/a>En \u00e9g er l\u00edka sj\u00e1lfur sannf\u00e6r\u00f0ur um y\u00f0ur, br\u00e6\u00f0ur m\u00ednir, a\u00f0 \u00fe\u00e9r og sj\u00e1lfir eru\u00f0 fullir g\u00f3\u00f0girni, au\u00f0ga\u00f0ir alls konar \u00feekkingu og f\u00e6rir um a\u00f0 \u00e1minna hver annan.<a name=\"15\"><span class=\"versanumer\">15<\/span><\/a>En \u00e9g hef sums sta\u00f0ar rita\u00f0 y\u00f0ur full djarflega, til \u00feess a\u00f0 minna y\u00f0ur \u00e1 sitthva\u00f0. \u00c9g hef gj\u00f6rt \u00fea\u00f0 vegna \u00feess a\u00f0 Gu\u00f0 hefur gefi\u00f0 m\u00e9r \u00fe\u00e1 n\u00e1\u00f0<a name=\"16\"><span class=\"versanumer\">16<\/span><\/a>a\u00f0 vera helgi\u00fej\u00f3nn Krists Jes\u00fa hj\u00e1 hei\u00f0ingjunum og inna af hendi prest\u00fej\u00f3nustu vi\u00f0 fagna\u00f0arerindi Gu\u00f0s, til \u00feess a\u00f0 hei\u00f0ingjarnir m\u00e6ttu ver\u00f0a Gu\u00f0i vel\u00fe\u00f3knanleg f\u00f3rn, helgu\u00f0 af heil\u00f6gum anda.<a name=\"17\"><span class=\"versanumer\">17<\/span><\/a>\u00c9g hef \u00fe\u00e1 fyrir samf\u00e9lag mitt vi\u00f0 Krist Jes\u00fa \u00fea\u00f0, sem \u00e9g get hr\u00f3sa\u00f0 m\u00e9r af: Starf mitt \u00ed \u00fej\u00f3nustu Gu\u00f0s.<a name=\"18\"><span class=\"versanumer\">18<\/span><\/a>Ekki mun \u00e9g dirfast a\u00f0 tala um neitt anna\u00f0 en \u00fea\u00f0, sem Kristur hefur l\u00e1ti\u00f0 mig framkv\u00e6ma, til a\u00f0 lei\u00f0a hei\u00f0ingjana til hl\u00fd\u00f0ni, me\u00f0 or\u00f0i og verki,<a name=\"19\"><span class=\"versanumer\">19<\/span><\/a>me\u00f0 krafti t\u00e1kna og undra, me\u00f0 krafti heilags anda. \u00deannig hef \u00e9g loki\u00f0 vi\u00f0 a\u00f0 flytja fagna\u00f0arerindi\u00f0 um Krist fr\u00e1 Jer\u00fasalem og allt \u00ed kring til Illyr\u00edu.<a name=\"20\"><span class=\"versanumer\">20<\/span><\/a>\u00dea\u00f0 hefur \u00feannig veri\u00f0 metna\u00f0ur minn a\u00f0 l\u00e1ta fagna\u00f0arerindi\u00f0 \u00f3bo\u00f0a\u00f0 \u00fear sem Kristur haf\u00f0i \u00e1\u00f0ur nefndur veri\u00f0, til \u00feess a\u00f0 \u00e9g bygg\u00f0i ekki ofan \u00e1 grundvelli annars,<a name=\"21\"><span class=\"versanumer\">21<\/span><\/a>alveg eins og rita\u00f0 er: \u00deeir skulu sj\u00e1, sem ekkert var um hann sagt, og \u00feeir, sem ekki hafa heyrt, skulu skilja.<a name=\"22\"><span class=\"versanumer\">22<\/span><\/a>\u00dev\u00ed er \u00fea\u00f0, a\u00f0 m\u00e9r hefur hva\u00f0 eftir anna\u00f0 veri\u00f0 meina\u00f0 a\u00f0 koma til y\u00f0ar.<a name=\"23\"><span class=\"versanumer\">23<\/span><\/a>En n\u00fa \u00e1 \u00e9g ekki lengur neitt \u00f3gj\u00f6rt \u00e1 \u00feessum sl\u00f3\u00f0um, og mig hefur auk \u00feess \u00ed m\u00f6rg \u00e1r langa\u00f0 til a\u00f0 koma til y\u00f0ar,<a name=\"24\"><span class=\"versanumer\">24<\/span><\/a>\u00feegar \u00e9g f\u00e6ri til Sp\u00e1nar. \u00c9g vona, a\u00f0 \u00e9g f\u00e1i a\u00f0 sj\u00e1 y\u00f0ur, er \u00e9g fer um hj\u00e1 y\u00f0ur, og a\u00f0 \u00fe\u00e9r b\u00fai\u00f0 fer\u00f0 m\u00edna \u00feanga\u00f0, er \u00e9g fyrst hef nokkurn veginn fengi\u00f0 n\u00e6gju m\u00edna hj\u00e1 y\u00f0ur.<a name=\"25\"><span class=\"versanumer\">25<\/span><\/a>En n\u00fa fer \u00e9g \u00e1 lei\u00f0 til Jer\u00fasalem til a\u00f0 flytja hinum heil\u00f6gu hj\u00e1lp.<a name=\"26\"><span class=\"versanumer\">26<\/span><\/a>\u00dev\u00ed a\u00f0 Maked\u00f3n\u00eda og Akkea hafa \u00e1kve\u00f0i\u00f0 a\u00f0 gangast fyrir samskotum handa f\u00e1t\u00e6klingum me\u00f0al hinna heil\u00f6gu \u00ed Jer\u00fasalem.<a name=\"27\"><span class=\"versanumer\">27<\/span><\/a>Sj\u00e1lfir \u00e1kv\u00e1\u00f0u \u00feeir \u00fea\u00f0, enda eru \u00feeir \u00ed skuld vi\u00f0 \u00fe\u00e1. Fyrst hei\u00f0ingjarnir hafa fengi\u00f0 hlutdeild \u00ed andlegum g\u00e6\u00f0um \u00feeirra, \u00fe\u00e1 er \u00feeim og skylt a\u00f0 fulltingja \u00feeim \u00ed l\u00edkamlegum efnum.<a name=\"28\"><span class=\"versanumer\">28<\/span><\/a>En \u00feegar \u00e9g hef loki\u00f0 \u00feessu og tryggilega afhent \u00feeim \u00feennan \u00e1v\u00f6xt, mun \u00e9g fara um hj\u00e1 y\u00f0ur til Sp\u00e1nar.<a name=\"29\"><span class=\"versanumer\">29<\/span><\/a>En \u00e9g veit, a\u00f0 \u00feegar \u00e9g kem til y\u00f0ar, mun \u00e9g koma me\u00f0 blessun Krists \u00ed fullum m\u00e6li.<a name=\"30\"><span class=\"versanumer\">30<\/span><\/a>En mikillega bi\u00f0 \u00e9g y\u00f0ur, br\u00e6\u00f0ur, fyrir sakir Drottins vors Jes\u00fa Krists og fyrir sakir k\u00e6rleika andans, a\u00f0 \u00fe\u00e9r str\u00ed\u00f0i\u00f0 me\u00f0 m\u00e9r me\u00f0 \u00fev\u00ed a\u00f0 bi\u00f0ja til Gu\u00f0s fyrir m\u00e9r,<a name=\"31\"><span class=\"versanumer\">31<\/span><\/a>til \u00feess a\u00f0 \u00e9g frelsist fr\u00e1 hinum vantr\u00fau\u00f0u \u00ed J\u00fadeu, og hj\u00e1lpin, sem \u00e9g fer me\u00f0 til Jer\u00fasalem, ver\u00f0i vel \u00feegin af hinum heil\u00f6gu.<a name=\"32\"><span class=\"versanumer\">32<\/span><\/a>\u00de\u00e1 get \u00e9g, ef Gu\u00f0 lofar, komi\u00f0 til y\u00f0ar me\u00f0 f\u00f6gnu\u00f0i og endurhresstst \u00e1samt y\u00f0ur.<a name=\"33\"><span class=\"versanumer\">33<\/span><\/a>Gu\u00f0 fri\u00f0arins s\u00e9 me\u00f0 y\u00f0ur \u00f6llum. Amen.<\/p>\n<div class=\"footnote1981\"><b>15.3<\/b> Sbr Slm 69.10<br \/>\n<b>15.4<\/b> Okkur til fr\u00e6\u00f0slu 1Kor 10.6,11; 2T\u00edm 3.16 \u2013 upp\u00f6rvun 1Makk 12.9; 2Makk 15.9<br \/>\n<b>15.5<\/b> Gu\u00f0 veitir hugrekki Jes 40.1 \u2013 samhuga Fil 2.2<br \/>\n<b>15.9<\/b> Sbr 2Sam 22.50; Slm 18.50<br \/>\n<b>15.10<\/b> Sbr 5M\u00f3s 32.43<br \/>\n<b>15.11<\/b> Sbr Slm 117.1<br \/>\n<b>15.12<\/b> Sbr Jes 11.10<br \/>\n<b>15.16<\/b> L\u00edf kristins manns er f\u00f3rn R\u00f3m 12.1; Fil 2.17 \u2013 postulad\u00f3mur og \u00fej\u00f3nusta R\u00f3m 1.9<br \/>\n<b>15.18<\/b> Hl\u00fd\u00f0ni R\u00f3m 1.5+<br \/>\n<b>15.21<\/b> Sbr Jes 52.15<br \/>\n<b>15.25<\/b> Fyrir\u00e6tlanir P\u00e1ls 1Kor 16.6; Post 19.21<br \/>\n<b>15.26<\/b> Samskot 1Kor 16.1-4; 2Kor 8-9; Gal 2.10<br \/>\n<b>15.27<\/b> Hlutdeild \u00ed g\u00e6\u00f0um 1Kor 9.11; Gal 6.6<br \/>\n<b>15.30<\/b> Str\u00ed\u00f0i\u00f0 me\u00f0 m\u00e9r K\u00f3l 2.1; 4.12<br \/>\n<b>15.31<\/b> P\u00e1ll \u00ed h\u00e6ttu Post 20.3; 21.10-11,17-36<\/div>\n","protected":false},"excerpt":{"rendered":"<p>1Skylt er oss, hinum styrku, a\u00f0 bera veikleika hinna \u00f3styrku og hugsa ekki um sj\u00e1lfa oss.2S\u00e9rhver af oss hugsi um n\u00e1ungann og \u00fea\u00f0 sem honum er gott og til uppbyggingar.3Kristur hugsa\u00f0i ekki um sj\u00e1lfan sig, heldur eins og rita\u00f0 er: Lastyr\u00f0i \u00feeirra, sem l\u00f6stu\u00f0u \u00feig, lentu \u00e1 m\u00e9r.4Allt \u00fea\u00f0, sem \u00e1\u00f0ur er rita\u00f0, er rita\u00f0 oss til uppfr\u00e6\u00f0ingar, til \u00feess a\u00f0 v\u00e9r fyrir \u00feolg\u00e6\u00f0i og huggun ritninganna h\u00e9ldum von vorri.5En Gu\u00f0, sem veitir \u00feolg\u00e6\u00f0i\u00f0 og huggunina, gefi y\u00f0ur a\u00f0 vera samhuga a\u00f0 vilja Krists Jes\u00fa,6til \u00feess a\u00f0 \u00fe\u00e9r allir saman einum munni vegsami\u00f0 Gu\u00f0 og f\u00f6\u00f0ur Drottins vors Jes\u00fa Krists.7Taki\u00f0 <a href=\"https:\/\/biblian.is\/1981\/romverjabrefid-15-kafli\/\"> [&#8230;]<\/a><\/p>\n","protected":false},"author":1,"featured_media":0,"parent":0,"menu_order":0,"comment_status":"open","ping_status":"open","template":"bibliukaflar.php","meta":{"footnotes":""},"class_list":["post-2408","page","type-page","status-publish","hentry"],"_links":{"self":[{"href":"https:\/\/biblian.is\/1981\/wp-json\/wp\/v2\/pages\/2408","targetHints":{"allow":["GET"]}}],"collection":[{"href":"https:\/\/biblian.is\/1981\/wp-json\/wp\/v2\/pages"}],"about":[{"href":"https:\/\/biblian.is\/1981\/wp-json\/wp\/v2\/types\/page"}],"author":[{"embeddable":true,"href":"https:\/\/biblian.is\/1981\/wp-json\/wp\/v2\/users\/1"}],"replies":[{"embeddable":true,"href":"https:\/\/biblian.is\/1981\/wp-json\/wp\/v2\/comments?post=2408"}],"version-history":[{"count":0,"href":"https:\/\/biblian.is\/1981\/wp-json\/wp\/v2\/pages\/2408\/revisions"}],"wp:attachment":[{"href":"https:\/\/biblian.is\/1981\/wp-json\/wp\/v2\/media?parent=2408"}],"curies":[{"name":"wp","href":"https:\/\/api.w.org\/{rel}","templated":true}]}}