{"id":2407,"date":"2017-11-18T20:21:38","date_gmt":"2017-11-18T20:21:38","guid":{"rendered":"http:\/\/biblian.is\/1981\/romverjabrefid-14-kafli\/"},"modified":"2021-06-06T11:05:21","modified_gmt":"2021-06-06T11:05:21","slug":"romverjabrefid-14-kafli","status":"publish","type":"page","link":"https:\/\/biblian.is\/1981\/romverjabrefid-14-kafli\/","title":{"rendered":"R\u00f3mverjabr\u00e9fi\u00f0 14. kafli"},"content":{"rendered":"<p><a name=\"1\"><span class=\"versanumer\">1<\/span><\/a>Taki\u00f0 a\u00f0 y\u00f0ur hina \u00f3styrku \u00ed tr\u00fanni, \u00e1n \u00feess a\u00f0 leggja d\u00f3m \u00e1 sko\u00f0anir \u00feeirra.<a name=\"2\"><span class=\"versanumer\">2<\/span><\/a>Einn er \u00feeirrar tr\u00faar, a\u00f0 alls megi neyta en hinn \u00f3styrki neytir einungis jurtaf\u00e6\u00f0u.<a name=\"3\"><span class=\"versanumer\">3<\/span><\/a>S\u00e1, sem neytir kj\u00f6ts, fyrirl\u00edti ekki hinn, sem l\u00e6tur \u00feess \u00f3neytt, og s\u00e1, sem l\u00e6tur \u00feess \u00f3neytt, d\u00e6mi ekki \u00feann, sem neytir \u00feess, \u00fev\u00ed a\u00f0 Gu\u00f0 hefur teki\u00f0 hann a\u00f0 s\u00e9r.<a name=\"4\"><span class=\"versanumer\">4<\/span><\/a>Hver ert \u00fe\u00fa, sem d\u00e6mir annars \u00fej\u00f3n? Hann stendur og fellur herra s\u00ednum. Og hann mun standa, \u00fev\u00ed a\u00f0 megnugur er Drottinn \u00feess a\u00f0 l\u00e1ta hann standa.<a name=\"5\"><span class=\"versanumer\">5<\/span><\/a>Einn gj\u00f6rir mun \u00e1 d\u00f6gum, en annar metur alla daga jafna. S\u00e9rhver hafi \u00f6rugga sannf\u00e6ringu \u00ed huga s\u00ednum.<a name=\"6\"><span class=\"versanumer\">6<\/span><\/a>S\u00e1, sem tekur tillit til daga, gj\u00f6rir \u00fea\u00f0 vegna Drottins. Og s\u00e1, sem neytir kj\u00f6ts, gerir \u00fea\u00f0 vegna Drottins, \u00fev\u00ed a\u00f0 hann gj\u00f6rir Gu\u00f0i \u00feakkir. S\u00e1, sem l\u00e6tur \u00f3neytt, hann l\u00e6tur \u00f3neytt vegna Drottins og gj\u00f6rir Gu\u00f0i \u00feakkir.<a name=\"7\"><span class=\"versanumer\">7<\/span><\/a>\u00dev\u00ed a\u00f0 enginn af oss lifir sj\u00e1lfum s\u00e9r og enginn deyr sj\u00e1lfum s\u00e9r.<a name=\"8\"><span class=\"versanumer\">8<\/span><\/a>Ef v\u00e9r lifum, lifum v\u00e9r Drottni, og ef v\u00e9r deyjum, deyjum v\u00e9r Drottni. Hvort sem v\u00e9r \u00feess vegna lifum e\u00f0a deyjum, \u00fe\u00e1 erum v\u00e9r Drottins.<a name=\"9\"><span class=\"versanumer\">9<\/span><\/a>\u00dev\u00ed a\u00f0 til \u00feess d\u00f3 Kristur og var\u00f0 aftur lifandi, a\u00f0 hann skyldi drottna b\u00e6\u00f0i yfir dau\u00f0um og lifandi.<a name=\"10\"><span class=\"versanumer\">10<\/span><\/a>En \u00fe\u00fa, hv\u00ed d\u00e6mir \u00fe\u00fa br\u00f3\u00f0ur \u00feinn? E\u00f0a \u00fe\u00e1 \u00fe\u00fa, hv\u00ed fyrirl\u00edtur \u00fe\u00fa br\u00f3\u00f0ur \u00feinn? Allir munum v\u00e9r ver\u00f0a a\u00f0 koma fram fyrir d\u00f3mst\u00f3l Gu\u00f0s.<a name=\"11\"><span class=\"versanumer\">11<\/span><\/a>\u00dev\u00ed a\u00f0 rita\u00f0 er: Svo sannarlega sem \u00e9g lifi, segir Drottinn, fyrir m\u00e9r skulu \u00f6ll kn\u00e9 beygja sig og s\u00e9rhver tunga vegsama Gu\u00f0.<a name=\"12\"><span class=\"versanumer\">12<\/span><\/a>\u00dev\u00ed skal \u00fe\u00e1 s\u00e9rhver af oss l\u00faka Gu\u00f0i reikning fyrir sj\u00e1lfan sig.<a name=\"13\"><span class=\"versanumer\">13<\/span><\/a>D\u00e6mum \u00fev\u00ed ekki framar hver annan. \u00c1setji\u00f0 y\u00f0ur \u00f6llu heldur a\u00f0 ver\u00f0a br\u00f3\u00f0ur y\u00f0ar ekki til \u00e1steytingar e\u00f0a falls.<a name=\"14\"><span class=\"versanumer\">14<\/span><\/a>\u00c9g veit \u00fea\u00f0 og er \u00feess fullviss, af \u00fev\u00ed a\u00f0 \u00e9g lifi \u00ed samf\u00e9lagi vi\u00f0 Drottin Jes\u00fa, a\u00f0 ekkert er vanheilagt \u00ed sj\u00e1lfu s\u00e9r, nema \u00fe\u00e1 \u00feeim, sem heldur eitthva\u00f0 vanheilagt, honum er \u00fea\u00f0 vanheilagt.<a name=\"15\"><span class=\"versanumer\">15<\/span><\/a>Ef br\u00f3\u00f0ir \u00feinn hryggist s\u00f6kum \u00feess, sem \u00fe\u00fa etur, \u00fe\u00e1 ertu kominn af k\u00e6rleikans braut. Hrind ekki me\u00f0 mat \u00fe\u00ednum \u00ed gl\u00f6tun \u00feeim manni, sem Kristur d\u00f3 fyrir.<a name=\"16\"><span class=\"versanumer\">16<\/span><\/a>L\u00e1ti\u00f0 \u00fev\u00ed ekki hi\u00f0 g\u00f3\u00f0a, sem \u00fe\u00e9r eigi\u00f0, ver\u00f0a fyrir lasti.<a name=\"17\"><span class=\"versanumer\">17<\/span><\/a>\u00dev\u00ed a\u00f0 ekki er Gu\u00f0s r\u00edki matur og drykkur, heldur r\u00e9ttl\u00e6ti, fri\u00f0ur og f\u00f6gnu\u00f0ur \u00ed heil\u00f6gum anda.<a name=\"18\"><span class=\"versanumer\">18<\/span><\/a>Hver sem \u00fej\u00f3nar Kristi \u00e1 \u00feann h\u00e1tt, hann er Gu\u00f0i vel\u00fe\u00f3knanlegur og vel metinn manna \u00e1 me\u00f0al.<a name=\"19\"><span class=\"versanumer\">19<\/span><\/a>Keppum \u00feess vegna eftir \u00fev\u00ed, sem til fri\u00f0arins heyrir og til hinnar sameiginlegu uppbyggingar.<a name=\"20\"><span class=\"versanumer\">20<\/span><\/a>Brj\u00f3ttu ekki ni\u00f0ur verk Gu\u00f0s vegna matar! Allt er a\u00f0 s\u00f6nnu hreint, en \u00fea\u00f0 er \u00fe\u00f3 illt \u00feeim manni, sem etur \u00f6\u00f0rum til \u00e1steytingar.<a name=\"21\"><span class=\"versanumer\">21<\/span><\/a>\u00dea\u00f0 er r\u00e9tt a\u00f0 eta hvorki kj\u00f6t n\u00e9 drekka v\u00edn n\u00e9 gj\u00f6ra neitt, sem br\u00f3\u00f0ir \u00feinn steytir sig \u00e1.<a name=\"22\"><span class=\"versanumer\">22<\/span><\/a>Halt \u00fe\u00fa \u00feeirri tr\u00fa, sem \u00fe\u00fa hefur me\u00f0 sj\u00e1lfum \u00fe\u00e9r fyrir Gu\u00f0i. S\u00e6ll er s\u00e1, sem \u00fearf ekki a\u00f0 \u00e1fella sig fyrir \u00fea\u00f0, sem hann velur.<a name=\"23\"><span class=\"versanumer\">23<\/span><\/a>En s\u00e1 sem er efablandinn og etur \u00fe\u00f3, hann er d\u00e6mdur af \u00fev\u00ed a\u00f0 hann etur ekki af tr\u00fa. Allt sem ekki er af tr\u00fa er synd.<\/p>\n<div class=\"footnote1981\"><b>14.1<\/b> Tr\u00faarveik 1Kor 8.7-13 \u2013 d\u00e6ma sko\u00f0anir 1Kor 10.23-33; R\u00f3m 15.7<br \/>\n<b>14.2<\/b> Tr\u00fain veitir frelsi K\u00f3l 2.16-23; 1T\u00edm 4.3-5; T\u00edt 1.15<br \/>\n<b>14.4<\/b> Drottinn einn d\u00e6mir R\u00f3m 14.7-10; Matt 7.1; 1Kor 4.5; Jak 4.12<br \/>\n<b>14.5<\/b> Gera mun \u00e1 d\u00f6gum Gal 4.10; K\u00f3l 2.16<br \/>\n<b>14.6<\/b> F\u00e6ra Gu\u00f0i \u00feakkir 1Kor 10.30; 1T\u00edm 4.4<br \/>\n<b>14.8<\/b> Lifa Drottni R\u00f3m 6.11; 1Kor 3.23; 2Kor 5.15; Gal 2.20; 1\u00deess 5.10<br \/>\n<b>14.9<\/b> Drottna yfir dau\u00f0um og lifandi L\u00fak 20.38; Post 10.42; Fil 2.10-11<br \/>\n<b>14.10<\/b> D\u00f3mst\u00f3ll Gu\u00f0s Post 17.31; R\u00f3m 2.16; 12.19; 2Kor 5.10; Matt 25.31-46<br \/>\n<b>14.11<\/b> Sbr Jes 49.18; 45.23; Fil 2.10-11<br \/>\n<b>14.12<\/b> Gera Gu\u00f0i skil R\u00f3m 2.5-6; Heb 4.13<br \/>\n<b>14.13<\/b> Til \u00e1steytingar og falls Matt 5.29+ ; 18.6; 1Kor 8.13; 1J\u00f3h 2.10<br \/>\n<b>14.14<\/b> Vanheilagt Post 10.15; Matt 15.11; 1Kor 10.23; 1T\u00edm 4.4; T\u00edt 1.15<br \/>\n<b>14.15<\/b> Tillitssemi 1Kor 8.9-13<br \/>\n<b>14.17<\/b> Ekki matur og drykkur 1Kor 8.8 \u2013 fri\u00f0ur og f\u00f6gnu\u00f0ur \u00ed heil\u00f6gum anda Gal 5.22; 1\u00deess 1.6<br \/>\n<b>14.18<\/b> \u00cd metum R\u00f3m 12.17-18; 1T\u00edm 2.2; 6.1; T\u00edt 2.9-10<br \/>\n<b>14.19<\/b> Fri\u00f0ur R\u00f3m 12.17-18; 1Kor 7.15 \u2013 efling R\u00f3m 15.2; 1Kor 3.9; 14.5,12,26; 2Kor 13.10; Ef 2.21; 4.12,16,29<br \/>\n<b>14.21<\/b> Kemur illa vi\u00f0 1Kor 8.13<br \/>\n<b>14.22<\/b> Halt fast vi\u00f0 tr\u00fana 1Kor 10.25-27 \u2013 \u00e1fella sig 1Kor 11.31<br \/>\n<b>14.23<\/b> Ekki af \u00fev\u00ed 1Kor 8.7; Jak 4.17<\/div>\n","protected":false},"excerpt":{"rendered":"<p>1Taki\u00f0 a\u00f0 y\u00f0ur hina \u00f3styrku \u00ed tr\u00fanni, \u00e1n \u00feess a\u00f0 leggja d\u00f3m \u00e1 sko\u00f0anir \u00feeirra.2Einn er \u00feeirrar tr\u00faar, a\u00f0 alls megi neyta en hinn \u00f3styrki neytir einungis jurtaf\u00e6\u00f0u.3S\u00e1, sem neytir kj\u00f6ts, fyrirl\u00edti ekki hinn, sem l\u00e6tur \u00feess \u00f3neytt, og s\u00e1, sem l\u00e6tur \u00feess \u00f3neytt, d\u00e6mi ekki \u00feann, sem neytir \u00feess, \u00fev\u00ed a\u00f0 Gu\u00f0 hefur teki\u00f0 hann a\u00f0 s\u00e9r.4Hver ert \u00fe\u00fa, sem d\u00e6mir annars \u00fej\u00f3n? Hann stendur og fellur herra s\u00ednum. Og hann mun standa, \u00fev\u00ed a\u00f0 megnugur er Drottinn \u00feess a\u00f0 l\u00e1ta hann standa.5Einn gj\u00f6rir mun \u00e1 d\u00f6gum, en annar metur alla daga jafna. S\u00e9rhver hafi \u00f6rugga sannf\u00e6ringu \u00ed huga <a href=\"https:\/\/biblian.is\/1981\/romverjabrefid-14-kafli\/\"> [&#8230;]<\/a><\/p>\n","protected":false},"author":1,"featured_media":0,"parent":0,"menu_order":0,"comment_status":"open","ping_status":"open","template":"bibliukaflar.php","meta":{"footnotes":""},"class_list":["post-2407","page","type-page","status-publish","hentry"],"_links":{"self":[{"href":"https:\/\/biblian.is\/1981\/wp-json\/wp\/v2\/pages\/2407","targetHints":{"allow":["GET"]}}],"collection":[{"href":"https:\/\/biblian.is\/1981\/wp-json\/wp\/v2\/pages"}],"about":[{"href":"https:\/\/biblian.is\/1981\/wp-json\/wp\/v2\/types\/page"}],"author":[{"embeddable":true,"href":"https:\/\/biblian.is\/1981\/wp-json\/wp\/v2\/users\/1"}],"replies":[{"embeddable":true,"href":"https:\/\/biblian.is\/1981\/wp-json\/wp\/v2\/comments?post=2407"}],"version-history":[{"count":0,"href":"https:\/\/biblian.is\/1981\/wp-json\/wp\/v2\/pages\/2407\/revisions"}],"wp:attachment":[{"href":"https:\/\/biblian.is\/1981\/wp-json\/wp\/v2\/media?parent=2407"}],"curies":[{"name":"wp","href":"https:\/\/api.w.org\/{rel}","templated":true}]}}