{"id":2406,"date":"2017-11-18T20:21:38","date_gmt":"2017-11-18T20:21:38","guid":{"rendered":"http:\/\/biblian.is\/1981\/romverjabrefid-13-kafli\/"},"modified":"2021-06-06T11:05:20","modified_gmt":"2021-06-06T11:05:20","slug":"romverjabrefid-13-kafli","status":"publish","type":"page","link":"https:\/\/biblian.is\/1981\/romverjabrefid-13-kafli\/","title":{"rendered":"R\u00f3mverjabr\u00e9fi\u00f0 13. kafli"},"content":{"rendered":"<p><a name=\"1\"><span class=\"versanumer\">1<\/span><\/a>S\u00e9rhver ma\u00f0ur hl\u00fd\u00f0i \u00feeim yfirv\u00f6ldum, sem hann er undirgefinn. \u00dev\u00ed ekki er neitt yfirvald til nema fr\u00e1 Gu\u00f0i, og \u00feau sem til eru, \u00feau eru skipu\u00f0 af Gu\u00f0i.<a name=\"2\"><span class=\"versanumer\">2<\/span><\/a>S\u00e1 sem veitir yfirv\u00f6ldunum m\u00f3tst\u00f6\u00f0u, hann veitir Gu\u00f0s tilskipun m\u00f3tst\u00f6\u00f0u, og \u00feeir sem veita m\u00f3tst\u00f6\u00f0u munu f\u00e1 d\u00f3m sinn.<a name=\"3\"><span class=\"versanumer\">3<\/span><\/a>S\u00e1 sem vinnur g\u00f3\u00f0 verk \u00fearf ekki a\u00f0 \u00f3ttast valdsmennina, heldur s\u00e1 sem vinnur vond verk. En viljir \u00fe\u00fa eigi \u00feurfa a\u00f0 \u00f3ttast yfirv\u00f6ldin, \u00fe\u00e1 gj\u00f6r \u00fea\u00f0 sem gott er, og muntu f\u00e1 lofst\u00edr af \u00feeim.<a name=\"4\"><span class=\"versanumer\">4<\/span><\/a>\u00dev\u00ed a\u00f0 \u00feau eru \u00fej\u00f3nn Gu\u00f0s \u00fe\u00e9r til g\u00f3\u00f0s. En ef \u00fe\u00fa gj\u00f6rir \u00fea\u00f0 sem illt er, \u00fe\u00e1 skaltu \u00f3ttast. Yfirv\u00f6ldin bera ekki sver\u00f0i\u00f0 \u00f3fyrirsynju, \u00feau eru Gu\u00f0s \u00fej\u00f3nn, hegnari til refsingar \u00feeim er a\u00f0hefst hi\u00f0 illa.<a name=\"5\"><span class=\"versanumer\">5<\/span><\/a>\u00deess vegna er nau\u00f0synlegt a\u00f0 hl\u00fd\u00f0nast, ekki einungis vegna hegningarinnar, heldur og vegna samviskunnar.<a name=\"6\"><span class=\"versanumer\">6<\/span><\/a>Einmitt \u00feess vegna gjaldi\u00f0 \u00fe\u00e9r og skatta, \u00fev\u00ed a\u00f0 valdsmennirnir eru Gu\u00f0s \u00fej\u00f3nar, sem annast \u00feetta.<a name=\"7\"><span class=\"versanumer\">7<\/span><\/a>Gjaldi\u00f0 \u00f6llum \u00fea\u00f0 sem skylt er: \u00deeim skatt, sem skattur ber, \u00feeim toll, sem tollur ber, \u00feeim \u00f3tta, sem \u00f3tti ber, \u00feeim vir\u00f0ing, sem vir\u00f0ing ber.<a name=\"8\"><span class=\"versanumer\">8<\/span><\/a>Skuldi\u00f0 ekki neinum neitt, nema \u00fea\u00f0 eitt a\u00f0 elska hver annan, \u00fev\u00ed a\u00f0 s\u00e1, sem elskar n\u00e1unga sinn, hefur uppfyllt l\u00f6gm\u00e1li\u00f0.<a name=\"9\"><span class=\"versanumer\">9<\/span><\/a>Bo\u00f0or\u00f0in: \u00de\u00fa skalt ekki dr\u00fdgja h\u00f3r, \u00fe\u00fa skalt ekki mor\u00f0 fremja, \u00fe\u00fa skalt ekki stela, \u00fe\u00fa skalt ekki girnast, og hvert anna\u00f0 bo\u00f0or\u00f0 er innifali\u00f0 \u00ed \u00feessari grein: \u00de\u00fa skalt elska n\u00e1unga \u00feinn eins og sj\u00e1lfan \u00feig.<a name=\"10\"><span class=\"versanumer\">10<\/span><\/a>K\u00e6rleikurinn gj\u00f6rir ekki n\u00e1unganum mein. \u00deess vegna er k\u00e6rleikurinn fylling l\u00f6gm\u00e1lsins.<a name=\"11\"><span class=\"versanumer\">11<\/span><\/a>Gj\u00f6ri\u00f0 \u00feetta \u00fev\u00ed heldur sem \u00fe\u00e9r \u00feekki\u00f0 t\u00edmann, a\u00f0 y\u00f0ur er m\u00e1l a\u00f0 r\u00edsa af svefni, \u00fev\u00ed a\u00f0 n\u00fa er oss hj\u00e1lpr\u00e6\u00f0i\u00f0 n\u00e6r en \u00fe\u00e1 er v\u00e9r t\u00f3kum tr\u00fa.<a name=\"12\"><span class=\"versanumer\">12<\/span><\/a>Li\u00f0i\u00f0 er \u00e1 n\u00f3ttina og dagurinn \u00ed n\u00e1nd. Leggjum \u00fev\u00ed af verk myrkursins og kl\u00e6\u00f0umst hertygjum lj\u00f3ssins.<a name=\"13\"><span class=\"versanumer\">13<\/span><\/a>Framg\u00f6ngum s\u00f3masamlega eins og \u00e1 degi, ekki \u00ed of\u00e1ti n\u00e9 ofdrykkju, ekki \u00ed saurl\u00edfi n\u00e9 svalli, ekki \u00ed \u00fer\u00e6tu n\u00e9 \u00f6fund.<a name=\"14\"><span class=\"versanumer\">14<\/span><\/a>\u00cdkl\u00e6\u00f0ist heldur Drottni Jes\u00fa Kristi, og ali\u00f0 ekki \u00f6nn fyrir holdinu, svo a\u00f0 \u00fea\u00f0 ver\u00f0i til a\u00f0 \u00e6sa girndir.<\/p>\n<div class=\"footnote1981\"><b>13.1<\/b> Yfirv\u00f6ld Matt 22.16-21; 1T\u00edm 2.1-2; T\u00edt 3.1; 1P\u00e9t 2.13-17; Okv 8.15; J\u00f3h 19.11<br \/>\n<b>13.8<\/b> N\u00e1ungak\u00e6rleikur J\u00f3h 13.34; K\u00f3l 3.14; 1J\u00f3h 4.11 \u2013 og l\u00f6gm\u00e1li\u00f0 Matt 22.37-40; Gal 5.14<br \/>\n<b>13.9<\/b> Sbr 2M\u00f3s 20.13-17; 5M\u00f3s 5.17-21; 3M\u00f3s 19.18; Matt 19.18-19; Gal 5.14<br \/>\n<b>13.11<\/b> \u00dei\u00f0 viti\u00f0 hva\u00f0 t\u00edmanum l\u00ed\u00f0ur 1Kor 7.26,29<br \/>\n<b>13.12<\/b> L\u00edf \u00ed lj\u00f3si J\u00f3h 8.12; 1J\u00f3h 2.8; Ef 5.8-16; 1\u00deess 5.4-8 \u2013 hertygi lj\u00f3ssins Ef 6.11; 13.17<br \/>\n<b>13.14<\/b> \u00cdkl\u00e6\u00f0ast Kristi Gal 3.27; Ef 4.24<\/div>\n","protected":false},"excerpt":{"rendered":"<p>1S\u00e9rhver ma\u00f0ur hl\u00fd\u00f0i \u00feeim yfirv\u00f6ldum, sem hann er undirgefinn. \u00dev\u00ed ekki er neitt yfirvald til nema fr\u00e1 Gu\u00f0i, og \u00feau sem til eru, \u00feau eru skipu\u00f0 af Gu\u00f0i.2S\u00e1 sem veitir yfirv\u00f6ldunum m\u00f3tst\u00f6\u00f0u, hann veitir Gu\u00f0s tilskipun m\u00f3tst\u00f6\u00f0u, og \u00feeir sem veita m\u00f3tst\u00f6\u00f0u munu f\u00e1 d\u00f3m sinn.3S\u00e1 sem vinnur g\u00f3\u00f0 verk \u00fearf ekki a\u00f0 \u00f3ttast valdsmennina, heldur s\u00e1 sem vinnur vond verk. En viljir \u00fe\u00fa eigi \u00feurfa a\u00f0 \u00f3ttast yfirv\u00f6ldin, \u00fe\u00e1 gj\u00f6r \u00fea\u00f0 sem gott er, og muntu f\u00e1 lofst\u00edr af \u00feeim.4\u00dev\u00ed a\u00f0 \u00feau eru \u00fej\u00f3nn Gu\u00f0s \u00fe\u00e9r til g\u00f3\u00f0s. En ef \u00fe\u00fa gj\u00f6rir \u00fea\u00f0 sem illt er, \u00fe\u00e1 skaltu \u00f3ttast. <a href=\"https:\/\/biblian.is\/1981\/romverjabrefid-13-kafli\/\"> [&#8230;]<\/a><\/p>\n","protected":false},"author":1,"featured_media":0,"parent":0,"menu_order":0,"comment_status":"open","ping_status":"open","template":"bibliukaflar.php","meta":{"footnotes":""},"class_list":["post-2406","page","type-page","status-publish","hentry"],"_links":{"self":[{"href":"https:\/\/biblian.is\/1981\/wp-json\/wp\/v2\/pages\/2406","targetHints":{"allow":["GET"]}}],"collection":[{"href":"https:\/\/biblian.is\/1981\/wp-json\/wp\/v2\/pages"}],"about":[{"href":"https:\/\/biblian.is\/1981\/wp-json\/wp\/v2\/types\/page"}],"author":[{"embeddable":true,"href":"https:\/\/biblian.is\/1981\/wp-json\/wp\/v2\/users\/1"}],"replies":[{"embeddable":true,"href":"https:\/\/biblian.is\/1981\/wp-json\/wp\/v2\/comments?post=2406"}],"version-history":[{"count":0,"href":"https:\/\/biblian.is\/1981\/wp-json\/wp\/v2\/pages\/2406\/revisions"}],"wp:attachment":[{"href":"https:\/\/biblian.is\/1981\/wp-json\/wp\/v2\/media?parent=2406"}],"curies":[{"name":"wp","href":"https:\/\/api.w.org\/{rel}","templated":true}]}}