{"id":2405,"date":"2017-11-18T20:21:38","date_gmt":"2017-11-18T20:21:38","guid":{"rendered":"http:\/\/biblian.is\/1981\/romverjabrefid-12-kafli\/"},"modified":"2021-06-06T11:05:19","modified_gmt":"2021-06-06T11:05:19","slug":"romverjabrefid-12-kafli","status":"publish","type":"page","link":"https:\/\/biblian.is\/1981\/romverjabrefid-12-kafli\/","title":{"rendered":"R\u00f3mverjabr\u00e9fi\u00f0 12. kafli"},"content":{"rendered":"<p><a name=\"1\"><span class=\"versanumer\">1<\/span><\/a>\u00dev\u00ed br\u00fdni \u00e9g y\u00f0ur, br\u00e6\u00f0ur, a\u00f0 \u00fe\u00e9r, vegna miskunnar Gu\u00f0s, bj\u00f3\u00f0i\u00f0 fram sj\u00e1lfa y\u00f0ur a\u00f0 lifandi, heilagri, Gu\u00f0i \u00fe\u00f3knanlegri f\u00f3rn. \u00dea\u00f0 er s\u00f6nn og r\u00e9tt gu\u00f0sd\u00fdrkun af y\u00f0ar hendi.<a name=\"2\"><span class=\"versanumer\">2<\/span><\/a>Heg\u00f0i\u00f0 y\u00f0ur eigi eftir \u00f6ld \u00feessari, heldur taki\u00f0 h\u00e1ttaskipti me\u00f0 endurn\u00fdjung hugarfarsins, svo a\u00f0 \u00fe\u00e9r f\u00e1i\u00f0 a\u00f0 reyna, hver s\u00e9 vilji Gu\u00f0s, hi\u00f0 g\u00f3\u00f0a, fagra og fullkomna.<a name=\"3\"><span class=\"versanumer\">3<\/span><\/a>Fyrir \u00fe\u00e1 n\u00e1\u00f0, sem m\u00e9r er gefin, segi \u00e9g y\u00f0ur hverjum og einum a\u00f0 hugsa ekki h\u00e6rra um sig en hugsa ber, heldur \u00ed r\u00e9ttu h\u00f3fi, og halda s\u00e9r hver og einn vi\u00f0 \u00feann m\u00e6li tr\u00faar, sem Gu\u00f0 hefur \u00fathluta\u00f0 honum.<a name=\"4\"><span class=\"versanumer\">4<\/span><\/a>V\u00e9r h\u00f6fum \u00e1 einum l\u00edkama marga limi, en limirnir hafa ekki allir sama starfa.<a name=\"5\"><span class=\"versanumer\">5<\/span><\/a>Eins erum v\u00e9r, \u00fe\u00f3tt margir s\u00e9um, einn l\u00edkami \u00ed Kristi, en hver um sig annars limir.<a name=\"6\"><span class=\"versanumer\">6<\/span><\/a>V\u00e9r h\u00f6fum margv\u00edslegar n\u00e1\u00f0argjafir, eftir \u00feeirri n\u00e1\u00f0, sem oss er gefin. S\u00e9 \u00fea\u00f0 sp\u00e1d\u00f3msg\u00e1fa, \u00fe\u00e1 notum hana \u00ed hlutfalli vi\u00f0 tr\u00fana.<a name=\"7\"><span class=\"versanumer\">7<\/span><\/a>S\u00e9 \u00fea\u00f0 \u00fej\u00f3nusta, skulum v\u00e9r \u00fej\u00f3na. S\u00e1 sem kennir, hann kenni,<a name=\"8\"><span class=\"versanumer\">8<\/span><\/a>s\u00e1 sem \u00e1minnir, hann \u00e1minni. S\u00e1 sem \u00fatb\u00fdtir gj\u00f6fum, gj\u00f6ri \u00fea\u00f0 \u00ed einl\u00e6gni. S\u00e1 sem veitir forst\u00f6\u00f0u, s\u00e9 kostg\u00e6finn og s\u00e1 sem i\u00f0kar miskunnsemi, gj\u00f6ri \u00fea\u00f0 me\u00f0 gle\u00f0i.<a name=\"9\"><span class=\"versanumer\">9<\/span><\/a>Elskan s\u00e9 fl\u00e6r\u00f0arlaus. Hafi\u00f0 andstygg\u00f0 \u00e1 hinu vonda, en haldi\u00f0 fast vi\u00f0 hi\u00f0 g\u00f3\u00f0a.<a name=\"10\"><span class=\"versanumer\">10<\/span><\/a>S\u00fdni\u00f0 hver \u00f6\u00f0rum br\u00f3\u00f0urk\u00e6rleika og \u00e1st\u00fa\u00f0, og veri\u00f0 hver y\u00f0ar fyrri til a\u00f0 veita \u00f6\u00f0rum vir\u00f0ing.<a name=\"11\"><span class=\"versanumer\">11<\/span><\/a>Veri\u00f0 ekki h\u00e1lfvolgir \u00ed \u00e1huganum, veri\u00f0 brennandi \u00ed andanum. \u00dej\u00f3ni\u00f0 Drottni.<a name=\"12\"><span class=\"versanumer\">12<\/span><\/a>Veri\u00f0 gla\u00f0ir \u00ed voninni, \u00feolinm\u00f3\u00f0ir \u00ed \u00fej\u00e1ningunni og sta\u00f0fastir \u00ed b\u00e6ninni.<a name=\"13\"><span class=\"versanumer\">13<\/span><\/a>Taki\u00f0 \u00fe\u00e1tt \u00ed \u00fe\u00f6rfum heilagra, stundi\u00f0 gestrisni.<a name=\"14\"><span class=\"versanumer\">14<\/span><\/a>Blessi\u00f0 \u00fe\u00e1, er ofs\u00e6kja y\u00f0ur, blessi\u00f0 \u00fe\u00e1, en b\u00f6lvi\u00f0 \u00feeim ekki.<a name=\"15\"><span class=\"versanumer\">15<\/span><\/a>Fagni\u00f0 me\u00f0 fagnendum, gr\u00e1ti\u00f0 me\u00f0 gr\u00e1tendum.<a name=\"16\"><span class=\"versanumer\">16<\/span><\/a>Beri\u00f0 sama hug til allra, hreyki\u00f0 y\u00f0ur ekki, en haldi\u00f0 y\u00f0ur a\u00f0 hinum l\u00edtilm\u00f3tlegu. \u00c6tli\u00f0 y\u00f0ur ekki hyggna me\u00f0 sj\u00e1lfum y\u00f0ur.<a name=\"17\"><span class=\"versanumer\">17<\/span><\/a>Gjaldi\u00f0 engum illt fyrir illt. Stundi\u00f0 \u00fea\u00f0 sem fagurt er fyrir sj\u00f3num allra manna.<a name=\"18\"><span class=\"versanumer\">18<\/span><\/a>Hafi\u00f0 fri\u00f0 vi\u00f0 alla menn a\u00f0 \u00fev\u00ed leyti sem \u00fea\u00f0 er unnt og \u00e1 y\u00f0ar valdi.<a name=\"19\"><span class=\"versanumer\">19<\/span><\/a>Hefni\u00f0 y\u00f0ar ekki sj\u00e1lfir, \u00fe\u00e9r elska\u00f0ir, heldur lofi\u00f0 hinni refsandi rei\u00f0i Gu\u00f0s a\u00f0 komast a\u00f0, \u00fev\u00ed a\u00f0 rita\u00f0 er: M\u00edn er hefndin, \u00e9g mun endurgjalda, segir Drottinn.<a name=\"20\"><span class=\"versanumer\">20<\/span><\/a>En ef \u00f3vin \u00feinn hungrar, \u00fe\u00e1 gef honum a\u00f0 eta, ef hann \u00feyrstir, \u00fe\u00e1 gef honum a\u00f0 drekka. Me\u00f0 \u00fev\u00ed a\u00f0 gj\u00f6ra \u00feetta, safnar \u00fe\u00fa gl\u00f3\u00f0um elds \u00e1 h\u00f6fu\u00f0 honum.<a name=\"21\"><span class=\"versanumer\">21<\/span><\/a>L\u00e1t ekki hi\u00f0 vonda yfirbuga \u00feig, heldur sigra \u00fe\u00fa illt me\u00f0 g\u00f3\u00f0u.<\/p>\n<div class=\"footnote1981\"><b>12.1<\/b> Miskunn Gu\u00f0s R\u00f3m 9.11; 11.32 \u2013 sj\u00e1lf ykkur 1Kor 6.13-20 \u2013 lifandi f\u00f3rn R\u00f3m 6.11,13 \u2013 heil\u00f6g R\u00f3m 6.19 \u2013 Gu\u00f0i \u00fe\u00f3knanleg R\u00f3m 15.16; 1P\u00e9t 2.5<br \/>\n<b>12.2<\/b> L\u00e1ti\u00f0  umbreytast 1P\u00e9t 1.14 \u2013 \u00feessa heims Gal 1.4 \u2013 n\u00fdtt hugarfar Ef 4.23; 2Kor 5.17 \u2013 l\u00e6ri a\u00f0 skilja Fil 1.10 \u2013 vilji Gu\u00f0s Ef 5.10,17<br \/>\n<b>12.3<\/b> Ekki h\u00e6rra en hugsa ber &#8230; 2Kor 10.13; Fil 2.3 \u2013 vi\u00f0 \u00feann m\u00e6li 1Kor 12.11; Ef 4.7<br \/>\n<b>12.5<\/b> Margir limir, einn l\u00edkami 1Kor 10.17; 12.12-27; Ef 1.23; 4.4,25; 5.30<br \/>\n<b>12.6-8<\/b> Margv\u00edsleg emb\u00e6tti 1Kor 12.4-11; 1P\u00e9t 4.10-11<br \/>\n<b>12.8<\/b> Veita forst\u00f6\u00f0u 1\u00deess 5.12<br \/>\n<b>12.9<\/b> Halda fast vi\u00f0 hi\u00f0 g\u00f3\u00f0a Am 5.15<br \/>\n<b>12.10<\/b> Gagnkv\u00e6m \u00e1st\u00fa\u00f0 og vir\u00f0ing Fil 2.3<br \/>\n<b>12.12<\/b> Sta\u00f0fastir \u00ed b\u00e6ninni Post 1.14; K\u00f3l 4.2; 1\u00deess 5.17<br \/>\n<b>12.13<\/b> Gestrisni Heb 13.2; 1P\u00e9t 4.9<br \/>\n<b>12.14<\/b> Sbr Matt 5.38-48<br \/>\n<b>12.15<\/b> Deila kj\u00f6rum 1Kor 12.26; S\u00edr 7.34<br \/>\n<b>12.16<\/b> Sbr Okv 3.7 \u2013 oftreysta ekki eigin hyggindum Jes 5.21<br \/>\n<b>12.17<\/b> Sbr Okv 3.4 \u2013 ekki illt fyrir illt 1\u00deess 5.15; 1P\u00e9t 3.9 \u2013 \u00fea\u00f0, sem fagur er 2Kor 8.21<br \/>\n<b>12.18<\/b> Hafa fri\u00f0 vi\u00f0 alla Mrk 9.50; Heb 12.14<br \/>\n<b>12.19<\/b> Sbr 5M\u00f3s 32.35; Heb 10.30 \u2013 leiti\u00f0 ekki hefnda sj\u00e1lf Matt 5.39,44; 3M\u00f3s 19.18<br \/>\n<b>12.20<\/b> Sbr Okv 25.21-22<\/div>\n","protected":false},"excerpt":{"rendered":"<p>1\u00dev\u00ed br\u00fdni \u00e9g y\u00f0ur, br\u00e6\u00f0ur, a\u00f0 \u00fe\u00e9r, vegna miskunnar Gu\u00f0s, bj\u00f3\u00f0i\u00f0 fram sj\u00e1lfa y\u00f0ur a\u00f0 lifandi, heilagri, Gu\u00f0i \u00fe\u00f3knanlegri f\u00f3rn. \u00dea\u00f0 er s\u00f6nn og r\u00e9tt gu\u00f0sd\u00fdrkun af y\u00f0ar hendi.2Heg\u00f0i\u00f0 y\u00f0ur eigi eftir \u00f6ld \u00feessari, heldur taki\u00f0 h\u00e1ttaskipti me\u00f0 endurn\u00fdjung hugarfarsins, svo a\u00f0 \u00fe\u00e9r f\u00e1i\u00f0 a\u00f0 reyna, hver s\u00e9 vilji Gu\u00f0s, hi\u00f0 g\u00f3\u00f0a, fagra og fullkomna.3Fyrir \u00fe\u00e1 n\u00e1\u00f0, sem m\u00e9r er gefin, segi \u00e9g y\u00f0ur hverjum og einum a\u00f0 hugsa ekki h\u00e6rra um sig en hugsa ber, heldur \u00ed r\u00e9ttu h\u00f3fi, og halda s\u00e9r hver og einn vi\u00f0 \u00feann m\u00e6li tr\u00faar, sem Gu\u00f0 hefur \u00fathluta\u00f0 honum.4V\u00e9r h\u00f6fum \u00e1 einum l\u00edkama marga <a href=\"https:\/\/biblian.is\/1981\/romverjabrefid-12-kafli\/\"> [&#8230;]<\/a><\/p>\n","protected":false},"author":1,"featured_media":0,"parent":0,"menu_order":0,"comment_status":"open","ping_status":"open","template":"bibliukaflar.php","meta":{"footnotes":""},"class_list":["post-2405","page","type-page","status-publish","hentry"],"_links":{"self":[{"href":"https:\/\/biblian.is\/1981\/wp-json\/wp\/v2\/pages\/2405","targetHints":{"allow":["GET"]}}],"collection":[{"href":"https:\/\/biblian.is\/1981\/wp-json\/wp\/v2\/pages"}],"about":[{"href":"https:\/\/biblian.is\/1981\/wp-json\/wp\/v2\/types\/page"}],"author":[{"embeddable":true,"href":"https:\/\/biblian.is\/1981\/wp-json\/wp\/v2\/users\/1"}],"replies":[{"embeddable":true,"href":"https:\/\/biblian.is\/1981\/wp-json\/wp\/v2\/comments?post=2405"}],"version-history":[{"count":0,"href":"https:\/\/biblian.is\/1981\/wp-json\/wp\/v2\/pages\/2405\/revisions"}],"wp:attachment":[{"href":"https:\/\/biblian.is\/1981\/wp-json\/wp\/v2\/media?parent=2405"}],"curies":[{"name":"wp","href":"https:\/\/api.w.org\/{rel}","templated":true}]}}