{"id":2403,"date":"2017-11-18T20:21:38","date_gmt":"2017-11-18T20:21:38","guid":{"rendered":"http:\/\/biblian.is\/1981\/romverjabrefid-10-kafli\/"},"modified":"2021-06-06T11:05:17","modified_gmt":"2021-06-06T11:05:17","slug":"romverjabrefid-10-kafli","status":"publish","type":"page","link":"https:\/\/biblian.is\/1981\/romverjabrefid-10-kafli\/","title":{"rendered":"R\u00f3mverjabr\u00e9fi\u00f0 10. kafli"},"content":{"rendered":"<p><a name=\"1\"><span class=\"versanumer\">1<\/span><\/a>Br\u00e6\u00f0ur, \u00fea\u00f0 er hjartans \u00f3sk m\u00edn og b\u00e6n til Gu\u00f0s, a\u00f0 \u00feeir megi h\u00f3lpnir ver\u00f0a.<a name=\"2\"><span class=\"versanumer\">2<\/span><\/a>\u00dea\u00f0 ber \u00e9g \u00feeim, a\u00f0 \u00feeir eru kappsfullir Gu\u00f0s vegna, en ekki me\u00f0 r\u00e9ttum skilningi.<a name=\"3\"><span class=\"versanumer\">3<\/span><\/a>Me\u00f0 \u00fev\u00ed \u00feeir \u00feekkja ekki r\u00e9ttl\u00e6ti Gu\u00f0s og leitast vi\u00f0 a\u00f0 koma til vegar eigin r\u00e9ttl\u00e6ti, hafa \u00feeir ekki gefi\u00f0 sig undir r\u00e9ttl\u00e6ti Gu\u00f0s.<a name=\"4\"><span class=\"versanumer\">4<\/span><\/a>En Kristur er endalok l\u00f6gm\u00e1lsins, svo a\u00f0 n\u00fa r\u00e9ttl\u00e6tist s\u00e9rhver s\u00e1, sem tr\u00fair.<a name=\"5\"><span class=\"versanumer\">5<\/span><\/a>\u00dev\u00ed a\u00f0 M\u00f3se ritar um r\u00e9ttl\u00e6ti\u00f0, sem l\u00f6gm\u00e1li\u00f0 veitir: S\u00e1 ma\u00f0ur, sem breytir eftir l\u00f6gm\u00e1linu, mun lifa fyrir \u00fea\u00f0.<a name=\"6\"><span class=\"versanumer\">6<\/span><\/a>En r\u00e9ttl\u00e6ti\u00f0 af tr\u00fanni m\u00e6lir \u00feannig: Seg \u00fe\u00fa ekki \u00ed hjarta \u00fe\u00ednu: Hver mun fara upp \u00ed himininn? \u00fea\u00f0 er: til a\u00f0 s\u00e6kja Krist ofan,<a name=\"7\"><span class=\"versanumer\">7<\/span><\/a>e\u00f0a: Hver mun st\u00edga ni\u00f0ur \u00ed undirdj\u00fapi\u00f0? \u00fea\u00f0 er: til a\u00f0 s\u00e6kja Krist upp fr\u00e1 dau\u00f0um.<a name=\"8\"><span class=\"versanumer\">8<\/span><\/a>Hva\u00f0 segir \u00fea\u00f0 svo? N\u00e1l\u00e6gt \u00fe\u00e9r er or\u00f0i\u00f0, \u00ed munni \u00fe\u00ednum og \u00ed hjarta \u00fe\u00ednu. \u00dea\u00f0 er: Or\u00f0 tr\u00faarinnar, sem v\u00e9r pr\u00e9dikum.<a name=\"9\"><span class=\"versanumer\">9<\/span><\/a>Ef \u00fe\u00fa j\u00e1tar me\u00f0 munni \u00fe\u00ednum: Jes\u00fas er Drottinn og tr\u00fair \u00ed hjarta \u00fe\u00ednu, a\u00f0 Gu\u00f0 hafi uppvaki\u00f0 hann fr\u00e1 dau\u00f0um, muntu h\u00f3lpinn ver\u00f0a.<a name=\"10\"><span class=\"versanumer\">10<\/span><\/a>Me\u00f0 hjartanu er tr\u00faa\u00f0 til r\u00e9ttl\u00e6tis, en me\u00f0 munninum j\u00e1ta\u00f0 til hj\u00e1lpr\u00e6\u00f0is.<a name=\"11\"><span class=\"versanumer\">11<\/span><\/a>Ritningin segir: Hver sem tr\u00fair \u00e1 hann, mun ekki til skammar ver\u00f0a.<a name=\"12\"><span class=\"versanumer\">12<\/span><\/a>&#8222;Ekki er munur \u00e1 Gy\u00f0ingi og gr\u00edskum manni, \u00fev\u00ed a\u00f0 hinn sami er Drottinn allra, fullr\u00edkur fyrir alla \u00fe\u00e1 sem \u00e1kalla hann;&#8220;<a name=\"13\"><span class=\"versanumer\">13<\/span><\/a>\u00fev\u00ed a\u00f0 hver sem \u00e1kallar nafn Drottins, mun h\u00f3lpinn ver\u00f0a.<a name=\"14\"><span class=\"versanumer\">14<\/span><\/a>En hvernig eiga \u00feeir a\u00f0 \u00e1kalla \u00feann, sem \u00feeir tr\u00faa ekki \u00e1? Og hvernig eiga \u00feeir a\u00f0 tr\u00faa \u00e1 \u00feann, sem \u00feeir hafa ekki heyrt um? Og hvernig eiga \u00feeir a\u00f0 heyra, \u00e1n \u00feess a\u00f0 einhver pr\u00e9diki?<a name=\"15\"><span class=\"versanumer\">15<\/span><\/a>Og hver getur pr\u00e9dika\u00f0, nema hann s\u00e9 sendur? Svo er og rita\u00f0: Hversu fagurt er f\u00f3tatak \u00feeirra, sem f\u00e6ra fagna\u00f0arbo\u00f0in g\u00f3\u00f0u.<a name=\"16\"><span class=\"versanumer\">16<\/span><\/a>En \u00feeir hl\u00fdddu ekki allir fagna\u00f0arerindinu. Jesaja segir: Drottinn, hver tr\u00fa\u00f0i \u00fev\u00ed, sem v\u00e9r bo\u00f0u\u00f0um?<a name=\"17\"><span class=\"versanumer\">17<\/span><\/a>Svo kemur \u00fe\u00e1 tr\u00fain af bo\u00f0uninni, en bo\u00f0unin byggist \u00e1 or\u00f0i Krists.<a name=\"18\"><span class=\"versanumer\">18<\/span><\/a>En \u00e9g spyr: Hafa \u00feeir ekki heyrt? J\u00fa, vissulega, raust \u00feeirra hefur borist \u00fat um alla j\u00f6r\u00f0ina og or\u00f0 \u00feeirra til endimarka heimsbygg\u00f0arinnar.<a name=\"19\"><span class=\"versanumer\">19<\/span><\/a>Og \u00e9g spyr: Hvort skildi \u00cdsrael \u00fea\u00f0 ekki? Fyrst segir M\u00f3se: Vekja vil \u00e9g y\u00f0ur til afbr\u00fd\u00f0i gegn \u00fej\u00f3\u00f0, sem ekki er \u00fej\u00f3\u00f0, egna vil \u00e9g y\u00f0ur til rei\u00f0i gegn \u00f3viturri \u00fej\u00f3\u00f0.<a name=\"20\"><span class=\"versanumer\">20<\/span><\/a>Og Jesaja er svo djarfm\u00e1ll a\u00f0 segja: \u00c9g hef l\u00e1ti\u00f0 \u00fe\u00e1 finna mig, sem leitu\u00f0u m\u00edn ekki. \u00c9g er or\u00f0inn auglj\u00f3s \u00feeim, sem spur\u00f0u ekki a\u00f0 m\u00e9r.<a name=\"21\"><span class=\"versanumer\">21<\/span><\/a>En vi\u00f0 \u00cdsrael segir hann: Allan daginn breiddi \u00e9g \u00fat hendur m\u00ednar m\u00f3ti \u00f3hl\u00fd\u00f0num og \u00feverbrotnum l\u00fd\u00f0.<\/p>\n<div class=\"footnote1981\"><b>10.2<\/b> Heitir \u00ed tr\u00fa sinni Post 22.3 \u2013 skortir r\u00e9ttan skilning 2Kor 3.14; 1T\u00edm 1.13<br \/>\n<b>10.3<\/b> \u00c1vinna s\u00e9r r\u00e9ttl\u00e6ti sj\u00e1lfir R\u00f3m 9.31-32; Fil 3.9; L\u00fak 16.15; 18.9-14<br \/>\n<b>10.4<\/b> Lei\u00f0a l\u00f6gm\u00e1li\u00f0 til lykta Gal 3.24; Heb 8.13; sbr Matt 5.17 \u2013 s\u00e9rhver s\u00e1, sem tr\u00fair Post 13.39; R\u00f3m 3.21; J\u00f3h 3.18<br \/>\n<b>10.5<\/b> Sbr 3M\u00f3s 18.5; Gal 3.12<br \/>\n<b>10.7-8<\/b> Sbr 5M\u00f3s 9.4; 30.12-14<br \/>\n<b>10.9<\/b> Jes\u00fas er Drottinn Post 2.36; 1Kor 12.3; Fil 2.11 \u2013 tr\u00fain R\u00f3m 4.24; 1Kor 15.1-11; 1P\u00e9t 1.3,21 \u2013 tr\u00fa og hj\u00e1lpr\u00e6\u00f0i R\u00f3m 1.16; 1Kor 15.1-2; Ef 1.13; Fil 1.27 \u2013 j\u00e1ta tr\u00fa 1Kor 12.3<br \/>\n<b>10.10<\/b> Tr\u00fa og r\u00e9ttl\u00e6ting R\u00f3m 1.17; 3.21-28; 4.2-5; 5.17; 10.6; Fil 3.9<br \/>\n<b>10.11<\/b> Sbr Jes 28.16; R\u00f3m 9.33<br \/>\n<b>10.12<\/b> Gy\u00f0ingar og Grikkir R\u00f3m 1.16+ &#8211; enginn munur R\u00f3m 3.22,29; Gal 3.28; Post 10.34; 15.9-11 \u2013 fullr\u00edkur fyrir alla R\u00f3m 11.33<br \/>\n<b>10.13<\/b> Sbr Jl 3.5; Slm 86.5; Post 2.21<br \/>\n<b>10.14<\/b> Tr\u00faa \u00e1 hann Heb 11.6; Post 8.37<br \/>\n<b>10.15<\/b> Sbr Jes 52.7 \u2013 fagna\u00f0arerindi\u00f0 R\u00f3m 1.1; Nah 2.1<br \/>\n<b>10.16<\/b> Sbr Jes 53.1; J\u00f3h 12.38 \u2013 taka vi\u00f0 fagna\u00f0arerindinu 2\u00deess 1.8; R\u00f3m 1.5; 6.17; 15.18; 16.26; 2Kor 10.4-5; Post 6.7 \u2013 t\u00f3ku ekki vi\u00f0 Heb 4.2; J\u00f3h 10.26<br \/>\n<b>10.18<\/b> Sbr Slm 19.5<br \/>\n<b>10.19<\/b> Sbr 4M\u00f3s 32.21 \u2013 afbr\u00fd\u00f0i R\u00f3m 11.11-14<br \/>\n<b>10.20-21<\/b> Sbr Jes 65.1-2 \u2013 leitu\u00f0u ekki R\u00f3m 9.30<\/div>\n","protected":false},"excerpt":{"rendered":"<p>1Br\u00e6\u00f0ur, \u00fea\u00f0 er hjartans \u00f3sk m\u00edn og b\u00e6n til Gu\u00f0s, a\u00f0 \u00feeir megi h\u00f3lpnir ver\u00f0a.2\u00dea\u00f0 ber \u00e9g \u00feeim, a\u00f0 \u00feeir eru kappsfullir Gu\u00f0s vegna, en ekki me\u00f0 r\u00e9ttum skilningi.3Me\u00f0 \u00fev\u00ed \u00feeir \u00feekkja ekki r\u00e9ttl\u00e6ti Gu\u00f0s og leitast vi\u00f0 a\u00f0 koma til vegar eigin r\u00e9ttl\u00e6ti, hafa \u00feeir ekki gefi\u00f0 sig undir r\u00e9ttl\u00e6ti Gu\u00f0s.4En Kristur er endalok l\u00f6gm\u00e1lsins, svo a\u00f0 n\u00fa r\u00e9ttl\u00e6tist s\u00e9rhver s\u00e1, sem tr\u00fair.5\u00dev\u00ed a\u00f0 M\u00f3se ritar um r\u00e9ttl\u00e6ti\u00f0, sem l\u00f6gm\u00e1li\u00f0 veitir: S\u00e1 ma\u00f0ur, sem breytir eftir l\u00f6gm\u00e1linu, mun lifa fyrir \u00fea\u00f0.6En r\u00e9ttl\u00e6ti\u00f0 af tr\u00fanni m\u00e6lir \u00feannig: Seg \u00fe\u00fa ekki \u00ed hjarta \u00fe\u00ednu: Hver mun fara upp \u00ed himininn? \u00fea\u00f0 <a href=\"https:\/\/biblian.is\/1981\/romverjabrefid-10-kafli\/\"> [&#8230;]<\/a><\/p>\n","protected":false},"author":1,"featured_media":0,"parent":0,"menu_order":0,"comment_status":"open","ping_status":"open","template":"bibliukaflar.php","meta":{"footnotes":""},"class_list":["post-2403","page","type-page","status-publish","hentry"],"_links":{"self":[{"href":"https:\/\/biblian.is\/1981\/wp-json\/wp\/v2\/pages\/2403","targetHints":{"allow":["GET"]}}],"collection":[{"href":"https:\/\/biblian.is\/1981\/wp-json\/wp\/v2\/pages"}],"about":[{"href":"https:\/\/biblian.is\/1981\/wp-json\/wp\/v2\/types\/page"}],"author":[{"embeddable":true,"href":"https:\/\/biblian.is\/1981\/wp-json\/wp\/v2\/users\/1"}],"replies":[{"embeddable":true,"href":"https:\/\/biblian.is\/1981\/wp-json\/wp\/v2\/comments?post=2403"}],"version-history":[{"count":0,"href":"https:\/\/biblian.is\/1981\/wp-json\/wp\/v2\/pages\/2403\/revisions"}],"wp:attachment":[{"href":"https:\/\/biblian.is\/1981\/wp-json\/wp\/v2\/media?parent=2403"}],"curies":[{"name":"wp","href":"https:\/\/api.w.org\/{rel}","templated":true}]}}