{"id":2402,"date":"2017-11-18T20:21:38","date_gmt":"2017-11-18T20:21:38","guid":{"rendered":"http:\/\/biblian.is\/1981\/romverjabrefid-9-kafli\/"},"modified":"2021-06-06T11:05:31","modified_gmt":"2021-06-06T11:05:31","slug":"romverjabrefid-9-kafli","status":"publish","type":"page","link":"https:\/\/biblian.is\/1981\/romverjabrefid-9-kafli\/","title":{"rendered":"R\u00f3mverjabr\u00e9fi\u00f0 9. kafli"},"content":{"rendered":"<p><a name=\"1\"><span class=\"versanumer\">1<\/span><\/a>\u00c9g tala sannleika \u00ed Kristi, \u00e9g l\u00fdg ekki. Samviska m\u00edn vitnar \u00fea\u00f0 me\u00f0 m\u00e9r, uppl\u00fdst af heil\u00f6gum anda,<a name=\"2\"><span class=\"versanumer\">2<\/span><\/a>a\u00f0 \u00e9g hef hrygg\u00f0 mikla og s\u00edfellda kv\u00f6l \u00ed hjarta m\u00ednu.<a name=\"3\"><span class=\"versanumer\">3<\/span><\/a>\u00c9g g\u00e6ti \u00f3ska\u00f0, a\u00f0 m\u00e9r v\u00e6ri sj\u00e1lfum \u00fatsk\u00fafa\u00f0 fr\u00e1 Kristi, ef \u00fea\u00f0 yr\u00f0i til heilla fyrir br\u00e6\u00f0ur m\u00edna og \u00e6ttmenn,<a name=\"4\"><span class=\"versanumer\">4<\/span><\/a>\u00cdsraelsmenn. \u00deeir fengu sonarr\u00e9ttinn, d\u00fdr\u00f0ina, s\u00e1ttm\u00e1lana, l\u00f6ggj\u00f6fina, helgihaldi\u00f0 og fyrirheitin.<a name=\"5\"><span class=\"versanumer\">5<\/span><\/a>\u00deeim tilheyra og fe\u00f0urnir, og af \u00feeim er Kristur kominn sem ma\u00f0ur, hann sem er yfir \u00f6llu, Gu\u00f0, blessa\u00f0ur um aldir. Amen.<a name=\"6\"><span class=\"versanumer\">6<\/span><\/a>\u00dea\u00f0 er ekki svo sem Gu\u00f0s or\u00f0 hafi brug\u00f0ist. \u00dev\u00ed a\u00f0 ekki eru allir \u00feeir \u00cdsraelsmenn, sem af \u00cdsrael eru komnir.<a name=\"7\"><span class=\"versanumer\">7<\/span><\/a>Ekki eru heldur allir b\u00f6rn Abrahams, \u00fe\u00f3tt \u00feeir s\u00e9u ni\u00f0jar hans, heldur: Afkomendur \u00cdsaks munu taldir ver\u00f0a ni\u00f0jar \u00fe\u00ednir.<a name=\"8\"><span class=\"versanumer\">8<\/span><\/a>\u00dea\u00f0 merkir: Ekki eru l\u00edkamlegir afkomendur hans Gu\u00f0s b\u00f6rn, heldur teljast fyrirheitsb\u00f6rnin sannir ni\u00f0jar.<a name=\"9\"><span class=\"versanumer\">9<\/span><\/a>\u00dev\u00ed a\u00f0 \u00feetta or\u00f0 er fyrirheit: \u00cd \u00feetta mund mun \u00e9g aftur koma, og \u00fe\u00e1 skal Sara hafa son ali\u00f0.<a name=\"10\"><span class=\"versanumer\">10<\/span><\/a>Og ekki n\u00f3g me\u00f0 \u00fea\u00f0. \u00dev\u00ed var l\u00edka svo fari\u00f0 me\u00f0 Rebekku. H\u00fan var \u00feungu\u00f0 a\u00f0 tveim sveinum af eins manns v\u00f6ldum, \u00cdsaks f\u00f6\u00f0ur vors.<a name=\"11\"><span class=\"versanumer\">11<\/span><\/a>N\u00fa, til \u00feess a\u00f0 \u00fea\u00f0 st\u00e6\u00f0i st\u00f6\u00f0ugt, a\u00f0 \u00e1kv\u00f6r\u00f0un Gu\u00f0s um \u00fatvalningu v\u00e6ri \u00f3h\u00e1\u00f0 verkunum og \u00f6ll komin undir vilja \u00feess, er kallar,<a name=\"12\"><span class=\"versanumer\">12<\/span><\/a>\u00fe\u00e1 var henni sagt, \u00e1\u00f0ur en sveinarnir voru f\u00e6ddir og \u00e1\u00f0ur en \u00feeir h\u00f6f\u00f0u a\u00f0hafst gott e\u00f0a illt: Hinn eldri skal \u00fej\u00f3na hinum yngri.<a name=\"13\"><span class=\"versanumer\">13<\/span><\/a>Eins og rita\u00f0 er: Jakob elska\u00f0i \u00e9g, en Esa\u00fa hata\u00f0i \u00e9g.<a name=\"14\"><span class=\"versanumer\">14<\/span><\/a>Hva\u00f0 eigum v\u00e9r \u00fe\u00e1 a\u00f0 segja? Er Gu\u00f0 \u00f3r\u00e9ttv\u00eds? Fjarri fer \u00fev\u00ed.<a name=\"15\"><span class=\"versanumer\">15<\/span><\/a>\u00dev\u00ed hann segir vi\u00f0 M\u00f3se: \u00c9g mun miskunna \u00feeim, sem \u00e9g vil miskunna, og l\u00edkna \u00feeim, sem \u00e9g vil l\u00edkna.<a name=\"16\"><span class=\"versanumer\">16<\/span><\/a>\u00dea\u00f0 er \u00fev\u00ed ekki komi\u00f0 undir vilja mannsins n\u00e9 \u00e1reynslu, heldur Gu\u00f0i, sem miskunnar.<a name=\"17\"><span class=\"versanumer\">17<\/span><\/a>\u00dev\u00ed er \u00ed Ritningunni sagt vi\u00f0 Fara\u00f3: Einmitt til \u00feess h\u00f3f \u00e9g \u00feig, a\u00f0 \u00e9g fengi s\u00fdnt m\u00e1tt minn \u00e1 \u00fe\u00e9r og nafn mitt yr\u00f0i bo\u00f0a\u00f0 um alla j\u00f6r\u00f0ina.<a name=\"18\"><span class=\"versanumer\">18<\/span><\/a>Svo miskunnar hann \u00fe\u00e1 \u00feeim, sem hann vill, en forher\u00f0ir \u00feann, sem hann vill.<a name=\"19\"><span class=\"versanumer\">19<\/span><\/a>\u00de\u00fa munt n\u00fa vilja segja vi\u00f0 mig: Hva\u00f0 er hann \u00fe\u00e1 a\u00f0 \u00e1saka oss framar? Hver f\u00e6r sta\u00f0i\u00f0 gegn vilja hans?<a name=\"20\"><span class=\"versanumer\">20<\/span><\/a>Hver ert \u00fe\u00fa, ma\u00f0ur, a\u00f0 \u00fe\u00fa skulir deila \u00e1 Gu\u00f0? Hvort mundi sm\u00ed\u00f0isgripurinn segja vi\u00f0 smi\u00f0inn: Hv\u00ed gj\u00f6r\u00f0ir \u00fe\u00fa mig svona?<a name=\"21\"><span class=\"versanumer\">21<\/span><\/a>E\u00f0a hefur ekki leirkerasmi\u00f0urinn leirinn \u00e1 valdi s\u00ednu, svo a\u00f0 hann megi gj\u00f6ra \u00far sama deiginu ker til s\u00e6mdar og anna\u00f0 til vans\u00e6mdar?<a name=\"22\"><span class=\"versanumer\">22<\/span><\/a>En ef n\u00fa Gu\u00f0, sem vildi s\u00fdna rei\u00f0i s\u00edna og augl\u00fdsa m\u00e1tt sinn, hefur me\u00f0 miklu langlyndi umbori\u00f0 ker rei\u00f0innar, sem b\u00fain eru til gl\u00f6tunar,<a name=\"23\"><span class=\"versanumer\">23<\/span><\/a>og ef hann hefur gj\u00f6rt \u00fea\u00f0 til \u00feess a\u00f0 augl\u00fdsa r\u00edkd\u00f3m d\u00fdr\u00f0ar sinnar \u00e1 kerum miskunnarinnar, sem hann haf\u00f0i fyrirfram b\u00fai\u00f0 til d\u00fdr\u00f0ar?<a name=\"24\"><span class=\"versanumer\">24<\/span><\/a>Sl\u00edk ker erum v\u00e9r, sem hann hefur kalla\u00f0, ekki a\u00f0eins \u00far flokki Gy\u00f0inga, heldur og \u00far flokki hei\u00f0ingja.<a name=\"25\"><span class=\"versanumer\">25<\/span><\/a>Eins og hann l\u00edka segir hj\u00e1 H\u00f3sea: L\u00fd\u00f0, sem ekki var minn, mun \u00e9g kalla minn, og \u00fe\u00e1 elska\u00f0a, sem ekki var elsku\u00f0,<a name=\"26\"><span class=\"versanumer\">26<\/span><\/a>og \u00e1 \u00feeim sta\u00f0, \u00fear sem vi\u00f0 \u00fe\u00e1 var sagt: \u00fe\u00e9r eru\u00f0 ekki minn l\u00fd\u00f0ur, \u00fear munu \u00feeir ver\u00f0a kalla\u00f0ir synir Gu\u00f0s lifanda.<a name=\"27\"><span class=\"versanumer\">27<\/span><\/a>En Jesaja hr\u00f3par yfir \u00cdsrael: \u00de\u00f3tt tala \u00cdsraels sona v\u00e6ri eins og sandur sj\u00e1varins, \u00fe\u00e1 skulu leifar einar frelsa\u00f0ar ver\u00f0a.<a name=\"28\"><span class=\"versanumer\">28<\/span><\/a>Drottinn mun gj\u00f6ra upp reikning sinn \u00e1 j\u00f6r\u00f0unni, binda enda \u00e1 hann og lj\u00faka vi\u00f0 hann \u00ed skyndi,<a name=\"29\"><span class=\"versanumer\">29<\/span><\/a>og eins hefur Jesaja sagt: Ef Drottinn hersveitanna hef\u00f0i ekki l\u00e1ti\u00f0 oss eftir ni\u00f0ja, v\u00e6rum v\u00e9r or\u00f0nir eins og S\u00f3d\u00f3ma, v\u00e9r v\u00e6rum l\u00edkir G\u00f3morru.<a name=\"30\"><span class=\"versanumer\">30<\/span><\/a>Hva\u00f0 eigum v\u00e9r \u00fe\u00e1 a\u00f0 segja? Hei\u00f0ingjarnir, sem ekki s\u00f3ttust eftir r\u00e9ttl\u00e6ti, hafa \u00f6\u00f0last r\u00e9ttl\u00e6ti, r\u00e9ttl\u00e6ti, sem er af tr\u00fa.<a name=\"31\"><span class=\"versanumer\">31<\/span><\/a>En \u00cdsrael, sem vildi halda l\u00f6gm\u00e1l er veitt g\u00e6ti r\u00e9ttl\u00e6ti, n\u00e1\u00f0i \u00fev\u00ed ekki.<a name=\"32\"><span class=\"versanumer\">32<\/span><\/a>Hvers vegna? Af \u00fev\u00ed a\u00f0 \u00feeir \u00e6tlu\u00f0u s\u00e9r a\u00f0 r\u00e9ttl\u00e6tast me\u00f0 verkum, ekki af tr\u00fa. \u00deeir hnutu um \u00e1steytingarsteininn,<a name=\"33\"><span class=\"versanumer\">33<\/span><\/a>eins og rita\u00f0 er: Sj\u00e1 \u00e9g set \u00ed S\u00edon \u00e1steytingarstein og hr\u00f6sunarhellu. S\u00e9rhver, sem \u00e1 hann tr\u00fair, mun ekki ver\u00f0a til skammar.<\/p>\n<div class=\"footnote1981\"><b>9.3<\/b> \u00datsk\u00fafa\u00f0ur 5M\u00f3s 7.26; Gal 1.8; 1Kor 16.22<br \/>\n<b>9.4<\/b> Forr\u00e9ttindi \u00cdsraelsmanna 1M\u00f3s 12.2-3; 2M\u00f3s 4.22; 19.5-6; 5M\u00f3s 7.6; H\u00f3s 11.1; Post 13.17; R\u00f3m 3.2; Ef 2.12<br \/>\n<b>9.5<\/b> Af \u00feeim kominn sem ma\u00f0ur R\u00f3m 1.3; Gal 4.4; Matt 1.2-16; L\u00fak 3.23-38 \u2013 yfir \u00f6llu J\u00f3h 1.1; J\u00f3h 5.20; T\u00edt 2.13<br \/>\n<b>9.6<\/b> Or\u00f0 Gu\u00f0s bregst ekki 4M\u00f3s 23.19; Jes 55.10-11; Heb 4.12<br \/>\n<b>9.7<\/b> Sbr 1M\u00f3s 21.12<br \/>\n<b>9.8<\/b> \u00deeir sem fyrirheiti\u00f0 hlj\u00f3\u00f0ar um R\u00f3m 2.28-29; Gal 3.7,29; 4.21-31; Matt 3.9; J\u00f3h 8.31-44<br \/>\n<b>9.9<\/b> Sbr 1M\u00f3s 18.10,14<br \/>\n<b>9.10<\/b> Rebekka 1M\u00f3s 24.67<br \/>\n<b>9.11-12<\/b> Sbr 1M\u00f3s 25.23 \u2013 \u00fatvalning af n\u00e1\u00f0 R\u00f3m 11.5-6; 1\u00deess 1.4; 2P\u00e9t 1.10<br \/>\n<b>9.13<\/b> Sbr Mal 1.2-3<br \/>\n<b>9.14<\/b> R\u00e9ttl\u00e6ti Gu\u00f0s 5M\u00f3s 32.4; Slm 36.7; 89.15; 130.7<br \/>\n<b>9.15<\/b> Sbr 2M\u00f3s 33.19<br \/>\n<b>9.16<\/b> Gu\u00f0 miskunnar R\u00f3m 11.31; 15.9; Ef 2.4; T\u00edt 3.5<br \/>\n<b>9.17<\/b> Sbr 2M\u00f3s 9.16; 2M\u00f3s 7-15<br \/>\n<b>9.20<\/b> Sbr Jes 29.16; 45.9 \u2013 deila \u00e1 Gu\u00f0 SSal 12.12; Job 11.7; 38.2<br \/>\n<b>9.21<\/b> Leirkerasmi\u00f0urinn 1M\u00f3s 2.7; Jes 29.16; 41.25; 45.9; 64.7; Jer 18.6; S\u00edr 13.13; SSal 15.7<br \/>\n<b>9.22<\/b> \u00deolinm\u00e6\u00f0i Gu\u00f0s R\u00f3m 2.4; 3.25-26<br \/>\n<b>9.23<\/b> \u00datvelja til d\u00fdr\u00f0ar R\u00f3m 8.29-30; Ef 1.3-12; Fil 4.19<br \/>\n<b>9.25<\/b> Sbr H\u00f3s 2.23; 1P\u00e9t 2.10<br \/>\n<b>9.26<\/b> Sbr H\u00f3s 2.1<br \/>\n<b>9.27-28<\/b> Sbr Jes 10.22-23 \u2013 leifar Am 3.12; 5.15; Jes 4.3; 6.13; 10.20; M\u00edk 4.6-7; Sef 3.12-13; Jer 23.3; Hag 1.12; Sak 8.6-1; 13.8-9<br \/>\n<b>9.29<\/b> Sbr Jes 1.9<br \/>\n<b>9.30<\/b> R\u00e9ttl\u00e6ti\u00f0, gj\u00f6f Gu\u00f0s R\u00f3m 10.2-9; 11.7; L\u00fak 18.9-14<br \/>\n<b>9.33<\/b> Sbr Jes 28.16; 8.14; R\u00f3m 10.11; 1P\u00e9t 2.6 \u2013 \u00e1steytingarsteinn L\u00fak 2.34; Matt 21.42<\/div>\n","protected":false},"excerpt":{"rendered":"<p>1\u00c9g tala sannleika \u00ed Kristi, \u00e9g l\u00fdg ekki. Samviska m\u00edn vitnar \u00fea\u00f0 me\u00f0 m\u00e9r, uppl\u00fdst af heil\u00f6gum anda,2a\u00f0 \u00e9g hef hrygg\u00f0 mikla og s\u00edfellda kv\u00f6l \u00ed hjarta m\u00ednu.3\u00c9g g\u00e6ti \u00f3ska\u00f0, a\u00f0 m\u00e9r v\u00e6ri sj\u00e1lfum \u00fatsk\u00fafa\u00f0 fr\u00e1 Kristi, ef \u00fea\u00f0 yr\u00f0i til heilla fyrir br\u00e6\u00f0ur m\u00edna og \u00e6ttmenn,4\u00cdsraelsmenn. \u00deeir fengu sonarr\u00e9ttinn, d\u00fdr\u00f0ina, s\u00e1ttm\u00e1lana, l\u00f6ggj\u00f6fina, helgihaldi\u00f0 og fyrirheitin.5\u00deeim tilheyra og fe\u00f0urnir, og af \u00feeim er Kristur kominn sem ma\u00f0ur, hann sem er yfir \u00f6llu, Gu\u00f0, blessa\u00f0ur um aldir. Amen.6\u00dea\u00f0 er ekki svo sem Gu\u00f0s or\u00f0 hafi brug\u00f0ist. \u00dev\u00ed a\u00f0 ekki eru allir \u00feeir \u00cdsraelsmenn, sem af \u00cdsrael eru komnir.7Ekki eru heldur allir <a href=\"https:\/\/biblian.is\/1981\/romverjabrefid-9-kafli\/\"> [&#8230;]<\/a><\/p>\n","protected":false},"author":1,"featured_media":0,"parent":0,"menu_order":0,"comment_status":"open","ping_status":"open","template":"bibliukaflar.php","meta":{"footnotes":""},"class_list":["post-2402","page","type-page","status-publish","hentry"],"_links":{"self":[{"href":"https:\/\/biblian.is\/1981\/wp-json\/wp\/v2\/pages\/2402","targetHints":{"allow":["GET"]}}],"collection":[{"href":"https:\/\/biblian.is\/1981\/wp-json\/wp\/v2\/pages"}],"about":[{"href":"https:\/\/biblian.is\/1981\/wp-json\/wp\/v2\/types\/page"}],"author":[{"embeddable":true,"href":"https:\/\/biblian.is\/1981\/wp-json\/wp\/v2\/users\/1"}],"replies":[{"embeddable":true,"href":"https:\/\/biblian.is\/1981\/wp-json\/wp\/v2\/comments?post=2402"}],"version-history":[{"count":0,"href":"https:\/\/biblian.is\/1981\/wp-json\/wp\/v2\/pages\/2402\/revisions"}],"wp:attachment":[{"href":"https:\/\/biblian.is\/1981\/wp-json\/wp\/v2\/media?parent=2402"}],"curies":[{"name":"wp","href":"https:\/\/api.w.org\/{rel}","templated":true}]}}