{"id":2401,"date":"2017-11-18T20:21:38","date_gmt":"2017-11-18T20:21:38","guid":{"rendered":"http:\/\/biblian.is\/1981\/romverjabrefid-8-kafli\/"},"modified":"2021-06-06T11:05:30","modified_gmt":"2021-06-06T11:05:30","slug":"romverjabrefid-8-kafli","status":"publish","type":"page","link":"https:\/\/biblian.is\/1981\/romverjabrefid-8-kafli\/","title":{"rendered":"R\u00f3mverjabr\u00e9fi\u00f0 8. kafli"},"content":{"rendered":"<p><a name=\"1\"><span class=\"versanumer\">1<\/span><\/a>N\u00fa er \u00fev\u00ed engin ford\u00e6ming fyrir \u00fe\u00e1, sem tilheyra Kristi Jes\u00fa.<a name=\"2\"><span class=\"versanumer\">2<\/span><\/a>L\u00f6gm\u00e1l l\u00edfsins anda hefur \u00ed Kristi Jes\u00fa frelsa\u00f0 \u00feig fr\u00e1 l\u00f6gm\u00e1li syndarinnar og dau\u00f0ans.<a name=\"3\"><span class=\"versanumer\">3<\/span><\/a>\u00dea\u00f0 sem l\u00f6gm\u00e1linu var \u00f3gerlegt, a\u00f0 \u00fev\u00ed leyti sem \u00fea\u00f0 m\u00e1tti s\u00edn einskis fyrir holdinu, \u00fea\u00f0 gj\u00f6r\u00f0i Gu\u00f0. Me\u00f0 \u00fev\u00ed a\u00f0 senda sinn eigin son \u00ed l\u00edkingu syndugs manns gegn syndinni, d\u00e6mdi Gu\u00f0 syndina \u00ed manninum.<a name=\"4\"><span class=\"versanumer\">4<\/span><\/a>\u00deannig var\u00f0 r\u00e9ttl\u00e6tiskr\u00f6fu l\u00f6gm\u00e1lsins fulln\u00e6gt hj\u00e1 oss, sem lifum ekki eftir holdi, heldur eftir anda.<a name=\"5\"><span class=\"versanumer\">5<\/span><\/a>\u00dev\u00ed a\u00f0 \u00feeir sem l\u00e1ta stj\u00f3rnast af holdinu, hyggja \u00e1 \u00fea\u00f0 sem holdsins er, en \u00feeir, sem l\u00e1ta stj\u00f3rnast af andanum, hyggja \u00e1 \u00fea\u00f0 sem andans er.<a name=\"6\"><span class=\"versanumer\">6<\/span><\/a>Hyggja holdsins er dau\u00f0i, en hyggja andans l\u00edf og fri\u00f0ur.<a name=\"7\"><span class=\"versanumer\">7<\/span><\/a>Hyggja holdsins er fjandskapur gegn Gu\u00f0i, me\u00f0 \u00fev\u00ed a\u00f0 h\u00fan l\u00fdtur ekki l\u00f6gm\u00e1li Gu\u00f0s, enda getur h\u00fan \u00fea\u00f0 ekki.<a name=\"8\"><span class=\"versanumer\">8<\/span><\/a>\u00deeir, sem eru holdsins menn, geta ekki \u00fe\u00f3knast Gu\u00f0i.<a name=\"9\"><span class=\"versanumer\">9<\/span><\/a>En \u00fe\u00e9r eru\u00f0 ekki holdsins menn, heldur andans menn, \u00fear sem andi Gu\u00f0s b\u00fdr \u00ed y\u00f0ur. En hafi einhver ekki anda Krists, \u00fe\u00e1 er s\u00e1 ekki hans.<a name=\"10\"><span class=\"versanumer\">10<\/span><\/a>Ef Kristur er \u00ed y\u00f0ur, \u00fe\u00e1 er l\u00edkaminn a\u00f0 s\u00f6nnu dau\u00f0ur vegna syndarinnar, en andinn veitir l\u00edf vegna r\u00e9ttl\u00e6tisins.<a name=\"11\"><span class=\"versanumer\">11<\/span><\/a>Ef andi hans, sem vakti Jes\u00fa fr\u00e1 dau\u00f0um, b\u00fdr \u00ed y\u00f0ur, \u00fe\u00e1 mun hann, sem vakti Krist fr\u00e1 dau\u00f0um, einnig gj\u00f6ra dau\u00f0lega l\u00edkami y\u00f0ar lifandi me\u00f0 anda s\u00ednum, sem \u00ed y\u00f0ur b\u00fdr.<a name=\"12\"><span class=\"versanumer\">12<\/span><\/a>\u00deannig erum v\u00e9r, br\u00e6\u00f0ur, \u00ed skuld, ekki vi\u00f0 holdi\u00f0 a\u00f0 lifa a\u00f0 h\u00e6tti holdsins.<a name=\"13\"><span class=\"versanumer\">13<\/span><\/a>\u00dev\u00ed a\u00f0 ef \u00fe\u00e9r lifi\u00f0 a\u00f0 h\u00e6tti holdsins, munu\u00f0 \u00fe\u00e9r deyja, en ef \u00fe\u00e9r dey\u00f0i\u00f0 me\u00f0 andanum gj\u00f6r\u00f0ir l\u00edkamans, munu\u00f0 \u00fe\u00e9r lifa.<a name=\"14\"><span class=\"versanumer\">14<\/span><\/a>\u00dev\u00ed a\u00f0 allir \u00feeir, sem lei\u00f0ast af anda Gu\u00f0s, \u00feeir eru Gu\u00f0s b\u00f6rn.<a name=\"15\"><span class=\"versanumer\">15<\/span><\/a>En \u00fe\u00e9r hafi\u00f0 ekki fengi\u00f0 anda, sem gj\u00f6rir y\u00f0ur a\u00f0 \u00fer\u00e6lum a\u00f0 lifa aftur \u00ed hr\u00e6\u00f0slu, heldur hafi\u00f0 \u00fe\u00e9r fengi\u00f0 anda, sem gefur y\u00f0ur barnar\u00e9tt. \u00cd \u00feeim anda k\u00f6llum v\u00e9r: Abba, fa\u00f0ir!<a name=\"16\"><span class=\"versanumer\">16<\/span><\/a>Sj\u00e1lfur andinn vitnar me\u00f0 vorum anda, a\u00f0 v\u00e9r erum Gu\u00f0s b\u00f6rn.<a name=\"17\"><span class=\"versanumer\">17<\/span><\/a>En ef v\u00e9r erum b\u00f6rn, \u00fe\u00e1 erum v\u00e9r l\u00edka erfingjar, og \u00fea\u00f0 erfingjar Gu\u00f0s, en samarfar Krists, \u00fev\u00ed a\u00f0 v\u00e9r l\u00ed\u00f0um me\u00f0 honum, til \u00feess a\u00f0 v\u00e9r einnig ver\u00f0um vegsamlegir me\u00f0 honum.<a name=\"18\"><span class=\"versanumer\">18<\/span><\/a>\u00c9g l\u00edt svo \u00e1, a\u00f0 ekki s\u00e9u \u00fej\u00e1ningar \u00feessa t\u00edma neitt \u00ed samanbur\u00f0i vi\u00f0 \u00fe\u00e1 d\u00fdr\u00f0, sem \u00e1 oss mun opinberast.<a name=\"19\"><span class=\"versanumer\">19<\/span><\/a>\u00dev\u00ed a\u00f0 sk\u00f6punin \u00fer\u00e1ir, a\u00f0 Gu\u00f0s b\u00f6rn ver\u00f0i opinber.<a name=\"20\"><span class=\"versanumer\">20<\/span><\/a>Sk\u00f6punin var undirorpin fallvaltleikanum, ekki sj\u00e1lfviljug, heldur vegna hans, sem varp henni undir hann,<a name=\"21\"><span class=\"versanumer\">21<\/span><\/a>\u00ed von um a\u00f0 jafnvel sj\u00e1lf sk\u00f6punin muni ver\u00f0a leyst \u00far \u00e1nau\u00f0 forgengileikans til d\u00fdr\u00f0arfrelsis Gu\u00f0s barna.<a name=\"22\"><span class=\"versanumer\">22<\/span><\/a>V\u00e9r vitum, a\u00f0 \u00f6ll sk\u00f6punin stynur l\u00edka og hefur f\u00e6\u00f0ingarhr\u00ed\u00f0ir allt til \u00feessa.<a name=\"23\"><span class=\"versanumer\">23<\/span><\/a>En ekki einungis h\u00fan, heldur og v\u00e9r, sem h\u00f6fum frumgr\u00f3\u00f0a andans, jafnvel v\u00e9r stynjum me\u00f0 sj\u00e1lfum oss me\u00f0an v\u00e9r b\u00ed\u00f0um \u00feess, a\u00f0 Gu\u00f0 gefi oss barnar\u00e9tt og endurleysi l\u00edkami vora.<a name=\"24\"><span class=\"versanumer\">24<\/span><\/a>\u00dev\u00ed a\u00f0 \u00ed voninni erum v\u00e9r h\u00f3lpnir or\u00f0nir. Von, er s\u00e9st, er ekki von, \u00fev\u00ed a\u00f0 hver vonar \u00fea\u00f0, sem hann s\u00e9r?<a name=\"25\"><span class=\"versanumer\">25<\/span><\/a>En ef v\u00e9r vonum \u00fea\u00f0, sem v\u00e9r sj\u00e1um ekki, \u00fe\u00e1 b\u00ed\u00f0um v\u00e9r \u00feess me\u00f0 \u00feolinm\u00e6\u00f0i.<a name=\"26\"><span class=\"versanumer\">26<\/span><\/a>\u00deannig hj\u00e1lpar og andinn oss \u00ed veikleika vorum. V\u00e9r vitum ekki, hvers v\u00e9r eigum a\u00f0 bi\u00f0ja eins og ber, en sj\u00e1lfur andinn bi\u00f0ur fyrir oss me\u00f0 andv\u00f6rpum, sem ekki ver\u00f0ur or\u00f0um a\u00f0 komi\u00f0.<a name=\"27\"><span class=\"versanumer\">27<\/span><\/a>En hann, sem hj\u00f6rtun rannsakar, veit hver er hyggja andans, a\u00f0 hann bi\u00f0ur fyrir heil\u00f6gum eftir vilja Gu\u00f0s.<a name=\"28\"><span class=\"versanumer\">28<\/span><\/a>V\u00e9r vitum, a\u00f0 \u00feeim, sem Gu\u00f0 elska, samverkar allt til g\u00f3\u00f0s, \u00feeim sem kalla\u00f0ir eru samkv\u00e6mt \u00e1kv\u00f6r\u00f0un Gu\u00f0s.<a name=\"29\"><span class=\"versanumer\">29<\/span><\/a>\u00dev\u00ed a\u00f0 \u00fe\u00e1, sem hann \u00feekkti fyrirfram, hefur hann og fyrirhuga\u00f0 til \u00feess a\u00f0 l\u00edkjast mynd sonar s\u00edns, svo a\u00f0 hann s\u00e9 frumbur\u00f0ur me\u00f0al margra br\u00e6\u00f0ra.<a name=\"30\"><span class=\"versanumer\">30<\/span><\/a>\u00de\u00e1 sem hann fyrirhuga\u00f0i, \u00fe\u00e1 hefur hann og kalla\u00f0, og \u00fe\u00e1 sem hann kalla\u00f0i, hefur hann og r\u00e9ttl\u00e6tt, en \u00fe\u00e1 sem hann r\u00e9ttl\u00e6tti, hefur hann einnig vegsamlega gj\u00f6rt.<a name=\"31\"><span class=\"versanumer\">31<\/span><\/a>Hva\u00f0 eigum v\u00e9r \u00fe\u00e1 a\u00f0 segja vi\u00f0 \u00feessu? Ef Gu\u00f0 er me\u00f0 oss, hver er \u00fe\u00e1 \u00e1 m\u00f3ti oss?<a name=\"32\"><span class=\"versanumer\">32<\/span><\/a>Hann sem \u00feyrmdi ekki s\u00ednum eigin syni, heldur framseldi hann fyrir oss alla, hv\u00ed skyldi hann ekki l\u00edka gefa oss allt me\u00f0 honum?<a name=\"33\"><span class=\"versanumer\">33<\/span><\/a>Hver skyldi \u00e1saka Gu\u00f0s \u00fatv\u00f6ldu? Gu\u00f0 s\u00fdknar.<a name=\"34\"><span class=\"versanumer\">34<\/span><\/a>Hver sakfellir? Kristur Jes\u00fas er s\u00e1, sem d\u00e1inn er. Og meira en \u00fea\u00f0: Hann er upprisinn, hann er vi\u00f0 h\u00e6gri h\u00f6nd Gu\u00f0s og hann bi\u00f0ur fyrir oss.<a name=\"35\"><span class=\"versanumer\">35<\/span><\/a>Hver mun gj\u00f6ra oss vi\u00f0skila vi\u00f0 k\u00e6rleika Krists? Mun \u00fej\u00e1ning geta \u00fea\u00f0 e\u00f0a \u00ferenging, ofs\u00f3kn, hungur e\u00f0a nekt, h\u00e1ski e\u00f0a sver\u00f0?<a name=\"36\"><span class=\"versanumer\">36<\/span><\/a>\u00dea\u00f0 er eins og rita\u00f0 er: \u00de\u00edn vegna erum v\u00e9r deyddir allan daginn, erum metnir sem sl\u00e1turf\u00e9.<a name=\"37\"><span class=\"versanumer\">37<\/span><\/a>Nei, \u00ed \u00f6llu \u00feessu vinnum v\u00e9r fullan sigur fyrir fulltingi hans, sem elska\u00f0i oss.<a name=\"38\"><span class=\"versanumer\">38<\/span><\/a>\u00dev\u00ed a\u00f0 \u00e9g er \u00feess fullviss, a\u00f0 hvorki dau\u00f0i n\u00e9 l\u00edf, englar n\u00e9 tignir, hvorki hi\u00f0 yfirstandandi n\u00e9 hi\u00f0 \u00f3komna, hvorki kraftar,<a name=\"39\"><span class=\"versanumer\">39<\/span><\/a>h\u00e6\u00f0 n\u00e9 d\u00fdpt, n\u00e9 nokku\u00f0 anna\u00f0 skapa\u00f0 muni geta gj\u00f6rt oss vi\u00f0skila vi\u00f0 k\u00e6rleika Gu\u00f0s, sem birtist \u00ed Kristi Jes\u00fa Drottni vorum.<\/p>\n<div class=\"footnote1981\"><b>8.2<\/b> Andinn frelsar 2Kor 3.17; Gal 5.18 \u2013 l\u00f6gm\u00e1l andans Jer 31.33; Esk 36.27; 37.14<br \/>\n<b>8.3<\/b> \u00cd l\u00edkingu syndugs manns 2Kor 5.21; Gal 3.13; Heb 2.14-18; 4.15<br \/>\n<b>8.5<\/b> Sj\u00e1lfshyggja og andi R\u00f3m 7.23+<br \/>\n<b>8.6<\/b> Dau\u00f0i og l\u00edf R\u00f3m 6.21-22; 7.5; 8.13<br \/>\n<b>8.9<\/b> Gu\u00f0s andi b\u00fdr \u00ed ykkur 1Kor 3.16<br \/>\n<b>8.11<\/b> L\u00edfga dau\u00f0lega l\u00edkami 1Kor 6.14; 2Kor 4.14<br \/>\n<b>8.15<\/b> Hneppt \u00ed \u00fer\u00e6ld\u00f3m e\u00f0a b\u00f6rn Gal 4.7 \u2013 barn Gu\u00f0s Gal 4.6; 2T\u00edm 1.7<br \/>\n<b>8.17<\/b> L\u00ed\u00f0a, ver\u00f0a vegsamleg L\u00fak 24.26; 2Kor 4.17; 1P\u00e9t 4.13<br \/>\n<b>8.18<\/b> D\u00fdr\u00f0in mun opinberast R\u00f3m 3.23+<br \/>\n<b>8.21<\/b> \u00dar \u00e1nau\u00f0 hverfulleikans 2P\u00e9t 3.12-13; Opb 21.1 \u2013 frelsi \u00ed d\u00fdr\u00f0inni Jes 55.13; 65.17; R\u00f3m 8.23; K\u00f3l 1.18-20<br \/>\n<b>8.22<\/b> F\u00e6\u00f0ingarhr\u00ed\u00f0ir Jer 13.21; Jes 66.6-8; J\u00f3h 16.21-22<br \/>\n<b>8.23<\/b> Frumgr\u00f3\u00f0i 1Kor 15.20; R\u00f3m 11.16 \u2013 andans 2Kor 1.22 \u2013 endurlausn l\u00edkama okkar 1Kor 15.53-54; 2Kor 5.2-5; Fil 3.20-21<br \/>\n<b>8.26<\/b> Heilagur andi bi\u00f0ur fyrir okkur Jak 4.5; 1Kor 2.10-13; R\u00f3m 8.15<br \/>\n<b>8.29<\/b> Mynd sonarins K\u00f3l 1.15; R\u00f3m 8.16-17; 2Kor 3.18; 1Kor 15.49<br \/>\n<b>8.30<\/b> Fyrirhugu\u00f0, vegsamleg 2\u00deess 2.13-14; Ef 1.11-13<br \/>\n<b>8.32<\/b> \u00deyrmdi ekki eigin syni sbr 1M\u00f3s 22.16 \u2013 framseldi fyrir okkur R\u00f3m 5.6-8; Jes 53.6<br \/>\n<b>8.34<\/b> Kristur bi\u00f0ur fyrir okkur Heb 7.25; 1J\u00f3h 2.1<br \/>\n<b>8.36<\/b> Sbr Slm 44.23 \u2013 dau\u00f0i b\u00fain allan daginn 1Kor 4.9; 2Kor 4.11<\/div>\n","protected":false},"excerpt":{"rendered":"<p>1N\u00fa er \u00fev\u00ed engin ford\u00e6ming fyrir \u00fe\u00e1, sem tilheyra Kristi Jes\u00fa.2L\u00f6gm\u00e1l l\u00edfsins anda hefur \u00ed Kristi Jes\u00fa frelsa\u00f0 \u00feig fr\u00e1 l\u00f6gm\u00e1li syndarinnar og dau\u00f0ans.3\u00dea\u00f0 sem l\u00f6gm\u00e1linu var \u00f3gerlegt, a\u00f0 \u00fev\u00ed leyti sem \u00fea\u00f0 m\u00e1tti s\u00edn einskis fyrir holdinu, \u00fea\u00f0 gj\u00f6r\u00f0i Gu\u00f0. Me\u00f0 \u00fev\u00ed a\u00f0 senda sinn eigin son \u00ed l\u00edkingu syndugs manns gegn syndinni, d\u00e6mdi Gu\u00f0 syndina \u00ed manninum.4\u00deannig var\u00f0 r\u00e9ttl\u00e6tiskr\u00f6fu l\u00f6gm\u00e1lsins fulln\u00e6gt hj\u00e1 oss, sem lifum ekki eftir holdi, heldur eftir anda.5\u00dev\u00ed a\u00f0 \u00feeir sem l\u00e1ta stj\u00f3rnast af holdinu, hyggja \u00e1 \u00fea\u00f0 sem holdsins er, en \u00feeir, sem l\u00e1ta stj\u00f3rnast af andanum, hyggja \u00e1 \u00fea\u00f0 sem andans er.6Hyggja holdsins <a href=\"https:\/\/biblian.is\/1981\/romverjabrefid-8-kafli\/\"> [&#8230;]<\/a><\/p>\n","protected":false},"author":1,"featured_media":0,"parent":0,"menu_order":0,"comment_status":"open","ping_status":"open","template":"bibliukaflar.php","meta":{"footnotes":""},"class_list":["post-2401","page","type-page","status-publish","hentry"],"_links":{"self":[{"href":"https:\/\/biblian.is\/1981\/wp-json\/wp\/v2\/pages\/2401","targetHints":{"allow":["GET"]}}],"collection":[{"href":"https:\/\/biblian.is\/1981\/wp-json\/wp\/v2\/pages"}],"about":[{"href":"https:\/\/biblian.is\/1981\/wp-json\/wp\/v2\/types\/page"}],"author":[{"embeddable":true,"href":"https:\/\/biblian.is\/1981\/wp-json\/wp\/v2\/users\/1"}],"replies":[{"embeddable":true,"href":"https:\/\/biblian.is\/1981\/wp-json\/wp\/v2\/comments?post=2401"}],"version-history":[{"count":0,"href":"https:\/\/biblian.is\/1981\/wp-json\/wp\/v2\/pages\/2401\/revisions"}],"wp:attachment":[{"href":"https:\/\/biblian.is\/1981\/wp-json\/wp\/v2\/media?parent=2401"}],"curies":[{"name":"wp","href":"https:\/\/api.w.org\/{rel}","templated":true}]}}